{"id":5413,"date":"2022-12-01T14:11:18","date_gmt":"2022-12-01T13:11:18","guid":{"rendered":"https:\/\/kind-swartz.5-175-42-214.plesk.page\/politica-de-cookies\/"},"modified":"2024-02-01T09:54:47","modified_gmt":"2024-02-01T08:54:47","slug":"politica-de-cookies","status":"publish","type":"page","link":"https:\/\/kind-swartz.5-175-42-214.plesk.page\/ca\/politica-de-cookies\/","title":{"rendered":"Pol\u00edtica de Cookies"},"content":{"rendered":"<div class=\"fusion-fullwidth fullwidth-box fusion-builder-row-1 fusion-flex-container nonhundred-percent-fullwidth non-hundred-percent-height-scrolling\" style=\"--awb-border-radius-top-left:0px;--awb-border-radius-top-right:0px;--awb-border-radius-bottom-right:0px;--awb-border-radius-bottom-left:0px;--awb-padding-top:0px;--awb-padding-top-small:60px;--awb-margin-top:0px;--awb-flex-wrap:wrap;\" ><div class=\"fusion-builder-row fusion-row fusion-flex-align-items-stretch fusion-flex-justify-content-center fusion-flex-content-wrap\" style=\"max-width:1248px;margin-left: calc(-4% \/ 2 );margin-right: calc(-4% \/ 2 );\"><div class=\"fusion-layout-column fusion_builder_column fusion-builder-column-0 fusion_builder_column_1_1 1_1 fusion-flex-column fusion-flex-align-self-center fusion-animated\" style=\"--awb-padding-right:150px;--awb-padding-left:150px;--awb-padding-right-small:0px;--awb-padding-left-small:0px;--awb-bg-size:cover;--awb-width-large:100%;--awb-margin-top-large:0px;--awb-spacing-right-large:1.92%;--awb-margin-bottom-large:20px;--awb-spacing-left-large:1.92%;--awb-width-medium:100%;--awb-order-medium:0;--awb-spacing-right-medium:1.92%;--awb-spacing-left-medium:1.92%;--awb-width-small:100%;--awb-order-small:0;--awb-spacing-right-small:1.92%;--awb-spacing-left-small:1.92%;\" data-animationType=\"fadeInLeft\" data-animationDuration=\"1.0\" data-animationOffset=\"top-into-view\"><div class=\"fusion-column-wrapper fusion-column-has-shadow fusion-flex-justify-content-flex-start fusion-content-layout-column\"><div class=\"fusion-text fusion-text-1\" style=\"--awb-content-alignment:center;--awb-font-size:26px;--awb-line-height:var(--awb-typography2-line-height);--awb-letter-spacing:var(--awb-typography2-letter-spacing);--awb-text-transform:var(--awb-typography2-text-transform);--awb-text-color:var(--awb-color6);--awb-text-font-family:var(--awb-typography2-font-family);--awb-text-font-weight:var(--awb-typography2-font-weight);--awb-text-font-style:var(--awb-typography2-font-style);\"><p>POL\u00cdTICA<\/p>\n<\/div><div class=\"fusion-title title fusion-title-1 fusion-no-small-visibility fusion-sep-none fusion-title-center fusion-title-rotating fusion-loop-off fusion-title-clipIn fusion-title-size-two\" style=\"--awb-text-color:var(--awb-color4);--awb-margin-top:-10px;--awb-margin-bottom:60px;--awb-font-size:39px;\"><h2 class=\"fusion-title-heading title-heading-center fusion-responsive-typography-calculated\" style=\"margin:0;font-size:1em;letter-spacing:-1px;--fontSize:39;line-height:1.13;\"><span class=\"fusion-animated-text-prefix\"><\/span> <span class=\"fusion-animated-texts-wrapper\" style=\"text-align: center;\" data-length=\"line\" data-minDisplayTime=\"1200\"><span class=\"fusion-animated-texts\"><span data-in-effect=\"clipIn\" class=\"fusion-animated-text\" data-in-sequence=\"true\" data-out-reverse=\"true\" data-out-effect=\"clipOut\">de Cookies<\/span><\/span><\/span> <span class=\"fusion-animated-text-postfix\"><\/span><\/h2><\/div><div class=\"fusion-title title fusion-title-2 fusion-no-medium-visibility fusion-no-large-visibility fusion-sep-none fusion-title-center fusion-title-text fusion-title-size-two\" style=\"--awb-text-color:var(--awb-color4);--awb-margin-top:-10px;--awb-margin-bottom:30px;--awb-font-size:39px;\"><h2 class=\"fusion-title-heading title-heading-center fusion-responsive-typography-calculated\" style=\"font-family:&quot;Poppins&quot;;font-style:normal;font-weight:800;margin:0;font-size:1em;letter-spacing:-1px;--fontSize:39;line-height:1.13;\">Pol\u00edtica De Cookies<\/h2><\/div><div class=\"fusion-text fusion-text-2 sm-text-align-center\" style=\"--awb-content-alignment:justify;--awb-font-size:18px;--awb-text-color:var(--awb-color3);\"><p><strong>INFORMACI\u00d3 SOBRE <em>COOKIES<\/em><\/strong><\/p>\n<p>A causa de l&#8217;entrada en vigor de la modificaci\u00f3 referent de la \u201cLlei de Serveis de la Societat de la Informaci\u00f3\u201d (LSSICE) establerta pel Reial Decret 13\/2012, \u00e9s d&#8217;obligaci\u00f3 obtenir el consentiment expr\u00e9s de l&#8217;usuari de totes les p\u00e0gines web que usen  <em>cookies  <\/em>prescindibles, abans que aquest navegui per elles.<\/p>\n<p><strong>QU\u00c8 S\u00d3N LES <em>COOKIES<\/em> ?<\/strong><\/p>\n<p>Les <em>cookies<\/em> i altres tecnologies similars com ara local shared objects, flash <em>cookies<\/em> o p\u00edxels, s\u00f3n eines emprades pels servidors web per emmagatzemar i recuperar informaci\u00f3 sobre els seus visitants, aix\u00ed com per oferir un funcionament correcte del lloc.<\/p>\n<p>Utilitzem cookies pr\u00f2pies i de tercers per millorar els nostres serveis, personalitzar el nostre lloc web, facilitar la navegaci\u00f3 dels nostres usuaris, proporcionar una millor experi\u00e8ncia en l&#8217;\u00fas del lloc web, identificar problemes per millorar-lo, fer mesures i estad\u00edstiques d&#8217;\u00fas i mostrar publicitat relacionada amb les vostres prefer\u00e8ncies mitjan\u00e7ant l&#8217;an\u00e0lisi de l&#8217;\u00fas del lloc web.<\/p>\n<h1>Consentiment<\/h1>\n<p>Us informem que podem utilitzar cookies en el vostre equip a condici\u00f3 que vost\u00e8 hagi donat el seu consentiment, excepte en els sup\u00f2sits en qu\u00e8 les cookies siguin necess\u00e0ries per a la navegaci\u00f3 pel nostre lloc web. En cas que presti el seu consentiment, podrem utilitzar cookies que ens permetran tenir m\u00e9s informaci\u00f3 sobre les seves prefer\u00e8ncies i personalitzar el nostre lloc web de conformitat amb els seus interessos individuals.<\/p>\n<h1>En funci\u00f3 de la seva durada les galetes poden ser:<\/h1>\n<p><strong>De sessi\u00f3.  <\/strong>S\u00f3n un tipus de cookies dissenyades per demanar i emmagatzemar dades mentre l&#8217;usuari accedeix a una p\u00e0gina web. Aquestes galetes no queden emmagatzemades a l&#8217;ordinador de l&#8217;usuari quan caduca la sessi\u00f3 o tanca el navegador.<\/p>\n<p><strong>Persistents.  <\/strong>S\u00f3n un tipus de cookies en qu\u00e8 les dades segueixen emmagatzemades a l&#8217;ordinador de l&#8217;usuari i poden ser accedides i tractades quan l&#8217;usuari abandona la p\u00e0gina web i quan s&#8217;hi torni a connectar. Aquestes galetes poden ser esborrades en qualsevol moment per l&#8217;usuari.<\/p>\n<h1>En funci\u00f3 de l&#8217;entitat que les gestioni:<\/h1>\n<p><strong>Galetes pr\u00f2pies:<\/strong> S\u00f3n aquelles que s&#8217;envien a l&#8217;equip terminal de l&#8217;usuari des d&#8217;un equip o domini gestionat pel titular de la p\u00e0gina web i des de la qual es presta el servei sol\u00b7licitat per l&#8217;usuari.<\/p>\n<p><strong>Cookies de tercer:  <\/strong>S\u00f3n aquelles que s&#8217;envien a l&#8217;equip terminal de l&#8217;usuari des d&#8217;un equip o domini que no \u00e9s gestionat pel titular de la p\u00e0gina web des de la qual es presta el servei sol\u00b7licitat per l&#8217;usuari, sin\u00f3 per una altra entitat que tracta les dades obtingudes a trav\u00e9s de les galetes. Aix\u00ed mateix, en el cas que les cookies siguin instal\u00b7lades des d&#8217;un equip o domini gestionat pel propi titular del lloc web per\u00f2 la informaci\u00f3 que es reculli mitjan\u00e7ant aquestes sigui gestionada per un tercer, tamb\u00e9 seran considerades com a cookies de tercers.<\/p>\n<h1>Segons la finalitat perseguida:<\/h1>\n<ul>\n<li><strong>Galetes t\u00e8cniques.  <\/strong>S\u00f3n aquelles que permeten a l&#8217;usuari la navegaci\u00f3 a trav\u00e9s d&#8217;una p\u00e0gina web, plataforma o aplicaci\u00f3 i la utilitzaci\u00f3 de les diferents opcions o serveis que hi hagi com, per exemple, controlar el tr\u00e0nsit i la comunicaci\u00f3 de dades, identificar la sessi\u00f3, accedir a parts d&#8217;acc\u00e9s restringit, recordar els elements que integren una comanda, fer el proc\u00e9s de compra d&#8217;una comanda, fer la sol\u00b7licitud d&#8217;inscripci\u00f3 o participaci\u00f3 en un esdeveniment, utilitzar elements de seguretat durant la navegaci\u00f3, emmagatzemar continguts per a la difusi\u00f3 de v\u00eddeos o so o compartir continguts a trav\u00e9s de xarxes socials.<\/li>\n<li><strong>Galetes de Geolocalitzaci\u00f3.  <\/strong>S&#8217;utilitzen per saber en quin lloc es troba un usuari quan sol\u00b7licita un servei. Aquesta galeta \u00e9s an\u00f2nima i s&#8217;usa per exemple per oferir-vos la informaci\u00f3 adequada depenent del pa\u00eds on us trobeu.<\/li>\n<li><strong>Galetes de personalitzaci\u00f3<\/strong> . S\u00f3n aquelles que permeten a l&#8217;usuari accedir al servei amb algunes caracter\u00edstiques de car\u00e0cter general predefinides en funci\u00f3 d&#8217;una s\u00e8rie de criteris al terminal de l&#8217;usuari com ara serien l&#8217;idioma, el tipus de navegador a trav\u00e9s del qual accedeix al servei, la configuraci\u00f3 regional des d&#8217;on accedix al servei, etc.<\/li>\n<li><strong>Galetes d&#8217;an\u00e0lisi.  <\/strong>S\u00f3n aquelles que permeten al responsable de les mateixes, el seguiment i an\u00e0lisi del comportament dels usuaris del lloc web a qu\u00e8 estan vinculades. La informaci\u00f3 recollida mitjan\u00e7ant aquest tipus de cookies s&#8217;utilitza en el mesurament de l&#8217;activitat del lloc web, plataforma o aplicaci\u00f3 i per a l&#8217;elaboraci\u00f3 de perfils de navegaci\u00f3 dels usuaris d&#8217;aquest lloc web, plataforma o aplicaci\u00f3, a fi d&#8217;introduir millores a funci\u00f3 de lan\u00e0lisi de les dades d\u00fas que fan els usuaris.<\/li>\n<li><strong>Galetes publicit\u00e0ries.  <\/strong>S\u00f3n aquelles que permeten gestionar de la manera m\u00e9s efica\u00e7 possible l&#8217;oferta dels espais publicitaris que hi ha a la p\u00e0gina web, adequant el contingut de l&#8217;anunci al contingut del servei sol\u00b7licitat oa l&#8217;\u00fas que faci de la nostra p\u00e0gina web.<\/li>\n<li><strong>Galetes de publicitat comportamental.  <\/strong>S\u00f3n aquelles que permeten la gesti\u00f3, de la manera m\u00e9s efica\u00e7 possible, dels espais publicitaris que hi ha a la p\u00e0gina web. Aquestes cookies emmagatzemen informaci\u00f3 del comportament dels usuaris obtinguda a trav\u00e9s de l&#8217;observaci\u00f3 continuada dels seus h\u00e0bits de navegaci\u00f3, cosa que permet desenvolupar un perfil espec\u00edfic per mostrar publicitat en funci\u00f3 del mateix.<\/li>\n<\/ul>\n<h1><em>COOKIES<\/em> QUE S&#8217;UTILITZEN EN AQUEST LLOC WEB<\/h1>\n<p><strong><em>Llistar els noms de les galetes, tipus, propietari, funci\u00f3 i venciment, per exemple:<\/em><\/strong><\/p>\n<p><strong>PHPSESSID<\/strong> : <em>galeta<\/em> t\u00e8cnica i estrictament necess\u00e0ria que cont\u00e9 l&#8217;identificador de la sessi\u00f3. S&#8217;elimina en tancar el navegador.<\/p>\n<ul>\n<li><span style=\"color: #ff0000;\"><strong>_lang<\/strong> : <em>galeta<\/em> t\u00e8cnica i estrictament necess\u00e0ria que cont\u00e9 l&#8217;idioma de la sessi\u00f3. S&#8217;elimina en tancar el navegador.<\/span><\/li>\n<li><span style=\"color: #ff0000;\"><strong>ac_cookies<\/strong> : <em>galeta<\/em> t\u00e8cnica i estrictament necess\u00e0ria que cont\u00e9 el valor de si s&#8217;ha acceptat la instal\u00b7laci\u00f3 de galetes. Caduca a 1 any des de l&#8217;\u00faltima actualitzaci\u00f3.<\/span><\/li>\n<li><span style=\"color: #ff0000;\"><strong>_ga<\/strong> : <em>galeta<\/em> de Google Analytics que habilita la funci\u00f3 de control de visites \u00faniques. La primera vegada que un usuari entri al lloc web a trav\u00e9s d&#8217;un navegador s&#8217;instal\u00b7lar\u00e0 aquesta <em>galeta<\/em> . Quan aquest usuari torni a entrar a la web amb el mateix navegador, la <em>galeta<\/em> considerar\u00e0 que \u00e9s el mateix usuari. Nom\u00e9s en el cas que<\/span><\/li>\n<li><span style=\"color: #ff0000;\">lusuari canvi\u00ef de navegador, es considerar\u00e0 un altre usuari. Caduca als 2 anys des de la darrera actualitzaci\u00f3.<\/span><\/li>\n<li><span style=\"color: #ff0000;\">_ <strong>gat<\/strong> : Aquesta <em>galeta<\/em> s&#8217;associa amb Google Analytics Universal. Sutilitza per limitar la velocitat de petici\u00f3 &#8211; la limitaci\u00f3 de la recollida de dades en els llocs dalt tr\u00e0nsit. Caduca als 10 minuts.<\/span><\/li>\n<li><span style=\"color: #ff0000;\"><strong>_utma<\/strong> : <em>galeta de<\/em> Google Analytics que registra la data de la primera i \u00faltima vegada que l&#8217;usuari va vestir el lloc web. Caduca als 2 anys des de la darrera actualitzaci\u00f3.<\/span><\/li>\n<li><span style=\"color: #ff0000;\"><strong>_utmb<\/strong> : <em>galeta<\/em> de Google Analytics que registra l&#8217;hora d&#8217;arribada a la p\u00e0gina web. Caduca als 30 minuts des de la darrera actualitzaci\u00f3.<\/span><\/li>\n<li><span style=\"color: #ff0000;\"><strong>_utmc<\/strong> : <em>galeta<\/em> de Google Analytics utilitzada per a la interoperabilitat amb el codi de seguiment urchin.js.<\/span><\/li>\n<li><span style=\"color: #ff0000;\">S&#8217;elimina en tancar el navegador<\/span><\/li>\n<li><span style=\"color: #ff0000;\">_ <strong>utmt<\/strong> : galeta de Google Analytics. Aquesta <em>galeta<\/em> s&#8217;utilitza per processar el tipus de sol\u00b7licitud demanada per l&#8217;usuari. Caduca en finalitzar la sessi\u00f3.<\/span><\/li>\n<li><span style=\"color: #ff0000;\">_ <strong>utmv<\/strong> : galeta de Google Analytics. Aquesta <em>galeta<\/em> s&#8217;utilitza per segmentar dades demogr\u00e0fiques. Caduca en finalitzar la sessi\u00f3.<\/span><\/li>\n<li><span style=\"color: #ff0000;\"><strong>_utmz<\/strong> : <em>galeta<\/em> de Google Analytics que emmagatzema la font de tr\u00e0nsit o una campanya per explicar com l&#8217;usuari va arribar al lloc web. Caduca als 6 mesos des de la darrera actualitzaci\u00f3.<\/span><\/li>\n<\/ul>\n<h1>DESACTIVACI\u00d3 DE LES COOKIES<\/h1>\n<p>L&#8217;usuari pot, en qualsevol moment, permetre, bloquejar o eliminar les cookies instal\u00b7lades al vostre equip mitjan\u00e7ant la modificaci\u00f3 dels par\u00e0metres de configuraci\u00f3 del navegador instal\u00b7lat al vostre ordinador:<\/p>\n<p>La desactivaci\u00f3 de les galetes no impedeix la navegaci\u00f3 pel lloc web, encara que l&#8217;\u00fas d&#8217;alguns dels seus serveis podr\u00e0 ser limitat i, per tant, la vostra experi\u00e8ncia de navegaci\u00f3 podr\u00e0 ser menys satisfact\u00f2ria.<\/p>\n<p>L&#8217;usuari podr\u00e0 retirar en qualsevol moment el seu consentiment relacionat amb la Pol\u00edtica de Cookies, i podr\u00e0 eliminar les cookies emmagatzemades al vostre equip a trav\u00e9s dels ajustaments i configuracions del vostre navegador d&#8217;Internet, indicats anteriorment.<\/p>\n<h1>COM ELIMINAR LES COOKIES<\/h1>\n<h2><strong>Chrome<\/strong><\/h2>\n<ol>\n<li>Seleccioneu la icona d&#8217;Eines<\/li>\n<li>Feu clic a Configuraci\u00f3.<\/li>\n<li>Feu clic a Mostra Opcions Avan\u00e7ades.<\/li>\n<li>A la secci\u00f3 &#8220;Privadesa&#8221; fes clic a Configuraci\u00f3 de contingut.<\/li>\n<\/ol>\n<ul>\n<li>Suprimeix les galetes: Feu clic a Totes les galetes i les dades de llocs web\u2026<\/li>\n<li>No permeteu que s&#8217;emmagatzemin galetes.<\/li>\n<\/ul>\n<ol start=\"5\">\n<li>Feu clic a Suprimeix les dades de navegaci\u00f3 (buida la mem\u00f2ria cau).<\/li>\n<li>Tanca i reinicia el navegador.<\/li>\n<\/ol>\n<p>Per a m\u00e9s informaci\u00f3 sobre Chrome feu clic aqu\u00ed: <a href=\"http:\/\/support.google.com\/chrome\/answer\/95647?hl=es\">http:\/\/support.google.com\/chrome\/answer\/95647?hl=ca<\/a><\/p>\n<h2>Internet Explorer. Versi\u00f3 11<\/h2>\n<ol>\n<li>Seleccioneu Eines | Opcions dInternet.<\/li>\n<li>Feu clic a la pestanya General.<\/li>\n<li>A la secci\u00f3 &#8220;Historial d&#8217;exploraci\u00f3&#8221;, feu clic a Suprimeix l&#8217;historial d&#8217;exploraci\u00f3 en sortir.<\/li>\n<li>Seleccionar Suprimeix fitxers.<\/li>\n<li>Seleccionar Suprimeix les galetes.<\/li>\n<li>Feu clic a Suprimeix.<\/li>\n<li>Feu clic a D&#8217;acord.<\/li>\n<li>Tanca i reinicia el navegador.<\/li>\n<\/ol>\n<p>Per a m\u00e9s informaci\u00f3 sobre Internet Explorer premi aqu\u00ed: <a href=\"http:\/\/windows.microsoft.com\/es-419\/windows7\/how-to-manage-cookies-in-internet-explorer-9\">http:\/\/windows.microsoft.com\/es-419\/windows7\/how-to-manage-cookies-in-internet-explorer-9<\/a> <\/p>\n<h2>Firefox. Versi\u00f3 18<\/h2>\n<ol>\n<li>Seleccioneu Firefox | Historial | Netejar l&#8217;historial recent.<\/li>\n<li>Al costat de &#8220;Detalls&#8221;, fes clic a la fletxa cap avall.<\/li>\n<li>Selecciona les caselles de verificaci\u00f3 seg\u00fcents: Cookies, Cach\u00e9, Inicis de sessi\u00f3 actius<\/li>\n<li>Usant el &#8220;Interval de temps per esborrar&#8221; al men\u00fa desplegable, selecciona Tot.<\/li>\n<li>Feu clic a Suprimeix ara.<\/li>\n<li>Tanca i reinicia el navegador.<\/li>\n<\/ol>\n<p>Podeu acceptar o rebutjar les galetes individualment a les Prefer\u00e8ncies de Firefox, a la secci\u00f3 Historial disponible a Eines&gt; Opcions&gt; Privadesa.<\/p>\n<p>Per a m\u00e9s informaci\u00f3 sobre Mozilla Firefox premi aqu\u00ed: <a href=\"https:\/\/www.mozilla.org\/es-ES\/privacy\/websites\/#cookies\">https:\/\/www.mozilla.org\/es-ES\/privacy\/websites\/#cookies<\/a><\/p>\n<h2>Safari Versi\u00f3 5.1<\/h2>\n<ol>\n<li>Seleccioneu la icona de Safari \/ Edita | Restaurar Safari.<\/li>\n<li>Selecciona les caselles de verificaci\u00f3 seg\u00fcents: Esborrar l&#8217;historial, Eliminar totes les dades del lloc web<\/li>\n<li>Feu clic a Restableix.<\/li>\n<li>Tanca i reinicia el navegador.<\/li>\n<\/ol>\n<p>Per a m\u00e9s informaci\u00f3 sobre Safari premi aqu\u00ed: <a href=\"http:\/\/support.apple.com\/kb\/PH5042\">http:\/\/support.apple.com\/kb\/PH5042<\/a><\/p>\n<h2>Opera<\/h2>\n<p>Opcions &#8211; Avan\u00e7at &#8211; Cookies.<\/p>\n<p>Les opcions de galetes controlen la manera com Opera els maneja i per tant la seva acceptaci\u00f3 o rebuig. Per a m\u00e9s informaci\u00f3 sobre \u00d2pera premi aqu\u00ed: <a href=\"http:\/\/help.opera.com\/Linux\/10.60\/es-ES\/cookies.html\">http:\/\/help.opera.com\/Linux\/10.60\/ca-ES\/cookies.html<\/a><\/p>\n<h1>Altres navegadors<\/h1>\n<p>Consulteu la documentaci\u00f3 del navegador que tingueu instal\u00b7lat.<\/p>\n<\/div><\/div><\/div><\/div><\/div>\n","protected":false},"excerpt":{"rendered":"","protected":false},"author":1,"featured_media":0,"parent":0,"menu_order":0,"comment_status":"closed","ping_status":"closed","template":"100-width.php","meta":{"_acf_changed":false,"footnotes":""},"class_list":["post-5413","page","type-page","status-publish","hentry"],"acf":[],"yoast_head":"<!-- This site is optimized with the Yoast SEO plugin v27.3 - https:\/\/yoast.com\/product\/yoast-seo-wordpress\/ -->\n<title>Pol\u00edtica de Cookies | EGIBCN<\/title>\n<meta name=\"robots\" content=\"noindex, follow, max-snippet:-1, max-image-preview:large, max-video-preview:-1\" \/>\n<meta property=\"og:locale\" content=\"ca_ES\" \/>\n<meta property=\"og:type\" content=\"article\" \/>\n<meta property=\"og:title\" content=\"Pol\u00edtica de Cookies | EGIBCN\" \/>\n<meta property=\"og:url\" content=\"https:\/\/kind-swartz.5-175-42-214.plesk.page\/ca\/politica-de-cookies\/\" \/>\n<meta property=\"og:site_name\" content=\"EGIBCN\" \/>\n<meta property=\"article:publisher\" content=\"https:\/\/www.facebook.com\/EGIBCN\" \/>\n<meta property=\"article:modified_time\" content=\"2024-02-01T08:54:47+00:00\" \/>\n<meta name=\"twitter:card\" content=\"summary_large_image\" \/>\n<meta name=\"twitter:site\" content=\"@EGIBCN\" \/>\n<script type=\"application\/ld+json\" class=\"yoast-schema-graph\">{\"@context\":\"https:\\\/\\\/schema.org\",\"@graph\":[{\"@type\":\"WebPage\",\"@id\":\"https:\\\/\\\/kind-swartz.5-175-42-214.plesk.page\\\/ca\\\/politica-de-cookies\\\/\",\"url\":\"https:\\\/\\\/kind-swartz.5-175-42-214.plesk.page\\\/ca\\\/politica-de-cookies\\\/\",\"name\":\"Pol\u00edtica de Cookies | EGIBCN\",\"isPartOf\":{\"@id\":\"https:\\\/\\\/kind-swartz.5-175-42-214.plesk.page\\\/ca\\\/#website\"},\"datePublished\":\"2022-12-01T13:11:18+00:00\",\"dateModified\":\"2024-02-01T08:54:47+00:00\",\"breadcrumb\":{\"@id\":\"https:\\\/\\\/kind-swartz.5-175-42-214.plesk.page\\\/ca\\\/politica-de-cookies\\\/#breadcrumb\"},\"inLanguage\":\"ca\",\"potentialAction\":[{\"@type\":\"ReadAction\",\"target\":[\"https:\\\/\\\/kind-swartz.5-175-42-214.plesk.page\\\/ca\\\/politica-de-cookies\\\/\"]}]},{\"@type\":\"BreadcrumbList\",\"@id\":\"https:\\\/\\\/kind-swartz.5-175-42-214.plesk.page\\\/ca\\\/politica-de-cookies\\\/#breadcrumb\",\"itemListElement\":[{\"@type\":\"ListItem\",\"position\":1,\"name\":\"Portada\",\"item\":\"https:\\\/\\\/kind-swartz.5-175-42-214.plesk.page\\\/ca\\\/\"},{\"@type\":\"ListItem\",\"position\":2,\"name\":\"Pol\u00edtica de Cookies\"}]},{\"@type\":\"WebSite\",\"@id\":\"https:\\\/\\\/kind-swartz.5-175-42-214.plesk.page\\\/ca\\\/#website\",\"url\":\"https:\\\/\\\/kind-swartz.5-175-42-214.plesk.page\\\/ca\\\/\",\"name\":\"EGIBCN\",\"description\":\"Escola Gremial d\u2019Electricitat i Fontaneria De Barcelona\",\"publisher\":{\"@id\":\"https:\\\/\\\/kind-swartz.5-175-42-214.plesk.page\\\/ca\\\/#organization\"},\"potentialAction\":[{\"@type\":\"SearchAction\",\"target\":{\"@type\":\"EntryPoint\",\"urlTemplate\":\"https:\\\/\\\/kind-swartz.5-175-42-214.plesk.page\\\/ca\\\/?s={search_term_string}\"},\"query-input\":{\"@type\":\"PropertyValueSpecification\",\"valueRequired\":true,\"valueName\":\"search_term_string\"}}],\"inLanguage\":\"ca\"},{\"@type\":\"Organization\",\"@id\":\"https:\\\/\\\/kind-swartz.5-175-42-214.plesk.page\\\/ca\\\/#organization\",\"name\":\"Escola Gremial d'Instal.ladors d'Electricitat i Fontaneria de Barcelona\",\"url\":\"https:\\\/\\\/kind-swartz.5-175-42-214.plesk.page\\\/ca\\\/\",\"logo\":{\"@type\":\"ImageObject\",\"inLanguage\":\"ca\",\"@id\":\"https:\\\/\\\/kind-swartz.5-175-42-214.plesk.page\\\/ca\\\/#\\\/schema\\\/logo\\\/image\\\/\",\"url\":\"https:\\\/\\\/kind-swartz.5-175-42-214.plesk.page\\\/wp-content\\\/uploads\\\/2022\\\/11\\\/logo-1.jpg\",\"contentUrl\":\"https:\\\/\\\/kind-swartz.5-175-42-214.plesk.page\\\/wp-content\\\/uploads\\\/2022\\\/11\\\/logo-1.jpg\",\"width\":201,\"height\":78,\"caption\":\"Escola Gremial d'Instal.ladors d'Electricitat i Fontaneria de Barcelona\"},\"image\":{\"@id\":\"https:\\\/\\\/kind-swartz.5-175-42-214.plesk.page\\\/ca\\\/#\\\/schema\\\/logo\\\/image\\\/\"},\"sameAs\":[\"https:\\\/\\\/www.facebook.com\\\/EGIBCN\",\"https:\\\/\\\/x.com\\\/EGIBCN\",\"https:\\\/\\\/www.youtube.com\\\/channel\\\/UC2zCKuwrvM4wGk97Hpmb5LA\",\"https:\\\/\\\/www.instagram.com\\\/escolagremial\\\/\"]}]}<\/script>\n<!-- \/ Yoast SEO plugin. -->","yoast_head_json":{"title":"Pol\u00edtica de Cookies | EGIBCN","robots":{"index":"noindex","follow":"follow","max-snippet":"max-snippet:-1","max-image-preview":"max-image-preview:large","max-video-preview":"max-video-preview:-1"},"og_locale":"ca_ES","og_type":"article","og_title":"Pol\u00edtica de Cookies | EGIBCN","og_url":"https:\/\/kind-swartz.5-175-42-214.plesk.page\/ca\/politica-de-cookies\/","og_site_name":"EGIBCN","article_publisher":"https:\/\/www.facebook.com\/EGIBCN","article_modified_time":"2024-02-01T08:54:47+00:00","twitter_card":"summary_large_image","twitter_site":"@EGIBCN","schema":{"@context":"https:\/\/schema.org","@graph":[{"@type":"WebPage","@id":"https:\/\/kind-swartz.5-175-42-214.plesk.page\/ca\/politica-de-cookies\/","url":"https:\/\/kind-swartz.5-175-42-214.plesk.page\/ca\/politica-de-cookies\/","name":"Pol\u00edtica de Cookies | EGIBCN","isPartOf":{"@id":"https:\/\/kind-swartz.5-175-42-214.plesk.page\/ca\/#website"},"datePublished":"2022-12-01T13:11:18+00:00","dateModified":"2024-02-01T08:54:47+00:00","breadcrumb":{"@id":"https:\/\/kind-swartz.5-175-42-214.plesk.page\/ca\/politica-de-cookies\/#breadcrumb"},"inLanguage":"ca","potentialAction":[{"@type":"ReadAction","target":["https:\/\/kind-swartz.5-175-42-214.plesk.page\/ca\/politica-de-cookies\/"]}]},{"@type":"BreadcrumbList","@id":"https:\/\/kind-swartz.5-175-42-214.plesk.page\/ca\/politica-de-cookies\/#breadcrumb","itemListElement":[{"@type":"ListItem","position":1,"name":"Portada","item":"https:\/\/kind-swartz.5-175-42-214.plesk.page\/ca\/"},{"@type":"ListItem","position":2,"name":"Pol\u00edtica de Cookies"}]},{"@type":"WebSite","@id":"https:\/\/kind-swartz.5-175-42-214.plesk.page\/ca\/#website","url":"https:\/\/kind-swartz.5-175-42-214.plesk.page\/ca\/","name":"EGIBCN","description":"Escola Gremial d\u2019Electricitat i Fontaneria De Barcelona","publisher":{"@id":"https:\/\/kind-swartz.5-175-42-214.plesk.page\/ca\/#organization"},"potentialAction":[{"@type":"SearchAction","target":{"@type":"EntryPoint","urlTemplate":"https:\/\/kind-swartz.5-175-42-214.plesk.page\/ca\/?s={search_term_string}"},"query-input":{"@type":"PropertyValueSpecification","valueRequired":true,"valueName":"search_term_string"}}],"inLanguage":"ca"},{"@type":"Organization","@id":"https:\/\/kind-swartz.5-175-42-214.plesk.page\/ca\/#organization","name":"Escola Gremial d'Instal.ladors d'Electricitat i Fontaneria de Barcelona","url":"https:\/\/kind-swartz.5-175-42-214.plesk.page\/ca\/","logo":{"@type":"ImageObject","inLanguage":"ca","@id":"https:\/\/kind-swartz.5-175-42-214.plesk.page\/ca\/#\/schema\/logo\/image\/","url":"https:\/\/kind-swartz.5-175-42-214.plesk.page\/wp-content\/uploads\/2022\/11\/logo-1.jpg","contentUrl":"https:\/\/kind-swartz.5-175-42-214.plesk.page\/wp-content\/uploads\/2022\/11\/logo-1.jpg","width":201,"height":78,"caption":"Escola Gremial d'Instal.ladors d'Electricitat i Fontaneria de Barcelona"},"image":{"@id":"https:\/\/kind-swartz.5-175-42-214.plesk.page\/ca\/#\/schema\/logo\/image\/"},"sameAs":["https:\/\/www.facebook.com\/EGIBCN","https:\/\/x.com\/EGIBCN","https:\/\/www.youtube.com\/channel\/UC2zCKuwrvM4wGk97Hpmb5LA","https:\/\/www.instagram.com\/escolagremial\/"]}]}},"_links":{"self":[{"href":"https:\/\/kind-swartz.5-175-42-214.plesk.page\/ca\/wp-json\/wp\/v2\/pages\/5413","targetHints":{"allow":["GET"]}}],"collection":[{"href":"https:\/\/kind-swartz.5-175-42-214.plesk.page\/ca\/wp-json\/wp\/v2\/pages"}],"about":[{"href":"https:\/\/kind-swartz.5-175-42-214.plesk.page\/ca\/wp-json\/wp\/v2\/types\/page"}],"author":[{"embeddable":true,"href":"https:\/\/kind-swartz.5-175-42-214.plesk.page\/ca\/wp-json\/wp\/v2\/users\/1"}],"replies":[{"embeddable":true,"href":"https:\/\/kind-swartz.5-175-42-214.plesk.page\/ca\/wp-json\/wp\/v2\/comments?post=5413"}],"version-history":[{"count":0,"href":"https:\/\/kind-swartz.5-175-42-214.plesk.page\/ca\/wp-json\/wp\/v2\/pages\/5413\/revisions"}],"wp:attachment":[{"href":"https:\/\/kind-swartz.5-175-42-214.plesk.page\/ca\/wp-json\/wp\/v2\/media?parent=5413"}],"curies":[{"name":"wp","href":"https:\/\/api.w.org\/{rel}","templated":true}]}}