{"id":5416,"date":"2022-12-01T14:18:51","date_gmt":"2022-12-01T13:18:51","guid":{"rendered":"https:\/\/kind-swartz.5-175-42-214.plesk.page\/politica-de-xarxes-socials\/"},"modified":"2025-01-20T16:57:21","modified_gmt":"2025-01-20T15:57:21","slug":"politica-de-xarxes-socials","status":"publish","type":"page","link":"https:\/\/kind-swartz.5-175-42-214.plesk.page\/ca\/politica-de-xarxes-socials\/","title":{"rendered":"POL\u00cdTICA DE PRIVACITAT XARXES SOCIALS"},"content":{"rendered":"<div class=\"fusion-fullwidth fullwidth-box fusion-builder-row-1 fusion-flex-container nonhundred-percent-fullwidth non-hundred-percent-height-scrolling\" style=\"--awb-border-radius-top-left:0px;--awb-border-radius-top-right:0px;--awb-border-radius-bottom-right:0px;--awb-border-radius-bottom-left:0px;--awb-padding-top:0px;--awb-padding-top-small:60px;--awb-margin-top:0px;--awb-flex-wrap:wrap;\" ><div class=\"fusion-builder-row fusion-row fusion-flex-align-items-stretch fusion-flex-justify-content-center fusion-flex-content-wrap\" style=\"max-width:1248px;margin-left: calc(-4% \/ 2 );margin-right: calc(-4% \/ 2 );\"><div class=\"fusion-layout-column fusion_builder_column fusion-builder-column-0 fusion_builder_column_1_1 1_1 fusion-flex-column fusion-flex-align-self-center fusion-animated\" style=\"--awb-padding-right:150px;--awb-padding-left:150px;--awb-padding-right-small:0px;--awb-padding-left-small:0px;--awb-bg-size:cover;--awb-width-large:100%;--awb-margin-top-large:0px;--awb-spacing-right-large:1.92%;--awb-margin-bottom-large:20px;--awb-spacing-left-large:1.92%;--awb-width-medium:100%;--awb-order-medium:0;--awb-spacing-right-medium:1.92%;--awb-spacing-left-medium:1.92%;--awb-width-small:100%;--awb-order-small:0;--awb-spacing-right-small:1.92%;--awb-spacing-left-small:1.92%;\" data-animationType=\"fadeInLeft\" data-animationDuration=\"1.0\" data-animationOffset=\"top-into-view\"><div class=\"fusion-column-wrapper fusion-column-has-shadow fusion-flex-justify-content-flex-start fusion-content-layout-column\"><div class=\"fusion-text fusion-text-1\" style=\"--awb-content-alignment:center;--awb-font-size:26px;--awb-line-height:var(--awb-typography2-line-height);--awb-letter-spacing:var(--awb-typography2-letter-spacing);--awb-text-transform:var(--awb-typography2-text-transform);--awb-text-color:var(--awb-color6);--awb-text-font-family:var(--awb-typography2-font-family);--awb-text-font-weight:var(--awb-typography2-font-weight);--awb-text-font-style:var(--awb-typography2-font-style);\"><p>POL\u00cdTICA<\/p>\n<\/div><div class=\"fusion-title title fusion-title-1 fusion-no-small-visibility fusion-sep-none fusion-title-center fusion-title-rotating fusion-loop-off fusion-title-clipIn fusion-title-size-two\" style=\"--awb-text-color:var(--awb-color4);--awb-margin-top:-10px;--awb-margin-bottom:60px;--awb-font-size:39px;\"><h2 class=\"fusion-title-heading title-heading-center fusion-responsive-typography-calculated\" style=\"margin:0;font-size:1em;letter-spacing:-1px;--fontSize:39;line-height:1.13;\"><span class=\"fusion-animated-text-prefix\"><\/span> <span class=\"fusion-animated-texts-wrapper\" style=\"text-align: center;\" data-length=\"line\" data-minDisplayTime=\"1200\"><span class=\"fusion-animated-texts\"><span data-in-effect=\"clipIn\" class=\"fusion-animated-text\" data-in-sequence=\"true\" data-out-reverse=\"true\" data-out-effect=\"clipOut\">de Xarxes Socials<\/span><\/span><\/span> <span class=\"fusion-animated-text-postfix\"><\/span><\/h2><\/div><div class=\"fusion-title title fusion-title-2 fusion-no-medium-visibility fusion-no-large-visibility fusion-sep-none fusion-title-center fusion-title-text fusion-title-size-two\" style=\"--awb-text-color:var(--awb-color4);--awb-margin-top:-10px;--awb-margin-bottom:30px;--awb-font-size:39px;\"><h2 class=\"fusion-title-heading title-heading-center fusion-responsive-typography-calculated\" style=\"font-family:&quot;Poppins&quot;;font-style:normal;font-weight:800;margin:0;font-size:1em;letter-spacing:-1px;--fontSize:39;line-height:1.13;\">Pol\u00edtica de Xarxes Socials<\/h2><\/div><div class=\"fusion-text fusion-text-2 sm-text-align-center\" style=\"--awb-content-alignment:justify;--awb-font-size:18px;--awb-text-color:var(--awb-color3);\"><h1>1.\u00a0 INFORMACI\u00d3 A LA PERSONA USU\u00c0RIA<\/h1>\n<h2>Qui \u00e9s el responsable del tractament de les seves dades personals?<\/h2>\n<p>ESCOLA GREMIAL D&#8217;INSTAL\u00b7LADORS D&#8217;ELECTRICITAT I FONTANERIA DE BARCELONA, SL ser\u00e0 el responsable del<\/p>\n<p>tractament de les dades personals d\u2019aquelles PERSONES que han procedit a crear un perfil en qualsevol de les seves xarxes socials. Les mateixes seran tractades de conformitat amb el que es disposa en el Reglament (UE) 2016\/679, de 27 d\u2019abril (GDPR), la Llei org\u00e0nica 3\/2018, de 5 de desembre (LOPDGDD), i la Llei de Serveis de la Societat de la Informaci\u00f3 i Comer\u00e7 Electr\u00f2nic (LSSI), facilitant la seg\u00fcent informaci\u00f3 del tractament:<\/p>\n<h2>Per a qu\u00e8 tractem les seves dades personals?<\/h2>\n<p><strong>Finalitat del tractament: <\/strong>per a mantenir una relaci\u00f3 entre la PERSONA USU\u00c0RIA i ESCOLA GREMIAL D&#8217;INSTAL\u00b7LADORS D&#8217;ELECTRICITAT I FONTANERIA DE BARCELONA, SL (d\u2019ara endavant el RESPONSABLE) que pot<\/p>\n<p>incloure les seg\u00fcents operacions:<\/p>\n<ul>\n<li>\u00a0Tramitar sol\u00b7licituds i consultes plantejades al responsable<\/li>\n<li>Informar sobre activitats i esdeveniments organitzats pel responsable<\/li>\n<li>Informar sobre productes o serveis oferts pel responsable<\/li>\n<li>Interactuar a trav\u00e9s dels perfils oficials<\/li>\n<\/ul>\n<p>Quan el RESPONSABLE recopili i tracti dades personals a trav\u00e9s de les seves xarxes socials, les PERSONES USU\u00c0RIES seran informades sobre la finalitat de la recopilaci\u00f3 de dades, aix\u00ed com sobre els seus drets en relaci\u00f3 a les seves dades personals. Les dades personals s\u2019utilitzaran \u00fanicament per als fins indicats i es mantindran de manera segura.<\/p>\n<p><strong>Base Jur\u00eddica del Tractament: <\/strong>el consentiment expl\u00edcit atorgat per la PERSONA USU\u00c0RIA per al tractament de les seves dades personals per a un o diversos fins espec\u00edfics (article 6.1.a GDPR).<\/p>\n<p>D\u2019altra banda, la PERSONA USU\u00c0RIA pot accedir en tot moment a les pol\u00edtiques de privacitat de la pr\u00f2pia xarxa social, aix\u00ed com configurar el seu perfil per a garantir la seva privacitat.<\/p>\n<h2>Durant quant temps guardarem les seves dades personals?<\/h2>\n<p><strong>Criteris de conservaci\u00f3 de les dades: <\/strong>es conservaran mentre la PERSONA USU\u00c0RIA no revoqui el consentiment prestat tal com s\u2019indica en aquesta pol\u00edtica de privacitat.<\/p>\n<h2>A qui facilitem les seves dades personals?<\/h2>\n<p><strong>Comunicaci\u00f3 de les dades: <\/strong>la informaci\u00f3 facilitada per la PERSONA USU\u00c0RIA a trav\u00e9s de les xarxes socials del RESPONSABLE, inclosos les seves dades personals, pot ser publicada, sempre en funci\u00f3 dels serveis que la PERSONA USU\u00c0RIA utilitzi. Per la qual cosa, podr\u00e0 quedar a disposici\u00f3 p\u00fablica d\u2019uns altres tercers usuaris de les xarxes socials. Des del perfil de cada xarxa social, la PERSONA USU\u00c0RIA pot configurar quina informaci\u00f3 vol fer p\u00fablica en cada cas, veure els permisos que s\u2019han concedit, eliminar-los o desactivar-los, com qualsevol aplicaci\u00f3 d\u2019un tercer que ja no es desitja utilitzar.<\/p>\n<p>No obstant aix\u00f2, no est\u00e0 prevista cap comunicaci\u00f3 de dades personals a tercers fora de la xarxa social, excepte,<\/p>\n<p>si fos imprescindible per al desenvolupament i execuci\u00f3 de les finalitats del tractament, als nostres prove\u00efdors de serveis relacionats amb comunicacions, amb els quals el RESPONSABLE t\u00e9 subscrits els contractes de confidencialitat i d\u2019encarregat de tractament exigits per la normativa vigent de privacitat.<\/p>\n<h2>Quins s\u00f3n els seus drets?<\/h2>\n<p><strong>Drets que assisteixen a la PERSONA USU\u00c0RIA: <\/strong>nom\u00e9s podran satisfer-se en relaci\u00f3 a aquella informaci\u00f3 que es trobi sota el control del RESPONSABLE.<\/p>\n<ul>\n<li>\u00a0Dret a retirar el consentiment en qualsevol moment.<\/li>\n<li>\u00a0Dret d\u2019acc\u00e9s, rectificaci\u00f3, portabilitat i supressi\u00f3 de les seves dades, i de limitaci\u00f3 o oposici\u00f3 al seu tractament.<\/li>\n<li>\u00a0Dret a presentar una reclamaci\u00f3 davant l\u2019autoritat de control <a href=\"http:\/\/www.aepd.es\/\">(www.aepd.es)<\/a> si considera que el tractament no s\u2019ajusta a la normativa vigent.<\/li>\n<\/ul>\n<p>Dades de contacte per a exercir els seus drets:<\/p>\n<p>ESCOLA GREMIAL D&#8217;INSTAL\u00b7LADORS D&#8217;ELECTRICITAT I FONTANERIA DE BARCELONA, SL &#8211; C\/ Mallorca, 462 bajos &#8211;<\/p>\n<p>08013 Barcelona (Barcelona). E-mail: <a href=\"mailto:egibcn@egibcn.net\">egibcn@egibcn.net<\/a><\/p>\n<p>La pol\u00edtica de privacitat completa es troba disponible en egibcn.net<\/p>\n<h1>2.\u00a0 UTILITZACI\u00d3 DEL PERFIL<\/h1>\n<p>El RESPONSABLE realitzar\u00e0 les seg\u00fcents actuacions:<\/p>\n<ul>\n<li>Acc\u00e9s a la informaci\u00f3 p\u00fablica del perfil.<\/li>\n<li>Publicaci\u00f3 en el perfil de la PERSONA USU\u00c0RIA de tota aquella informaci\u00f3 ja publicada en la xarxa social del RESPONSABLE.<\/li>\n<li>Enviar missatges personals i individuals a trav\u00e9s dels canals de la xarxa social.<\/li>\n<li>Actualitzacions de l\u2019estat de la p\u00e0gina que es publicaran en el perfil de la PERSONA USU\u00c0RIA.<\/li>\n<\/ul>\n<p>La PERSONA USU\u00c0RIA sempre pot controlar les seves connexions, eliminar els continguts que deixin d\u2019interessar-li i restringir amb qui comparteix les seves connexions; per a aix\u00f2 haur\u00e0 d\u2019accedir a la seva configuraci\u00f3 on trobar\u00e0 diferents possibilitats de configuraci\u00f3 en relaci\u00f3 al grau de privacitat del perfil d\u2019usuari en la xarxa social.<\/p>\n<h1>3.\u00a0 PUBLICACIONS<\/h1>\n<p>L\u2019objecte de les xarxes socials, \u00e9s donar visibilitat i difusi\u00f3 a les activitats que desenvolupa el RESPONSABLE. Aquestes eines emmagatzemen dades personals en els servidors dels serveis respectius i es regeixen per la seva pr\u00f2pia pol\u00edtica de privacitat.<\/p>\n<p>La PERSONA USU\u00c0RIA, una vegada sigui seguidora o s\u2019hagi unit a la xarxa social del RESPONSABLE, podr\u00e0 publicar en aquesta, comentaris, enlla\u00e7os, imatges, fotografies o qualsevol altre tipus de contingut multim\u00e8dia suportat per aquesta. La PERSONA USU\u00c0RIA en tots els casos, ha de ser la titular del contingut publicat, gaudir dels drets d\u2019autor i de propietat intel\u00b7lectual o comptar amb el consentiment dels tercers afectats.<\/p>\n<p>Es prohibeix expressament qualsevol publicaci\u00f3 en la xarxa social, ja siguin textos, gr\u00e0fics, fotografies, v\u00eddeos, etc. que atemptin o siguin susceptibles d\u2019atemptar contra la moral, l\u2019\u00e8tica, el bon gust o el dec\u00f2rum, i\/o que infringeixin, violin o infringeixin els drets de propietat intel\u00b7lectual o industrial, el dret a la imatge o la Llei. No es toleraran comentaris o contingut ofensiu, difamatori, il\u00b7legal o inapropiat en els perfils de l\u2019empresa. L\u2019Empresa es reserva el dret d\u2019eliminar aquests comentaris o contingut i bloquejar als usuaris responsables.<\/p>\n<p>En aquests casos, el RESPONSABLE es reserva el dret a retirar immediatament el contingut, sense comunicaci\u00f3 pr\u00e8via, podent sol\u00b7licitar el bloqueig permanent de la PERSONA USU\u00c0RIA.<\/p>\n<p>El RESPONSABLE no es far\u00e0 responsable dels continguts que lliurement ha publicat la PERSONA USU\u00c0RIA.<\/p>\n<p>La PERSONA USU\u00c0RIA ha de tenir present que les seves publicacions seran conegudes per altres usuaris, per la qual cosa ell mateix \u00e9s el principal responsable de la seva privacitat.<\/p>\n<p>Les imatges que puguin publicar-se en la xarxa social no seran emmagatzemades en cap fitxer per part del RESPONSABLE, per\u00f2 si que romandran en la xarxa social.<\/p>\n<h1>4.\u00a0 DADES DE MENORS D\u2019EDAT O PERSONES AMB CAPACITATS ESPECIALS<\/h1>\n<p>Es recomana la revisi\u00f3 i la lectura de les condicions d\u2019\u00fas i pol\u00edtica de privacitat de cada xarxa social en el moment de registre, tenint en compte els diferents requisits d\u2019edat per a la realitzaci\u00f3 d\u2019aquest.<\/p>\n<p>Aix\u00ed mateix, el RESPONSABLE quedar\u00e0 expressament exonerat de qualsevol responsabilitat que pogu\u00e9s derivar- se de l\u2019\u00fas de les xarxes socials per part de menors o persones amb capacitats especials i l\u2019acc\u00e9s de les quals hauria de realitzar-se sota la supervisi\u00f3 i control dels seus representants legals.<\/p>\n<p>El RESPONSABLE es reserva el dret de modificar aquesta pol\u00edtica en qualsevol moment. Els canvis seran comunicats a trav\u00e9s dels nostres perfils de xarxes socials i\/o el nostre lloc web.<\/p>\n<\/div><\/div><\/div><\/div><\/div>\n","protected":false},"excerpt":{"rendered":"","protected":false},"author":1,"featured_media":0,"parent":0,"menu_order":0,"comment_status":"closed","ping_status":"closed","template":"100-width.php","meta":{"_acf_changed":false,"footnotes":""},"class_list":["post-5416","page","type-page","status-publish","hentry"],"acf":[],"yoast_head":"<!-- This site is optimized with the Yoast SEO plugin v27.3 - https:\/\/yoast.com\/product\/yoast-seo-wordpress\/ -->\n<title>POL\u00cdTICA DE PRIVACITAT XARXES SOCIALS | EGIBCN<\/title>\n<meta name=\"robots\" content=\"noindex, follow, max-snippet:-1, max-image-preview:large, max-video-preview:-1\" \/>\n<meta property=\"og:locale\" content=\"ca_ES\" \/>\n<meta property=\"og:type\" content=\"article\" \/>\n<meta property=\"og:title\" content=\"POL\u00cdTICA DE PRIVACITAT XARXES SOCIALS | EGIBCN\" \/>\n<meta property=\"og:url\" content=\"https:\/\/kind-swartz.5-175-42-214.plesk.page\/ca\/politica-de-xarxes-socials\/\" \/>\n<meta property=\"og:site_name\" content=\"EGIBCN\" \/>\n<meta property=\"article:publisher\" content=\"https:\/\/www.facebook.com\/EGIBCN\" \/>\n<meta property=\"article:modified_time\" content=\"2025-01-20T15:57:21+00:00\" \/>\n<meta name=\"twitter:card\" content=\"summary_large_image\" \/>\n<meta name=\"twitter:site\" content=\"@EGIBCN\" \/>\n<script type=\"application\/ld+json\" class=\"yoast-schema-graph\">{\"@context\":\"https:\\\/\\\/schema.org\",\"@graph\":[{\"@type\":\"WebPage\",\"@id\":\"https:\\\/\\\/kind-swartz.5-175-42-214.plesk.page\\\/ca\\\/politica-de-xarxes-socials\\\/\",\"url\":\"https:\\\/\\\/kind-swartz.5-175-42-214.plesk.page\\\/ca\\\/politica-de-xarxes-socials\\\/\",\"name\":\"POL\u00cdTICA DE PRIVACITAT XARXES SOCIALS | EGIBCN\",\"isPartOf\":{\"@id\":\"https:\\\/\\\/kind-swartz.5-175-42-214.plesk.page\\\/ca\\\/#website\"},\"datePublished\":\"2022-12-01T13:18:51+00:00\",\"dateModified\":\"2025-01-20T15:57:21+00:00\",\"breadcrumb\":{\"@id\":\"https:\\\/\\\/kind-swartz.5-175-42-214.plesk.page\\\/ca\\\/politica-de-xarxes-socials\\\/#breadcrumb\"},\"inLanguage\":\"ca\",\"potentialAction\":[{\"@type\":\"ReadAction\",\"target\":[\"https:\\\/\\\/kind-swartz.5-175-42-214.plesk.page\\\/ca\\\/politica-de-xarxes-socials\\\/\"]}]},{\"@type\":\"BreadcrumbList\",\"@id\":\"https:\\\/\\\/kind-swartz.5-175-42-214.plesk.page\\\/ca\\\/politica-de-xarxes-socials\\\/#breadcrumb\",\"itemListElement\":[{\"@type\":\"ListItem\",\"position\":1,\"name\":\"Portada\",\"item\":\"https:\\\/\\\/kind-swartz.5-175-42-214.plesk.page\\\/ca\\\/\"},{\"@type\":\"ListItem\",\"position\":2,\"name\":\"POL\u00cdTICA DE PRIVACITAT XARXES SOCIALS\"}]},{\"@type\":\"WebSite\",\"@id\":\"https:\\\/\\\/kind-swartz.5-175-42-214.plesk.page\\\/ca\\\/#website\",\"url\":\"https:\\\/\\\/kind-swartz.5-175-42-214.plesk.page\\\/ca\\\/\",\"name\":\"EGIBCN\",\"description\":\"Escola Gremial d\u2019Electricitat i Fontaneria De Barcelona\",\"publisher\":{\"@id\":\"https:\\\/\\\/kind-swartz.5-175-42-214.plesk.page\\\/ca\\\/#organization\"},\"potentialAction\":[{\"@type\":\"SearchAction\",\"target\":{\"@type\":\"EntryPoint\",\"urlTemplate\":\"https:\\\/\\\/kind-swartz.5-175-42-214.plesk.page\\\/ca\\\/?s={search_term_string}\"},\"query-input\":{\"@type\":\"PropertyValueSpecification\",\"valueRequired\":true,\"valueName\":\"search_term_string\"}}],\"inLanguage\":\"ca\"},{\"@type\":\"Organization\",\"@id\":\"https:\\\/\\\/kind-swartz.5-175-42-214.plesk.page\\\/ca\\\/#organization\",\"name\":\"Escola Gremial d'Instal.ladors d'Electricitat i Fontaneria de Barcelona\",\"url\":\"https:\\\/\\\/kind-swartz.5-175-42-214.plesk.page\\\/ca\\\/\",\"logo\":{\"@type\":\"ImageObject\",\"inLanguage\":\"ca\",\"@id\":\"https:\\\/\\\/kind-swartz.5-175-42-214.plesk.page\\\/ca\\\/#\\\/schema\\\/logo\\\/image\\\/\",\"url\":\"https:\\\/\\\/kind-swartz.5-175-42-214.plesk.page\\\/wp-content\\\/uploads\\\/2022\\\/11\\\/logo-1.jpg\",\"contentUrl\":\"https:\\\/\\\/kind-swartz.5-175-42-214.plesk.page\\\/wp-content\\\/uploads\\\/2022\\\/11\\\/logo-1.jpg\",\"width\":201,\"height\":78,\"caption\":\"Escola Gremial d'Instal.ladors d'Electricitat i Fontaneria de Barcelona\"},\"image\":{\"@id\":\"https:\\\/\\\/kind-swartz.5-175-42-214.plesk.page\\\/ca\\\/#\\\/schema\\\/logo\\\/image\\\/\"},\"sameAs\":[\"https:\\\/\\\/www.facebook.com\\\/EGIBCN\",\"https:\\\/\\\/x.com\\\/EGIBCN\",\"https:\\\/\\\/www.youtube.com\\\/channel\\\/UC2zCKuwrvM4wGk97Hpmb5LA\",\"https:\\\/\\\/www.instagram.com\\\/escolagremial\\\/\"]}]}<\/script>\n<!-- \/ Yoast SEO plugin. -->","yoast_head_json":{"title":"POL\u00cdTICA DE PRIVACITAT XARXES SOCIALS | EGIBCN","robots":{"index":"noindex","follow":"follow","max-snippet":"max-snippet:-1","max-image-preview":"max-image-preview:large","max-video-preview":"max-video-preview:-1"},"og_locale":"ca_ES","og_type":"article","og_title":"POL\u00cdTICA DE PRIVACITAT XARXES SOCIALS | EGIBCN","og_url":"https:\/\/kind-swartz.5-175-42-214.plesk.page\/ca\/politica-de-xarxes-socials\/","og_site_name":"EGIBCN","article_publisher":"https:\/\/www.facebook.com\/EGIBCN","article_modified_time":"2025-01-20T15:57:21+00:00","twitter_card":"summary_large_image","twitter_site":"@EGIBCN","schema":{"@context":"https:\/\/schema.org","@graph":[{"@type":"WebPage","@id":"https:\/\/kind-swartz.5-175-42-214.plesk.page\/ca\/politica-de-xarxes-socials\/","url":"https:\/\/kind-swartz.5-175-42-214.plesk.page\/ca\/politica-de-xarxes-socials\/","name":"POL\u00cdTICA DE PRIVACITAT XARXES SOCIALS | EGIBCN","isPartOf":{"@id":"https:\/\/kind-swartz.5-175-42-214.plesk.page\/ca\/#website"},"datePublished":"2022-12-01T13:18:51+00:00","dateModified":"2025-01-20T15:57:21+00:00","breadcrumb":{"@id":"https:\/\/kind-swartz.5-175-42-214.plesk.page\/ca\/politica-de-xarxes-socials\/#breadcrumb"},"inLanguage":"ca","potentialAction":[{"@type":"ReadAction","target":["https:\/\/kind-swartz.5-175-42-214.plesk.page\/ca\/politica-de-xarxes-socials\/"]}]},{"@type":"BreadcrumbList","@id":"https:\/\/kind-swartz.5-175-42-214.plesk.page\/ca\/politica-de-xarxes-socials\/#breadcrumb","itemListElement":[{"@type":"ListItem","position":1,"name":"Portada","item":"https:\/\/kind-swartz.5-175-42-214.plesk.page\/ca\/"},{"@type":"ListItem","position":2,"name":"POL\u00cdTICA DE PRIVACITAT XARXES SOCIALS"}]},{"@type":"WebSite","@id":"https:\/\/kind-swartz.5-175-42-214.plesk.page\/ca\/#website","url":"https:\/\/kind-swartz.5-175-42-214.plesk.page\/ca\/","name":"EGIBCN","description":"Escola Gremial d\u2019Electricitat i Fontaneria De Barcelona","publisher":{"@id":"https:\/\/kind-swartz.5-175-42-214.plesk.page\/ca\/#organization"},"potentialAction":[{"@type":"SearchAction","target":{"@type":"EntryPoint","urlTemplate":"https:\/\/kind-swartz.5-175-42-214.plesk.page\/ca\/?s={search_term_string}"},"query-input":{"@type":"PropertyValueSpecification","valueRequired":true,"valueName":"search_term_string"}}],"inLanguage":"ca"},{"@type":"Organization","@id":"https:\/\/kind-swartz.5-175-42-214.plesk.page\/ca\/#organization","name":"Escola Gremial d'Instal.ladors d'Electricitat i Fontaneria de Barcelona","url":"https:\/\/kind-swartz.5-175-42-214.plesk.page\/ca\/","logo":{"@type":"ImageObject","inLanguage":"ca","@id":"https:\/\/kind-swartz.5-175-42-214.plesk.page\/ca\/#\/schema\/logo\/image\/","url":"https:\/\/kind-swartz.5-175-42-214.plesk.page\/wp-content\/uploads\/2022\/11\/logo-1.jpg","contentUrl":"https:\/\/kind-swartz.5-175-42-214.plesk.page\/wp-content\/uploads\/2022\/11\/logo-1.jpg","width":201,"height":78,"caption":"Escola Gremial d'Instal.ladors d'Electricitat i Fontaneria de Barcelona"},"image":{"@id":"https:\/\/kind-swartz.5-175-42-214.plesk.page\/ca\/#\/schema\/logo\/image\/"},"sameAs":["https:\/\/www.facebook.com\/EGIBCN","https:\/\/x.com\/EGIBCN","https:\/\/www.youtube.com\/channel\/UC2zCKuwrvM4wGk97Hpmb5LA","https:\/\/www.instagram.com\/escolagremial\/"]}]}},"_links":{"self":[{"href":"https:\/\/kind-swartz.5-175-42-214.plesk.page\/ca\/wp-json\/wp\/v2\/pages\/5416","targetHints":{"allow":["GET"]}}],"collection":[{"href":"https:\/\/kind-swartz.5-175-42-214.plesk.page\/ca\/wp-json\/wp\/v2\/pages"}],"about":[{"href":"https:\/\/kind-swartz.5-175-42-214.plesk.page\/ca\/wp-json\/wp\/v2\/types\/page"}],"author":[{"embeddable":true,"href":"https:\/\/kind-swartz.5-175-42-214.plesk.page\/ca\/wp-json\/wp\/v2\/users\/1"}],"replies":[{"embeddable":true,"href":"https:\/\/kind-swartz.5-175-42-214.plesk.page\/ca\/wp-json\/wp\/v2\/comments?post=5416"}],"version-history":[{"count":0,"href":"https:\/\/kind-swartz.5-175-42-214.plesk.page\/ca\/wp-json\/wp\/v2\/pages\/5416\/revisions"}],"wp:attachment":[{"href":"https:\/\/kind-swartz.5-175-42-214.plesk.page\/ca\/wp-json\/wp\/v2\/media?parent=5416"}],"curies":[{"name":"wp","href":"https:\/\/api.w.org\/{rel}","templated":true}]}}