{"id":5530,"date":"2023-03-16T22:36:12","date_gmt":"2023-03-16T21:36:12","guid":{"rendered":"https:\/\/kind-swartz.5-175-42-214.plesk.page\/certificats-de-professionalitat-a-barcelona\/certificat-professional-energia-i-aigua\/cp-enae0111-operacions-basiques-en-el-muntatge-i-el-manteniment-dinstallacions-denergies-renovables\/"},"modified":"2024-02-02T08:37:27","modified_gmt":"2024-02-02T07:37:27","slug":"cp-enae0111-operacions-basiques-en-el-muntatge-i-el-manteniment-dinstallacions-denergies-renovables","status":"publish","type":"page","link":"https:\/\/kind-swartz.5-175-42-214.plesk.page\/ca\/certificats-de-professionalitat-a-barcelona\/certificat-professional-energia-i-aigua\/cp-enae0111-operacions-basiques-en-el-muntatge-i-el-manteniment-dinstallacions-denergies-renovables\/","title":{"rendered":"CP ENAE0111 Operacions b\u00e0siques en el muntatge i el manteniment d&#8217;instal\u00b7lacions d&#8217;energies renovables."},"content":{"rendered":"<p><div class=\"fusion-fullwidth fullwidth-box fusion-builder-row-1 fusion-flex-container has-pattern-background has-mask-background nonhundred-percent-fullwidth non-hundred-percent-height-scrolling\" style=\"--awb-border-radius-top-left:0px;--awb-border-radius-top-right:0px;--awb-border-radius-bottom-right:0px;--awb-border-radius-bottom-left:0px;--awb-padding-top:0px;--awb-margin-top:0px;--awb-flex-wrap:wrap;\" ><div class=\"fusion-builder-row fusion-row fusion-flex-align-items-flex-start fusion-flex-content-wrap\" style=\"max-width:1248px;margin-left: calc(-4% \/ 2 );margin-right: calc(-4% \/ 2 );\"><div class=\"fusion-layout-column fusion_builder_column fusion-builder-column-0 fusion_builder_column_1_1 1_1 fusion-flex-column\" style=\"--awb-padding-right:15px;--awb-padding-bottom:15px;--awb-padding-left:15px;--awb-bg-size:cover;--awb-width-large:100%;--awb-margin-top-large:0px;--awb-spacing-right-large:1.92%;--awb-margin-bottom-large:20px;--awb-spacing-left-large:1.92%;--awb-width-medium:100%;--awb-order-medium:0;--awb-spacing-right-medium:1.92%;--awb-spacing-left-medium:1.92%;--awb-width-small:100%;--awb-order-small:0;--awb-spacing-right-small:1.92%;--awb-spacing-left-small:1.92%;\"><div class=\"fusion-column-wrapper fusion-column-has-shadow fusion-flex-justify-content-flex-start fusion-content-layout-column\"><div class=\"fusion-text fusion-text-1\" style=\"--awb-content-alignment:center;--awb-font-size:26px;--awb-line-height:1.1;--awb-letter-spacing:0px;--awb-text-color:var(--awb-color6);--awb-text-font-family:&quot;Poppins&quot;;--awb-text-font-style:normal;--awb-text-font-weight:700;\"><p>Certificat Professional<\/p>\n<\/div><div class=\"fusion-title title fusion-title-1 fusion-sep-none fusion-title-center fusion-title-text fusion-title-size-one\" style=\"--awb-text-color:var(--awb-color4);--awb-font-size:30px;\"><h1 class=\"fusion-title-heading title-heading-center fusion-responsive-typography-calculated\" style=\"margin:0;font-size:1em;letter-spacing:-1px;--fontSize:30;line-height:var(--awb-typography1-line-height);\">ENAE0111 Operacions b\u00e0siques en el muntatge i el manteniment d&#8217;instal\u00b7lacions d&#8217;energies renovables.<\/h1><\/div><div class=\"fusion-text fusion-text-2\" style=\"--awb-content-alignment:center;--awb-font-size:18px;--awb-text-color:var(--awb-color3);\"><p>Energia i Aigua<\/p>\n<\/div><\/div><\/div><\/div><\/div><div class=\"fusion-fullwidth fullwidth-box fusion-builder-row-2 fusion-flex-container has-pattern-background has-mask-background nonhundred-percent-fullwidth non-hundred-percent-height-scrolling\" style=\"--awb-border-color:var(--awb-color1);--awb-border-radius-top-left:6px;--awb-border-radius-top-right:6px;--awb-border-radius-bottom-right:6px;--awb-border-radius-bottom-left:6px;--awb-overflow:hidden;--awb-padding-top:20px;--awb-padding-right:20px;--awb-padding-bottom:20px;--awb-padding-left:20px;--awb-margin-top:0px;--awb-flex-wrap:wrap;\" ><div class=\"fusion-builder-row fusion-row fusion-flex-align-items-flex-start fusion-flex-content-wrap\" style=\"max-width:1248px;margin-left: calc(-4% \/ 2 );margin-right: calc(-4% \/ 2 );\"><div class=\"fusion-layout-column fusion_builder_column fusion-builder-column-1 fusion_builder_column_1_1 1_1 fusion-flex-column\" style=\"--awb-padding-right:20px;--awb-padding-bottom:20px;--awb-padding-left:20px;--awb-overflow:hidden;--awb-bg-size:cover;--awb-border-color:var(--awb-color5);--awb-border-top:4px;--awb-border-right:4px;--awb-border-bottom:4px;--awb-border-left:4px;--awb-border-style:solid;--awb-border-radius:6px 6px 6px 6px;--awb-width-large:100%;--awb-margin-top-large:0px;--awb-spacing-right-large:1.92%;--awb-margin-bottom-large:0px;--awb-spacing-left-large:1.92%;--awb-width-medium:100%;--awb-order-medium:0;--awb-spacing-right-medium:1.92%;--awb-spacing-left-medium:1.92%;--awb-width-small:100%;--awb-order-small:0;--awb-spacing-right-small:1.92%;--awb-spacing-left-small:1.92%;\"><div class=\"fusion-column-wrapper fusion-column-has-shadow fusion-flex-justify-content-flex-start fusion-content-layout-column\"><div class=\"fusion-text fusion-text-3 sm-text-align-center\" style=\"--awb-content-alignment:left;--awb-font-size:17px;\"><h2>Compet\u00e8ncia general:<\/h2>\n<p>Efectuar, sota supervisi\u00f3, el muntatge, la posada en servei, l&#8217;operaci\u00f3 i el manteniment d&#8217;instal\u00b7lacions solars fotovoltaiques amb la qualitat i la seguretat requerides i complint la normativa vigent.<\/p>\n<h2>Relaci\u00f3 d&#8217;Unitats de Compet\u00e8ncia que configuren el certificat de professionalitat:<\/h2>\n<p>UC0835_2: Replantejar instal\u00b7lacions solars fotovoltaiques.<br \/>\nUC0836_2: Muntar instal\u00b7lacions solars fotovoltaiques.<br \/>\nUC0837_2: Mantenir instal\u00b7lacions solars fotovoltaiques.<\/p>\n<\/div><div class=\"fusion-image-element \" style=\"text-align:center;--awb-caption-title-font-family:var(--h2_typography-font-family);--awb-caption-title-font-weight:var(--h2_typography-font-weight);--awb-caption-title-font-style:var(--h2_typography-font-style);--awb-caption-title-size:var(--h2_typography-font-size);--awb-caption-title-transform:var(--h2_typography-text-transform);--awb-caption-title-line-height:var(--h2_typography-line-height);--awb-caption-title-letter-spacing:var(--h2_typography-letter-spacing);\"><span class=\" fusion-imageframe imageframe-none imageframe-1 hover-type-none\"><img decoding=\"async\" width=\"600\" height=\"400\" alt=\"Curs d&#039;ENAE0111 a Barcelona\" title=\"Curs d&#8217;ENAE0111 a Barcelona\" src=\"https:\/\/kind-swartz.5-175-42-214.plesk.page\/wp-content\/uploads\/2023\/03\/AdobeStock_129945746-1024x683-1.jpg\" class=\"img-responsive wp-image-5301\" srcset=\"https:\/\/kind-swartz.5-175-42-214.plesk.page\/wp-content\/uploads\/2023\/03\/AdobeStock_129945746-1024x683-1-200x133.jpg 200w, https:\/\/kind-swartz.5-175-42-214.plesk.page\/wp-content\/uploads\/2023\/03\/AdobeStock_129945746-1024x683-1-400x267.jpg 400w, https:\/\/kind-swartz.5-175-42-214.plesk.page\/wp-content\/uploads\/2023\/03\/AdobeStock_129945746-1024x683-1.jpg 600w\" sizes=\"(max-width: 640px) 100vw, 600px\" \/><\/span><\/div><div class=\"fusion-text fusion-text-4 sm-text-align-center\" style=\"--awb-content-alignment:left;--awb-font-size:17px;--awb-margin-top:20px;\"><h2>Entorn Professional:<\/h2>\n<h3>\u00c0mbit professional:<\/h3>\n<p>Desenvolupa la seva activitat professional a les petites i mitjanes empreses, p\u00fabliques o<br \/>\nprivades, dedicades a realitzar la promoci\u00f3, el muntatge, l&#8217;explotaci\u00f3 i el manteniment d&#8217;instal\u00b7lacions solars fotovoltaiques per a la producci\u00f3 d&#8217;energia el\u00e8ctrica tant en instal\u00b7lacions connectades a xarxa com en instal\u00b7lacions a\u00efllades amb sistema de suport o sense.<\/p>\n<h2>Sectors productius:<\/h2>\n<p>S&#8217;ubica al sector energ\u00e8tic, subsector d&#8217;energies renovables, a les activitats<br \/>\nproductives en qu\u00e8 es realitza el muntatge, explotaci\u00f3 i manteniment d&#8217;instal\u00b7lacions fotovoltaiques per a la producci\u00f3 d&#8217;energia el\u00e8ctrica.<\/p>\n<h2>Ocupacions o llocs de treball relacionats:<\/h2>\n<p>7299.001.6 Muntador de plaques denergia solar.<br \/>\n7299.001.6 Muntador d&#8217;instal\u00b7lacions solars fotovoltaiques.<br \/>\n7621.023.5 Instal\u00b7lador de sistemes fotovoltaics i e\u00f2lics.<br \/>\n8161.005.3 Operador a central solar fotovoltaica.<br \/>\n8161.005.3 Operador d&#8217;instal\u00b7lacions solars fotovoltaiques<br \/>\nRequisits necessaris per a l&#8217;exercici professional:<br \/>\nAquestes activitats que estan regulades pel Reglament Electrot\u00e8cnic per a Baixa Tensi\u00f3 (REBT), es faran sota la supervisi\u00f3 d&#8217;un instal\u00b7lador el\u00e8ctric autoritzat en baixa tensi\u00f3, que tingui el carnet de categoria especialista (IBTE).<\/p>\n<p>Durada de la formaci\u00f3 associada: 540 hores<\/p>\n<h2>Relaci\u00f3 de m\u00f2duls formatius i unitats formatives:<\/h2>\n<p>MF0835_2: Replanteig d&#8217;instal\u00b7lacions solars fotovoltaiques. (150 hores).<br \/>\nUF0149: Electrot\u00e8cnia. (90 hores)<br \/>\nUF0150: Replanteig i funcionament de les instal\u00b7lacions solars fotovoltaiques. (60<br \/>\nhores)<br \/>\nMF0836_2: Muntatge d&#8217;instal\u00b7lacions solars fotovoltaiques. (210 Hores).<br \/>\nUF0151: Prevenci\u00f3 de riscos professionals i seguretat en el muntatge de<br \/>\ninstal\u00b7lacions solars. (30 hores)<br \/>\nUF0152: Muntatge mec\u00e0nic en instal\u00b7lacions solars fotovoltaiques. (90 hores)<br \/>\nUF0153: Muntatge el\u00e8ctric i electr\u00f2nic en instal\u00b7lacions solars fotovoltaiques.(90<br \/>\nhores)<br \/>\nMF0837_2: Manteniment d&#8217;instal\u00b7lacions solars fotovoltaiques. (60 Hores)<br \/>\nMP0032: M\u00f2dul de pr\u00e0ctiques professionals no laborals de muntatge i manteniment d&#8217;instal\u00b7lacions solars fotovoltaiques. (120 hores)<\/p>\n<\/div><div style=\"text-align:center;\"><a class=\"fusion-button button-flat button-small button-default fusion-button-default button-1 fusion-button-default-span fusion-button-default-type\" target=\"_blank\" rel=\"noopener noreferrer\" href=\"https:\/\/kind-swartz.5-175-42-214.plesk.page\/wp-content\/uploads\/2022\/12\/ENAE0108-CONTENIDOS-COMPLETOS-_c.pdf\"><span class=\"fusion-button-text\">Descarregar contingut formatiu<\/span><\/a><\/div><div class=\"fusion-separator fusion-full-width-sep\" style=\"align-self: center;margin-left: auto;margin-right: auto;margin-top:10px;width:100%;\"><\/div><div class=\"fusion-image-element \" style=\"text-align:center;--awb-caption-title-font-family:var(--h2_typography-font-family);--awb-caption-title-font-weight:var(--h2_typography-font-weight);--awb-caption-title-font-style:var(--h2_typography-font-style);--awb-caption-title-size:var(--h2_typography-font-size);--awb-caption-title-transform:var(--h2_typography-text-transform);--awb-caption-title-line-height:var(--h2_typography-line-height);--awb-caption-title-letter-spacing:var(--h2_typography-letter-spacing);\"><span class=\" fusion-imageframe imageframe-none imageframe-2 hover-type-none\"><img decoding=\"async\" width=\"2560\" height=\"622\" title=\"Horario curso de paneles solares\" src=\"https:\/\/kind-swartz.5-175-42-214.plesk.page\/wp-content\/uploads\/2022\/12\/d502d27223b9f9bf54d0872ea-scaled.jpg\" alt class=\"img-responsive wp-image-5266\" srcset=\"https:\/\/kind-swartz.5-175-42-214.plesk.page\/wp-content\/uploads\/2022\/12\/d502d27223b9f9bf54d0872ea-200x49.jpg 200w, https:\/\/kind-swartz.5-175-42-214.plesk.page\/wp-content\/uploads\/2022\/12\/d502d27223b9f9bf54d0872ea-400x97.jpg 400w, https:\/\/kind-swartz.5-175-42-214.plesk.page\/wp-content\/uploads\/2022\/12\/d502d27223b9f9bf54d0872ea-600x146.jpg 600w, https:\/\/kind-swartz.5-175-42-214.plesk.page\/wp-content\/uploads\/2022\/12\/d502d27223b9f9bf54d0872ea-800x194.jpg 800w, https:\/\/kind-swartz.5-175-42-214.plesk.page\/wp-content\/uploads\/2022\/12\/d502d27223b9f9bf54d0872ea-1200x291.jpg 1200w, https:\/\/kind-swartz.5-175-42-214.plesk.page\/wp-content\/uploads\/2022\/12\/d502d27223b9f9bf54d0872ea-scaled.jpg 2560w\" sizes=\"(max-width: 640px) 100vw, 1200px\" \/><\/span><\/div><div class=\"fusion-separator fusion-full-width-sep\" style=\"align-self: center;margin-left: auto;margin-right: auto;margin-top:10px;width:100%;\"><\/div><div style=\"text-align:center;\"><a class=\"fusion-button button-flat fusion-button-default-size button-default fusion-button-default button-2 fusion-button-default-span fusion-button-default-type\" target=\"_blank\" rel=\"noopener noreferrer\" href=\"https:\/\/kind-swartz.5-175-42-214.plesk.page\/cp-enae0111-operaciones-basicas-en-el-montaje-y-mantenimiento-de-instalaciones-de-energias-renovables\/\"><span class=\"fusion-button-text\">Veure programa i preinscripci\u00f3<\/span><\/a><\/div><\/div><\/div><\/div><\/div><\/p>\n","protected":false},"excerpt":{"rendered":"","protected":false},"author":9,"featured_media":0,"parent":5508,"menu_order":0,"comment_status":"closed","ping_status":"closed","template":"100-width.php","meta":{"_acf_changed":false,"footnotes":""},"class_list":["post-5530","page","type-page","status-publish","hentry"],"acf":[],"yoast_head":"<!-- This site is optimized with the Yoast SEO plugin v27.3 - https:\/\/yoast.com\/product\/yoast-seo-wordpress\/ -->\n<title>CP ENAE0111 Operacions b\u00e0siques en el muntatge i el manteniment d&#039;instal\u00b7lacions d&#039;energies renovables. | EGIBCN<\/title>\n<meta name=\"robots\" content=\"noindex, follow, max-snippet:-1, max-image-preview:large, max-video-preview:-1\" \/>\n<meta property=\"og:locale\" content=\"ca_ES\" \/>\n<meta property=\"og:type\" content=\"article\" \/>\n<meta property=\"og:title\" content=\"CP ENAE0111 Operacions b\u00e0siques en el muntatge i el manteniment d&#039;instal\u00b7lacions d&#039;energies renovables. | EGIBCN\" \/>\n<meta property=\"og:url\" content=\"https:\/\/kind-swartz.5-175-42-214.plesk.page\/ca\/certificats-de-professionalitat-a-barcelona\/certificat-professional-energia-i-aigua\/cp-enae0111-operacions-basiques-en-el-muntatge-i-el-manteniment-dinstallacions-denergies-renovables\/\" \/>\n<meta property=\"og:site_name\" content=\"EGIBCN\" \/>\n<meta property=\"article:publisher\" content=\"https:\/\/www.facebook.com\/EGIBCN\" \/>\n<meta property=\"article:modified_time\" content=\"2024-02-02T07:37:27+00:00\" \/>\n<meta name=\"twitter:card\" content=\"summary_large_image\" \/>\n<meta name=\"twitter:site\" content=\"@EGIBCN\" \/>\n<script type=\"application\/ld+json\" class=\"yoast-schema-graph\">{\"@context\":\"https:\\\/\\\/schema.org\",\"@graph\":[{\"@type\":\"WebPage\",\"@id\":\"https:\\\/\\\/kind-swartz.5-175-42-214.plesk.page\\\/ca\\\/certificats-de-professionalitat-a-barcelona\\\/certificat-professional-energia-i-aigua\\\/cp-enae0111-operacions-basiques-en-el-muntatge-i-el-manteniment-dinstallacions-denergies-renovables\\\/\",\"url\":\"https:\\\/\\\/kind-swartz.5-175-42-214.plesk.page\\\/ca\\\/certificats-de-professionalitat-a-barcelona\\\/certificat-professional-energia-i-aigua\\\/cp-enae0111-operacions-basiques-en-el-muntatge-i-el-manteniment-dinstallacions-denergies-renovables\\\/\",\"name\":\"CP ENAE0111 Operacions b\u00e0siques en el muntatge i el manteniment d'instal\u00b7lacions d'energies renovables. | EGIBCN\",\"isPartOf\":{\"@id\":\"https:\\\/\\\/kind-swartz.5-175-42-214.plesk.page\\\/ca\\\/#website\"},\"datePublished\":\"2023-03-16T21:36:12+00:00\",\"dateModified\":\"2024-02-02T07:37:27+00:00\",\"breadcrumb\":{\"@id\":\"https:\\\/\\\/kind-swartz.5-175-42-214.plesk.page\\\/ca\\\/certificats-de-professionalitat-a-barcelona\\\/certificat-professional-energia-i-aigua\\\/cp-enae0111-operacions-basiques-en-el-muntatge-i-el-manteniment-dinstallacions-denergies-renovables\\\/#breadcrumb\"},\"inLanguage\":\"ca\",\"potentialAction\":[{\"@type\":\"ReadAction\",\"target\":[\"https:\\\/\\\/kind-swartz.5-175-42-214.plesk.page\\\/ca\\\/certificats-de-professionalitat-a-barcelona\\\/certificat-professional-energia-i-aigua\\\/cp-enae0111-operacions-basiques-en-el-muntatge-i-el-manteniment-dinstallacions-denergies-renovables\\\/\"]}]},{\"@type\":\"BreadcrumbList\",\"@id\":\"https:\\\/\\\/kind-swartz.5-175-42-214.plesk.page\\\/ca\\\/certificats-de-professionalitat-a-barcelona\\\/certificat-professional-energia-i-aigua\\\/cp-enae0111-operacions-basiques-en-el-muntatge-i-el-manteniment-dinstallacions-denergies-renovables\\\/#breadcrumb\",\"itemListElement\":[{\"@type\":\"ListItem\",\"position\":1,\"name\":\"Portada\",\"item\":\"https:\\\/\\\/kind-swartz.5-175-42-214.plesk.page\\\/ca\\\/\"},{\"@type\":\"ListItem\",\"position\":2,\"name\":\"Certificats de Professionalitat a Barcelona\",\"item\":\"https:\\\/\\\/kind-swartz.5-175-42-214.plesk.page\\\/ca\\\/certificats-de-professionalitat-a-barcelona\\\/\"},{\"@type\":\"ListItem\",\"position\":3,\"name\":\"Certificat Professional Energia i Aigua\",\"item\":\"https:\\\/\\\/kind-swartz.5-175-42-214.plesk.page\\\/ca\\\/certificats-de-professionalitat-a-barcelona\\\/certificat-professional-energia-i-aigua\\\/\"},{\"@type\":\"ListItem\",\"position\":4,\"name\":\"CP ENAE0111 Operacions b\u00e0siques en el muntatge i el manteniment d&#8217;instal\u00b7lacions d&#8217;energies renovables.\"}]},{\"@type\":\"WebSite\",\"@id\":\"https:\\\/\\\/kind-swartz.5-175-42-214.plesk.page\\\/ca\\\/#website\",\"url\":\"https:\\\/\\\/kind-swartz.5-175-42-214.plesk.page\\\/ca\\\/\",\"name\":\"EGIBCN\",\"description\":\"Escola Gremial d\u2019Electricitat i Fontaneria De Barcelona\",\"publisher\":{\"@id\":\"https:\\\/\\\/kind-swartz.5-175-42-214.plesk.page\\\/ca\\\/#organization\"},\"potentialAction\":[{\"@type\":\"SearchAction\",\"target\":{\"@type\":\"EntryPoint\",\"urlTemplate\":\"https:\\\/\\\/kind-swartz.5-175-42-214.plesk.page\\\/ca\\\/?s={search_term_string}\"},\"query-input\":{\"@type\":\"PropertyValueSpecification\",\"valueRequired\":true,\"valueName\":\"search_term_string\"}}],\"inLanguage\":\"ca\"},{\"@type\":\"Organization\",\"@id\":\"https:\\\/\\\/kind-swartz.5-175-42-214.plesk.page\\\/ca\\\/#organization\",\"name\":\"Escola Gremial d'Instal.ladors d'Electricitat i Fontaneria de Barcelona\",\"url\":\"https:\\\/\\\/kind-swartz.5-175-42-214.plesk.page\\\/ca\\\/\",\"logo\":{\"@type\":\"ImageObject\",\"inLanguage\":\"ca\",\"@id\":\"https:\\\/\\\/kind-swartz.5-175-42-214.plesk.page\\\/ca\\\/#\\\/schema\\\/logo\\\/image\\\/\",\"url\":\"https:\\\/\\\/kind-swartz.5-175-42-214.plesk.page\\\/wp-content\\\/uploads\\\/2022\\\/11\\\/logo-1.jpg\",\"contentUrl\":\"https:\\\/\\\/kind-swartz.5-175-42-214.plesk.page\\\/wp-content\\\/uploads\\\/2022\\\/11\\\/logo-1.jpg\",\"width\":201,\"height\":78,\"caption\":\"Escola Gremial d'Instal.ladors d'Electricitat i Fontaneria de Barcelona\"},\"image\":{\"@id\":\"https:\\\/\\\/kind-swartz.5-175-42-214.plesk.page\\\/ca\\\/#\\\/schema\\\/logo\\\/image\\\/\"},\"sameAs\":[\"https:\\\/\\\/www.facebook.com\\\/EGIBCN\",\"https:\\\/\\\/x.com\\\/EGIBCN\",\"https:\\\/\\\/www.youtube.com\\\/channel\\\/UC2zCKuwrvM4wGk97Hpmb5LA\",\"https:\\\/\\\/www.instagram.com\\\/escolagremial\\\/\"]}]}<\/script>\n<!-- \/ Yoast SEO plugin. -->","yoast_head_json":{"title":"CP ENAE0111 Operacions b\u00e0siques en el muntatge i el manteniment d'instal\u00b7lacions d'energies renovables. | EGIBCN","robots":{"index":"noindex","follow":"follow","max-snippet":"max-snippet:-1","max-image-preview":"max-image-preview:large","max-video-preview":"max-video-preview:-1"},"og_locale":"ca_ES","og_type":"article","og_title":"CP ENAE0111 Operacions b\u00e0siques en el muntatge i el manteniment d'instal\u00b7lacions d'energies renovables. | EGIBCN","og_url":"https:\/\/kind-swartz.5-175-42-214.plesk.page\/ca\/certificats-de-professionalitat-a-barcelona\/certificat-professional-energia-i-aigua\/cp-enae0111-operacions-basiques-en-el-muntatge-i-el-manteniment-dinstallacions-denergies-renovables\/","og_site_name":"EGIBCN","article_publisher":"https:\/\/www.facebook.com\/EGIBCN","article_modified_time":"2024-02-02T07:37:27+00:00","twitter_card":"summary_large_image","twitter_site":"@EGIBCN","schema":{"@context":"https:\/\/schema.org","@graph":[{"@type":"WebPage","@id":"https:\/\/kind-swartz.5-175-42-214.plesk.page\/ca\/certificats-de-professionalitat-a-barcelona\/certificat-professional-energia-i-aigua\/cp-enae0111-operacions-basiques-en-el-muntatge-i-el-manteniment-dinstallacions-denergies-renovables\/","url":"https:\/\/kind-swartz.5-175-42-214.plesk.page\/ca\/certificats-de-professionalitat-a-barcelona\/certificat-professional-energia-i-aigua\/cp-enae0111-operacions-basiques-en-el-muntatge-i-el-manteniment-dinstallacions-denergies-renovables\/","name":"CP ENAE0111 Operacions b\u00e0siques en el muntatge i el manteniment d'instal\u00b7lacions d'energies renovables. | EGIBCN","isPartOf":{"@id":"https:\/\/kind-swartz.5-175-42-214.plesk.page\/ca\/#website"},"datePublished":"2023-03-16T21:36:12+00:00","dateModified":"2024-02-02T07:37:27+00:00","breadcrumb":{"@id":"https:\/\/kind-swartz.5-175-42-214.plesk.page\/ca\/certificats-de-professionalitat-a-barcelona\/certificat-professional-energia-i-aigua\/cp-enae0111-operacions-basiques-en-el-muntatge-i-el-manteniment-dinstallacions-denergies-renovables\/#breadcrumb"},"inLanguage":"ca","potentialAction":[{"@type":"ReadAction","target":["https:\/\/kind-swartz.5-175-42-214.plesk.page\/ca\/certificats-de-professionalitat-a-barcelona\/certificat-professional-energia-i-aigua\/cp-enae0111-operacions-basiques-en-el-muntatge-i-el-manteniment-dinstallacions-denergies-renovables\/"]}]},{"@type":"BreadcrumbList","@id":"https:\/\/kind-swartz.5-175-42-214.plesk.page\/ca\/certificats-de-professionalitat-a-barcelona\/certificat-professional-energia-i-aigua\/cp-enae0111-operacions-basiques-en-el-muntatge-i-el-manteniment-dinstallacions-denergies-renovables\/#breadcrumb","itemListElement":[{"@type":"ListItem","position":1,"name":"Portada","item":"https:\/\/kind-swartz.5-175-42-214.plesk.page\/ca\/"},{"@type":"ListItem","position":2,"name":"Certificats de Professionalitat a Barcelona","item":"https:\/\/kind-swartz.5-175-42-214.plesk.page\/ca\/certificats-de-professionalitat-a-barcelona\/"},{"@type":"ListItem","position":3,"name":"Certificat Professional Energia i Aigua","item":"https:\/\/kind-swartz.5-175-42-214.plesk.page\/ca\/certificats-de-professionalitat-a-barcelona\/certificat-professional-energia-i-aigua\/"},{"@type":"ListItem","position":4,"name":"CP ENAE0111 Operacions b\u00e0siques en el muntatge i el manteniment d&#8217;instal\u00b7lacions d&#8217;energies renovables."}]},{"@type":"WebSite","@id":"https:\/\/kind-swartz.5-175-42-214.plesk.page\/ca\/#website","url":"https:\/\/kind-swartz.5-175-42-214.plesk.page\/ca\/","name":"EGIBCN","description":"Escola Gremial d\u2019Electricitat i Fontaneria De Barcelona","publisher":{"@id":"https:\/\/kind-swartz.5-175-42-214.plesk.page\/ca\/#organization"},"potentialAction":[{"@type":"SearchAction","target":{"@type":"EntryPoint","urlTemplate":"https:\/\/kind-swartz.5-175-42-214.plesk.page\/ca\/?s={search_term_string}"},"query-input":{"@type":"PropertyValueSpecification","valueRequired":true,"valueName":"search_term_string"}}],"inLanguage":"ca"},{"@type":"Organization","@id":"https:\/\/kind-swartz.5-175-42-214.plesk.page\/ca\/#organization","name":"Escola Gremial d'Instal.ladors d'Electricitat i Fontaneria de Barcelona","url":"https:\/\/kind-swartz.5-175-42-214.plesk.page\/ca\/","logo":{"@type":"ImageObject","inLanguage":"ca","@id":"https:\/\/kind-swartz.5-175-42-214.plesk.page\/ca\/#\/schema\/logo\/image\/","url":"https:\/\/kind-swartz.5-175-42-214.plesk.page\/wp-content\/uploads\/2022\/11\/logo-1.jpg","contentUrl":"https:\/\/kind-swartz.5-175-42-214.plesk.page\/wp-content\/uploads\/2022\/11\/logo-1.jpg","width":201,"height":78,"caption":"Escola Gremial d'Instal.ladors d'Electricitat i Fontaneria de Barcelona"},"image":{"@id":"https:\/\/kind-swartz.5-175-42-214.plesk.page\/ca\/#\/schema\/logo\/image\/"},"sameAs":["https:\/\/www.facebook.com\/EGIBCN","https:\/\/x.com\/EGIBCN","https:\/\/www.youtube.com\/channel\/UC2zCKuwrvM4wGk97Hpmb5LA","https:\/\/www.instagram.com\/escolagremial\/"]}]}},"_links":{"self":[{"href":"https:\/\/kind-swartz.5-175-42-214.plesk.page\/ca\/wp-json\/wp\/v2\/pages\/5530","targetHints":{"allow":["GET"]}}],"collection":[{"href":"https:\/\/kind-swartz.5-175-42-214.plesk.page\/ca\/wp-json\/wp\/v2\/pages"}],"about":[{"href":"https:\/\/kind-swartz.5-175-42-214.plesk.page\/ca\/wp-json\/wp\/v2\/types\/page"}],"author":[{"embeddable":true,"href":"https:\/\/kind-swartz.5-175-42-214.plesk.page\/ca\/wp-json\/wp\/v2\/users\/9"}],"replies":[{"embeddable":true,"href":"https:\/\/kind-swartz.5-175-42-214.plesk.page\/ca\/wp-json\/wp\/v2\/comments?post=5530"}],"version-history":[{"count":0,"href":"https:\/\/kind-swartz.5-175-42-214.plesk.page\/ca\/wp-json\/wp\/v2\/pages\/5530\/revisions"}],"up":[{"embeddable":true,"href":"https:\/\/kind-swartz.5-175-42-214.plesk.page\/ca\/wp-json\/wp\/v2\/pages\/5508"}],"wp:attachment":[{"href":"https:\/\/kind-swartz.5-175-42-214.plesk.page\/ca\/wp-json\/wp\/v2\/media?parent=5530"}],"curies":[{"name":"wp","href":"https:\/\/api.w.org\/{rel}","templated":true}]}}