{"id":5544,"date":"2023-01-21T20:07:16","date_gmt":"2023-01-21T19:07:16","guid":{"rendered":"https:\/\/kind-swartz.5-175-42-214.plesk.page\/politica-de-devolucio\/"},"modified":"2024-02-02T08:37:26","modified_gmt":"2024-02-02T07:37:26","slug":"politica-de-devolucio","status":"publish","type":"page","link":"https:\/\/kind-swartz.5-175-42-214.plesk.page\/ca\/politica-de-devolucio\/","title":{"rendered":"Pol\u00edtica de devoluci\u00f3"},"content":{"rendered":"<div class=\"fusion-fullwidth fullwidth-box fusion-builder-row-1 fusion-flex-container nonhundred-percent-fullwidth non-hundred-percent-height-scrolling\" style=\"--awb-border-radius-top-left:0px;--awb-border-radius-top-right:0px;--awb-border-radius-bottom-right:0px;--awb-border-radius-bottom-left:0px;--awb-padding-top:0px;--awb-padding-top-small:60px;--awb-margin-top:0px;--awb-flex-wrap:wrap;\" ><div class=\"fusion-builder-row fusion-row fusion-flex-align-items-stretch fusion-flex-justify-content-center fusion-flex-content-wrap\" style=\"max-width:1248px;margin-left: calc(-4% \/ 2 );margin-right: calc(-4% \/ 2 );\"><div class=\"fusion-layout-column fusion_builder_column fusion-builder-column-0 fusion_builder_column_1_1 1_1 fusion-flex-column fusion-flex-align-self-center fusion-animated\" style=\"--awb-padding-right:150px;--awb-padding-left:150px;--awb-padding-right-small:0px;--awb-padding-left-small:0px;--awb-bg-size:cover;--awb-width-large:100%;--awb-margin-top-large:0px;--awb-spacing-right-large:1.92%;--awb-margin-bottom-large:20px;--awb-spacing-left-large:1.92%;--awb-width-medium:100%;--awb-order-medium:0;--awb-spacing-right-medium:1.92%;--awb-spacing-left-medium:1.92%;--awb-width-small:100%;--awb-order-small:0;--awb-spacing-right-small:1.92%;--awb-spacing-left-small:1.92%;\" data-animationType=\"fadeInLeft\" data-animationDuration=\"1.0\" data-animationOffset=\"top-into-view\"><div class=\"fusion-column-wrapper fusion-column-has-shadow fusion-flex-justify-content-flex-start fusion-content-layout-column\"><div class=\"fusion-text fusion-text-1\" style=\"--awb-content-alignment:center;--awb-font-size:26px;--awb-line-height:var(--awb-typography2-line-height);--awb-letter-spacing:var(--awb-typography2-letter-spacing);--awb-text-transform:var(--awb-typography2-text-transform);--awb-text-color:var(--awb-color6);--awb-text-font-family:var(--awb-typography2-font-family);--awb-text-font-weight:var(--awb-typography2-font-weight);--awb-text-font-style:var(--awb-typography2-font-style);\"><p>POL\u00cdTICA<\/p>\n<\/div><div class=\"fusion-title title fusion-title-1 fusion-no-small-visibility fusion-sep-none fusion-title-center fusion-title-rotating fusion-loop-off fusion-title-clipIn fusion-title-size-two\" style=\"--awb-text-color:var(--awb-color4);--awb-margin-top:-10px;--awb-margin-bottom:60px;--awb-font-size:39px;\"><h2 class=\"fusion-title-heading title-heading-center fusion-responsive-typography-calculated\" style=\"margin:0;font-size:1em;letter-spacing:-1px;--fontSize:39;line-height:1.13;\"><span class=\"fusion-animated-text-prefix\"><\/span> <span class=\"fusion-animated-texts-wrapper\" style=\"text-align: center;\" data-length=\"line\" data-minDisplayTime=\"1200\"><span class=\"fusion-animated-texts\"><span data-in-effect=\"clipIn\" class=\"fusion-animated-text\" data-in-sequence=\"true\" data-out-reverse=\"true\" data-out-effect=\"clipOut\">de Devoluci\u00f3<\/span><\/span><\/span> <span class=\"fusion-animated-text-postfix\"><\/span><\/h2><\/div><div class=\"fusion-title title fusion-title-2 fusion-no-medium-visibility fusion-no-large-visibility fusion-sep-none fusion-title-center fusion-title-text fusion-title-size-two\" style=\"--awb-text-color:var(--awb-color4);--awb-margin-top:-10px;--awb-margin-bottom:30px;--awb-font-size:39px;\"><h2 class=\"fusion-title-heading title-heading-center fusion-responsive-typography-calculated\" style=\"font-family:&quot;Poppins&quot;;font-style:normal;font-weight:800;margin:0;font-size:1em;letter-spacing:-1px;--fontSize:39;line-height:1.13;\">Pol\u00edtica de Devoluci\u00f3<\/h2><\/div><div class=\"fusion-text fusion-text-2 sm-text-align-center\" style=\"--awb-content-alignment:justify;--awb-font-size:18px;--awb-text-color:var(--awb-color3);\"><p>Anul\u00b7laci\u00f3 per part del client:<\/p>\n<p>\u00b7 Les anul\u00b7lacions que es produeixin fins a 72h abans d&#8217;inici del curs, es tornar\u00e0 el 100% de l&#8217;import del curs.<br \/>\n\u00b7 Anul\u00b7lacions a l&#8217;inici del curs: un cop iniciat el curs no hi haur\u00e0 dret a la devoluci\u00f3 de l&#8217;import de la matr\u00edcula ni del curs.<br \/>\n\u00b7 Abandona&#8217;ns durant el curs, no es far\u00e0 la devoluci\u00f3 de l&#8217;import del curs<br \/>\nFins a 24 hores abans de l&#8217;inici del curs, l&#8217;EGIBCN es reserva el dret de modificar les dates de la celebraci\u00f3 del curs o d&#8217;anul\u00b7lar-lo.<\/p>\n<h2>CANCEL\u00b7LACI\u00d3 DE CURSOS<\/h2>\n<p>Es tornar\u00e0 l&#8217;import \u00edntegre de la matr\u00edcula mitjan\u00e7ant transfer\u00e8ncia banc\u00e0ria en els casos seg\u00fcents:<br \/>\n\u2012 Cancel\u00b7laci\u00f3 dels cursos que no reuneixin un nombre m\u00ednim de participants.<br \/>\n\u2012 Cancel\u00b7laci\u00f3 per causes alienes a l&#8217;escola.<br \/>\nEn aquest cas, es procedir\u00e0, segons la decisi\u00f3 acordada amb el client, a la devoluci\u00f3 de l&#8217;import satisfet, oa la seva aplicaci\u00f3 a cursos futurs.<\/p>\n<\/div><\/div><\/div><\/div><\/div>\n","protected":false},"excerpt":{"rendered":"","protected":false},"author":1,"featured_media":0,"parent":0,"menu_order":0,"comment_status":"closed","ping_status":"closed","template":"100-width.php","meta":{"_acf_changed":false,"footnotes":""},"class_list":["post-5544","page","type-page","status-publish","hentry"],"acf":[],"yoast_head":"<!-- This site is optimized with the Yoast SEO plugin v27.3 - https:\/\/yoast.com\/product\/yoast-seo-wordpress\/ -->\n<title>Pol\u00edtica de devoluci\u00f3 | EGIBCN<\/title>\n<meta name=\"robots\" content=\"noindex, nofollow\" \/>\n<meta property=\"og:locale\" content=\"ca_ES\" \/>\n<meta property=\"og:type\" content=\"article\" \/>\n<meta property=\"og:title\" content=\"Pol\u00edtica de devoluci\u00f3 | EGIBCN\" \/>\n<meta property=\"og:url\" content=\"https:\/\/kind-swartz.5-175-42-214.plesk.page\/ca\/politica-de-devolucio\/\" \/>\n<meta property=\"og:site_name\" content=\"EGIBCN\" \/>\n<meta property=\"article:publisher\" content=\"https:\/\/www.facebook.com\/EGIBCN\" \/>\n<meta property=\"article:modified_time\" content=\"2024-02-02T07:37:26+00:00\" \/>\n<meta name=\"twitter:card\" content=\"summary_large_image\" \/>\n<meta name=\"twitter:site\" content=\"@EGIBCN\" \/>\n<script type=\"application\/ld+json\" class=\"yoast-schema-graph\">{\"@context\":\"https:\\\/\\\/schema.org\",\"@graph\":[{\"@type\":\"WebPage\",\"@id\":\"https:\\\/\\\/kind-swartz.5-175-42-214.plesk.page\\\/ca\\\/politica-de-devolucio\\\/\",\"url\":\"https:\\\/\\\/kind-swartz.5-175-42-214.plesk.page\\\/ca\\\/politica-de-devolucio\\\/\",\"name\":\"Pol\u00edtica de devoluci\u00f3 | EGIBCN\",\"isPartOf\":{\"@id\":\"https:\\\/\\\/kind-swartz.5-175-42-214.plesk.page\\\/ca\\\/#website\"},\"datePublished\":\"2023-01-21T19:07:16+00:00\",\"dateModified\":\"2024-02-02T07:37:26+00:00\",\"breadcrumb\":{\"@id\":\"https:\\\/\\\/kind-swartz.5-175-42-214.plesk.page\\\/ca\\\/politica-de-devolucio\\\/#breadcrumb\"},\"inLanguage\":\"ca\",\"potentialAction\":[{\"@type\":\"ReadAction\",\"target\":[\"https:\\\/\\\/kind-swartz.5-175-42-214.plesk.page\\\/ca\\\/politica-de-devolucio\\\/\"]}]},{\"@type\":\"BreadcrumbList\",\"@id\":\"https:\\\/\\\/kind-swartz.5-175-42-214.plesk.page\\\/ca\\\/politica-de-devolucio\\\/#breadcrumb\",\"itemListElement\":[{\"@type\":\"ListItem\",\"position\":1,\"name\":\"Portada\",\"item\":\"https:\\\/\\\/kind-swartz.5-175-42-214.plesk.page\\\/ca\\\/\"},{\"@type\":\"ListItem\",\"position\":2,\"name\":\"Pol\u00edtica de devoluci\u00f3\"}]},{\"@type\":\"WebSite\",\"@id\":\"https:\\\/\\\/kind-swartz.5-175-42-214.plesk.page\\\/ca\\\/#website\",\"url\":\"https:\\\/\\\/kind-swartz.5-175-42-214.plesk.page\\\/ca\\\/\",\"name\":\"EGIBCN\",\"description\":\"Escola Gremial d\u2019Electricitat i Fontaneria De Barcelona\",\"publisher\":{\"@id\":\"https:\\\/\\\/kind-swartz.5-175-42-214.plesk.page\\\/ca\\\/#organization\"},\"potentialAction\":[{\"@type\":\"SearchAction\",\"target\":{\"@type\":\"EntryPoint\",\"urlTemplate\":\"https:\\\/\\\/kind-swartz.5-175-42-214.plesk.page\\\/ca\\\/?s={search_term_string}\"},\"query-input\":{\"@type\":\"PropertyValueSpecification\",\"valueRequired\":true,\"valueName\":\"search_term_string\"}}],\"inLanguage\":\"ca\"},{\"@type\":\"Organization\",\"@id\":\"https:\\\/\\\/kind-swartz.5-175-42-214.plesk.page\\\/ca\\\/#organization\",\"name\":\"Escola Gremial d'Instal.ladors d'Electricitat i Fontaneria de Barcelona\",\"url\":\"https:\\\/\\\/kind-swartz.5-175-42-214.plesk.page\\\/ca\\\/\",\"logo\":{\"@type\":\"ImageObject\",\"inLanguage\":\"ca\",\"@id\":\"https:\\\/\\\/kind-swartz.5-175-42-214.plesk.page\\\/ca\\\/#\\\/schema\\\/logo\\\/image\\\/\",\"url\":\"https:\\\/\\\/kind-swartz.5-175-42-214.plesk.page\\\/wp-content\\\/uploads\\\/2022\\\/11\\\/logo-1.jpg\",\"contentUrl\":\"https:\\\/\\\/kind-swartz.5-175-42-214.plesk.page\\\/wp-content\\\/uploads\\\/2022\\\/11\\\/logo-1.jpg\",\"width\":201,\"height\":78,\"caption\":\"Escola Gremial d'Instal.ladors d'Electricitat i Fontaneria de Barcelona\"},\"image\":{\"@id\":\"https:\\\/\\\/kind-swartz.5-175-42-214.plesk.page\\\/ca\\\/#\\\/schema\\\/logo\\\/image\\\/\"},\"sameAs\":[\"https:\\\/\\\/www.facebook.com\\\/EGIBCN\",\"https:\\\/\\\/x.com\\\/EGIBCN\",\"https:\\\/\\\/www.youtube.com\\\/channel\\\/UC2zCKuwrvM4wGk97Hpmb5LA\",\"https:\\\/\\\/www.instagram.com\\\/escolagremial\\\/\"]}]}<\/script>\n<!-- \/ Yoast SEO plugin. -->","yoast_head_json":{"title":"Pol\u00edtica de devoluci\u00f3 | EGIBCN","robots":{"index":"noindex","follow":"nofollow"},"og_locale":"ca_ES","og_type":"article","og_title":"Pol\u00edtica de devoluci\u00f3 | EGIBCN","og_url":"https:\/\/kind-swartz.5-175-42-214.plesk.page\/ca\/politica-de-devolucio\/","og_site_name":"EGIBCN","article_publisher":"https:\/\/www.facebook.com\/EGIBCN","article_modified_time":"2024-02-02T07:37:26+00:00","twitter_card":"summary_large_image","twitter_site":"@EGIBCN","schema":{"@context":"https:\/\/schema.org","@graph":[{"@type":"WebPage","@id":"https:\/\/kind-swartz.5-175-42-214.plesk.page\/ca\/politica-de-devolucio\/","url":"https:\/\/kind-swartz.5-175-42-214.plesk.page\/ca\/politica-de-devolucio\/","name":"Pol\u00edtica de devoluci\u00f3 | EGIBCN","isPartOf":{"@id":"https:\/\/kind-swartz.5-175-42-214.plesk.page\/ca\/#website"},"datePublished":"2023-01-21T19:07:16+00:00","dateModified":"2024-02-02T07:37:26+00:00","breadcrumb":{"@id":"https:\/\/kind-swartz.5-175-42-214.plesk.page\/ca\/politica-de-devolucio\/#breadcrumb"},"inLanguage":"ca","potentialAction":[{"@type":"ReadAction","target":["https:\/\/kind-swartz.5-175-42-214.plesk.page\/ca\/politica-de-devolucio\/"]}]},{"@type":"BreadcrumbList","@id":"https:\/\/kind-swartz.5-175-42-214.plesk.page\/ca\/politica-de-devolucio\/#breadcrumb","itemListElement":[{"@type":"ListItem","position":1,"name":"Portada","item":"https:\/\/kind-swartz.5-175-42-214.plesk.page\/ca\/"},{"@type":"ListItem","position":2,"name":"Pol\u00edtica de devoluci\u00f3"}]},{"@type":"WebSite","@id":"https:\/\/kind-swartz.5-175-42-214.plesk.page\/ca\/#website","url":"https:\/\/kind-swartz.5-175-42-214.plesk.page\/ca\/","name":"EGIBCN","description":"Escola Gremial d\u2019Electricitat i Fontaneria De Barcelona","publisher":{"@id":"https:\/\/kind-swartz.5-175-42-214.plesk.page\/ca\/#organization"},"potentialAction":[{"@type":"SearchAction","target":{"@type":"EntryPoint","urlTemplate":"https:\/\/kind-swartz.5-175-42-214.plesk.page\/ca\/?s={search_term_string}"},"query-input":{"@type":"PropertyValueSpecification","valueRequired":true,"valueName":"search_term_string"}}],"inLanguage":"ca"},{"@type":"Organization","@id":"https:\/\/kind-swartz.5-175-42-214.plesk.page\/ca\/#organization","name":"Escola Gremial d'Instal.ladors d'Electricitat i Fontaneria de Barcelona","url":"https:\/\/kind-swartz.5-175-42-214.plesk.page\/ca\/","logo":{"@type":"ImageObject","inLanguage":"ca","@id":"https:\/\/kind-swartz.5-175-42-214.plesk.page\/ca\/#\/schema\/logo\/image\/","url":"https:\/\/kind-swartz.5-175-42-214.plesk.page\/wp-content\/uploads\/2022\/11\/logo-1.jpg","contentUrl":"https:\/\/kind-swartz.5-175-42-214.plesk.page\/wp-content\/uploads\/2022\/11\/logo-1.jpg","width":201,"height":78,"caption":"Escola Gremial d'Instal.ladors d'Electricitat i Fontaneria de Barcelona"},"image":{"@id":"https:\/\/kind-swartz.5-175-42-214.plesk.page\/ca\/#\/schema\/logo\/image\/"},"sameAs":["https:\/\/www.facebook.com\/EGIBCN","https:\/\/x.com\/EGIBCN","https:\/\/www.youtube.com\/channel\/UC2zCKuwrvM4wGk97Hpmb5LA","https:\/\/www.instagram.com\/escolagremial\/"]}]}},"_links":{"self":[{"href":"https:\/\/kind-swartz.5-175-42-214.plesk.page\/ca\/wp-json\/wp\/v2\/pages\/5544","targetHints":{"allow":["GET"]}}],"collection":[{"href":"https:\/\/kind-swartz.5-175-42-214.plesk.page\/ca\/wp-json\/wp\/v2\/pages"}],"about":[{"href":"https:\/\/kind-swartz.5-175-42-214.plesk.page\/ca\/wp-json\/wp\/v2\/types\/page"}],"author":[{"embeddable":true,"href":"https:\/\/kind-swartz.5-175-42-214.plesk.page\/ca\/wp-json\/wp\/v2\/users\/1"}],"replies":[{"embeddable":true,"href":"https:\/\/kind-swartz.5-175-42-214.plesk.page\/ca\/wp-json\/wp\/v2\/comments?post=5544"}],"version-history":[{"count":0,"href":"https:\/\/kind-swartz.5-175-42-214.plesk.page\/ca\/wp-json\/wp\/v2\/pages\/5544\/revisions"}],"wp:attachment":[{"href":"https:\/\/kind-swartz.5-175-42-214.plesk.page\/ca\/wp-json\/wp\/v2\/media?parent=5544"}],"curies":[{"name":"wp","href":"https:\/\/api.w.org\/{rel}","templated":true}]}}