{"id":5674,"date":"2022-12-26T09:54:27","date_gmt":"2022-12-26T08:54:27","guid":{"rendered":"https:\/\/kind-swartz.5-175-42-214.plesk.page\/certificats-de-professionalitat-a-barcelona\/certificat-professional-energia-i-aigua\/enas0110-muntatge-posada-en-servei-manteniment-inspeccio-i-revisio-dinstallacions-receptores-i-aparells-de-gas\/"},"modified":"2024-02-02T08:40:07","modified_gmt":"2024-02-02T07:40:07","slug":"enas0110-muntatge-posada-en-servei-manteniment-inspeccio-i-revisio-dinstallacions-receptores-i-aparells-de-gas","status":"publish","type":"page","link":"https:\/\/kind-swartz.5-175-42-214.plesk.page\/ca\/certificats-de-professionalitat-a-barcelona\/certificat-professional-energia-i-aigua\/enas0110-muntatge-posada-en-servei-manteniment-inspeccio-i-revisio-dinstallacions-receptores-i-aparells-de-gas\/","title":{"rendered":"ENAS0110 Muntatge, posada en servei, manteniment, inspecci\u00f3 i revisi\u00f3 d&#8217;instal\u00b7lacions receptores i aparells de gas."},"content":{"rendered":"<p><div class=\"fusion-fullwidth fullwidth-box fusion-builder-row-1 fusion-flex-container has-pattern-background has-mask-background nonhundred-percent-fullwidth non-hundred-percent-height-scrolling\" style=\"--awb-border-radius-top-left:0px;--awb-border-radius-top-right:0px;--awb-border-radius-bottom-right:0px;--awb-border-radius-bottom-left:0px;--awb-padding-top:0px;--awb-margin-top:0px;--awb-flex-wrap:wrap;\" ><div class=\"fusion-builder-row fusion-row fusion-flex-align-items-flex-start fusion-flex-content-wrap\" style=\"max-width:1248px;margin-left: calc(-4% \/ 2 );margin-right: calc(-4% \/ 2 );\"><div class=\"fusion-layout-column fusion_builder_column fusion-builder-column-0 fusion_builder_column_1_1 1_1 fusion-flex-column\" style=\"--awb-padding-right:15px;--awb-padding-bottom:15px;--awb-padding-left:15px;--awb-bg-size:cover;--awb-width-large:100%;--awb-margin-top-large:0px;--awb-spacing-right-large:1.92%;--awb-margin-bottom-large:20px;--awb-spacing-left-large:1.92%;--awb-width-medium:100%;--awb-order-medium:0;--awb-spacing-right-medium:1.92%;--awb-spacing-left-medium:1.92%;--awb-width-small:100%;--awb-order-small:0;--awb-spacing-right-small:1.92%;--awb-spacing-left-small:1.92%;\"><div class=\"fusion-column-wrapper fusion-column-has-shadow fusion-flex-justify-content-flex-start fusion-content-layout-column\"><div class=\"fusion-text fusion-text-1\" style=\"--awb-content-alignment:center;--awb-font-size:26px;--awb-line-height:1.1;--awb-letter-spacing:0px;--awb-text-color:var(--awb-color6);--awb-text-font-family:&quot;Poppins&quot;;--awb-text-font-style:normal;--awb-text-font-weight:700;\"><p>Certificat Professional<\/p>\n<\/div><div class=\"fusion-title title fusion-title-1 fusion-sep-none fusion-title-center fusion-title-text fusion-title-size-one\" style=\"--awb-text-color:var(--awb-color4);--awb-font-size:30px;\"><h1 class=\"fusion-title-heading title-heading-center fusion-responsive-typography-calculated\" style=\"margin:0;font-size:1em;letter-spacing:-1px;--fontSize:30;line-height:var(--awb-typography1-line-height);\">ENAS0110 Muntatge, posada en servei, manteniment, inspecci\u00f3 i revisi\u00f3 d&#8217;instal\u00b7lacions receptores i aparells de gas.<\/h1><\/div><div class=\"fusion-text fusion-text-2\" style=\"--awb-content-alignment:center;--awb-font-size:18px;--awb-text-color:var(--awb-color3);\"><p>Energia i Aigua<\/p>\n<\/div><\/div><\/div><\/div><\/div><div class=\"fusion-fullwidth fullwidth-box fusion-builder-row-2 fusion-flex-container has-pattern-background has-mask-background nonhundred-percent-fullwidth non-hundred-percent-height-scrolling\" style=\"--awb-border-color:var(--awb-color1);--awb-border-radius-top-left:6px;--awb-border-radius-top-right:6px;--awb-border-radius-bottom-right:6px;--awb-border-radius-bottom-left:6px;--awb-overflow:hidden;--awb-padding-top:20px;--awb-padding-right:20px;--awb-padding-bottom:20px;--awb-padding-left:20px;--awb-margin-top:0px;--awb-flex-wrap:wrap;\" ><div class=\"fusion-builder-row fusion-row fusion-flex-align-items-flex-start fusion-flex-content-wrap\" style=\"max-width:1248px;margin-left: calc(-4% \/ 2 );margin-right: calc(-4% \/ 2 );\"><div class=\"fusion-layout-column fusion_builder_column fusion-builder-column-1 fusion_builder_column_1_1 1_1 fusion-flex-column\" style=\"--awb-padding-right:20px;--awb-padding-bottom:20px;--awb-padding-left:20px;--awb-overflow:hidden;--awb-bg-size:cover;--awb-border-color:var(--awb-color5);--awb-border-top:4px;--awb-border-right:4px;--awb-border-bottom:4px;--awb-border-left:4px;--awb-border-style:solid;--awb-border-radius:6px 6px 6px 6px;--awb-width-large:100%;--awb-margin-top-large:0px;--awb-spacing-right-large:1.92%;--awb-margin-bottom-large:0px;--awb-spacing-left-large:1.92%;--awb-width-medium:100%;--awb-order-medium:0;--awb-spacing-right-medium:1.92%;--awb-spacing-left-medium:1.92%;--awb-width-small:100%;--awb-order-small:0;--awb-spacing-right-small:1.92%;--awb-spacing-left-small:1.92%;\"><div class=\"fusion-column-wrapper fusion-column-has-shadow fusion-flex-justify-content-flex-start fusion-content-layout-column\"><div class=\"fusion-text fusion-text-3 sm-text-align-center\" style=\"--awb-content-alignment:left;--awb-font-size:17px;\"><h2>Compet\u00e8ncia general<\/h2>\n<p>Realitzar el muntatge, modificaci\u00f3, ampliaci\u00f3, adequaci\u00f3, inspecci\u00f3, posada en servei, manteniment, reparaci\u00f3 i revisi\u00f3 d&#8217;instal\u00b7lacions receptores i aparells de gas, d&#8217;acord amb all\u00f2 establert a la legislaci\u00f3 vigent, amb la qualitat prevista i en condicions de seguretat per a les persones, instal\u00b7lacions i medi ambient.<\/p>\n<h2>Relaci\u00f3 d&#8217;unitats de compet\u00e8ncia que configuren el certificat de professionalitat:<\/h2>\n<p>UC1522_2: Realitzar instal\u00b7lacions receptores comunes i individuals de gas.<br \/>\nUC1523_2: Realitzar la posada en servei, inspecci\u00f3 i revisi\u00f3 peri\u00f2dica d&#8217;instal\u00b7lacions receptores de gas.<br \/>\nUC1524_2: Realitzar la posada en marxa i adequaci\u00f3 d&#8217;aparells de gas.<br \/>\nUC1525_2: Mantenir i reparar instal\u00b7lacions receptores i aparells de gas.<br \/>\nUC1526_2: Prevenir riscos en instal\u00b7lacions receptores i aparells de gas.<\/p>\n<\/div><div class=\"fusion-image-element \" style=\"text-align:center;--awb-caption-title-font-family:var(--h2_typography-font-family);--awb-caption-title-font-weight:var(--h2_typography-font-weight);--awb-caption-title-font-style:var(--h2_typography-font-style);--awb-caption-title-size:var(--h2_typography-font-size);--awb-caption-title-transform:var(--h2_typography-text-transform);--awb-caption-title-line-height:var(--h2_typography-line-height);--awb-caption-title-letter-spacing:var(--h2_typography-letter-spacing);\"><span class=\" fusion-imageframe imageframe-none imageframe-1 hover-type-none\"><img decoding=\"async\" width=\"600\" height=\"400\" title=\"ENAS0110 inspecci\u00f3n de instalaciones receptoras de aparatos de gas\" src=\"https:\/\/kind-swartz.5-175-42-214.plesk.page\/wp-content\/uploads\/2022\/12\/0fd33184e279c08ac3e030823.jpg\" alt class=\"img-responsive wp-image-5267\"\/><\/span><\/div><div class=\"fusion-text fusion-text-4 sm-text-align-center\" style=\"--awb-content-alignment:left;--awb-font-size:17px;--awb-margin-top:20px;\"><h2>Entorn Professional:<\/h2>\n<h3>\u00c0mbit professional:<\/h3>\n<p>Desenvolupa la seva activitat professional per compte propi o ali\u00e8, en empreses de qualsevol mida, fonamentalment privades, dedicades al subministrament i distribuci\u00f3 de gas, aix\u00ed com al muntatge, explotaci\u00f3 i manteniment d&#8217;instal\u00b7lacions i aparells de gas, depenent funcionalment, si escau, de un superior i poden tenir al seu c\u00e0rrec personal de nivell inferior. La seva activitat professional est\u00e0 sotmesa a regulaci\u00f3 per l&#8217;Administraci\u00f3 competent, i la qualificaci\u00f3 respon als requisits establerts a la legislaci\u00f3 vigent per a l&#8217;obtenci\u00f3 del carnet professional d&#8217;instal\u00b7lador de gas de categoria B.<br \/>\nSectors productius:<br \/>\nS&#8217;ubica al sector energ\u00e8tic, subsector de subministrament d&#8217;energia el\u00e8ctrica, gas, vapor i aire condicionat, a les activitats econ\u00f2miques de producci\u00f3 de gas i distribuci\u00f3 de combustibles gasosos, i fontaneria, instal\u00b7lacions de sistemes de calefacci\u00f3 i aire condicionat.<\/p>\n<h2>Ocupacions o llocs de treball relacionats:<\/h2>\n<p>-Instal\u00b7lador de gas.<br \/>\n-Inspector d&#8217;instal\u00b7lacions receptores de gas.<br \/>\n-Agent de posada en marxa i adequaci\u00f3 daparells de gas.<br \/>\n-T\u00e8cnic de manteniment d&#8217;instal\u00b7lacions i aparells de gas.<\/p>\n<p>Durada de la formaci\u00f3 associada: 540 hores<\/p>\n<h2>Relaci\u00f3 de m\u00f2duls formatius i unitats formatives:<\/h2>\n<p>MF1522_2: Muntatge d&#8217;instal\u00b7lacions receptores de gas (170 hores)<br \/>\n-UF1647: Documentaci\u00f3 i legislaci\u00f3 aplicable a les instal\u00b7lacions de gas (30 hores)<br \/>\n-UF1648: Replanteig d&#8217;instal\u00b7lacions receptores de gas (60 hores)<br \/>\n-UF1649: Muntatge d&#8217;instal\u00b7lacions receptores comunes i individuals de gas (80 hores)<br \/>\nMF1523_2: Posada en servei, inspecci\u00f3 i revisi\u00f3 d&#8217;instal\u00b7lacions receptores de gas. (80 hores)<br \/>\nMF1524_2: Posada en marxa i adequaci\u00f3 d&#8217;aparells de gas (80 hores)<br \/>\nMF1525_2: Manteniment i reparaci\u00f3 d&#8217;instal\u00b7lacions receptores i aparells de gas (80 hores)<br \/>\nMF1526_2: Seguretat en instal\u00b7lacions receptores i aparells de gas (50 hores)<br \/>\nMP0354: M\u00f2dul de pr\u00e0ctiques professionals no laborals de Muntatge, posada en servei, manteniment, inspecci\u00f3 i revisi\u00f3 d&#8217;instal\u00b7lacions receptores i aparells de gas (80 hores)<\/p>\n<\/div><div class=\"fusion-image-element \" style=\"text-align:center;--awb-caption-title-font-family:var(--h2_typography-font-family);--awb-caption-title-font-weight:var(--h2_typography-font-weight);--awb-caption-title-font-style:var(--h2_typography-font-style);--awb-caption-title-size:var(--h2_typography-font-size);--awb-caption-title-transform:var(--h2_typography-text-transform);--awb-caption-title-line-height:var(--h2_typography-line-height);--awb-caption-title-letter-spacing:var(--h2_typography-letter-spacing);\"><span class=\" fusion-imageframe imageframe-none imageframe-2 hover-type-none\"><img decoding=\"async\" width=\"1500\" height=\"431\" title=\"horario curso ENAS0110\" src=\"https:\/\/kind-swartz.5-175-42-214.plesk.page\/wp-content\/uploads\/2022\/12\/8ee39013f3a334accd8dd26ea.jpg\" alt class=\"img-responsive wp-image-5268\" srcset=\"https:\/\/kind-swartz.5-175-42-214.plesk.page\/wp-content\/uploads\/2022\/12\/8ee39013f3a334accd8dd26ea-200x57.jpg 200w, https:\/\/kind-swartz.5-175-42-214.plesk.page\/wp-content\/uploads\/2022\/12\/8ee39013f3a334accd8dd26ea-400x115.jpg 400w, https:\/\/kind-swartz.5-175-42-214.plesk.page\/wp-content\/uploads\/2022\/12\/8ee39013f3a334accd8dd26ea-600x172.jpg 600w, https:\/\/kind-swartz.5-175-42-214.plesk.page\/wp-content\/uploads\/2022\/12\/8ee39013f3a334accd8dd26ea-800x230.jpg 800w, https:\/\/kind-swartz.5-175-42-214.plesk.page\/wp-content\/uploads\/2022\/12\/8ee39013f3a334accd8dd26ea-1200x345.jpg 1200w, https:\/\/kind-swartz.5-175-42-214.plesk.page\/wp-content\/uploads\/2022\/12\/8ee39013f3a334accd8dd26ea.jpg 1500w\" sizes=\"(max-width: 640px) 100vw, 1200px\" \/><\/span><\/div><div class=\"fusion-separator fusion-full-width-sep\" style=\"align-self: center;margin-left: auto;margin-right: auto;margin-top:10px;width:100%;\"><\/div><div style=\"text-align:center;\"><a class=\"fusion-button button-flat fusion-button-default-size button-default fusion-button-default button-1 fusion-button-default-span fusion-button-default-type\" target=\"_self\" href=\"https:\/\/kind-swartz.5-175-42-214.plesk.page\/curso-cp_enas0110-montaje-puesta-en-servicio-mantenimiento-inspeccion-y-revision-de-instalaciones-receptoras-y-aparatos-de-gas\/\"><span class=\"fusion-button-text\">Veure programa i preinscripci\u00f3<\/span><\/a><\/div><\/div><\/div><\/div><\/div><\/p>\n","protected":false},"excerpt":{"rendered":"","protected":false},"author":1,"featured_media":0,"parent":5508,"menu_order":0,"comment_status":"closed","ping_status":"closed","template":"100-width.php","meta":{"_acf_changed":false,"footnotes":""},"class_list":["post-5674","page","type-page","status-publish","hentry"],"acf":[],"yoast_head":"<!-- This site is optimized with the Yoast SEO plugin v27.3 - https:\/\/yoast.com\/product\/yoast-seo-wordpress\/ -->\n<title>ENAS0110 Muntatge, posada en servei, manteniment, inspecci\u00f3 i revisi\u00f3 d&#039;instal\u00b7lacions receptores i aparells de gas. | EGIBCN<\/title>\n<meta name=\"robots\" content=\"noindex, follow, max-snippet:-1, max-image-preview:large, max-video-preview:-1\" \/>\n<meta property=\"og:locale\" content=\"ca_ES\" \/>\n<meta property=\"og:type\" content=\"article\" \/>\n<meta property=\"og:title\" content=\"ENAS0110 Muntatge, posada en servei, manteniment, inspecci\u00f3 i revisi\u00f3 d&#039;instal\u00b7lacions receptores i aparells de gas. | EGIBCN\" \/>\n<meta property=\"og:url\" content=\"https:\/\/kind-swartz.5-175-42-214.plesk.page\/ca\/certificats-de-professionalitat-a-barcelona\/certificat-professional-energia-i-aigua\/enas0110-muntatge-posada-en-servei-manteniment-inspeccio-i-revisio-dinstallacions-receptores-i-aparells-de-gas\/\" \/>\n<meta property=\"og:site_name\" content=\"EGIBCN\" \/>\n<meta property=\"article:publisher\" content=\"https:\/\/www.facebook.com\/EGIBCN\" \/>\n<meta property=\"article:modified_time\" content=\"2024-02-02T07:40:07+00:00\" \/>\n<meta name=\"twitter:card\" content=\"summary_large_image\" \/>\n<meta name=\"twitter:site\" content=\"@EGIBCN\" \/>\n<script type=\"application\/ld+json\" class=\"yoast-schema-graph\">{\"@context\":\"https:\\\/\\\/schema.org\",\"@graph\":[{\"@type\":\"WebPage\",\"@id\":\"https:\\\/\\\/kind-swartz.5-175-42-214.plesk.page\\\/ca\\\/certificats-de-professionalitat-a-barcelona\\\/certificat-professional-energia-i-aigua\\\/enas0110-muntatge-posada-en-servei-manteniment-inspeccio-i-revisio-dinstallacions-receptores-i-aparells-de-gas\\\/\",\"url\":\"https:\\\/\\\/kind-swartz.5-175-42-214.plesk.page\\\/ca\\\/certificats-de-professionalitat-a-barcelona\\\/certificat-professional-energia-i-aigua\\\/enas0110-muntatge-posada-en-servei-manteniment-inspeccio-i-revisio-dinstallacions-receptores-i-aparells-de-gas\\\/\",\"name\":\"ENAS0110 Muntatge, posada en servei, manteniment, inspecci\u00f3 i revisi\u00f3 d'instal\u00b7lacions receptores i aparells de gas. | EGIBCN\",\"isPartOf\":{\"@id\":\"https:\\\/\\\/kind-swartz.5-175-42-214.plesk.page\\\/ca\\\/#website\"},\"datePublished\":\"2022-12-26T08:54:27+00:00\",\"dateModified\":\"2024-02-02T07:40:07+00:00\",\"breadcrumb\":{\"@id\":\"https:\\\/\\\/kind-swartz.5-175-42-214.plesk.page\\\/ca\\\/certificats-de-professionalitat-a-barcelona\\\/certificat-professional-energia-i-aigua\\\/enas0110-muntatge-posada-en-servei-manteniment-inspeccio-i-revisio-dinstallacions-receptores-i-aparells-de-gas\\\/#breadcrumb\"},\"inLanguage\":\"ca\",\"potentialAction\":[{\"@type\":\"ReadAction\",\"target\":[\"https:\\\/\\\/kind-swartz.5-175-42-214.plesk.page\\\/ca\\\/certificats-de-professionalitat-a-barcelona\\\/certificat-professional-energia-i-aigua\\\/enas0110-muntatge-posada-en-servei-manteniment-inspeccio-i-revisio-dinstallacions-receptores-i-aparells-de-gas\\\/\"]}]},{\"@type\":\"BreadcrumbList\",\"@id\":\"https:\\\/\\\/kind-swartz.5-175-42-214.plesk.page\\\/ca\\\/certificats-de-professionalitat-a-barcelona\\\/certificat-professional-energia-i-aigua\\\/enas0110-muntatge-posada-en-servei-manteniment-inspeccio-i-revisio-dinstallacions-receptores-i-aparells-de-gas\\\/#breadcrumb\",\"itemListElement\":[{\"@type\":\"ListItem\",\"position\":1,\"name\":\"Portada\",\"item\":\"https:\\\/\\\/kind-swartz.5-175-42-214.plesk.page\\\/ca\\\/\"},{\"@type\":\"ListItem\",\"position\":2,\"name\":\"Certificats de Professionalitat a Barcelona\",\"item\":\"https:\\\/\\\/kind-swartz.5-175-42-214.plesk.page\\\/ca\\\/certificats-de-professionalitat-a-barcelona\\\/\"},{\"@type\":\"ListItem\",\"position\":3,\"name\":\"Certificat Professional Energia i Aigua\",\"item\":\"https:\\\/\\\/kind-swartz.5-175-42-214.plesk.page\\\/ca\\\/certificats-de-professionalitat-a-barcelona\\\/certificat-professional-energia-i-aigua\\\/\"},{\"@type\":\"ListItem\",\"position\":4,\"name\":\"ENAS0110 Muntatge, posada en servei, manteniment, inspecci\u00f3 i revisi\u00f3 d&#8217;instal\u00b7lacions receptores i aparells de gas.\"}]},{\"@type\":\"WebSite\",\"@id\":\"https:\\\/\\\/kind-swartz.5-175-42-214.plesk.page\\\/ca\\\/#website\",\"url\":\"https:\\\/\\\/kind-swartz.5-175-42-214.plesk.page\\\/ca\\\/\",\"name\":\"EGIBCN\",\"description\":\"Escola Gremial d\u2019Electricitat i Fontaneria De Barcelona\",\"publisher\":{\"@id\":\"https:\\\/\\\/kind-swartz.5-175-42-214.plesk.page\\\/ca\\\/#organization\"},\"potentialAction\":[{\"@type\":\"SearchAction\",\"target\":{\"@type\":\"EntryPoint\",\"urlTemplate\":\"https:\\\/\\\/kind-swartz.5-175-42-214.plesk.page\\\/ca\\\/?s={search_term_string}\"},\"query-input\":{\"@type\":\"PropertyValueSpecification\",\"valueRequired\":true,\"valueName\":\"search_term_string\"}}],\"inLanguage\":\"ca\"},{\"@type\":\"Organization\",\"@id\":\"https:\\\/\\\/kind-swartz.5-175-42-214.plesk.page\\\/ca\\\/#organization\",\"name\":\"Escola Gremial d'Instal.ladors d'Electricitat i Fontaneria de Barcelona\",\"url\":\"https:\\\/\\\/kind-swartz.5-175-42-214.plesk.page\\\/ca\\\/\",\"logo\":{\"@type\":\"ImageObject\",\"inLanguage\":\"ca\",\"@id\":\"https:\\\/\\\/kind-swartz.5-175-42-214.plesk.page\\\/ca\\\/#\\\/schema\\\/logo\\\/image\\\/\",\"url\":\"https:\\\/\\\/kind-swartz.5-175-42-214.plesk.page\\\/wp-content\\\/uploads\\\/2022\\\/11\\\/logo-1.jpg\",\"contentUrl\":\"https:\\\/\\\/kind-swartz.5-175-42-214.plesk.page\\\/wp-content\\\/uploads\\\/2022\\\/11\\\/logo-1.jpg\",\"width\":201,\"height\":78,\"caption\":\"Escola Gremial d'Instal.ladors d'Electricitat i Fontaneria de Barcelona\"},\"image\":{\"@id\":\"https:\\\/\\\/kind-swartz.5-175-42-214.plesk.page\\\/ca\\\/#\\\/schema\\\/logo\\\/image\\\/\"},\"sameAs\":[\"https:\\\/\\\/www.facebook.com\\\/EGIBCN\",\"https:\\\/\\\/x.com\\\/EGIBCN\",\"https:\\\/\\\/www.youtube.com\\\/channel\\\/UC2zCKuwrvM4wGk97Hpmb5LA\",\"https:\\\/\\\/www.instagram.com\\\/escolagremial\\\/\"]}]}<\/script>\n<!-- \/ Yoast SEO plugin. -->","yoast_head_json":{"title":"ENAS0110 Muntatge, posada en servei, manteniment, inspecci\u00f3 i revisi\u00f3 d'instal\u00b7lacions receptores i aparells de gas. | EGIBCN","robots":{"index":"noindex","follow":"follow","max-snippet":"max-snippet:-1","max-image-preview":"max-image-preview:large","max-video-preview":"max-video-preview:-1"},"og_locale":"ca_ES","og_type":"article","og_title":"ENAS0110 Muntatge, posada en servei, manteniment, inspecci\u00f3 i revisi\u00f3 d'instal\u00b7lacions receptores i aparells de gas. | EGIBCN","og_url":"https:\/\/kind-swartz.5-175-42-214.plesk.page\/ca\/certificats-de-professionalitat-a-barcelona\/certificat-professional-energia-i-aigua\/enas0110-muntatge-posada-en-servei-manteniment-inspeccio-i-revisio-dinstallacions-receptores-i-aparells-de-gas\/","og_site_name":"EGIBCN","article_publisher":"https:\/\/www.facebook.com\/EGIBCN","article_modified_time":"2024-02-02T07:40:07+00:00","twitter_card":"summary_large_image","twitter_site":"@EGIBCN","schema":{"@context":"https:\/\/schema.org","@graph":[{"@type":"WebPage","@id":"https:\/\/kind-swartz.5-175-42-214.plesk.page\/ca\/certificats-de-professionalitat-a-barcelona\/certificat-professional-energia-i-aigua\/enas0110-muntatge-posada-en-servei-manteniment-inspeccio-i-revisio-dinstallacions-receptores-i-aparells-de-gas\/","url":"https:\/\/kind-swartz.5-175-42-214.plesk.page\/ca\/certificats-de-professionalitat-a-barcelona\/certificat-professional-energia-i-aigua\/enas0110-muntatge-posada-en-servei-manteniment-inspeccio-i-revisio-dinstallacions-receptores-i-aparells-de-gas\/","name":"ENAS0110 Muntatge, posada en servei, manteniment, inspecci\u00f3 i revisi\u00f3 d'instal\u00b7lacions receptores i aparells de gas. | EGIBCN","isPartOf":{"@id":"https:\/\/kind-swartz.5-175-42-214.plesk.page\/ca\/#website"},"datePublished":"2022-12-26T08:54:27+00:00","dateModified":"2024-02-02T07:40:07+00:00","breadcrumb":{"@id":"https:\/\/kind-swartz.5-175-42-214.plesk.page\/ca\/certificats-de-professionalitat-a-barcelona\/certificat-professional-energia-i-aigua\/enas0110-muntatge-posada-en-servei-manteniment-inspeccio-i-revisio-dinstallacions-receptores-i-aparells-de-gas\/#breadcrumb"},"inLanguage":"ca","potentialAction":[{"@type":"ReadAction","target":["https:\/\/kind-swartz.5-175-42-214.plesk.page\/ca\/certificats-de-professionalitat-a-barcelona\/certificat-professional-energia-i-aigua\/enas0110-muntatge-posada-en-servei-manteniment-inspeccio-i-revisio-dinstallacions-receptores-i-aparells-de-gas\/"]}]},{"@type":"BreadcrumbList","@id":"https:\/\/kind-swartz.5-175-42-214.plesk.page\/ca\/certificats-de-professionalitat-a-barcelona\/certificat-professional-energia-i-aigua\/enas0110-muntatge-posada-en-servei-manteniment-inspeccio-i-revisio-dinstallacions-receptores-i-aparells-de-gas\/#breadcrumb","itemListElement":[{"@type":"ListItem","position":1,"name":"Portada","item":"https:\/\/kind-swartz.5-175-42-214.plesk.page\/ca\/"},{"@type":"ListItem","position":2,"name":"Certificats de Professionalitat a Barcelona","item":"https:\/\/kind-swartz.5-175-42-214.plesk.page\/ca\/certificats-de-professionalitat-a-barcelona\/"},{"@type":"ListItem","position":3,"name":"Certificat Professional Energia i Aigua","item":"https:\/\/kind-swartz.5-175-42-214.plesk.page\/ca\/certificats-de-professionalitat-a-barcelona\/certificat-professional-energia-i-aigua\/"},{"@type":"ListItem","position":4,"name":"ENAS0110 Muntatge, posada en servei, manteniment, inspecci\u00f3 i revisi\u00f3 d&#8217;instal\u00b7lacions receptores i aparells de gas."}]},{"@type":"WebSite","@id":"https:\/\/kind-swartz.5-175-42-214.plesk.page\/ca\/#website","url":"https:\/\/kind-swartz.5-175-42-214.plesk.page\/ca\/","name":"EGIBCN","description":"Escola Gremial d\u2019Electricitat i Fontaneria De Barcelona","publisher":{"@id":"https:\/\/kind-swartz.5-175-42-214.plesk.page\/ca\/#organization"},"potentialAction":[{"@type":"SearchAction","target":{"@type":"EntryPoint","urlTemplate":"https:\/\/kind-swartz.5-175-42-214.plesk.page\/ca\/?s={search_term_string}"},"query-input":{"@type":"PropertyValueSpecification","valueRequired":true,"valueName":"search_term_string"}}],"inLanguage":"ca"},{"@type":"Organization","@id":"https:\/\/kind-swartz.5-175-42-214.plesk.page\/ca\/#organization","name":"Escola Gremial d'Instal.ladors d'Electricitat i Fontaneria de Barcelona","url":"https:\/\/kind-swartz.5-175-42-214.plesk.page\/ca\/","logo":{"@type":"ImageObject","inLanguage":"ca","@id":"https:\/\/kind-swartz.5-175-42-214.plesk.page\/ca\/#\/schema\/logo\/image\/","url":"https:\/\/kind-swartz.5-175-42-214.plesk.page\/wp-content\/uploads\/2022\/11\/logo-1.jpg","contentUrl":"https:\/\/kind-swartz.5-175-42-214.plesk.page\/wp-content\/uploads\/2022\/11\/logo-1.jpg","width":201,"height":78,"caption":"Escola Gremial d'Instal.ladors d'Electricitat i Fontaneria de Barcelona"},"image":{"@id":"https:\/\/kind-swartz.5-175-42-214.plesk.page\/ca\/#\/schema\/logo\/image\/"},"sameAs":["https:\/\/www.facebook.com\/EGIBCN","https:\/\/x.com\/EGIBCN","https:\/\/www.youtube.com\/channel\/UC2zCKuwrvM4wGk97Hpmb5LA","https:\/\/www.instagram.com\/escolagremial\/"]}]}},"_links":{"self":[{"href":"https:\/\/kind-swartz.5-175-42-214.plesk.page\/ca\/wp-json\/wp\/v2\/pages\/5674","targetHints":{"allow":["GET"]}}],"collection":[{"href":"https:\/\/kind-swartz.5-175-42-214.plesk.page\/ca\/wp-json\/wp\/v2\/pages"}],"about":[{"href":"https:\/\/kind-swartz.5-175-42-214.plesk.page\/ca\/wp-json\/wp\/v2\/types\/page"}],"author":[{"embeddable":true,"href":"https:\/\/kind-swartz.5-175-42-214.plesk.page\/ca\/wp-json\/wp\/v2\/users\/1"}],"replies":[{"embeddable":true,"href":"https:\/\/kind-swartz.5-175-42-214.plesk.page\/ca\/wp-json\/wp\/v2\/comments?post=5674"}],"version-history":[{"count":0,"href":"https:\/\/kind-swartz.5-175-42-214.plesk.page\/ca\/wp-json\/wp\/v2\/pages\/5674\/revisions"}],"up":[{"embeddable":true,"href":"https:\/\/kind-swartz.5-175-42-214.plesk.page\/ca\/wp-json\/wp\/v2\/pages\/5508"}],"wp:attachment":[{"href":"https:\/\/kind-swartz.5-175-42-214.plesk.page\/ca\/wp-json\/wp\/v2\/media?parent=5674"}],"curies":[{"name":"wp","href":"https:\/\/api.w.org\/{rel}","templated":true}]}}