{"id":5884,"date":"2023-02-10T10:52:04","date_gmt":"2023-02-10T09:52:04","guid":{"rendered":"https:\/\/kind-swartz.5-175-42-214.plesk.page\/curso\/cp-montaje-y-mantenimiento-de-instalaciones-electricas-de-baja-tension\/"},"modified":"2025-02-10T13:48:25","modified_gmt":"2025-02-10T12:48:25","slug":"cp-montaje-y-mantenimiento-de-instalaciones-electricas-de-baja-tension-2","status":"publish","type":"product","link":"https:\/\/kind-swartz.5-175-42-214.plesk.page\/ca\/curso\/cp-montaje-y-mantenimiento-de-instalaciones-electricas-de-baja-tension-2\/","title":{"rendered":"CP Muntatge i manteniment d&#8217;instal\u00b7lacions el\u00e8ctriques de baixa tensi\u00f3 a Barcelona"},"content":{"rendered":"<p>Formaci\u00f3, que una vegada superada, permet el registre com a instal\u00b7lador autoritzat a l&#8217;\u00e0mbit el\u00e8ctric.<\/p>\n<h2>Caracter\u00edstiques del Certificat<\/h2>\n<ul>\n<li><strong>Denominaci\u00f3<\/strong> : Muntatge i manteniment d&#8217;instal\u00b7lacions el\u00e8ctriques de baixa tensi\u00f3.<\/li>\n<li><strong>Codi<\/strong> : ELEE0109<\/li>\n<li><strong>Nivell de qualificaci\u00f3<\/strong> : 2<\/li>\n<\/ul>\n<h2>Durada del curs<\/h2>\n<p>El curs t\u00e9 una durada de <strong>15 mesos<\/strong> , durant els quals realitzar\u00e0s:<\/p>\n<ul>\n<li><strong>840 hores de formaci\u00f3.<\/strong><\/li>\n<li><strong>80 hores de pr\u00e0ctiques a empresa.<\/strong><\/li>\n<\/ul>\n<h2>Requisits per realitzar el curs<\/h2>\n<p>Com que \u00e9s un certificat de Nivell 2, cal:<\/p>\n<ul>\n<li><strong>Disposar de la formaci\u00f3 m\u00ednima de lESO o superior.<\/strong><\/li>\n<\/ul>\n<p>En cas de no disposar d&#8217;aquesta formaci\u00f3, haur\u00e0s de superar una prova de compet\u00e8ncies pr\u00e8via a l&#8217;inici del curs.<\/p>\n<h2>Qu\u00e8 aprendr\u00e0s durant aquesta formaci\u00f3?<\/h2>\n<p>Amb aquesta formaci\u00f3, <strong>aprendr\u00e0s habilitats per dur a terme el muntatge, el manteniment i la reparaci\u00f3 de sistemes el\u00e8ctrics de baixa tensi\u00f3<\/strong> en diferents tipus d&#8217;edificacions, com habitatges, oficines o edificis comercials. Per fer-ho, se seguiran les t\u00e8cniques i els procediments apropiats que garanteixin la qualitat i la seguretat, d&#8217;acord amb les normatives legals vigents en cada cas.<\/p>\n<h2>Quina certificaci\u00f3 s&#8217;obt\u00e9 en acabar?<\/h2>\n<p>La certificaci\u00f3 obtinguda en finalitzar el curs ELEE0109 &#8211; Muntatge i manteniment d&#8217;instal\u00b7lacions el\u00e8ctriques de baixa tensi\u00f3 <strong>\u00e9s oficial i est\u00e0 reconeguda a tot el territori nacional.<\/strong><\/p>\n<p>Aquesta <strong>certificaci\u00f3 \u00e9s expedida pel Servei P\u00fablic d&#8217;Ocupaci\u00f3 Estatal (SEPE)<\/strong> i permet a l&#8217;alumne accedir a diferents sortides professionals al sector de l&#8217;electricitat, ja sigui treballant a empreses privades, a l&#8217;administraci\u00f3 p\u00fablica o com a professional aut\u00f2nom.<\/p>\n<h2>Ja vaig acabar el curs Ara qu\u00e8?<\/h2>\n<p>Un cop et <strong>converteixis en un professional del sector<\/strong> , \u00e9s probable que sorgeixin dubtes sobre temes com les normatives vigents, els documents requerits i els llocs on presentar la documentaci\u00f3 corresponent a les diferents instal\u00b7lacions que realitzis.<\/p>\n<p>Per assistir-vos en aquests aspectes, us donem l&#8217;opci\u00f3 d&#8217;agremiar-vos a <strong>Gremi d&#8217;Instal\u00b7ladors de Barcelona.<\/strong> Des del Gremi, us proporcionaran tot l&#8217;assessorament t\u00e8cnic que necessiteu i us ajudaran a gestionar de manera efectiva tota la documentaci\u00f3 relacionada amb la vostra feina.<\/p>\n<p>D&#8217;aquesta manera, podr\u00e0s enfocar-te en all\u00f2 veritablement important, amb la tranquil\u00b7litat de saber que la gesti\u00f3 integral de la teva empresa <strong>est\u00e0 en mans de professionals capacitats<\/strong> .<\/p>\n","protected":false},"excerpt":{"rendered":"[fusion_button link=\"\" title=\"\" target=\"_self\" link_attributes=\"\" alignment_medium=\"\" alignment_small=\"\" alignment=\"center\" modal=\"\" hide_on_mobile=\"small-visibility,medium-visibility,large-visibility\" sticky_display=\"normal,sticky\" class=\"\" id=\"\" color=\"custom\" button_gradient_top_color=\"#ed8138\" hue=\"\" saturation=\"\" lightness=\"\" alpha=\"\" button_gradient_bottom_color=\"#ed8138\" button_gradient_top_color_hover=\"#ed8138\" button_gradient_bottom_color_hover=\"#ed8138\" gradient_start_position=\"\" gradient_end_position=\"\" gradient_type=\"\" radial_direction=\"\" linear_angle=\"180\" accent_color=\"\" accent_hover_color=\"\" type=\"flat\" bevel_color=\"\" bevel_color_hover=\"\" border_top=\"\" border_right=\"\" border_bottom=\"\" border_left=\"\" border_radius_top_left=\"0\" border_radius_top_right=\"0\" border_radius_bottom_right=\"0\" border_radius_bottom_left=\"0\" border_color=\"\" border_hover_color=\"\" size=\"\" padding_top=\"\" padding_right=\"\" padding_bottom=\"\" padding_left=\"\" fusion_font_family_button_font=\"\" fusion_font_variant_button_font=\"\" font_size=\"14\" line_height=\"\" letter_spacing=\"\" text_transform=\"\" stretch=\"yes\" margin_top=\"20\" margin_right=\"\" margin_bottom=\"20\" margin_left=\"\" icon=\"\" icon_position=\"left\" icon_divider=\"no\" hover_transition=\"none\" animation_type=\"bounce\" animation_direction=\"static\" animation_color=\"\" animation_speed=\"1.0\" animation_delay=\"0.5\" animation_offset=\"\"]Sense programaci\u00f3 actualment[\/fusion_button]\n","protected":false},"featured_media":5302,"template":"","meta":{"_acf_changed":false},"product_brand":[],"product_cat":[113,114,123],"product_tag":[111],"class_list":{"0":"post-5884","1":"product","2":"type-product","3":"status-publish","4":"has-post-thumbnail","6":"product_cat-certificat-professional","7":"product_cat-electricitat","8":"product_cat-formacio-professional","9":"product_tag-web-pv-ca","11":"first","12":"outofstock","13":"virtual","14":"sold-individually","15":"product-type-simple"},"acf":[],"yoast_head":"<!-- This site is optimized with the Yoast SEO plugin v27.3 - https:\/\/yoast.com\/product\/yoast-seo-wordpress\/ -->\n<title>Curs de Muntatge d&#039;Instal\u00b7lacions El\u00e8ctriques a Baixa Tensi\u00f3<\/title>\n<meta name=\"description\" content=\"lll\u27a4 Curs per obtenir el Certificat Professional en muntatge i manteniment d&#039;instal\u00b7lacions el\u00e8ctriques de baixa tensi\u00f3 a Barcelona. Places Limitades!\" \/>\n<meta name=\"robots\" content=\"noindex, follow, max-snippet:-1, max-image-preview:large, max-video-preview:-1\" \/>\n<meta property=\"og:locale\" content=\"ca_ES\" \/>\n<meta property=\"og:type\" content=\"article\" \/>\n<meta property=\"og:title\" content=\"Curs de Muntatge d&#039;Instal\u00b7lacions El\u00e8ctriques a Baixa Tensi\u00f3\" \/>\n<meta property=\"og:description\" content=\"lll\u27a4 Curs per obtenir el Certificat Professional en muntatge i manteniment d&#039;instal\u00b7lacions el\u00e8ctriques de baixa tensi\u00f3 a Barcelona. Places Limitades!\" \/>\n<meta property=\"og:url\" content=\"https:\/\/kind-swartz.5-175-42-214.plesk.page\/ca\/curso\/cp-montaje-y-mantenimiento-de-instalaciones-electricas-de-baja-tension-2\/\" \/>\n<meta property=\"og:site_name\" content=\"EGIBCN\" \/>\n<meta property=\"article:publisher\" content=\"https:\/\/www.facebook.com\/EGIBCN\" \/>\n<meta property=\"article:modified_time\" content=\"2025-02-10T12:48:25+00:00\" \/>\n<meta property=\"og:image\" content=\"https:\/\/kind-swartz.5-175-42-214.plesk.page\/wp-content\/uploads\/2023\/02\/Certificado-profesional-de-montaje-de-instalaciones-electricas-de-baja-tension.jpg\" \/>\n\t<meta property=\"og:image:width\" content=\"600\" \/>\n\t<meta property=\"og:image:height\" content=\"400\" \/>\n\t<meta property=\"og:image:type\" content=\"image\/jpeg\" \/>\n<meta name=\"twitter:card\" content=\"summary_large_image\" \/>\n<meta name=\"twitter:site\" content=\"@EGIBCN\" \/>\n<script type=\"application\/ld+json\" class=\"yoast-schema-graph\">{\"@context\":\"https:\\\/\\\/schema.org\",\"@graph\":[{\"@type\":\"WebPage\",\"@id\":\"https:\\\/\\\/kind-swartz.5-175-42-214.plesk.page\\\/ca\\\/curso\\\/cp-montaje-y-mantenimiento-de-instalaciones-electricas-de-baja-tension-2\\\/\",\"url\":\"https:\\\/\\\/kind-swartz.5-175-42-214.plesk.page\\\/ca\\\/curso\\\/cp-montaje-y-mantenimiento-de-instalaciones-electricas-de-baja-tension-2\\\/\",\"name\":\"Curs de Muntatge d'Instal\u00b7lacions El\u00e8ctriques a Baixa Tensi\u00f3\",\"isPartOf\":{\"@id\":\"https:\\\/\\\/kind-swartz.5-175-42-214.plesk.page\\\/ca\\\/#website\"},\"primaryImageOfPage\":{\"@id\":\"https:\\\/\\\/kind-swartz.5-175-42-214.plesk.page\\\/ca\\\/curso\\\/cp-montaje-y-mantenimiento-de-instalaciones-electricas-de-baja-tension-2\\\/#primaryimage\"},\"image\":{\"@id\":\"https:\\\/\\\/kind-swartz.5-175-42-214.plesk.page\\\/ca\\\/curso\\\/cp-montaje-y-mantenimiento-de-instalaciones-electricas-de-baja-tension-2\\\/#primaryimage\"},\"thumbnailUrl\":\"https:\\\/\\\/kind-swartz.5-175-42-214.plesk.page\\\/wp-content\\\/uploads\\\/2023\\\/02\\\/Certificado-profesional-de-montaje-de-instalaciones-electricas-de-baja-tension.jpg\",\"datePublished\":\"2023-02-10T09:52:04+00:00\",\"dateModified\":\"2025-02-10T12:48:25+00:00\",\"description\":\"lll\u27a4 Curs per obtenir el Certificat Professional en muntatge i manteniment d'instal\u00b7lacions el\u00e8ctriques de baixa tensi\u00f3 a Barcelona. Places Limitades!\",\"breadcrumb\":{\"@id\":\"https:\\\/\\\/kind-swartz.5-175-42-214.plesk.page\\\/ca\\\/curso\\\/cp-montaje-y-mantenimiento-de-instalaciones-electricas-de-baja-tension-2\\\/#breadcrumb\"},\"inLanguage\":\"ca\",\"potentialAction\":[{\"@type\":\"ReadAction\",\"target\":[\"https:\\\/\\\/kind-swartz.5-175-42-214.plesk.page\\\/ca\\\/curso\\\/cp-montaje-y-mantenimiento-de-instalaciones-electricas-de-baja-tension-2\\\/\"]}]},{\"@type\":\"ImageObject\",\"inLanguage\":\"ca\",\"@id\":\"https:\\\/\\\/kind-swartz.5-175-42-214.plesk.page\\\/ca\\\/curso\\\/cp-montaje-y-mantenimiento-de-instalaciones-electricas-de-baja-tension-2\\\/#primaryimage\",\"url\":\"https:\\\/\\\/kind-swartz.5-175-42-214.plesk.page\\\/wp-content\\\/uploads\\\/2023\\\/02\\\/Certificado-profesional-de-montaje-de-instalaciones-electricas-de-baja-tension.jpg\",\"contentUrl\":\"https:\\\/\\\/kind-swartz.5-175-42-214.plesk.page\\\/wp-content\\\/uploads\\\/2023\\\/02\\\/Certificado-profesional-de-montaje-de-instalaciones-electricas-de-baja-tension.jpg\",\"width\":600,\"height\":400,\"caption\":\"Certificat professional de muntatge d'instal\u00b7lacions el\u00e8ctriques de baixa tensi\u00f3\"},{\"@type\":\"BreadcrumbList\",\"@id\":\"https:\\\/\\\/kind-swartz.5-175-42-214.plesk.page\\\/ca\\\/curso\\\/cp-montaje-y-mantenimiento-de-instalaciones-electricas-de-baja-tension-2\\\/#breadcrumb\",\"itemListElement\":[{\"@type\":\"ListItem\",\"position\":1,\"name\":\"Portada\",\"item\":\"https:\\\/\\\/kind-swartz.5-175-42-214.plesk.page\\\/ca\\\/\"},{\"@type\":\"ListItem\",\"position\":2,\"name\":\"Todos nuestros cursos\",\"item\":\"https:\\\/\\\/kind-swartz.5-175-42-214.plesk.page\\\/todos-los-cursos\\\/\"},{\"@type\":\"ListItem\",\"position\":3,\"name\":\"CP Muntatge i manteniment d&#8217;instal\u00b7lacions el\u00e8ctriques de baixa tensi\u00f3 a Barcelona\"}]},{\"@type\":\"WebSite\",\"@id\":\"https:\\\/\\\/kind-swartz.5-175-42-214.plesk.page\\\/ca\\\/#website\",\"url\":\"https:\\\/\\\/kind-swartz.5-175-42-214.plesk.page\\\/ca\\\/\",\"name\":\"EGIBCN\",\"description\":\"Escola Gremial d\u2019Electricitat i Fontaneria De Barcelona\",\"publisher\":{\"@id\":\"https:\\\/\\\/kind-swartz.5-175-42-214.plesk.page\\\/ca\\\/#organization\"},\"potentialAction\":[{\"@type\":\"SearchAction\",\"target\":{\"@type\":\"EntryPoint\",\"urlTemplate\":\"https:\\\/\\\/kind-swartz.5-175-42-214.plesk.page\\\/ca\\\/?s={search_term_string}\"},\"query-input\":{\"@type\":\"PropertyValueSpecification\",\"valueRequired\":true,\"valueName\":\"search_term_string\"}}],\"inLanguage\":\"ca\"},{\"@type\":\"Organization\",\"@id\":\"https:\\\/\\\/kind-swartz.5-175-42-214.plesk.page\\\/ca\\\/#organization\",\"name\":\"Escola Gremial d'Instal.ladors d'Electricitat i Fontaneria de Barcelona\",\"url\":\"https:\\\/\\\/kind-swartz.5-175-42-214.plesk.page\\\/ca\\\/\",\"logo\":{\"@type\":\"ImageObject\",\"inLanguage\":\"ca\",\"@id\":\"https:\\\/\\\/kind-swartz.5-175-42-214.plesk.page\\\/ca\\\/#\\\/schema\\\/logo\\\/image\\\/\",\"url\":\"https:\\\/\\\/kind-swartz.5-175-42-214.plesk.page\\\/wp-content\\\/uploads\\\/2022\\\/11\\\/logo-1.jpg\",\"contentUrl\":\"https:\\\/\\\/kind-swartz.5-175-42-214.plesk.page\\\/wp-content\\\/uploads\\\/2022\\\/11\\\/logo-1.jpg\",\"width\":201,\"height\":78,\"caption\":\"Escola Gremial d'Instal.ladors d'Electricitat i Fontaneria de Barcelona\"},\"image\":{\"@id\":\"https:\\\/\\\/kind-swartz.5-175-42-214.plesk.page\\\/ca\\\/#\\\/schema\\\/logo\\\/image\\\/\"},\"sameAs\":[\"https:\\\/\\\/www.facebook.com\\\/EGIBCN\",\"https:\\\/\\\/x.com\\\/EGIBCN\",\"https:\\\/\\\/www.youtube.com\\\/channel\\\/UC2zCKuwrvM4wGk97Hpmb5LA\",\"https:\\\/\\\/www.instagram.com\\\/escolagremial\\\/\"]}]}<\/script>\n<!-- \/ Yoast SEO plugin. -->","yoast_head_json":{"title":"Curs de Muntatge d'Instal\u00b7lacions El\u00e8ctriques a Baixa Tensi\u00f3","description":"lll\u27a4 Curs per obtenir el Certificat Professional en muntatge i manteniment d'instal\u00b7lacions el\u00e8ctriques de baixa tensi\u00f3 a Barcelona. Places Limitades!","robots":{"index":"noindex","follow":"follow","max-snippet":"max-snippet:-1","max-image-preview":"max-image-preview:large","max-video-preview":"max-video-preview:-1"},"og_locale":"ca_ES","og_type":"article","og_title":"Curs de Muntatge d'Instal\u00b7lacions El\u00e8ctriques a Baixa Tensi\u00f3","og_description":"lll\u27a4 Curs per obtenir el Certificat Professional en muntatge i manteniment d'instal\u00b7lacions el\u00e8ctriques de baixa tensi\u00f3 a Barcelona. Places Limitades!","og_url":"https:\/\/kind-swartz.5-175-42-214.plesk.page\/ca\/curso\/cp-montaje-y-mantenimiento-de-instalaciones-electricas-de-baja-tension-2\/","og_site_name":"EGIBCN","article_publisher":"https:\/\/www.facebook.com\/EGIBCN","article_modified_time":"2025-02-10T12:48:25+00:00","og_image":[{"width":600,"height":400,"url":"https:\/\/kind-swartz.5-175-42-214.plesk.page\/wp-content\/uploads\/2023\/02\/Certificado-profesional-de-montaje-de-instalaciones-electricas-de-baja-tension.jpg","type":"image\/jpeg"}],"twitter_card":"summary_large_image","twitter_site":"@EGIBCN","schema":{"@context":"https:\/\/schema.org","@graph":[{"@type":"WebPage","@id":"https:\/\/kind-swartz.5-175-42-214.plesk.page\/ca\/curso\/cp-montaje-y-mantenimiento-de-instalaciones-electricas-de-baja-tension-2\/","url":"https:\/\/kind-swartz.5-175-42-214.plesk.page\/ca\/curso\/cp-montaje-y-mantenimiento-de-instalaciones-electricas-de-baja-tension-2\/","name":"Curs de Muntatge d'Instal\u00b7lacions El\u00e8ctriques a Baixa Tensi\u00f3","isPartOf":{"@id":"https:\/\/kind-swartz.5-175-42-214.plesk.page\/ca\/#website"},"primaryImageOfPage":{"@id":"https:\/\/kind-swartz.5-175-42-214.plesk.page\/ca\/curso\/cp-montaje-y-mantenimiento-de-instalaciones-electricas-de-baja-tension-2\/#primaryimage"},"image":{"@id":"https:\/\/kind-swartz.5-175-42-214.plesk.page\/ca\/curso\/cp-montaje-y-mantenimiento-de-instalaciones-electricas-de-baja-tension-2\/#primaryimage"},"thumbnailUrl":"https:\/\/kind-swartz.5-175-42-214.plesk.page\/wp-content\/uploads\/2023\/02\/Certificado-profesional-de-montaje-de-instalaciones-electricas-de-baja-tension.jpg","datePublished":"2023-02-10T09:52:04+00:00","dateModified":"2025-02-10T12:48:25+00:00","description":"lll\u27a4 Curs per obtenir el Certificat Professional en muntatge i manteniment d'instal\u00b7lacions el\u00e8ctriques de baixa tensi\u00f3 a Barcelona. Places Limitades!","breadcrumb":{"@id":"https:\/\/kind-swartz.5-175-42-214.plesk.page\/ca\/curso\/cp-montaje-y-mantenimiento-de-instalaciones-electricas-de-baja-tension-2\/#breadcrumb"},"inLanguage":"ca","potentialAction":[{"@type":"ReadAction","target":["https:\/\/kind-swartz.5-175-42-214.plesk.page\/ca\/curso\/cp-montaje-y-mantenimiento-de-instalaciones-electricas-de-baja-tension-2\/"]}]},{"@type":"ImageObject","inLanguage":"ca","@id":"https:\/\/kind-swartz.5-175-42-214.plesk.page\/ca\/curso\/cp-montaje-y-mantenimiento-de-instalaciones-electricas-de-baja-tension-2\/#primaryimage","url":"https:\/\/kind-swartz.5-175-42-214.plesk.page\/wp-content\/uploads\/2023\/02\/Certificado-profesional-de-montaje-de-instalaciones-electricas-de-baja-tension.jpg","contentUrl":"https:\/\/kind-swartz.5-175-42-214.plesk.page\/wp-content\/uploads\/2023\/02\/Certificado-profesional-de-montaje-de-instalaciones-electricas-de-baja-tension.jpg","width":600,"height":400,"caption":"Certificat professional de muntatge d'instal\u00b7lacions el\u00e8ctriques de baixa tensi\u00f3"},{"@type":"BreadcrumbList","@id":"https:\/\/kind-swartz.5-175-42-214.plesk.page\/ca\/curso\/cp-montaje-y-mantenimiento-de-instalaciones-electricas-de-baja-tension-2\/#breadcrumb","itemListElement":[{"@type":"ListItem","position":1,"name":"Portada","item":"https:\/\/kind-swartz.5-175-42-214.plesk.page\/ca\/"},{"@type":"ListItem","position":2,"name":"Todos nuestros cursos","item":"https:\/\/kind-swartz.5-175-42-214.plesk.page\/todos-los-cursos\/"},{"@type":"ListItem","position":3,"name":"CP Muntatge i manteniment d&#8217;instal\u00b7lacions el\u00e8ctriques de baixa tensi\u00f3 a Barcelona"}]},{"@type":"WebSite","@id":"https:\/\/kind-swartz.5-175-42-214.plesk.page\/ca\/#website","url":"https:\/\/kind-swartz.5-175-42-214.plesk.page\/ca\/","name":"EGIBCN","description":"Escola Gremial d\u2019Electricitat i Fontaneria De Barcelona","publisher":{"@id":"https:\/\/kind-swartz.5-175-42-214.plesk.page\/ca\/#organization"},"potentialAction":[{"@type":"SearchAction","target":{"@type":"EntryPoint","urlTemplate":"https:\/\/kind-swartz.5-175-42-214.plesk.page\/ca\/?s={search_term_string}"},"query-input":{"@type":"PropertyValueSpecification","valueRequired":true,"valueName":"search_term_string"}}],"inLanguage":"ca"},{"@type":"Organization","@id":"https:\/\/kind-swartz.5-175-42-214.plesk.page\/ca\/#organization","name":"Escola Gremial d'Instal.ladors d'Electricitat i Fontaneria de Barcelona","url":"https:\/\/kind-swartz.5-175-42-214.plesk.page\/ca\/","logo":{"@type":"ImageObject","inLanguage":"ca","@id":"https:\/\/kind-swartz.5-175-42-214.plesk.page\/ca\/#\/schema\/logo\/image\/","url":"https:\/\/kind-swartz.5-175-42-214.plesk.page\/wp-content\/uploads\/2022\/11\/logo-1.jpg","contentUrl":"https:\/\/kind-swartz.5-175-42-214.plesk.page\/wp-content\/uploads\/2022\/11\/logo-1.jpg","width":201,"height":78,"caption":"Escola Gremial d'Instal.ladors d'Electricitat i Fontaneria de Barcelona"},"image":{"@id":"https:\/\/kind-swartz.5-175-42-214.plesk.page\/ca\/#\/schema\/logo\/image\/"},"sameAs":["https:\/\/www.facebook.com\/EGIBCN","https:\/\/x.com\/EGIBCN","https:\/\/www.youtube.com\/channel\/UC2zCKuwrvM4wGk97Hpmb5LA","https:\/\/www.instagram.com\/escolagremial\/"]}]}},"_links":{"self":[{"href":"https:\/\/kind-swartz.5-175-42-214.plesk.page\/ca\/wp-json\/wp\/v2\/product\/5884","targetHints":{"allow":["GET"]}}],"collection":[{"href":"https:\/\/kind-swartz.5-175-42-214.plesk.page\/ca\/wp-json\/wp\/v2\/product"}],"about":[{"href":"https:\/\/kind-swartz.5-175-42-214.plesk.page\/ca\/wp-json\/wp\/v2\/types\/product"}],"wp:featuredmedia":[{"embeddable":true,"href":"https:\/\/kind-swartz.5-175-42-214.plesk.page\/ca\/wp-json\/wp\/v2\/media\/5302"}],"wp:attachment":[{"href":"https:\/\/kind-swartz.5-175-42-214.plesk.page\/ca\/wp-json\/wp\/v2\/media?parent=5884"}],"wp:term":[{"taxonomy":"product_brand","embeddable":true,"href":"https:\/\/kind-swartz.5-175-42-214.plesk.page\/ca\/wp-json\/wp\/v2\/product_brand?post=5884"},{"taxonomy":"product_cat","embeddable":true,"href":"https:\/\/kind-swartz.5-175-42-214.plesk.page\/ca\/wp-json\/wp\/v2\/product_cat?post=5884"},{"taxonomy":"product_tag","embeddable":true,"href":"https:\/\/kind-swartz.5-175-42-214.plesk.page\/ca\/wp-json\/wp\/v2\/product_tag?post=5884"}],"curies":[{"name":"wp","href":"https:\/\/api.w.org\/{rel}","templated":true}]}}