{"id":5890,"date":"2023-02-08T16:57:31","date_gmt":"2023-02-08T14:57:31","guid":{"rendered":"https:\/\/kind-swartz.5-175-42-214.plesk.page\/curso\/uf0887-montaje-y-mantenimiento-de-instalaciones-electricas-en-interior-barcelona\/"},"modified":"2024-02-20T14:40:21","modified_gmt":"2024-02-20T13:40:21","slug":"uf0887-montaje-y-mantenimiento-de-instalaciones-electricas-en-interior-barcelona","status":"publish","type":"product","link":"https:\/\/kind-swartz.5-175-42-214.plesk.page\/ca\/curso\/uf0887-montaje-y-mantenimiento-de-instalaciones-electricas-en-interior-barcelona\/","title":{"rendered":"Curs UF0887 Muntatge i manteniment d&#8217;instal\u00b7lacions el\u00e8ctriques a l&#8217;interior"},"content":{"rendered":"<h2>Objectius:<\/h2>\n<p>Realitzar instal\u00b7lacions de distribuci\u00f3 denergia el\u00e8ctrica en edificis comercials, oficines i ind\u00fastries amb les condicions de seguretat requerides i amb la qualitat establerta, dacord amb la normativa vigent.<\/p>\n<h2>Durada:<\/h2>\n<p>90 hores<\/p>\n<h2>Horari:<\/h2>\n<p>de dilluns a dijous de 18:30 a 22:00<\/p>\n<h2>Continguts<\/h2>\n<p>1. Instal\u00b7lacions d&#8217;electrificaci\u00f3 a edificis comercials, oficines, ind\u00fastries.<br \/>\n2. Instal\u00b7lacions de locals amb risc dincendi i explosi\u00f3.<br \/>\n3. Instal\u00b7laci\u00f3 de locals de caracter\u00edstiques especials.<br \/>\n4. Mesures i verificacions en instal\u00b7lacions el\u00e8ctriques.<br \/>\n5. Muntatge d&#8217;instal\u00b7lacions el\u00e8ctriques d&#8217;interior a edificis comercials, oficines, ind\u00fastries i amb fins especials.<br \/>\n6. Reparaci\u00f3 d&#8217;instal\u00b7lacions el\u00e8ctriques d&#8217;interior a edificis comercials, oficines, ind\u00fastries i amb fins especials.<br \/>\n7. C\u00e0lcul a les instal\u00b7lacions el\u00e8ctriques de BT en edificis comercials, oficines, ind\u00fastries i amb fins especials.<\/p>\n","protected":false},"excerpt":{"rendered":"[fusion_button link=\"\" title=\"\" target=\"_self\" link_attributes=\"\" alignment_medium=\"\" alignment_small=\"\" alignment=\"center\" modal=\"\" hide_on_mobile=\"small-visibility,medium-visibility,large-visibility\" sticky_display=\"normal,sticky\" class=\"\" id=\"\" color=\"custom\" button_gradient_top_color=\"#ed8138\" hue=\"\" saturation=\"\" lightness=\"\" alpha=\"\" button_gradient_bottom_color=\"#ed8138\" button_gradient_top_color_hover=\"#ed8138\" button_gradient_bottom_color_hover=\"#ed8138\" gradient_start_position=\"\" gradient_end_position=\"\" gradient_type=\"\" radial_direction=\"\" linear_angle=\"180\" accent_color=\"\" accent_hover_color=\"\" type=\"flat\" bevel_color=\"\" bevel_color_hover=\"\" border_top=\"\" border_right=\"\" border_bottom=\"\" border_left=\"\" border_radius_top_left=\"0\" border_radius_top_right=\"0\" border_radius_bottom_right=\"0\" border_radius_bottom_left=\"0\" border_color=\"\" border_hover_color=\"\" size=\"\" padding_top=\"\" padding_right=\"\" padding_bottom=\"\" padding_left=\"\" fusion_font_family_button_font=\"\" fusion_font_variant_button_font=\"\" font_size=\"14\" line_height=\"\" letter_spacing=\"\" text_transform=\"\" stretch=\"yes\" margin_top=\"20\" margin_right=\"\" margin_bottom=\"20\" margin_left=\"\" icon=\"\" icon_position=\"left\" icon_divider=\"no\" hover_transition=\"none\" animation_type=\"bounce\" animation_direction=\"static\" animation_color=\"\" animation_speed=\"1.0\" animation_delay=\"0.5\" animation_offset=\"\"]Curs sense programaci\u00f3 actualment[\/fusion_button]\n","protected":false},"featured_media":5333,"template":"","meta":{"_acf_changed":false},"product_brand":[],"product_cat":[114],"product_tag":[115],"class_list":{"0":"post-5890","1":"product","2":"type-product","3":"status-publish","4":"has-post-thumbnail","6":"product_cat-electricitat","7":"product_tag-web-sbv-ca","9":"first","10":"outofstock","11":"virtual","12":"sold-individually","13":"product-type-simple"},"acf":[],"yoast_head":"<!-- This site is optimized with the Yoast SEO plugin v27.3 - https:\/\/yoast.com\/product\/yoast-seo-wordpress\/ -->\n<title>Curs UF0887 Muntatge i Manteniment d&#039;Instal\u00b7lacions El\u00e8ctriques<\/title>\n<meta name=\"description\" content=\"Curs UF0887 Muntatge i Manteniment d&#039;Instal\u00b7lacions El\u00e8ctriques a interior impartit a Barcelona. Places Limitades! Escola EGIBCN.\" \/>\n<meta name=\"robots\" content=\"noindex, follow, max-snippet:-1, max-image-preview:large, max-video-preview:-1\" \/>\n<meta property=\"og:locale\" content=\"ca_ES\" \/>\n<meta property=\"og:type\" content=\"article\" \/>\n<meta property=\"og:title\" content=\"Curs UF0887 Muntatge i Manteniment d&#039;Instal\u00b7lacions El\u00e8ctriques\" \/>\n<meta property=\"og:description\" content=\"Curs UF0887 Muntatge i Manteniment d&#039;Instal\u00b7lacions El\u00e8ctriques a interior impartit a Barcelona. Places Limitades! Escola EGIBCN.\" \/>\n<meta property=\"og:url\" content=\"https:\/\/kind-swartz.5-175-42-214.plesk.page\/ca\/curso\/uf0887-montaje-y-mantenimiento-de-instalaciones-electricas-en-interior-barcelona\/\" \/>\n<meta property=\"og:site_name\" content=\"EGIBCN\" \/>\n<meta property=\"article:publisher\" content=\"https:\/\/www.facebook.com\/EGIBCN\" \/>\n<meta property=\"article:modified_time\" content=\"2024-02-20T13:40:21+00:00\" \/>\n<meta property=\"og:image\" content=\"https:\/\/kind-swartz.5-175-42-214.plesk.page\/wp-content\/uploads\/2023\/02\/AdobeStock_469246371.jpg\" \/>\n\t<meta property=\"og:image:width\" content=\"600\" \/>\n\t<meta property=\"og:image:height\" content=\"400\" \/>\n\t<meta property=\"og:image:type\" content=\"image\/jpeg\" \/>\n<meta name=\"twitter:card\" content=\"summary_large_image\" \/>\n<meta name=\"twitter:site\" content=\"@EGIBCN\" \/>\n<script type=\"application\/ld+json\" class=\"yoast-schema-graph\">{\"@context\":\"https:\\\/\\\/schema.org\",\"@graph\":[{\"@type\":\"WebPage\",\"@id\":\"https:\\\/\\\/kind-swartz.5-175-42-214.plesk.page\\\/ca\\\/curso\\\/uf0887-montaje-y-mantenimiento-de-instalaciones-electricas-en-interior-barcelona\\\/\",\"url\":\"https:\\\/\\\/kind-swartz.5-175-42-214.plesk.page\\\/ca\\\/curso\\\/uf0887-montaje-y-mantenimiento-de-instalaciones-electricas-en-interior-barcelona\\\/\",\"name\":\"Curs UF0887 Muntatge i Manteniment d'Instal\u00b7lacions El\u00e8ctriques\",\"isPartOf\":{\"@id\":\"https:\\\/\\\/kind-swartz.5-175-42-214.plesk.page\\\/ca\\\/#website\"},\"primaryImageOfPage\":{\"@id\":\"https:\\\/\\\/kind-swartz.5-175-42-214.plesk.page\\\/ca\\\/curso\\\/uf0887-montaje-y-mantenimiento-de-instalaciones-electricas-en-interior-barcelona\\\/#primaryimage\"},\"image\":{\"@id\":\"https:\\\/\\\/kind-swartz.5-175-42-214.plesk.page\\\/ca\\\/curso\\\/uf0887-montaje-y-mantenimiento-de-instalaciones-electricas-en-interior-barcelona\\\/#primaryimage\"},\"thumbnailUrl\":\"https:\\\/\\\/kind-swartz.5-175-42-214.plesk.page\\\/wp-content\\\/uploads\\\/2023\\\/02\\\/AdobeStock_469246371.jpg\",\"datePublished\":\"2023-02-08T14:57:31+00:00\",\"dateModified\":\"2024-02-20T13:40:21+00:00\",\"description\":\"Curs UF0887 Muntatge i Manteniment d'Instal\u00b7lacions El\u00e8ctriques a interior impartit a Barcelona. Places Limitades! Escola EGIBCN.\",\"breadcrumb\":{\"@id\":\"https:\\\/\\\/kind-swartz.5-175-42-214.plesk.page\\\/ca\\\/curso\\\/uf0887-montaje-y-mantenimiento-de-instalaciones-electricas-en-interior-barcelona\\\/#breadcrumb\"},\"inLanguage\":\"ca\",\"potentialAction\":[{\"@type\":\"ReadAction\",\"target\":[\"https:\\\/\\\/kind-swartz.5-175-42-214.plesk.page\\\/ca\\\/curso\\\/uf0887-montaje-y-mantenimiento-de-instalaciones-electricas-en-interior-barcelona\\\/\"]}]},{\"@type\":\"ImageObject\",\"inLanguage\":\"ca\",\"@id\":\"https:\\\/\\\/kind-swartz.5-175-42-214.plesk.page\\\/ca\\\/curso\\\/uf0887-montaje-y-mantenimiento-de-instalaciones-electricas-en-interior-barcelona\\\/#primaryimage\",\"url\":\"https:\\\/\\\/kind-swartz.5-175-42-214.plesk.page\\\/wp-content\\\/uploads\\\/2023\\\/02\\\/AdobeStock_469246371.jpg\",\"contentUrl\":\"https:\\\/\\\/kind-swartz.5-175-42-214.plesk.page\\\/wp-content\\\/uploads\\\/2023\\\/02\\\/AdobeStock_469246371.jpg\",\"width\":600,\"height\":400,\"caption\":\"Curs d\u00b4Electricitat Barcelona\"},{\"@type\":\"BreadcrumbList\",\"@id\":\"https:\\\/\\\/kind-swartz.5-175-42-214.plesk.page\\\/ca\\\/curso\\\/uf0887-montaje-y-mantenimiento-de-instalaciones-electricas-en-interior-barcelona\\\/#breadcrumb\",\"itemListElement\":[{\"@type\":\"ListItem\",\"position\":1,\"name\":\"Portada\",\"item\":\"https:\\\/\\\/kind-swartz.5-175-42-214.plesk.page\\\/ca\\\/\"},{\"@type\":\"ListItem\",\"position\":2,\"name\":\"Todos nuestros cursos\",\"item\":\"https:\\\/\\\/kind-swartz.5-175-42-214.plesk.page\\\/todos-los-cursos\\\/\"},{\"@type\":\"ListItem\",\"position\":3,\"name\":\"Curs UF0887 Muntatge i manteniment d&#8217;instal\u00b7lacions el\u00e8ctriques a l&#8217;interior\"}]},{\"@type\":\"WebSite\",\"@id\":\"https:\\\/\\\/kind-swartz.5-175-42-214.plesk.page\\\/ca\\\/#website\",\"url\":\"https:\\\/\\\/kind-swartz.5-175-42-214.plesk.page\\\/ca\\\/\",\"name\":\"EGIBCN\",\"description\":\"Escola Gremial d\u2019Electricitat i Fontaneria De Barcelona\",\"publisher\":{\"@id\":\"https:\\\/\\\/kind-swartz.5-175-42-214.plesk.page\\\/ca\\\/#organization\"},\"potentialAction\":[{\"@type\":\"SearchAction\",\"target\":{\"@type\":\"EntryPoint\",\"urlTemplate\":\"https:\\\/\\\/kind-swartz.5-175-42-214.plesk.page\\\/ca\\\/?s={search_term_string}\"},\"query-input\":{\"@type\":\"PropertyValueSpecification\",\"valueRequired\":true,\"valueName\":\"search_term_string\"}}],\"inLanguage\":\"ca\"},{\"@type\":\"Organization\",\"@id\":\"https:\\\/\\\/kind-swartz.5-175-42-214.plesk.page\\\/ca\\\/#organization\",\"name\":\"Escola Gremial d'Instal.ladors d'Electricitat i Fontaneria de Barcelona\",\"url\":\"https:\\\/\\\/kind-swartz.5-175-42-214.plesk.page\\\/ca\\\/\",\"logo\":{\"@type\":\"ImageObject\",\"inLanguage\":\"ca\",\"@id\":\"https:\\\/\\\/kind-swartz.5-175-42-214.plesk.page\\\/ca\\\/#\\\/schema\\\/logo\\\/image\\\/\",\"url\":\"https:\\\/\\\/kind-swartz.5-175-42-214.plesk.page\\\/wp-content\\\/uploads\\\/2022\\\/11\\\/logo-1.jpg\",\"contentUrl\":\"https:\\\/\\\/kind-swartz.5-175-42-214.plesk.page\\\/wp-content\\\/uploads\\\/2022\\\/11\\\/logo-1.jpg\",\"width\":201,\"height\":78,\"caption\":\"Escola Gremial d'Instal.ladors d'Electricitat i Fontaneria de Barcelona\"},\"image\":{\"@id\":\"https:\\\/\\\/kind-swartz.5-175-42-214.plesk.page\\\/ca\\\/#\\\/schema\\\/logo\\\/image\\\/\"},\"sameAs\":[\"https:\\\/\\\/www.facebook.com\\\/EGIBCN\",\"https:\\\/\\\/x.com\\\/EGIBCN\",\"https:\\\/\\\/www.youtube.com\\\/channel\\\/UC2zCKuwrvM4wGk97Hpmb5LA\",\"https:\\\/\\\/www.instagram.com\\\/escolagremial\\\/\"]}]}<\/script>\n<!-- \/ Yoast SEO plugin. -->","yoast_head_json":{"title":"Curs UF0887 Muntatge i Manteniment d'Instal\u00b7lacions El\u00e8ctriques","description":"Curs UF0887 Muntatge i Manteniment d'Instal\u00b7lacions El\u00e8ctriques a interior impartit a Barcelona. Places Limitades! Escola EGIBCN.","robots":{"index":"noindex","follow":"follow","max-snippet":"max-snippet:-1","max-image-preview":"max-image-preview:large","max-video-preview":"max-video-preview:-1"},"og_locale":"ca_ES","og_type":"article","og_title":"Curs UF0887 Muntatge i Manteniment d'Instal\u00b7lacions El\u00e8ctriques","og_description":"Curs UF0887 Muntatge i Manteniment d'Instal\u00b7lacions El\u00e8ctriques a interior impartit a Barcelona. Places Limitades! Escola EGIBCN.","og_url":"https:\/\/kind-swartz.5-175-42-214.plesk.page\/ca\/curso\/uf0887-montaje-y-mantenimiento-de-instalaciones-electricas-en-interior-barcelona\/","og_site_name":"EGIBCN","article_publisher":"https:\/\/www.facebook.com\/EGIBCN","article_modified_time":"2024-02-20T13:40:21+00:00","og_image":[{"width":600,"height":400,"url":"https:\/\/kind-swartz.5-175-42-214.plesk.page\/wp-content\/uploads\/2023\/02\/AdobeStock_469246371.jpg","type":"image\/jpeg"}],"twitter_card":"summary_large_image","twitter_site":"@EGIBCN","schema":{"@context":"https:\/\/schema.org","@graph":[{"@type":"WebPage","@id":"https:\/\/kind-swartz.5-175-42-214.plesk.page\/ca\/curso\/uf0887-montaje-y-mantenimiento-de-instalaciones-electricas-en-interior-barcelona\/","url":"https:\/\/kind-swartz.5-175-42-214.plesk.page\/ca\/curso\/uf0887-montaje-y-mantenimiento-de-instalaciones-electricas-en-interior-barcelona\/","name":"Curs UF0887 Muntatge i Manteniment d'Instal\u00b7lacions El\u00e8ctriques","isPartOf":{"@id":"https:\/\/kind-swartz.5-175-42-214.plesk.page\/ca\/#website"},"primaryImageOfPage":{"@id":"https:\/\/kind-swartz.5-175-42-214.plesk.page\/ca\/curso\/uf0887-montaje-y-mantenimiento-de-instalaciones-electricas-en-interior-barcelona\/#primaryimage"},"image":{"@id":"https:\/\/kind-swartz.5-175-42-214.plesk.page\/ca\/curso\/uf0887-montaje-y-mantenimiento-de-instalaciones-electricas-en-interior-barcelona\/#primaryimage"},"thumbnailUrl":"https:\/\/kind-swartz.5-175-42-214.plesk.page\/wp-content\/uploads\/2023\/02\/AdobeStock_469246371.jpg","datePublished":"2023-02-08T14:57:31+00:00","dateModified":"2024-02-20T13:40:21+00:00","description":"Curs UF0887 Muntatge i Manteniment d'Instal\u00b7lacions El\u00e8ctriques a interior impartit a Barcelona. Places Limitades! Escola EGIBCN.","breadcrumb":{"@id":"https:\/\/kind-swartz.5-175-42-214.plesk.page\/ca\/curso\/uf0887-montaje-y-mantenimiento-de-instalaciones-electricas-en-interior-barcelona\/#breadcrumb"},"inLanguage":"ca","potentialAction":[{"@type":"ReadAction","target":["https:\/\/kind-swartz.5-175-42-214.plesk.page\/ca\/curso\/uf0887-montaje-y-mantenimiento-de-instalaciones-electricas-en-interior-barcelona\/"]}]},{"@type":"ImageObject","inLanguage":"ca","@id":"https:\/\/kind-swartz.5-175-42-214.plesk.page\/ca\/curso\/uf0887-montaje-y-mantenimiento-de-instalaciones-electricas-en-interior-barcelona\/#primaryimage","url":"https:\/\/kind-swartz.5-175-42-214.plesk.page\/wp-content\/uploads\/2023\/02\/AdobeStock_469246371.jpg","contentUrl":"https:\/\/kind-swartz.5-175-42-214.plesk.page\/wp-content\/uploads\/2023\/02\/AdobeStock_469246371.jpg","width":600,"height":400,"caption":"Curs d\u00b4Electricitat Barcelona"},{"@type":"BreadcrumbList","@id":"https:\/\/kind-swartz.5-175-42-214.plesk.page\/ca\/curso\/uf0887-montaje-y-mantenimiento-de-instalaciones-electricas-en-interior-barcelona\/#breadcrumb","itemListElement":[{"@type":"ListItem","position":1,"name":"Portada","item":"https:\/\/kind-swartz.5-175-42-214.plesk.page\/ca\/"},{"@type":"ListItem","position":2,"name":"Todos nuestros cursos","item":"https:\/\/kind-swartz.5-175-42-214.plesk.page\/todos-los-cursos\/"},{"@type":"ListItem","position":3,"name":"Curs UF0887 Muntatge i manteniment d&#8217;instal\u00b7lacions el\u00e8ctriques a l&#8217;interior"}]},{"@type":"WebSite","@id":"https:\/\/kind-swartz.5-175-42-214.plesk.page\/ca\/#website","url":"https:\/\/kind-swartz.5-175-42-214.plesk.page\/ca\/","name":"EGIBCN","description":"Escola Gremial d\u2019Electricitat i Fontaneria De Barcelona","publisher":{"@id":"https:\/\/kind-swartz.5-175-42-214.plesk.page\/ca\/#organization"},"potentialAction":[{"@type":"SearchAction","target":{"@type":"EntryPoint","urlTemplate":"https:\/\/kind-swartz.5-175-42-214.plesk.page\/ca\/?s={search_term_string}"},"query-input":{"@type":"PropertyValueSpecification","valueRequired":true,"valueName":"search_term_string"}}],"inLanguage":"ca"},{"@type":"Organization","@id":"https:\/\/kind-swartz.5-175-42-214.plesk.page\/ca\/#organization","name":"Escola Gremial d'Instal.ladors d'Electricitat i Fontaneria de Barcelona","url":"https:\/\/kind-swartz.5-175-42-214.plesk.page\/ca\/","logo":{"@type":"ImageObject","inLanguage":"ca","@id":"https:\/\/kind-swartz.5-175-42-214.plesk.page\/ca\/#\/schema\/logo\/image\/","url":"https:\/\/kind-swartz.5-175-42-214.plesk.page\/wp-content\/uploads\/2022\/11\/logo-1.jpg","contentUrl":"https:\/\/kind-swartz.5-175-42-214.plesk.page\/wp-content\/uploads\/2022\/11\/logo-1.jpg","width":201,"height":78,"caption":"Escola Gremial d'Instal.ladors d'Electricitat i Fontaneria de Barcelona"},"image":{"@id":"https:\/\/kind-swartz.5-175-42-214.plesk.page\/ca\/#\/schema\/logo\/image\/"},"sameAs":["https:\/\/www.facebook.com\/EGIBCN","https:\/\/x.com\/EGIBCN","https:\/\/www.youtube.com\/channel\/UC2zCKuwrvM4wGk97Hpmb5LA","https:\/\/www.instagram.com\/escolagremial\/"]}]}},"_links":{"self":[{"href":"https:\/\/kind-swartz.5-175-42-214.plesk.page\/ca\/wp-json\/wp\/v2\/product\/5890","targetHints":{"allow":["GET"]}}],"collection":[{"href":"https:\/\/kind-swartz.5-175-42-214.plesk.page\/ca\/wp-json\/wp\/v2\/product"}],"about":[{"href":"https:\/\/kind-swartz.5-175-42-214.plesk.page\/ca\/wp-json\/wp\/v2\/types\/product"}],"wp:featuredmedia":[{"embeddable":true,"href":"https:\/\/kind-swartz.5-175-42-214.plesk.page\/ca\/wp-json\/wp\/v2\/media\/5333"}],"wp:attachment":[{"href":"https:\/\/kind-swartz.5-175-42-214.plesk.page\/ca\/wp-json\/wp\/v2\/media?parent=5890"}],"wp:term":[{"taxonomy":"product_brand","embeddable":true,"href":"https:\/\/kind-swartz.5-175-42-214.plesk.page\/ca\/wp-json\/wp\/v2\/product_brand?post=5890"},{"taxonomy":"product_cat","embeddable":true,"href":"https:\/\/kind-swartz.5-175-42-214.plesk.page\/ca\/wp-json\/wp\/v2\/product_cat?post=5890"},{"taxonomy":"product_tag","embeddable":true,"href":"https:\/\/kind-swartz.5-175-42-214.plesk.page\/ca\/wp-json\/wp\/v2\/product_tag?post=5890"}],"curies":[{"name":"wp","href":"https:\/\/api.w.org\/{rel}","templated":true}]}}