{"id":5894,"date":"2023-02-09T18:20:29","date_gmt":"2023-02-09T16:20:29","guid":{"rendered":"https:\/\/kind-swartz.5-175-42-214.plesk.page\/curso\/aire-acondicionado-split-barcelona\/"},"modified":"2024-02-20T14:50:22","modified_gmt":"2024-02-20T13:50:22","slug":"aire-acondicionado-split-barcelona","status":"publish","type":"product","link":"https:\/\/kind-swartz.5-175-42-214.plesk.page\/ca\/curso\/aire-acondicionado-split-barcelona\/","title":{"rendered":"Curs d\u00b4instal\u00b7lador d\u00b4aire condicionat split a Barcelona"},"content":{"rendered":"<h2>Objectius del curs<\/h2>\n<p>Proporcionar la formaci\u00f3 adequada per al muntatge, desmuntatge i an\u00e0lisi dels aparells Split.<\/p>\n<h2>Desenvolupament del curs<\/h2>\n<p>Est\u00e0s interessat a convertir-te en instal\u00b7lador de sistemes d&#8217;aire condicionat tipus split? Aleshores el nostre curs \u00e9s perfecte per a tu!<\/p>\n<p>Durant la formaci\u00f3, rebr\u00e0s tota la <strong>documentaci\u00f3 t\u00e8cnica<\/strong> necess\u00e0ria per convertir-te en un instal\u00b7lador professional.<\/p>\n<p>Les <strong>pr\u00e0ctiques a l&#8217;aula taller de la nostra Escola et<\/strong> permetran posar en pr\u00e0ctica tot all\u00f2 apr\u00e8s i adquirir les habilitats necess\u00e0ries per aplicar-les al teu futur treball. A m\u00e9s a m\u00e9s, per garantir una <strong>formaci\u00f3 de qualitat, cada curs tindr\u00e0 un m\u00e0xim de 15 alumnes.<\/strong><\/p>\n<p>Al final del curs, ser\u00e0s avaluat i <strong>se&#8217;t lliurar\u00e0 un diploma acreditatiu<\/strong> per demostrar la teva compet\u00e8ncia i habilitats. No perdis l&#8217;oportunitat de formar-te en una carrera prometedora i en creixement constant! <strong>Preinscriu-te avui<\/strong> al nostre curs d&#8217;instal\u00b7ladors d&#8217;aparells d&#8217;aire condicionat tipus split!<\/p>\n<h2 class=\"fusion-responsive-typography-calculated\" data-fontsize=\"23\" data-lineheight=\"25.99px\">Durada i horari del curs<\/h2>\n<p><strong>Data d&#8217;inici:<\/strong> segons la convocat\u00f2ria. <b>Preinscriu-te i t&#8217;avisarem amb antelaci\u00f3.<\/b><\/p>\n<p><strong>Horari:<\/strong> les classes es fan en horari de tarda.<\/p>\n<p><strong>Durada:<\/strong> 20 hores de formaci\u00f3.<\/p>\n<p><span style=\"color: #808080;\">Quan obriu el termini d&#8217;inscripcions us informarem de la data i l&#8217;horari exacte de les classes.<\/span><\/p>\n<h2>Descompte per a agremiats i persones aturades<\/h2>\n<p>Pertanys a algun gremi de FEGICAT? Si \u00e9s aix\u00ed, <strong>et podr\u00e0s beneficiar de grans descomptes<\/strong> en aquest i altres cursos de la nostra web.<\/p>\n<p>Si encara no est\u00e0s agremiat, et recordem que  <strong>Egibcn \u00e9s l&#8217;escola oficial del Gremi d&#8217;Instal\u00b7ladors de Barcelona<\/strong>, de manera que si vols gaudir dels beneficis de pert\u00e0nyer al  <strong>gremi d&#8217;instal\u00b7ladors m\u00e9s important de Barcelona<\/strong>, us recomanem que contacteu amb ells i entreu a formar part d&#8217;aquesta gran fam\u00edlia.<\/p>\n<p>Les <strong>persones aturades<\/strong> que tinguin inter\u00e8s a formar-se, tamb\u00e9 <strong>es podran beneficiar de descomptes en el preu total<\/strong> .<\/p>\n<p>Si tens algun dubte, posa&#8217;t en contacte amb nosaltres a trav\u00e9s de la web, i et respondrem encantats.<\/p>\n<p>&nbsp;<\/p>\n","protected":false},"excerpt":{"rendered":"[fusion_button link=\"\" title=\"\" target=\"_self\" link_attributes=\"\" alignment_medium=\"\" alignment_small=\"\" alignment=\"center\" modal=\"\" hide_on_mobile=\"small-visibility,medium-visibility,large-visibility\" sticky_display=\"normal,sticky\" class=\"\" id=\"\" color=\"custom\" button_gradient_top_color=\"#ed8138\" hue=\"\" saturation=\"\" lightness=\"\" alpha=\"\" button_gradient_bottom_color=\"#ed8138\" button_gradient_top_color_hover=\"#ed8138\" button_gradient_bottom_color_hover=\"#ed8138\" gradient_start_position=\"\" gradient_end_position=\"\" gradient_type=\"\" radial_direction=\"\" linear_angle=\"180\" accent_color=\"\" accent_hover_color=\"\" type=\"flat\" bevel_color=\"\" bevel_color_hover=\"\" border_top=\"\" border_right=\"\" border_bottom=\"\" border_left=\"\" border_radius_top_left=\"0\" border_radius_top_right=\"0\" border_radius_bottom_right=\"0\" border_radius_bottom_left=\"0\" border_color=\"\" border_hover_color=\"\" size=\"\" padding_top=\"\" padding_right=\"\" padding_bottom=\"\" padding_left=\"\" fusion_font_family_button_font=\"\" fusion_font_variant_button_font=\"\" font_size=\"14\" line_height=\"\" letter_spacing=\"\" text_transform=\"\" stretch=\"yes\" margin_top=\"20\" margin_right=\"\" margin_bottom=\"20\" margin_left=\"\" icon=\"\" icon_position=\"left\" icon_divider=\"no\" hover_transition=\"none\" animation_type=\"bounce\" animation_direction=\"static\" animation_color=\"\" animation_speed=\"1.0\" animation_delay=\"0.5\" animation_offset=\"\"]curs sense programaci\u00f3 actualment[\/fusion_button]\n","protected":false},"featured_media":5209,"template":"","meta":{"_acf_changed":false},"product_brand":[],"product_cat":[110],"product_tag":[111],"class_list":{"0":"post-5894","1":"product","2":"type-product","3":"status-publish","4":"has-post-thumbnail","6":"product_cat-calefaccio-i-climatitzacio","7":"product_tag-web-pv-ca","9":"first","10":"outofstock","11":"virtual","12":"sold-individually","13":"product-type-simple"},"acf":[],"yoast_head":"<!-- This site is optimized with the Yoast SEO plugin v27.3 - https:\/\/yoast.com\/product\/yoast-seo-wordpress\/ -->\n<title>Curs Instal\u00b7lador d&#039;Aire Condicionat Split a Barcelona<\/title>\n<meta name=\"description\" content=\"lll\u27a4 Curs Instal\u00b7lador d&#039;Aire Condicionat Split. Inscriu-te a l&#039;escola oficial del Gremi d&#039;Instal\u00b7ladors de Barcelona. Places Limitades!\" \/>\n<meta name=\"robots\" content=\"noindex, follow, max-snippet:-1, max-image-preview:large, max-video-preview:-1\" \/>\n<meta property=\"og:locale\" content=\"ca_ES\" \/>\n<meta property=\"og:type\" content=\"article\" \/>\n<meta property=\"og:title\" content=\"Curs Instal\u00b7lador d&#039;Aire Condicionat Split a Barcelona\" \/>\n<meta property=\"og:description\" content=\"lll\u27a4 Curs Instal\u00b7lador d&#039;Aire Condicionat Split. Inscriu-te a l&#039;escola oficial del Gremi d&#039;Instal\u00b7ladors de Barcelona. Places Limitades!\" \/>\n<meta property=\"og:url\" content=\"https:\/\/kind-swartz.5-175-42-214.plesk.page\/ca\/curso\/aire-acondicionado-split-barcelona\/\" \/>\n<meta property=\"og:site_name\" content=\"EGIBCN\" \/>\n<meta property=\"article:publisher\" content=\"https:\/\/www.facebook.com\/EGIBCN\" \/>\n<meta property=\"article:modified_time\" content=\"2024-02-20T13:50:22+00:00\" \/>\n<meta property=\"og:image\" content=\"https:\/\/kind-swartz.5-175-42-214.plesk.page\/wp-content\/uploads\/2022\/12\/Curso-subvencionado-en-Barcelona.jpg\" \/>\n\t<meta property=\"og:image:width\" content=\"600\" \/>\n\t<meta property=\"og:image:height\" content=\"400\" \/>\n\t<meta property=\"og:image:type\" content=\"image\/jpeg\" \/>\n<meta name=\"twitter:card\" content=\"summary_large_image\" \/>\n<meta name=\"twitter:site\" content=\"@EGIBCN\" \/>\n<script type=\"application\/ld+json\" class=\"yoast-schema-graph\">{\"@context\":\"https:\\\/\\\/schema.org\",\"@graph\":[{\"@type\":\"WebPage\",\"@id\":\"https:\\\/\\\/kind-swartz.5-175-42-214.plesk.page\\\/ca\\\/curso\\\/aire-acondicionado-split-barcelona\\\/\",\"url\":\"https:\\\/\\\/kind-swartz.5-175-42-214.plesk.page\\\/ca\\\/curso\\\/aire-acondicionado-split-barcelona\\\/\",\"name\":\"Curs Instal\u00b7lador d'Aire Condicionat Split a Barcelona\",\"isPartOf\":{\"@id\":\"https:\\\/\\\/kind-swartz.5-175-42-214.plesk.page\\\/ca\\\/#website\"},\"primaryImageOfPage\":{\"@id\":\"https:\\\/\\\/kind-swartz.5-175-42-214.plesk.page\\\/ca\\\/curso\\\/aire-acondicionado-split-barcelona\\\/#primaryimage\"},\"image\":{\"@id\":\"https:\\\/\\\/kind-swartz.5-175-42-214.plesk.page\\\/ca\\\/curso\\\/aire-acondicionado-split-barcelona\\\/#primaryimage\"},\"thumbnailUrl\":\"https:\\\/\\\/kind-swartz.5-175-42-214.plesk.page\\\/wp-content\\\/uploads\\\/2022\\\/12\\\/Curso-subvencionado-en-Barcelona.jpg\",\"datePublished\":\"2023-02-09T16:20:29+00:00\",\"dateModified\":\"2024-02-20T13:50:22+00:00\",\"description\":\"lll\u27a4 Curs Instal\u00b7lador d'Aire Condicionat Split. Inscriu-te a l'escola oficial del Gremi d'Instal\u00b7ladors de Barcelona. Places Limitades!\",\"breadcrumb\":{\"@id\":\"https:\\\/\\\/kind-swartz.5-175-42-214.plesk.page\\\/ca\\\/curso\\\/aire-acondicionado-split-barcelona\\\/#breadcrumb\"},\"inLanguage\":\"ca\",\"potentialAction\":[{\"@type\":\"ReadAction\",\"target\":[\"https:\\\/\\\/kind-swartz.5-175-42-214.plesk.page\\\/ca\\\/curso\\\/aire-acondicionado-split-barcelona\\\/\"]}]},{\"@type\":\"ImageObject\",\"inLanguage\":\"ca\",\"@id\":\"https:\\\/\\\/kind-swartz.5-175-42-214.plesk.page\\\/ca\\\/curso\\\/aire-acondicionado-split-barcelona\\\/#primaryimage\",\"url\":\"https:\\\/\\\/kind-swartz.5-175-42-214.plesk.page\\\/wp-content\\\/uploads\\\/2022\\\/12\\\/Curso-subvencionado-en-Barcelona.jpg\",\"contentUrl\":\"https:\\\/\\\/kind-swartz.5-175-42-214.plesk.page\\\/wp-content\\\/uploads\\\/2022\\\/12\\\/Curso-subvencionado-en-Barcelona.jpg\",\"width\":600,\"height\":400,\"caption\":\"Curs subvencionat a Barcelona\"},{\"@type\":\"BreadcrumbList\",\"@id\":\"https:\\\/\\\/kind-swartz.5-175-42-214.plesk.page\\\/ca\\\/curso\\\/aire-acondicionado-split-barcelona\\\/#breadcrumb\",\"itemListElement\":[{\"@type\":\"ListItem\",\"position\":1,\"name\":\"Portada\",\"item\":\"https:\\\/\\\/kind-swartz.5-175-42-214.plesk.page\\\/ca\\\/\"},{\"@type\":\"ListItem\",\"position\":2,\"name\":\"Todos nuestros cursos\",\"item\":\"https:\\\/\\\/kind-swartz.5-175-42-214.plesk.page\\\/todos-los-cursos\\\/\"},{\"@type\":\"ListItem\",\"position\":3,\"name\":\"Curs d\u00b4instal\u00b7lador d\u00b4aire condicionat split a Barcelona\"}]},{\"@type\":\"WebSite\",\"@id\":\"https:\\\/\\\/kind-swartz.5-175-42-214.plesk.page\\\/ca\\\/#website\",\"url\":\"https:\\\/\\\/kind-swartz.5-175-42-214.plesk.page\\\/ca\\\/\",\"name\":\"EGIBCN\",\"description\":\"Escola Gremial d\u2019Electricitat i Fontaneria De Barcelona\",\"publisher\":{\"@id\":\"https:\\\/\\\/kind-swartz.5-175-42-214.plesk.page\\\/ca\\\/#organization\"},\"potentialAction\":[{\"@type\":\"SearchAction\",\"target\":{\"@type\":\"EntryPoint\",\"urlTemplate\":\"https:\\\/\\\/kind-swartz.5-175-42-214.plesk.page\\\/ca\\\/?s={search_term_string}\"},\"query-input\":{\"@type\":\"PropertyValueSpecification\",\"valueRequired\":true,\"valueName\":\"search_term_string\"}}],\"inLanguage\":\"ca\"},{\"@type\":\"Organization\",\"@id\":\"https:\\\/\\\/kind-swartz.5-175-42-214.plesk.page\\\/ca\\\/#organization\",\"name\":\"Escola Gremial d'Instal.ladors d'Electricitat i Fontaneria de Barcelona\",\"url\":\"https:\\\/\\\/kind-swartz.5-175-42-214.plesk.page\\\/ca\\\/\",\"logo\":{\"@type\":\"ImageObject\",\"inLanguage\":\"ca\",\"@id\":\"https:\\\/\\\/kind-swartz.5-175-42-214.plesk.page\\\/ca\\\/#\\\/schema\\\/logo\\\/image\\\/\",\"url\":\"https:\\\/\\\/kind-swartz.5-175-42-214.plesk.page\\\/wp-content\\\/uploads\\\/2022\\\/11\\\/logo-1.jpg\",\"contentUrl\":\"https:\\\/\\\/kind-swartz.5-175-42-214.plesk.page\\\/wp-content\\\/uploads\\\/2022\\\/11\\\/logo-1.jpg\",\"width\":201,\"height\":78,\"caption\":\"Escola Gremial d'Instal.ladors d'Electricitat i Fontaneria de Barcelona\"},\"image\":{\"@id\":\"https:\\\/\\\/kind-swartz.5-175-42-214.plesk.page\\\/ca\\\/#\\\/schema\\\/logo\\\/image\\\/\"},\"sameAs\":[\"https:\\\/\\\/www.facebook.com\\\/EGIBCN\",\"https:\\\/\\\/x.com\\\/EGIBCN\",\"https:\\\/\\\/www.youtube.com\\\/channel\\\/UC2zCKuwrvM4wGk97Hpmb5LA\",\"https:\\\/\\\/www.instagram.com\\\/escolagremial\\\/\"]}]}<\/script>\n<!-- \/ Yoast SEO plugin. -->","yoast_head_json":{"title":"Curs Instal\u00b7lador d'Aire Condicionat Split a Barcelona","description":"lll\u27a4 Curs Instal\u00b7lador d'Aire Condicionat Split. Inscriu-te a l'escola oficial del Gremi d'Instal\u00b7ladors de Barcelona. Places Limitades!","robots":{"index":"noindex","follow":"follow","max-snippet":"max-snippet:-1","max-image-preview":"max-image-preview:large","max-video-preview":"max-video-preview:-1"},"og_locale":"ca_ES","og_type":"article","og_title":"Curs Instal\u00b7lador d'Aire Condicionat Split a Barcelona","og_description":"lll\u27a4 Curs Instal\u00b7lador d'Aire Condicionat Split. Inscriu-te a l'escola oficial del Gremi d'Instal\u00b7ladors de Barcelona. Places Limitades!","og_url":"https:\/\/kind-swartz.5-175-42-214.plesk.page\/ca\/curso\/aire-acondicionado-split-barcelona\/","og_site_name":"EGIBCN","article_publisher":"https:\/\/www.facebook.com\/EGIBCN","article_modified_time":"2024-02-20T13:50:22+00:00","og_image":[{"width":600,"height":400,"url":"https:\/\/kind-swartz.5-175-42-214.plesk.page\/wp-content\/uploads\/2022\/12\/Curso-subvencionado-en-Barcelona.jpg","type":"image\/jpeg"}],"twitter_card":"summary_large_image","twitter_site":"@EGIBCN","schema":{"@context":"https:\/\/schema.org","@graph":[{"@type":"WebPage","@id":"https:\/\/kind-swartz.5-175-42-214.plesk.page\/ca\/curso\/aire-acondicionado-split-barcelona\/","url":"https:\/\/kind-swartz.5-175-42-214.plesk.page\/ca\/curso\/aire-acondicionado-split-barcelona\/","name":"Curs Instal\u00b7lador d'Aire Condicionat Split a Barcelona","isPartOf":{"@id":"https:\/\/kind-swartz.5-175-42-214.plesk.page\/ca\/#website"},"primaryImageOfPage":{"@id":"https:\/\/kind-swartz.5-175-42-214.plesk.page\/ca\/curso\/aire-acondicionado-split-barcelona\/#primaryimage"},"image":{"@id":"https:\/\/kind-swartz.5-175-42-214.plesk.page\/ca\/curso\/aire-acondicionado-split-barcelona\/#primaryimage"},"thumbnailUrl":"https:\/\/kind-swartz.5-175-42-214.plesk.page\/wp-content\/uploads\/2022\/12\/Curso-subvencionado-en-Barcelona.jpg","datePublished":"2023-02-09T16:20:29+00:00","dateModified":"2024-02-20T13:50:22+00:00","description":"lll\u27a4 Curs Instal\u00b7lador d'Aire Condicionat Split. Inscriu-te a l'escola oficial del Gremi d'Instal\u00b7ladors de Barcelona. Places Limitades!","breadcrumb":{"@id":"https:\/\/kind-swartz.5-175-42-214.plesk.page\/ca\/curso\/aire-acondicionado-split-barcelona\/#breadcrumb"},"inLanguage":"ca","potentialAction":[{"@type":"ReadAction","target":["https:\/\/kind-swartz.5-175-42-214.plesk.page\/ca\/curso\/aire-acondicionado-split-barcelona\/"]}]},{"@type":"ImageObject","inLanguage":"ca","@id":"https:\/\/kind-swartz.5-175-42-214.plesk.page\/ca\/curso\/aire-acondicionado-split-barcelona\/#primaryimage","url":"https:\/\/kind-swartz.5-175-42-214.plesk.page\/wp-content\/uploads\/2022\/12\/Curso-subvencionado-en-Barcelona.jpg","contentUrl":"https:\/\/kind-swartz.5-175-42-214.plesk.page\/wp-content\/uploads\/2022\/12\/Curso-subvencionado-en-Barcelona.jpg","width":600,"height":400,"caption":"Curs subvencionat a Barcelona"},{"@type":"BreadcrumbList","@id":"https:\/\/kind-swartz.5-175-42-214.plesk.page\/ca\/curso\/aire-acondicionado-split-barcelona\/#breadcrumb","itemListElement":[{"@type":"ListItem","position":1,"name":"Portada","item":"https:\/\/kind-swartz.5-175-42-214.plesk.page\/ca\/"},{"@type":"ListItem","position":2,"name":"Todos nuestros cursos","item":"https:\/\/kind-swartz.5-175-42-214.plesk.page\/todos-los-cursos\/"},{"@type":"ListItem","position":3,"name":"Curs d\u00b4instal\u00b7lador d\u00b4aire condicionat split a Barcelona"}]},{"@type":"WebSite","@id":"https:\/\/kind-swartz.5-175-42-214.plesk.page\/ca\/#website","url":"https:\/\/kind-swartz.5-175-42-214.plesk.page\/ca\/","name":"EGIBCN","description":"Escola Gremial d\u2019Electricitat i Fontaneria De Barcelona","publisher":{"@id":"https:\/\/kind-swartz.5-175-42-214.plesk.page\/ca\/#organization"},"potentialAction":[{"@type":"SearchAction","target":{"@type":"EntryPoint","urlTemplate":"https:\/\/kind-swartz.5-175-42-214.plesk.page\/ca\/?s={search_term_string}"},"query-input":{"@type":"PropertyValueSpecification","valueRequired":true,"valueName":"search_term_string"}}],"inLanguage":"ca"},{"@type":"Organization","@id":"https:\/\/kind-swartz.5-175-42-214.plesk.page\/ca\/#organization","name":"Escola Gremial d'Instal.ladors d'Electricitat i Fontaneria de Barcelona","url":"https:\/\/kind-swartz.5-175-42-214.plesk.page\/ca\/","logo":{"@type":"ImageObject","inLanguage":"ca","@id":"https:\/\/kind-swartz.5-175-42-214.plesk.page\/ca\/#\/schema\/logo\/image\/","url":"https:\/\/kind-swartz.5-175-42-214.plesk.page\/wp-content\/uploads\/2022\/11\/logo-1.jpg","contentUrl":"https:\/\/kind-swartz.5-175-42-214.plesk.page\/wp-content\/uploads\/2022\/11\/logo-1.jpg","width":201,"height":78,"caption":"Escola Gremial d'Instal.ladors d'Electricitat i Fontaneria de Barcelona"},"image":{"@id":"https:\/\/kind-swartz.5-175-42-214.plesk.page\/ca\/#\/schema\/logo\/image\/"},"sameAs":["https:\/\/www.facebook.com\/EGIBCN","https:\/\/x.com\/EGIBCN","https:\/\/www.youtube.com\/channel\/UC2zCKuwrvM4wGk97Hpmb5LA","https:\/\/www.instagram.com\/escolagremial\/"]}]}},"_links":{"self":[{"href":"https:\/\/kind-swartz.5-175-42-214.plesk.page\/ca\/wp-json\/wp\/v2\/product\/5894","targetHints":{"allow":["GET"]}}],"collection":[{"href":"https:\/\/kind-swartz.5-175-42-214.plesk.page\/ca\/wp-json\/wp\/v2\/product"}],"about":[{"href":"https:\/\/kind-swartz.5-175-42-214.plesk.page\/ca\/wp-json\/wp\/v2\/types\/product"}],"wp:featuredmedia":[{"embeddable":true,"href":"https:\/\/kind-swartz.5-175-42-214.plesk.page\/ca\/wp-json\/wp\/v2\/media\/5209"}],"wp:attachment":[{"href":"https:\/\/kind-swartz.5-175-42-214.plesk.page\/ca\/wp-json\/wp\/v2\/media?parent=5894"}],"wp:term":[{"taxonomy":"product_brand","embeddable":true,"href":"https:\/\/kind-swartz.5-175-42-214.plesk.page\/ca\/wp-json\/wp\/v2\/product_brand?post=5894"},{"taxonomy":"product_cat","embeddable":true,"href":"https:\/\/kind-swartz.5-175-42-214.plesk.page\/ca\/wp-json\/wp\/v2\/product_cat?post=5894"},{"taxonomy":"product_tag","embeddable":true,"href":"https:\/\/kind-swartz.5-175-42-214.plesk.page\/ca\/wp-json\/wp\/v2\/product_tag?post=5894"}],"curies":[{"name":"wp","href":"https:\/\/api.w.org\/{rel}","templated":true}]}}