{"id":5915,"date":"2023-02-08T14:04:35","date_gmt":"2023-02-08T13:04:35","guid":{"rendered":"https:\/\/kind-swartz.5-175-42-214.plesk.page\/curso\/competencia-basica-electricidad-entidad-certificadora-barcelona\/"},"modified":"2025-01-14T16:58:50","modified_gmt":"2025-01-14T15:58:50","slug":"competencia-basica-electricidad-entidad-certificadora-barcelona","status":"publish","type":"product","link":"https:\/\/kind-swartz.5-175-42-214.plesk.page\/ca\/curso\/competencia-basica-electricidad-entidad-certificadora-barcelona\/","title":{"rendered":"Curs de Compet\u00e8ncia B\u00e0sica Electricitat &#8211; Entitat Certificadora"},"content":{"rendered":"<h2>Quin \u00e9s lobjectiu del curs?<\/h2>\n<p>L&#8217;objectiu d&#8217;aquest curs te\u00f2ric-pr\u00e0ctic \u00e9s <strong>obtenir l&#8217;habilitaci\u00f3 professional<\/strong> (carnet d&#8217;instal\u00b7lador autoritzat) que acredita com a <strong>instal\u00b7lador el\u00e8ctric de baixa tensi\u00f3<\/strong> a la categoria b\u00e0sica amb validesa legal a tot Espanya.<\/p>\n<h2>Durada del curs instal\u00b7lador el\u00e8ctric<\/h2>\n<p><strong>Data d&#8217;inici:<\/strong> preinscriu-te per ser avisat amb antelaci\u00f3 de la data d&#8217;inici i poder matricular-te.<\/p>\n<p><strong>Horari:<\/strong> les classes pr\u00e0ctiques al nostre taller es realitzen a les tardes.<\/p>\n<p><strong>Durada:<\/strong> 350 hores de formaci\u00f3.<\/p>\n<ul>\n<li><strong>300 hores Instalcampus<\/strong> (250 hores d&#8217;aula virtual amb professor + 50 hores en l\u00ednia).<\/li>\n<li><strong>50 hores de pr\u00e0ctiques al nostre taller.<\/strong><\/li>\n<\/ul>\n<h2>Quina \u00e9s la metodologia del curs?<\/h2>\n<p>Per a la <strong>preparaci\u00f3 i posterior obtenci\u00f3 del carnet d&#8217;instal\u00b7lador el\u00e8ctric a Barcelona<\/strong> , \u200b\u200bus formarem de manera online a trav\u00e9s de la reconeguda <strong>plataforma Instalcampus<\/strong> , on disposareu de tot el material did\u00e0ctic que necessiteu aix\u00ed com el suport d&#8217;un professorat especialitzat.<\/p>\n<p>Les <strong>classes presencials pr\u00e0ctiques<\/strong> , les realitzar\u00e0s al taller habilitat al <strong>nostre centre formatiu<\/strong> .<\/p>\n<p>L&#8217;examen (te\u00f2ric i pr\u00e0ctic) es realitzar\u00e0 en finalitzar la formaci\u00f3, per part de l&#8217;entitat acreditadora de persones a la nostra escola de Barcelona i al <strong>mateix taller on vas realitzar les pr\u00e0ctiques<\/strong> , previ pagament de les taxes corresponents.<\/p>\n<p>El contingut daquesta formaci\u00f3 respon a la <strong>darrera actualitzaci\u00f3 anunciada mitjan\u00e7ant el Reial Decret 298\/2021 de 27 dabril de 2021<\/strong> pel qual es modifiquen diverses normes reglament\u00e0ries en mat\u00e8ria de seguretat industrial.<\/p>\n<h2>Quina titulaci\u00f3 obtens amb aquesta formaci\u00f3?<\/h2>\n<p>Despr\u00e9s de realitzar aquest curs i superar l&#8217;examen final, obtindreu el carnet oficial homologat per Ind\u00fastria per exercir funcions d&#8217;instal\u00b7lador electricista en baixa tensi\u00f3.<\/p>\n<h2>Ja teniu el carnet d&#8217;instal\u00b7lador el\u00e8ctric a Barcelona?<\/h2>\n<p>Un cop has obtingut la teva acreditaci\u00f3 per poder exercir la funci\u00f3 d&#8217;electricista certificat a Espanya, segurament t&#8217;entren <strong>dubtes sobre legislaci\u00f3, documentaci\u00f3 necess\u00e0ria o temes legals.<\/strong><\/p>\n<p>Per acompanyar-te en el teu nou cam\u00ed professional, <strong>et recomanem que entris a formar part<\/strong> del <strong>gremi<\/strong> m\u00e9s gran d&#8217;instal\u00b7ladors el\u00e8ctrics de Barcelona.<\/p>\n<p>Des del <strong>Gremi d&#8217;Instal\u00b7ladors de Barcelona<\/strong> , \u200b\u200bt&#8217;ajudaran a resoldre tots els teus dubtes perqu\u00e8 tu dediquis el teu temps a all\u00f2 que realment importa, <strong>fer cr\u00e9ixer el teu negoci.<\/strong><\/p>\n","protected":false},"excerpt":{"rendered":"[fusion_button link=\"\" title=\"\" target=\"_self\" link_attributes=\"\" alignment_medium=\"\" alignment_small=\"\" alignment=\"center\" modal=\"\" hide_on_mobile=\"small-visibility,medium-visibility,large-visibility\" sticky_display=\"normal,sticky\" class=\"\" id=\"\" color=\"custom\" button_gradient_top_color=\"#ed8138\" hue=\"\" saturation=\"\" lightness=\"\" alpha=\"\" button_gradient_bottom_color=\"#ed8138\" button_gradient_top_color_hover=\"#ed8138\" button_gradient_bottom_color_hover=\"#ed8138\" gradient_start_position=\"\" gradient_end_position=\"\" gradient_type=\"\" radial_direction=\"\" linear_angle=\"180\" accent_color=\"\" accent_hover_color=\"\" type=\"flat\" bevel_color=\"\" bevel_color_hover=\"\" border_top=\"\" border_right=\"\" border_bottom=\"\" border_left=\"\" border_radius_top_left=\"0\" border_radius_top_right=\"0\" border_radius_bottom_right=\"0\" border_radius_bottom_left=\"0\" border_color=\"\" border_hover_color=\"\" size=\"\" padding_top=\"\" padding_right=\"\" padding_bottom=\"\" padding_left=\"\" fusion_font_family_button_font=\"\" fusion_font_variant_button_font=\"\" font_size=\"14\" line_height=\"\" letter_spacing=\"\" text_transform=\"\" stretch=\"yes\" margin_top=\"20\" margin_right=\"\" margin_bottom=\"20\" margin_left=\"\" icon=\"\" icon_position=\"left\" icon_divider=\"no\" hover_transition=\"none\" animation_type=\"bounce\" animation_direction=\"static\" animation_color=\"\" animation_speed=\"1.0\" animation_delay=\"0.5\" animation_offset=\"\"]Data d&#8217;inici prevista: 10 de febrer de 2025[\/fusion_button]\n","protected":false},"featured_media":5170,"template":"","meta":{"_acf_changed":false},"product_brand":[],"product_cat":[124,114],"product_tag":[111],"class_list":{"0":"post-5915","1":"product","2":"type-product","3":"status-publish","4":"has-post-thumbnail","6":"product_cat-carnet-dinstallador-autoritzat","7":"product_cat-electricitat","8":"product_tag-web-pv-ca","10":"first","11":"outofstock","12":"virtual","13":"sold-individually","14":"product-type-simple"},"acf":[],"yoast_head":"<!-- This site is optimized with the Yoast SEO plugin v27.3 - https:\/\/yoast.com\/product\/yoast-seo-wordpress\/ -->\n<title>Curs de Compet\u00e8ncia B\u00e0sica Electricitat - Entitat Certificadora<\/title>\n<meta name=\"description\" content=\"lll\u27a4 Curs de Compet\u00e8ncia B\u00e0sica Electricitat - Entitat Certificadora. Escola per a professionals del sector Places Limitades!\" \/>\n<meta name=\"robots\" content=\"noindex, follow, max-snippet:-1, max-image-preview:large, max-video-preview:-1\" \/>\n<meta property=\"og:locale\" content=\"ca_ES\" \/>\n<meta property=\"og:type\" content=\"article\" \/>\n<meta property=\"og:title\" content=\"Curs de Compet\u00e8ncia B\u00e0sica Electricitat - Entitat Certificadora\" \/>\n<meta property=\"og:description\" content=\"lll\u27a4 Curs de Compet\u00e8ncia B\u00e0sica Electricitat - Entitat Certificadora. Escola per a professionals del sector Places Limitades!\" \/>\n<meta property=\"og:url\" content=\"https:\/\/kind-swartz.5-175-42-214.plesk.page\/ca\/curso\/competencia-basica-electricidad-entidad-certificadora-barcelona\/\" \/>\n<meta property=\"og:site_name\" content=\"EGIBCN\" \/>\n<meta property=\"article:publisher\" content=\"https:\/\/www.facebook.com\/EGIBCN\" \/>\n<meta property=\"article:modified_time\" content=\"2025-01-14T15:58:50+00:00\" \/>\n<meta property=\"og:image\" content=\"https:\/\/kind-swartz.5-175-42-214.plesk.page\/wp-content\/uploads\/2022\/12\/Centro-de-estudios-en-Barcelona-carnet-de-instalador-autorizado.jpg\" \/>\n\t<meta property=\"og:image:width\" content=\"600\" \/>\n\t<meta property=\"og:image:height\" content=\"400\" \/>\n\t<meta property=\"og:image:type\" content=\"image\/jpeg\" \/>\n<meta name=\"twitter:card\" content=\"summary_large_image\" \/>\n<meta name=\"twitter:site\" content=\"@EGIBCN\" \/>\n<script type=\"application\/ld+json\" class=\"yoast-schema-graph\">{\"@context\":\"https:\\\/\\\/schema.org\",\"@graph\":[{\"@type\":\"WebPage\",\"@id\":\"https:\\\/\\\/kind-swartz.5-175-42-214.plesk.page\\\/ca\\\/curso\\\/competencia-basica-electricidad-entidad-certificadora-barcelona\\\/\",\"url\":\"https:\\\/\\\/kind-swartz.5-175-42-214.plesk.page\\\/ca\\\/curso\\\/competencia-basica-electricidad-entidad-certificadora-barcelona\\\/\",\"name\":\"Curs de Compet\u00e8ncia B\u00e0sica Electricitat - Entitat Certificadora\",\"isPartOf\":{\"@id\":\"https:\\\/\\\/kind-swartz.5-175-42-214.plesk.page\\\/ca\\\/#website\"},\"primaryImageOfPage\":{\"@id\":\"https:\\\/\\\/kind-swartz.5-175-42-214.plesk.page\\\/ca\\\/curso\\\/competencia-basica-electricidad-entidad-certificadora-barcelona\\\/#primaryimage\"},\"image\":{\"@id\":\"https:\\\/\\\/kind-swartz.5-175-42-214.plesk.page\\\/ca\\\/curso\\\/competencia-basica-electricidad-entidad-certificadora-barcelona\\\/#primaryimage\"},\"thumbnailUrl\":\"https:\\\/\\\/kind-swartz.5-175-42-214.plesk.page\\\/wp-content\\\/uploads\\\/2022\\\/12\\\/Centro-de-estudios-en-Barcelona-carnet-de-instalador-autorizado.jpg\",\"datePublished\":\"2023-02-08T13:04:35+00:00\",\"dateModified\":\"2025-01-14T15:58:50+00:00\",\"description\":\"lll\u27a4 Curs de Compet\u00e8ncia B\u00e0sica Electricitat - Entitat Certificadora. Escola per a professionals del sector Places Limitades!\",\"breadcrumb\":{\"@id\":\"https:\\\/\\\/kind-swartz.5-175-42-214.plesk.page\\\/ca\\\/curso\\\/competencia-basica-electricidad-entidad-certificadora-barcelona\\\/#breadcrumb\"},\"inLanguage\":\"ca\",\"potentialAction\":[{\"@type\":\"ReadAction\",\"target\":[\"https:\\\/\\\/kind-swartz.5-175-42-214.plesk.page\\\/ca\\\/curso\\\/competencia-basica-electricidad-entidad-certificadora-barcelona\\\/\"]}]},{\"@type\":\"ImageObject\",\"inLanguage\":\"ca\",\"@id\":\"https:\\\/\\\/kind-swartz.5-175-42-214.plesk.page\\\/ca\\\/curso\\\/competencia-basica-electricidad-entidad-certificadora-barcelona\\\/#primaryimage\",\"url\":\"https:\\\/\\\/kind-swartz.5-175-42-214.plesk.page\\\/wp-content\\\/uploads\\\/2022\\\/12\\\/Centro-de-estudios-en-Barcelona-carnet-de-instalador-autorizado.jpg\",\"contentUrl\":\"https:\\\/\\\/kind-swartz.5-175-42-214.plesk.page\\\/wp-content\\\/uploads\\\/2022\\\/12\\\/Centro-de-estudios-en-Barcelona-carnet-de-instalador-autorizado.jpg\",\"width\":600,\"height\":400,\"caption\":\"Centre d'estudis a Barcelona carnet d'instal\u00b7lador autoritzat\"},{\"@type\":\"BreadcrumbList\",\"@id\":\"https:\\\/\\\/kind-swartz.5-175-42-214.plesk.page\\\/ca\\\/curso\\\/competencia-basica-electricidad-entidad-certificadora-barcelona\\\/#breadcrumb\",\"itemListElement\":[{\"@type\":\"ListItem\",\"position\":1,\"name\":\"Portada\",\"item\":\"https:\\\/\\\/kind-swartz.5-175-42-214.plesk.page\\\/ca\\\/\"},{\"@type\":\"ListItem\",\"position\":2,\"name\":\"Todos nuestros cursos\",\"item\":\"https:\\\/\\\/kind-swartz.5-175-42-214.plesk.page\\\/todos-los-cursos\\\/\"},{\"@type\":\"ListItem\",\"position\":3,\"name\":\"Curs de Compet\u00e8ncia B\u00e0sica Electricitat &#8211; Entitat Certificadora\"}]},{\"@type\":\"WebSite\",\"@id\":\"https:\\\/\\\/kind-swartz.5-175-42-214.plesk.page\\\/ca\\\/#website\",\"url\":\"https:\\\/\\\/kind-swartz.5-175-42-214.plesk.page\\\/ca\\\/\",\"name\":\"EGIBCN\",\"description\":\"Escola Gremial d\u2019Electricitat i Fontaneria De Barcelona\",\"publisher\":{\"@id\":\"https:\\\/\\\/kind-swartz.5-175-42-214.plesk.page\\\/ca\\\/#organization\"},\"potentialAction\":[{\"@type\":\"SearchAction\",\"target\":{\"@type\":\"EntryPoint\",\"urlTemplate\":\"https:\\\/\\\/kind-swartz.5-175-42-214.plesk.page\\\/ca\\\/?s={search_term_string}\"},\"query-input\":{\"@type\":\"PropertyValueSpecification\",\"valueRequired\":true,\"valueName\":\"search_term_string\"}}],\"inLanguage\":\"ca\"},{\"@type\":\"Organization\",\"@id\":\"https:\\\/\\\/kind-swartz.5-175-42-214.plesk.page\\\/ca\\\/#organization\",\"name\":\"Escola Gremial d'Instal.ladors d'Electricitat i Fontaneria de Barcelona\",\"url\":\"https:\\\/\\\/kind-swartz.5-175-42-214.plesk.page\\\/ca\\\/\",\"logo\":{\"@type\":\"ImageObject\",\"inLanguage\":\"ca\",\"@id\":\"https:\\\/\\\/kind-swartz.5-175-42-214.plesk.page\\\/ca\\\/#\\\/schema\\\/logo\\\/image\\\/\",\"url\":\"https:\\\/\\\/kind-swartz.5-175-42-214.plesk.page\\\/wp-content\\\/uploads\\\/2022\\\/11\\\/logo-1.jpg\",\"contentUrl\":\"https:\\\/\\\/kind-swartz.5-175-42-214.plesk.page\\\/wp-content\\\/uploads\\\/2022\\\/11\\\/logo-1.jpg\",\"width\":201,\"height\":78,\"caption\":\"Escola Gremial d'Instal.ladors d'Electricitat i Fontaneria de Barcelona\"},\"image\":{\"@id\":\"https:\\\/\\\/kind-swartz.5-175-42-214.plesk.page\\\/ca\\\/#\\\/schema\\\/logo\\\/image\\\/\"},\"sameAs\":[\"https:\\\/\\\/www.facebook.com\\\/EGIBCN\",\"https:\\\/\\\/x.com\\\/EGIBCN\",\"https:\\\/\\\/www.youtube.com\\\/channel\\\/UC2zCKuwrvM4wGk97Hpmb5LA\",\"https:\\\/\\\/www.instagram.com\\\/escolagremial\\\/\"]}]}<\/script>\n<!-- \/ Yoast SEO plugin. -->","yoast_head_json":{"title":"Curs de Compet\u00e8ncia B\u00e0sica Electricitat - Entitat Certificadora","description":"lll\u27a4 Curs de Compet\u00e8ncia B\u00e0sica Electricitat - Entitat Certificadora. Escola per a professionals del sector Places Limitades!","robots":{"index":"noindex","follow":"follow","max-snippet":"max-snippet:-1","max-image-preview":"max-image-preview:large","max-video-preview":"max-video-preview:-1"},"og_locale":"ca_ES","og_type":"article","og_title":"Curs de Compet\u00e8ncia B\u00e0sica Electricitat - Entitat Certificadora","og_description":"lll\u27a4 Curs de Compet\u00e8ncia B\u00e0sica Electricitat - Entitat Certificadora. Escola per a professionals del sector Places Limitades!","og_url":"https:\/\/kind-swartz.5-175-42-214.plesk.page\/ca\/curso\/competencia-basica-electricidad-entidad-certificadora-barcelona\/","og_site_name":"EGIBCN","article_publisher":"https:\/\/www.facebook.com\/EGIBCN","article_modified_time":"2025-01-14T15:58:50+00:00","og_image":[{"width":600,"height":400,"url":"https:\/\/kind-swartz.5-175-42-214.plesk.page\/wp-content\/uploads\/2022\/12\/Centro-de-estudios-en-Barcelona-carnet-de-instalador-autorizado.jpg","type":"image\/jpeg"}],"twitter_card":"summary_large_image","twitter_site":"@EGIBCN","schema":{"@context":"https:\/\/schema.org","@graph":[{"@type":"WebPage","@id":"https:\/\/kind-swartz.5-175-42-214.plesk.page\/ca\/curso\/competencia-basica-electricidad-entidad-certificadora-barcelona\/","url":"https:\/\/kind-swartz.5-175-42-214.plesk.page\/ca\/curso\/competencia-basica-electricidad-entidad-certificadora-barcelona\/","name":"Curs de Compet\u00e8ncia B\u00e0sica Electricitat - Entitat Certificadora","isPartOf":{"@id":"https:\/\/kind-swartz.5-175-42-214.plesk.page\/ca\/#website"},"primaryImageOfPage":{"@id":"https:\/\/kind-swartz.5-175-42-214.plesk.page\/ca\/curso\/competencia-basica-electricidad-entidad-certificadora-barcelona\/#primaryimage"},"image":{"@id":"https:\/\/kind-swartz.5-175-42-214.plesk.page\/ca\/curso\/competencia-basica-electricidad-entidad-certificadora-barcelona\/#primaryimage"},"thumbnailUrl":"https:\/\/kind-swartz.5-175-42-214.plesk.page\/wp-content\/uploads\/2022\/12\/Centro-de-estudios-en-Barcelona-carnet-de-instalador-autorizado.jpg","datePublished":"2023-02-08T13:04:35+00:00","dateModified":"2025-01-14T15:58:50+00:00","description":"lll\u27a4 Curs de Compet\u00e8ncia B\u00e0sica Electricitat - Entitat Certificadora. Escola per a professionals del sector Places Limitades!","breadcrumb":{"@id":"https:\/\/kind-swartz.5-175-42-214.plesk.page\/ca\/curso\/competencia-basica-electricidad-entidad-certificadora-barcelona\/#breadcrumb"},"inLanguage":"ca","potentialAction":[{"@type":"ReadAction","target":["https:\/\/kind-swartz.5-175-42-214.plesk.page\/ca\/curso\/competencia-basica-electricidad-entidad-certificadora-barcelona\/"]}]},{"@type":"ImageObject","inLanguage":"ca","@id":"https:\/\/kind-swartz.5-175-42-214.plesk.page\/ca\/curso\/competencia-basica-electricidad-entidad-certificadora-barcelona\/#primaryimage","url":"https:\/\/kind-swartz.5-175-42-214.plesk.page\/wp-content\/uploads\/2022\/12\/Centro-de-estudios-en-Barcelona-carnet-de-instalador-autorizado.jpg","contentUrl":"https:\/\/kind-swartz.5-175-42-214.plesk.page\/wp-content\/uploads\/2022\/12\/Centro-de-estudios-en-Barcelona-carnet-de-instalador-autorizado.jpg","width":600,"height":400,"caption":"Centre d'estudis a Barcelona carnet d'instal\u00b7lador autoritzat"},{"@type":"BreadcrumbList","@id":"https:\/\/kind-swartz.5-175-42-214.plesk.page\/ca\/curso\/competencia-basica-electricidad-entidad-certificadora-barcelona\/#breadcrumb","itemListElement":[{"@type":"ListItem","position":1,"name":"Portada","item":"https:\/\/kind-swartz.5-175-42-214.plesk.page\/ca\/"},{"@type":"ListItem","position":2,"name":"Todos nuestros cursos","item":"https:\/\/kind-swartz.5-175-42-214.plesk.page\/todos-los-cursos\/"},{"@type":"ListItem","position":3,"name":"Curs de Compet\u00e8ncia B\u00e0sica Electricitat &#8211; Entitat Certificadora"}]},{"@type":"WebSite","@id":"https:\/\/kind-swartz.5-175-42-214.plesk.page\/ca\/#website","url":"https:\/\/kind-swartz.5-175-42-214.plesk.page\/ca\/","name":"EGIBCN","description":"Escola Gremial d\u2019Electricitat i Fontaneria De Barcelona","publisher":{"@id":"https:\/\/kind-swartz.5-175-42-214.plesk.page\/ca\/#organization"},"potentialAction":[{"@type":"SearchAction","target":{"@type":"EntryPoint","urlTemplate":"https:\/\/kind-swartz.5-175-42-214.plesk.page\/ca\/?s={search_term_string}"},"query-input":{"@type":"PropertyValueSpecification","valueRequired":true,"valueName":"search_term_string"}}],"inLanguage":"ca"},{"@type":"Organization","@id":"https:\/\/kind-swartz.5-175-42-214.plesk.page\/ca\/#organization","name":"Escola Gremial d'Instal.ladors d'Electricitat i Fontaneria de Barcelona","url":"https:\/\/kind-swartz.5-175-42-214.plesk.page\/ca\/","logo":{"@type":"ImageObject","inLanguage":"ca","@id":"https:\/\/kind-swartz.5-175-42-214.plesk.page\/ca\/#\/schema\/logo\/image\/","url":"https:\/\/kind-swartz.5-175-42-214.plesk.page\/wp-content\/uploads\/2022\/11\/logo-1.jpg","contentUrl":"https:\/\/kind-swartz.5-175-42-214.plesk.page\/wp-content\/uploads\/2022\/11\/logo-1.jpg","width":201,"height":78,"caption":"Escola Gremial d'Instal.ladors d'Electricitat i Fontaneria de Barcelona"},"image":{"@id":"https:\/\/kind-swartz.5-175-42-214.plesk.page\/ca\/#\/schema\/logo\/image\/"},"sameAs":["https:\/\/www.facebook.com\/EGIBCN","https:\/\/x.com\/EGIBCN","https:\/\/www.youtube.com\/channel\/UC2zCKuwrvM4wGk97Hpmb5LA","https:\/\/www.instagram.com\/escolagremial\/"]}]}},"_links":{"self":[{"href":"https:\/\/kind-swartz.5-175-42-214.plesk.page\/ca\/wp-json\/wp\/v2\/product\/5915","targetHints":{"allow":["GET"]}}],"collection":[{"href":"https:\/\/kind-swartz.5-175-42-214.plesk.page\/ca\/wp-json\/wp\/v2\/product"}],"about":[{"href":"https:\/\/kind-swartz.5-175-42-214.plesk.page\/ca\/wp-json\/wp\/v2\/types\/product"}],"wp:featuredmedia":[{"embeddable":true,"href":"https:\/\/kind-swartz.5-175-42-214.plesk.page\/ca\/wp-json\/wp\/v2\/media\/5170"}],"wp:attachment":[{"href":"https:\/\/kind-swartz.5-175-42-214.plesk.page\/ca\/wp-json\/wp\/v2\/media?parent=5915"}],"wp:term":[{"taxonomy":"product_brand","embeddable":true,"href":"https:\/\/kind-swartz.5-175-42-214.plesk.page\/ca\/wp-json\/wp\/v2\/product_brand?post=5915"},{"taxonomy":"product_cat","embeddable":true,"href":"https:\/\/kind-swartz.5-175-42-214.plesk.page\/ca\/wp-json\/wp\/v2\/product_cat?post=5915"},{"taxonomy":"product_tag","embeddable":true,"href":"https:\/\/kind-swartz.5-175-42-214.plesk.page\/ca\/wp-json\/wp\/v2\/product_tag?post=5915"}],"curies":[{"name":"wp","href":"https:\/\/api.w.org\/{rel}","templated":true}]}}