{"id":5916,"date":"2023-02-09T18:25:27","date_gmt":"2023-02-09T16:25:27","guid":{"rendered":"https:\/\/kind-swartz.5-175-42-214.plesk.page\/curso\/instalacion-y-puesta-en-marcha-aparatos-de-calefaccion-y-climatizacion-de-uso-domestico-en-barcelona\/"},"modified":"2024-02-22T10:00:28","modified_gmt":"2024-02-22T09:00:28","slug":"instalacion-y-puesta-en-marcha-aparatos-de-calefaccion-y-climatizacion-de-uso-domestico-en-barcelona","status":"publish","type":"product","link":"https:\/\/kind-swartz.5-175-42-214.plesk.page\/ca\/curso\/instalacion-y-puesta-en-marcha-aparatos-de-calefaccion-y-climatizacion-de-uso-domestico-en-barcelona\/","title":{"rendered":"CP- Instal\u00b7laci\u00f3 i posada en marxa aparells de calefacci\u00f3 i climatitzaci\u00f3 d&#8217;\u00fas dom\u00e8stic"},"content":{"rendered":"<h2>Durada:<\/h2>\n<p>90 hores<\/p>\n<h2>Horari:<\/h2>\n<p>de dilluns a dijous de 19:00 a 22:00<\/p>\n<h2>Continguts:<\/h2>\n<p>1. Fonaments per a la instal\u00b7laci\u00f3 daparells de calefacci\u00f3 i climatitzaci\u00f3.<br \/>\nEnergia, pot\u00e8ncia, calor, temperatura.<br \/>\nEscales de temperatura.<br \/>\nEquival\u00e8ncies.<br \/>\nProducci\u00f3, transport, emissi\u00f3. Absorci\u00f3 calor\u00edfica.<br \/>\nElements productors i emissors.<br \/>\nElements climatitzadors.<br \/>\nReaccions de combusti\u00f3:<br \/>\n\u2013 Combustibles.<br \/>\nProducci\u00f3 d&#8217;aigua calenta sanit\u00e0ria:<br \/>\n\u2013 Instant\u00e0nia i per acumulaci\u00f3.<br \/>\n&#8211; Dip\u00f2sits daigua calenta sanit\u00e0ria.<br \/>\n&#8211; Sistemes de recirculaci\u00f3 dACC.<br \/>\nFonaments d&#8217;electrot\u00e8cnia:<br \/>\n\u2013 Conceptes b\u00e0sics, esquemes, simbologia.<br \/>\n\u2013 Circuits de comandament i protecci\u00f3.<br \/>\nInterpretaci\u00f3 d&#8217;esquemes el\u00e8ctrics i hidr\u00e0ulics.<br \/>\nCircuits i elements dels aparells de producci\u00f3 de calor. Aprofitament energ\u00e8tic.<br \/>\nRendiments.<br \/>\nEfici\u00e8ncia energ\u00e8tica.<br \/>\nNormativa aplicable a la instal\u00b7laci\u00f3 d&#8217;aparells de calefacci\u00f3 i climatitzaci\u00f3. Reglament d&#8217;instal\u00b7lacions t\u00e8rmiques als edificis (RITE).<\/p>\n<p>2. Tipus daparells de calefacci\u00f3 i climatitzaci\u00f3.<br \/>\nAparells productors de calor:<br \/>\n\u2013 Calderes, escalfadors i cremadors.<br \/>\n\u2013 Tipus, caracter\u00edstiques i propietats.<br \/>\nAparells emissors i absorbidors de calor:<br \/>\n\u2013 Convectors, fan-coils, aeroterms, radiadors.<br \/>\n\u2013 Tipus, caracter\u00edstiques i propietats.<br \/>\nElements de regulaci\u00f3 i control als aparells de calefacci\u00f3 i climatitzaci\u00f3.<\/p>\n<p>3. Provisi\u00f3 i preparaci\u00f3 daparells de calefacci\u00f3 i climatitzaci\u00f3.<br \/>\nPreparaci\u00f3 de ferramentes i manuals dutilitzaci\u00f3.<br \/>\nManeig de ferramentes espec\u00edfiques i t\u00e8cniques operatives.<br \/>\nRecepci\u00f3 i inventari daparells de calefacci\u00f3 i climatitzaci\u00f3.<br \/>\nEmmagatzematge i manteniment al magatzem d&#8217;aparells de calefacci\u00f3 i climatitzaci\u00f3.<\/p>\n<p>4. Muntatge daparells de calefacci\u00f3 i climatitzaci\u00f3.<br \/>\nSuport i fixaci\u00f3 daparells de calefacci\u00f3 i climatitzaci\u00f3. Plantilles i ancoratges.<br \/>\nCol\u00b7locaci\u00f3 de suports.<br \/>\nMuntatge de calderes, escalfadors i termos el\u00e8ctrics.<br \/>\nConnexi\u00f3 a la instal\u00b7laci\u00f3 d&#8217;aigua freda i calenta, ia la instal\u00b7laci\u00f3 de calefacci\u00f3 i de combustible.<br \/>\nMuntatge de radiadors, convectors, aeroterms i fan-coils.<br \/>\nConnexi\u00f3 a la instal\u00b7laci\u00f3 de calefacci\u00f3 i climatitzaci\u00f3.<br \/>\nMuntatge de xemeneies i sortides de gasos per a calderes i escalfadors.<\/p>\n<p>5. Operacions finals dinstal\u00b7laci\u00f3 daparells de calefacci\u00f3 i climatitzaci\u00f3.<br \/>\nComprovaci\u00f3 d&#8217;estanquitat i recepci\u00f3 de fluids als aparells de calefacci\u00f3 i climatitzaci\u00f3. Omplit i purga.<br \/>\nPosada en marxa i comprovaci\u00f3 del bon funcionament dels aparells de calefacci\u00f3 i climatitzaci\u00f3.<br \/>\nComprovaci\u00f3 de la ventilaci\u00f3 als locals amb calderes i escalfadors. Comprovaci\u00f3 de la qualitat de la fixaci\u00f3 i el muntatge.<\/p>\n<p>6. Manteniment daparells de calefacci\u00f3 i climatitzaci\u00f3.<br \/>\nConceptes b\u00e0sics:<br \/>\n\u2013 Manteniment preventiu i correctiu.<br \/>\nManteniment b\u00e0sic de calderes, escalfadors i termos.<br \/>\nManteniment b\u00e0sic d&#8217;aparells de radiadors i climatitzadors<\/p>\n","protected":false},"excerpt":{"rendered":"[fusion_button link=\"\" title=\"\" target=\"_self\" link_attributes=\"\" alignment_medium=\"\" alignment_small=\"\" alignment=\"center\" modal=\"\" hide_on_mobile=\"small-visibility,medium-visibility,large-visibility\" sticky_display=\"normal,sticky\" class=\"\" id=\"\" color=\"custom\" button_gradient_top_color=\"#ed8138\" hue=\"\" saturation=\"\" lightness=\"\" alpha=\"\" button_gradient_bottom_color=\"#ed8138\" button_gradient_top_color_hover=\"#ed8138\" button_gradient_bottom_color_hover=\"#ed8138\" gradient_start_position=\"\" gradient_end_position=\"\" gradient_type=\"\" radial_direction=\"\" linear_angle=\"180\" accent_color=\"\" accent_hover_color=\"\" type=\"flat\" bevel_color=\"\" bevel_color_hover=\"\" border_top=\"\" border_right=\"\" border_bottom=\"\" border_left=\"\" border_radius_top_left=\"0\" border_radius_top_right=\"0\" border_radius_bottom_right=\"0\" border_radius_bottom_left=\"0\" border_color=\"\" border_hover_color=\"\" size=\"\" padding_top=\"\" padding_right=\"\" padding_bottom=\"\" padding_left=\"\" fusion_font_family_button_font=\"\" fusion_font_variant_button_font=\"\" font_size=\"14\" line_height=\"\" letter_spacing=\"\" text_transform=\"\" stretch=\"yes\" margin_top=\"20\" margin_right=\"\" margin_bottom=\"20\" margin_left=\"\" icon=\"\" icon_position=\"left\" icon_divider=\"no\" hover_transition=\"none\" animation_type=\"bounce\" animation_direction=\"static\" animation_color=\"\" animation_speed=\"1.0\" animation_delay=\"0.5\" animation_offset=\"\"]Curs sense programaci\u00f3 actualment[\/fusion_button]\n","protected":false},"featured_media":5211,"template":"","meta":{"_acf_changed":false},"product_brand":[],"product_cat":[110,113],"product_tag":[111],"class_list":{"0":"post-5916","1":"product","2":"type-product","3":"status-publish","4":"has-post-thumbnail","6":"product_cat-calefaccio-i-climatitzacio","7":"product_cat-certificat-professional","8":"product_tag-web-pv-ca","10":"first","11":"outofstock","12":"virtual","13":"sold-individually","14":"product-type-simple"},"acf":[],"yoast_head":"<!-- This site is optimized with the Yoast SEO plugin v27.3 - https:\/\/yoast.com\/product\/yoast-seo-wordpress\/ -->\n<title>CP- Instal\u00b7laci\u00f3 i posada en marxa aparells de calefacci\u00f3 i climatitzaci\u00f3 d&#039;\u00fas dom\u00e8stic<\/title>\n<meta name=\"robots\" content=\"noindex, follow, max-snippet:-1, max-image-preview:large, max-video-preview:-1\" \/>\n<meta property=\"og:locale\" content=\"ca_ES\" \/>\n<meta property=\"og:type\" content=\"article\" \/>\n<meta property=\"og:title\" content=\"CP- Instal\u00b7laci\u00f3 i posada en marxa aparells de calefacci\u00f3 i climatitzaci\u00f3 d&#039;\u00fas dom\u00e8stic\" \/>\n<meta property=\"og:url\" content=\"https:\/\/kind-swartz.5-175-42-214.plesk.page\/ca\/curso\/instalacion-y-puesta-en-marcha-aparatos-de-calefaccion-y-climatizacion-de-uso-domestico-en-barcelona\/\" \/>\n<meta property=\"og:site_name\" content=\"EGIBCN\" \/>\n<meta property=\"article:publisher\" content=\"https:\/\/www.facebook.com\/EGIBCN\" \/>\n<meta property=\"article:modified_time\" content=\"2024-02-22T09:00:28+00:00\" \/>\n<meta property=\"og:image\" content=\"https:\/\/kind-swartz.5-175-42-214.plesk.page\/wp-content\/uploads\/2022\/12\/Curso-instalacion-de-aparatos-de-calefaccion-en-Barcelona.jpg\" \/>\n\t<meta property=\"og:image:width\" content=\"600\" \/>\n\t<meta property=\"og:image:height\" content=\"400\" \/>\n\t<meta property=\"og:image:type\" content=\"image\/jpeg\" \/>\n<meta name=\"twitter:card\" content=\"summary_large_image\" \/>\n<meta name=\"twitter:description\" content=\"[fusion_button link=&quot;&quot; title=&quot;&quot; target=&quot;_self&quot; link_attributes=&quot;&quot; alignment_medium=&quot;&quot; alignment_small=&quot;&quot; alignment=&quot;center&quot; modal=&quot;&quot; hide_on_mobile=&quot;small-visibility,medium-visibility,large-visibility&quot; sticky_display=&quot;normal,sticky&quot; class=&quot;&quot; id=&quot;&quot; color=&quot;custom&quot; button_gradient_top_color=&quot;#ed8138&quot; hue=&quot;&quot; saturation=&quot;&quot; lightness=&quot;&quot; alpha=&quot;&quot; button_gradient_bottom_color=&quot;#ed8138&quot; button_gradient_top_color_hover=&quot;#ed8138&quot; button_gradient_bottom_color_hover=&quot;#ed8138&quot; gradient_start_position=&quot;&quot; gradient_end_position=&quot;&quot; gradient_type=&quot;&quot; radial_direction=&quot;&quot; linear_angle=&quot;180&quot; accent_color=&quot;&quot; accent_hover_color=&quot;&quot; type=&quot;flat&quot; bevel_color=&quot;&quot; bevel_color_hover=&quot;&quot; border_top=&quot;&quot; border_right=&quot;&quot; border_bottom=&quot;&quot; border_left=&quot;&quot; border_radius_top_left=&quot;0&quot; border_radius_top_right=&quot;0&quot; border_radius_bottom_right=&quot;0&quot; border_radius_bottom_left=&quot;0&quot; border_color=&quot;&quot; border_hover_color=&quot;&quot; size=&quot;&quot; padding_top=&quot;&quot; padding_right=&quot;&quot; padding_bottom=&quot;&quot; padding_left=&quot;&quot; fusion_font_family_button_font=&quot;&quot; fusion_font_variant_button_font=&quot;&quot; font_size=&quot;14&quot; line_height=&quot;&quot; letter_spacing=&quot;&quot; text_transform=&quot;&quot; stretch=&quot;yes&quot; margin_top=&quot;20&quot; margin_right=&quot;&quot; margin_bottom=&quot;20&quot; margin_left=&quot;&quot; icon=&quot;&quot; icon_position=&quot;left&quot; icon_divider=&quot;no&quot; hover_transition=&quot;none&quot; animation_type=&quot;bounce&quot; animation_direction=&quot;static&quot; animation_color=&quot;&quot; animation_speed=&quot;1.0&quot; animation_delay=&quot;0.5&quot; animation_offset=&quot;&quot;]Curs sense programaci\u00f3 actualment[\/fusion_button]\" \/>\n<meta name=\"twitter:site\" content=\"@EGIBCN\" \/>\n<script type=\"application\/ld+json\" class=\"yoast-schema-graph\">{\"@context\":\"https:\\\/\\\/schema.org\",\"@graph\":[{\"@type\":\"WebPage\",\"@id\":\"https:\\\/\\\/kind-swartz.5-175-42-214.plesk.page\\\/ca\\\/curso\\\/instalacion-y-puesta-en-marcha-aparatos-de-calefaccion-y-climatizacion-de-uso-domestico-en-barcelona\\\/\",\"url\":\"https:\\\/\\\/kind-swartz.5-175-42-214.plesk.page\\\/ca\\\/curso\\\/instalacion-y-puesta-en-marcha-aparatos-de-calefaccion-y-climatizacion-de-uso-domestico-en-barcelona\\\/\",\"name\":\"CP- Instal\u00b7laci\u00f3 i posada en marxa aparells de calefacci\u00f3 i climatitzaci\u00f3 d'\u00fas dom\u00e8stic\",\"isPartOf\":{\"@id\":\"https:\\\/\\\/kind-swartz.5-175-42-214.plesk.page\\\/ca\\\/#website\"},\"primaryImageOfPage\":{\"@id\":\"https:\\\/\\\/kind-swartz.5-175-42-214.plesk.page\\\/ca\\\/curso\\\/instalacion-y-puesta-en-marcha-aparatos-de-calefaccion-y-climatizacion-de-uso-domestico-en-barcelona\\\/#primaryimage\"},\"image\":{\"@id\":\"https:\\\/\\\/kind-swartz.5-175-42-214.plesk.page\\\/ca\\\/curso\\\/instalacion-y-puesta-en-marcha-aparatos-de-calefaccion-y-climatizacion-de-uso-domestico-en-barcelona\\\/#primaryimage\"},\"thumbnailUrl\":\"https:\\\/\\\/kind-swartz.5-175-42-214.plesk.page\\\/wp-content\\\/uploads\\\/2022\\\/12\\\/Curso-instalacion-de-aparatos-de-calefaccion-en-Barcelona.jpg\",\"datePublished\":\"2023-02-09T16:25:27+00:00\",\"dateModified\":\"2024-02-22T09:00:28+00:00\",\"breadcrumb\":{\"@id\":\"https:\\\/\\\/kind-swartz.5-175-42-214.plesk.page\\\/ca\\\/curso\\\/instalacion-y-puesta-en-marcha-aparatos-de-calefaccion-y-climatizacion-de-uso-domestico-en-barcelona\\\/#breadcrumb\"},\"inLanguage\":\"ca\",\"potentialAction\":[{\"@type\":\"ReadAction\",\"target\":[\"https:\\\/\\\/kind-swartz.5-175-42-214.plesk.page\\\/ca\\\/curso\\\/instalacion-y-puesta-en-marcha-aparatos-de-calefaccion-y-climatizacion-de-uso-domestico-en-barcelona\\\/\"]}]},{\"@type\":\"ImageObject\",\"inLanguage\":\"ca\",\"@id\":\"https:\\\/\\\/kind-swartz.5-175-42-214.plesk.page\\\/ca\\\/curso\\\/instalacion-y-puesta-en-marcha-aparatos-de-calefaccion-y-climatizacion-de-uso-domestico-en-barcelona\\\/#primaryimage\",\"url\":\"https:\\\/\\\/kind-swartz.5-175-42-214.plesk.page\\\/wp-content\\\/uploads\\\/2022\\\/12\\\/Curso-instalacion-de-aparatos-de-calefaccion-en-Barcelona.jpg\",\"contentUrl\":\"https:\\\/\\\/kind-swartz.5-175-42-214.plesk.page\\\/wp-content\\\/uploads\\\/2022\\\/12\\\/Curso-instalacion-de-aparatos-de-calefaccion-en-Barcelona.jpg\",\"width\":600,\"height\":400,\"caption\":\"Curs instal\u00b7laci\u00f3 d'aparells de calefacci\u00f3 a Barcelona\"},{\"@type\":\"BreadcrumbList\",\"@id\":\"https:\\\/\\\/kind-swartz.5-175-42-214.plesk.page\\\/ca\\\/curso\\\/instalacion-y-puesta-en-marcha-aparatos-de-calefaccion-y-climatizacion-de-uso-domestico-en-barcelona\\\/#breadcrumb\",\"itemListElement\":[{\"@type\":\"ListItem\",\"position\":1,\"name\":\"Portada\",\"item\":\"https:\\\/\\\/kind-swartz.5-175-42-214.plesk.page\\\/ca\\\/\"},{\"@type\":\"ListItem\",\"position\":2,\"name\":\"Todos nuestros cursos\",\"item\":\"https:\\\/\\\/kind-swartz.5-175-42-214.plesk.page\\\/todos-los-cursos\\\/\"},{\"@type\":\"ListItem\",\"position\":3,\"name\":\"CP- Instal\u00b7laci\u00f3 i posada en marxa aparells de calefacci\u00f3 i climatitzaci\u00f3 d&#8217;\u00fas dom\u00e8stic\"}]},{\"@type\":\"WebSite\",\"@id\":\"https:\\\/\\\/kind-swartz.5-175-42-214.plesk.page\\\/ca\\\/#website\",\"url\":\"https:\\\/\\\/kind-swartz.5-175-42-214.plesk.page\\\/ca\\\/\",\"name\":\"EGIBCN\",\"description\":\"Escola Gremial d\u2019Electricitat i Fontaneria De Barcelona\",\"publisher\":{\"@id\":\"https:\\\/\\\/kind-swartz.5-175-42-214.plesk.page\\\/ca\\\/#organization\"},\"potentialAction\":[{\"@type\":\"SearchAction\",\"target\":{\"@type\":\"EntryPoint\",\"urlTemplate\":\"https:\\\/\\\/kind-swartz.5-175-42-214.plesk.page\\\/ca\\\/?s={search_term_string}\"},\"query-input\":{\"@type\":\"PropertyValueSpecification\",\"valueRequired\":true,\"valueName\":\"search_term_string\"}}],\"inLanguage\":\"ca\"},{\"@type\":\"Organization\",\"@id\":\"https:\\\/\\\/kind-swartz.5-175-42-214.plesk.page\\\/ca\\\/#organization\",\"name\":\"Escola Gremial d'Instal.ladors d'Electricitat i Fontaneria de Barcelona\",\"url\":\"https:\\\/\\\/kind-swartz.5-175-42-214.plesk.page\\\/ca\\\/\",\"logo\":{\"@type\":\"ImageObject\",\"inLanguage\":\"ca\",\"@id\":\"https:\\\/\\\/kind-swartz.5-175-42-214.plesk.page\\\/ca\\\/#\\\/schema\\\/logo\\\/image\\\/\",\"url\":\"https:\\\/\\\/kind-swartz.5-175-42-214.plesk.page\\\/wp-content\\\/uploads\\\/2022\\\/11\\\/logo-1.jpg\",\"contentUrl\":\"https:\\\/\\\/kind-swartz.5-175-42-214.plesk.page\\\/wp-content\\\/uploads\\\/2022\\\/11\\\/logo-1.jpg\",\"width\":201,\"height\":78,\"caption\":\"Escola Gremial d'Instal.ladors d'Electricitat i Fontaneria de Barcelona\"},\"image\":{\"@id\":\"https:\\\/\\\/kind-swartz.5-175-42-214.plesk.page\\\/ca\\\/#\\\/schema\\\/logo\\\/image\\\/\"},\"sameAs\":[\"https:\\\/\\\/www.facebook.com\\\/EGIBCN\",\"https:\\\/\\\/x.com\\\/EGIBCN\",\"https:\\\/\\\/www.youtube.com\\\/channel\\\/UC2zCKuwrvM4wGk97Hpmb5LA\",\"https:\\\/\\\/www.instagram.com\\\/escolagremial\\\/\"]}]}<\/script>\n<!-- \/ Yoast SEO plugin. -->","yoast_head_json":{"title":"CP- Instal\u00b7laci\u00f3 i posada en marxa aparells de calefacci\u00f3 i climatitzaci\u00f3 d'\u00fas dom\u00e8stic","robots":{"index":"noindex","follow":"follow","max-snippet":"max-snippet:-1","max-image-preview":"max-image-preview:large","max-video-preview":"max-video-preview:-1"},"og_locale":"ca_ES","og_type":"article","og_title":"CP- Instal\u00b7laci\u00f3 i posada en marxa aparells de calefacci\u00f3 i climatitzaci\u00f3 d'\u00fas dom\u00e8stic","og_url":"https:\/\/kind-swartz.5-175-42-214.plesk.page\/ca\/curso\/instalacion-y-puesta-en-marcha-aparatos-de-calefaccion-y-climatizacion-de-uso-domestico-en-barcelona\/","og_site_name":"EGIBCN","article_publisher":"https:\/\/www.facebook.com\/EGIBCN","article_modified_time":"2024-02-22T09:00:28+00:00","og_image":[{"width":600,"height":400,"url":"https:\/\/kind-swartz.5-175-42-214.plesk.page\/wp-content\/uploads\/2022\/12\/Curso-instalacion-de-aparatos-de-calefaccion-en-Barcelona.jpg","type":"image\/jpeg"}],"twitter_card":"summary_large_image","twitter_description":"[fusion_button link=\"\" title=\"\" target=\"_self\" link_attributes=\"\" alignment_medium=\"\" alignment_small=\"\" alignment=\"center\" modal=\"\" hide_on_mobile=\"small-visibility,medium-visibility,large-visibility\" sticky_display=\"normal,sticky\" class=\"\" id=\"\" color=\"custom\" button_gradient_top_color=\"#ed8138\" hue=\"\" saturation=\"\" lightness=\"\" alpha=\"\" button_gradient_bottom_color=\"#ed8138\" button_gradient_top_color_hover=\"#ed8138\" button_gradient_bottom_color_hover=\"#ed8138\" gradient_start_position=\"\" gradient_end_position=\"\" gradient_type=\"\" radial_direction=\"\" linear_angle=\"180\" accent_color=\"\" accent_hover_color=\"\" type=\"flat\" bevel_color=\"\" bevel_color_hover=\"\" border_top=\"\" border_right=\"\" border_bottom=\"\" border_left=\"\" border_radius_top_left=\"0\" border_radius_top_right=\"0\" border_radius_bottom_right=\"0\" border_radius_bottom_left=\"0\" border_color=\"\" border_hover_color=\"\" size=\"\" padding_top=\"\" padding_right=\"\" padding_bottom=\"\" padding_left=\"\" fusion_font_family_button_font=\"\" fusion_font_variant_button_font=\"\" font_size=\"14\" line_height=\"\" letter_spacing=\"\" text_transform=\"\" stretch=\"yes\" margin_top=\"20\" margin_right=\"\" margin_bottom=\"20\" margin_left=\"\" icon=\"\" icon_position=\"left\" icon_divider=\"no\" hover_transition=\"none\" animation_type=\"bounce\" animation_direction=\"static\" animation_color=\"\" animation_speed=\"1.0\" animation_delay=\"0.5\" animation_offset=\"\"]Curs sense programaci\u00f3 actualment[\/fusion_button]","twitter_site":"@EGIBCN","schema":{"@context":"https:\/\/schema.org","@graph":[{"@type":"WebPage","@id":"https:\/\/kind-swartz.5-175-42-214.plesk.page\/ca\/curso\/instalacion-y-puesta-en-marcha-aparatos-de-calefaccion-y-climatizacion-de-uso-domestico-en-barcelona\/","url":"https:\/\/kind-swartz.5-175-42-214.plesk.page\/ca\/curso\/instalacion-y-puesta-en-marcha-aparatos-de-calefaccion-y-climatizacion-de-uso-domestico-en-barcelona\/","name":"CP- Instal\u00b7laci\u00f3 i posada en marxa aparells de calefacci\u00f3 i climatitzaci\u00f3 d'\u00fas dom\u00e8stic","isPartOf":{"@id":"https:\/\/kind-swartz.5-175-42-214.plesk.page\/ca\/#website"},"primaryImageOfPage":{"@id":"https:\/\/kind-swartz.5-175-42-214.plesk.page\/ca\/curso\/instalacion-y-puesta-en-marcha-aparatos-de-calefaccion-y-climatizacion-de-uso-domestico-en-barcelona\/#primaryimage"},"image":{"@id":"https:\/\/kind-swartz.5-175-42-214.plesk.page\/ca\/curso\/instalacion-y-puesta-en-marcha-aparatos-de-calefaccion-y-climatizacion-de-uso-domestico-en-barcelona\/#primaryimage"},"thumbnailUrl":"https:\/\/kind-swartz.5-175-42-214.plesk.page\/wp-content\/uploads\/2022\/12\/Curso-instalacion-de-aparatos-de-calefaccion-en-Barcelona.jpg","datePublished":"2023-02-09T16:25:27+00:00","dateModified":"2024-02-22T09:00:28+00:00","breadcrumb":{"@id":"https:\/\/kind-swartz.5-175-42-214.plesk.page\/ca\/curso\/instalacion-y-puesta-en-marcha-aparatos-de-calefaccion-y-climatizacion-de-uso-domestico-en-barcelona\/#breadcrumb"},"inLanguage":"ca","potentialAction":[{"@type":"ReadAction","target":["https:\/\/kind-swartz.5-175-42-214.plesk.page\/ca\/curso\/instalacion-y-puesta-en-marcha-aparatos-de-calefaccion-y-climatizacion-de-uso-domestico-en-barcelona\/"]}]},{"@type":"ImageObject","inLanguage":"ca","@id":"https:\/\/kind-swartz.5-175-42-214.plesk.page\/ca\/curso\/instalacion-y-puesta-en-marcha-aparatos-de-calefaccion-y-climatizacion-de-uso-domestico-en-barcelona\/#primaryimage","url":"https:\/\/kind-swartz.5-175-42-214.plesk.page\/wp-content\/uploads\/2022\/12\/Curso-instalacion-de-aparatos-de-calefaccion-en-Barcelona.jpg","contentUrl":"https:\/\/kind-swartz.5-175-42-214.plesk.page\/wp-content\/uploads\/2022\/12\/Curso-instalacion-de-aparatos-de-calefaccion-en-Barcelona.jpg","width":600,"height":400,"caption":"Curs instal\u00b7laci\u00f3 d'aparells de calefacci\u00f3 a Barcelona"},{"@type":"BreadcrumbList","@id":"https:\/\/kind-swartz.5-175-42-214.plesk.page\/ca\/curso\/instalacion-y-puesta-en-marcha-aparatos-de-calefaccion-y-climatizacion-de-uso-domestico-en-barcelona\/#breadcrumb","itemListElement":[{"@type":"ListItem","position":1,"name":"Portada","item":"https:\/\/kind-swartz.5-175-42-214.plesk.page\/ca\/"},{"@type":"ListItem","position":2,"name":"Todos nuestros cursos","item":"https:\/\/kind-swartz.5-175-42-214.plesk.page\/todos-los-cursos\/"},{"@type":"ListItem","position":3,"name":"CP- Instal\u00b7laci\u00f3 i posada en marxa aparells de calefacci\u00f3 i climatitzaci\u00f3 d&#8217;\u00fas dom\u00e8stic"}]},{"@type":"WebSite","@id":"https:\/\/kind-swartz.5-175-42-214.plesk.page\/ca\/#website","url":"https:\/\/kind-swartz.5-175-42-214.plesk.page\/ca\/","name":"EGIBCN","description":"Escola Gremial d\u2019Electricitat i Fontaneria De Barcelona","publisher":{"@id":"https:\/\/kind-swartz.5-175-42-214.plesk.page\/ca\/#organization"},"potentialAction":[{"@type":"SearchAction","target":{"@type":"EntryPoint","urlTemplate":"https:\/\/kind-swartz.5-175-42-214.plesk.page\/ca\/?s={search_term_string}"},"query-input":{"@type":"PropertyValueSpecification","valueRequired":true,"valueName":"search_term_string"}}],"inLanguage":"ca"},{"@type":"Organization","@id":"https:\/\/kind-swartz.5-175-42-214.plesk.page\/ca\/#organization","name":"Escola Gremial d'Instal.ladors d'Electricitat i Fontaneria de Barcelona","url":"https:\/\/kind-swartz.5-175-42-214.plesk.page\/ca\/","logo":{"@type":"ImageObject","inLanguage":"ca","@id":"https:\/\/kind-swartz.5-175-42-214.plesk.page\/ca\/#\/schema\/logo\/image\/","url":"https:\/\/kind-swartz.5-175-42-214.plesk.page\/wp-content\/uploads\/2022\/11\/logo-1.jpg","contentUrl":"https:\/\/kind-swartz.5-175-42-214.plesk.page\/wp-content\/uploads\/2022\/11\/logo-1.jpg","width":201,"height":78,"caption":"Escola Gremial d'Instal.ladors d'Electricitat i Fontaneria de Barcelona"},"image":{"@id":"https:\/\/kind-swartz.5-175-42-214.plesk.page\/ca\/#\/schema\/logo\/image\/"},"sameAs":["https:\/\/www.facebook.com\/EGIBCN","https:\/\/x.com\/EGIBCN","https:\/\/www.youtube.com\/channel\/UC2zCKuwrvM4wGk97Hpmb5LA","https:\/\/www.instagram.com\/escolagremial\/"]}]}},"_links":{"self":[{"href":"https:\/\/kind-swartz.5-175-42-214.plesk.page\/ca\/wp-json\/wp\/v2\/product\/5916","targetHints":{"allow":["GET"]}}],"collection":[{"href":"https:\/\/kind-swartz.5-175-42-214.plesk.page\/ca\/wp-json\/wp\/v2\/product"}],"about":[{"href":"https:\/\/kind-swartz.5-175-42-214.plesk.page\/ca\/wp-json\/wp\/v2\/types\/product"}],"wp:featuredmedia":[{"embeddable":true,"href":"https:\/\/kind-swartz.5-175-42-214.plesk.page\/ca\/wp-json\/wp\/v2\/media\/5211"}],"wp:attachment":[{"href":"https:\/\/kind-swartz.5-175-42-214.plesk.page\/ca\/wp-json\/wp\/v2\/media?parent=5916"}],"wp:term":[{"taxonomy":"product_brand","embeddable":true,"href":"https:\/\/kind-swartz.5-175-42-214.plesk.page\/ca\/wp-json\/wp\/v2\/product_brand?post=5916"},{"taxonomy":"product_cat","embeddable":true,"href":"https:\/\/kind-swartz.5-175-42-214.plesk.page\/ca\/wp-json\/wp\/v2\/product_cat?post=5916"},{"taxonomy":"product_tag","embeddable":true,"href":"https:\/\/kind-swartz.5-175-42-214.plesk.page\/ca\/wp-json\/wp\/v2\/product_tag?post=5916"}],"curies":[{"name":"wp","href":"https:\/\/api.w.org\/{rel}","templated":true}]}}