{"id":5922,"date":"2023-03-20T11:55:19","date_gmt":"2023-03-20T10:55:19","guid":{"rendered":"https:\/\/kind-swartz.5-175-42-214.plesk.page\/curso\/montaje-basico-de-instalaciones-solares-fotovoltaicas-por-autoconsumo\/"},"modified":"2024-02-22T10:10:14","modified_gmt":"2024-02-22T09:10:14","slug":"montaje-basico-de-instalaciones-solares-fotovoltaicas-por-autoconsumo","status":"publish","type":"product","link":"https:\/\/kind-swartz.5-175-42-214.plesk.page\/ca\/curso\/montaje-basico-de-instalaciones-solares-fotovoltaicas-por-autoconsumo\/","title":{"rendered":"Muntatge B\u00e0sic d&#8217;Instal\u00b7lacions Solars Fotovoltaiques Per Autoconsum"},"content":{"rendered":"<p><strong>Objectius:<\/strong><br \/>\nRealitzar les operacions b\u00e0siques de muntatge d&#8217;instal\u00b7lacions i equips fotovoltaics per autoconsum, a habitatges, comer\u00e7os, locals i petites ind\u00fastries<\/p>\n<p><strong>Horari i durada total del curs:<\/strong><br \/>\nSegons convocat\u00f2ria de 18.30 a 21.30. 30 hores<\/p>\n<p><strong>Requisits<\/strong><\/p>\n<p>Consultar convocat\u00f2ria<\/p>\n<p><strong>Unitat Compet\u00e8ncia (uc) relacionada<\/strong><br \/>\nUC0836_2 \u2013 muntar instal\u00b7lacions solars fotovoltaiques corresponent al CP ENAE0108 &#8211; MUNTATGE I MANTENIMENT D&#8217;INSTAL\u00b7LACIONS SOLARS FOTOVOLTAIQUES<br \/>\n<strong>Objectius generals:<\/strong><\/p>\n<p>Realitzar les operacions b\u00e0siques de muntatge d&#8217;instal\u00b7lacions i equips fotovoltaics per autoconsum, a habitatges, comer\u00e7os, locals i petites industries.<br \/>\nespec\u00edfics: desenvolupar els coneixements te\u00f2rics i pr\u00e0ctics que permetin en finalitzar el curs:<\/p>\n<p style=\"padding-left: 40px;\">a) con\u00e8ixer la situaci\u00f3 i la problem\u00e0tica energ\u00e8tica del nostre pa\u00eds i contextualitzar i justificar la necessitat d&#8217;actuacions espec\u00edfiques per revertir aquesta situaci\u00f3 i potenciar l&#8217;estalvi d&#8217;energia<br \/>\nb) identificar i seleccionar els components d&#8217;una instal\u00b7laci\u00f3 solar fotovoltaica per autoconsum<br \/>\nc) muntar correctament i verificar els components i dispositius d&#8217;una instal\u00b7laci\u00f3 solar fotovoltaica d&#8217;autoconsum segons les instruccions de muntatge i la normativa existent.<br \/>\nc.2) Continguts (*) modul-1 \u2013 l&#8217;energia solar fotovoltaica, incid\u00e8ncia i estalvi energ\u00e8tic de les energies renovables en el consum al sector residencial i terciari.<\/p>\n<p><strong>M\u00f2dul-1<\/strong> \u2013 l&#8217;energia solar fotovoltaica, incid\u00e8ncia i estalvi energ\u00e8tic de les energies renovables en el consum al sector residencial i terciari.<br \/>\nobjectiu espec\u00edfic associat:<br \/>\ncon\u00e8ixer la situaci\u00f3 i la problem\u00e0tica energ\u00e8tica del nostre pa\u00eds i contextualitzar i justificar la necessitat actuacions espec\u00edfiques per revertir aquesta situaci\u00f3 i potenciar l&#8217;estalvi energ\u00e8tic i l&#8217;\u00fas de les energies renovables.<br \/>\ndurada 3 hores<br \/>\nconsums energ\u00e8tics i la incid\u00e8ncia en el medi ambient<br \/>\nconsums d&#8217;energia i electricitat i problem\u00e0tica energ\u00e8tica actual<br \/>\nefectes d&#8217;un us inadequat dels recursos energ\u00e8tics<br \/>\nnecessitat de professionals per part del sector de les empreses del sector instal\u00b7lacions<br \/>\n<strong>M\u00f2dul-2<\/strong> &#8211; identificar l&#8217;estructura d&#8217;una instal\u00b7laci\u00f3 solar fotovoltaica per l&#8217;autoconsum<br \/>\nobjectiu espec\u00edfic associat:<br \/>\nidentificar i seleccionar els components d&#8217;una instal\u00b7laci\u00f3 o equip solar fotovoltaic per autoconsum<br \/>\ndurada: 12 hores<br \/>\nidentificar l&#8217;estructura i cadascun dels components que formen part de la instal\u00b7laci\u00f3<br \/>\nlocalitzar i interpretar la normativa nacional i local vigent que cal aplicar en cada cas<br \/>\n<strong>m\u00f2dul-3<\/strong> &#8211; realitzar les principals operacions pr\u00e0ctiques necess\u00e0ries per al muntatge i connexi\u00f3 de tots els components, equips i dispositius<br \/>\nobjectiu espec\u00edfic associat:<br \/>\nmuntar correctament els components i dispositius d&#8217;una instal\u00b7laci\u00f3 solar fotovoltaica d&#8217;autoconsum sobre la base de les instruccions de muntatge i la normativa vigent<br \/>\ndurada: 12 hores<br \/>\n\u2022 realitzar les operacions pr\u00e0ctiques de muntatge de tots els equips i components necessaris per al funcionament correcte de la instal\u00b7laci\u00f3 solar fotovoltaica<\/p>\n<ul>\n<li>Components mec\u00e0nics<\/li>\n<li>Components el\u00e8ctrics i electr\u00f2nics<\/li>\n<\/ul>\n<p><strong>M\u00f2dul-4<\/strong> \u2013 protocols i operacions de posada en funcionament i verificaci\u00f3 de les instal\u00b7lacions realitzades.<br \/>\nObjectiu espec\u00edfic associat:<br \/>\nverificar el funcionament correcte de les instal\u00b7lacions realitzades duent a terme les comprovacions i les mesures el\u00e8ctriques amb els equips corresponents i verificant el compliment de la normativa vigent, avaluant l&#8217;estalvi energ\u00e8tic.<br \/>\nDurada: 3 hores<br \/>\n\u2022 realitzaci\u00f3 de les proves i mesures corresponents per verificar el bon funcionament de la instal\u00b7laci\u00f3 i avaluar l&#8217;estalvi aconseguit.<\/p>\n","protected":false},"excerpt":{"rendered":"[fusion_button link=\"\" title=\"\" target=\"_self\" link_attributes=\"\" alignment_medium=\"\" alignment_small=\"\" alignment=\"center\" modal=\"\" hide_on_mobile=\"small-visibility,medium-visibility,large-visibility\" sticky_display=\"normal,sticky\" class=\"\" id=\"\" color=\"custom\" button_gradient_top_color=\"#ed8138\" hue=\"\" saturation=\"\" lightness=\"\" alpha=\"\" button_gradient_bottom_color=\"#ed8138\" button_gradient_top_color_hover=\"#ed8138\" button_gradient_bottom_color_hover=\"#ed8138\" gradient_start_position=\"\" gradient_end_position=\"\" gradient_type=\"\" radial_direction=\"\" linear_angle=\"180\" accent_color=\"\" accent_hover_color=\"\" type=\"flat\" bevel_color=\"\" bevel_color_hover=\"\" border_top=\"\" border_right=\"\" border_bottom=\"\" border_left=\"\" border_radius_top_left=\"0\" border_radius_top_right=\"0\" border_radius_bottom_right=\"0\" border_radius_bottom_left=\"0\" border_color=\"\" border_hover_color=\"\" size=\"\" padding_top=\"\" padding_right=\"\" padding_bottom=\"\" padding_left=\"\" fusion_font_family_button_font=\"\" fusion_font_variant_button_font=\"\" font_size=\"14\" line_height=\"\" letter_spacing=\"\" text_transform=\"\" stretch=\"yes\" margin_top=\"20\" margin_right=\"\" margin_bottom=\"20\" margin_left=\"\" icon=\"\" icon_position=\"left\" icon_divider=\"no\" hover_transition=\"none\" animation_type=\"bounce\" animation_direction=\"static\" animation_color=\"\" animation_speed=\"1.0\" animation_delay=\"0.5\" animation_offset=\"\"]Curs sense programaci\u00f3 actualment  [\/fusion_button]\n","protected":false},"featured_media":5310,"template":"","meta":{"_acf_changed":false},"product_brand":[],"product_cat":[119],"product_tag":[115],"class_list":{"0":"post-5922","1":"product","2":"type-product","3":"status-publish","4":"has-post-thumbnail","6":"product_cat-noves-tecnologies-renovables","7":"product_tag-web-sbv-ca","9":"first","10":"outofstock","11":"virtual","12":"sold-individually","13":"product-type-simple"},"acf":[],"yoast_head":"<!-- This site is optimized with the Yoast SEO plugin v27.3 - https:\/\/yoast.com\/product\/yoast-seo-wordpress\/ -->\n<title>Muntatge B\u00e0sic d&#039;Instal\u00b7lacions Solars Fotovoltaiques Per Autoconsum<\/title>\n<meta name=\"robots\" content=\"noindex, follow, max-snippet:-1, max-image-preview:large, max-video-preview:-1\" \/>\n<meta property=\"og:locale\" content=\"ca_ES\" \/>\n<meta property=\"og:type\" content=\"article\" \/>\n<meta property=\"og:title\" content=\"Muntatge B\u00e0sic d&#039;Instal\u00b7lacions Solars Fotovoltaiques Per Autoconsum\" \/>\n<meta property=\"og:url\" content=\"https:\/\/kind-swartz.5-175-42-214.plesk.page\/ca\/curso\/montaje-basico-de-instalaciones-solares-fotovoltaicas-por-autoconsumo\/\" \/>\n<meta property=\"og:site_name\" content=\"EGIBCN\" \/>\n<meta property=\"article:publisher\" content=\"https:\/\/www.facebook.com\/EGIBCN\" \/>\n<meta property=\"article:modified_time\" content=\"2024-02-22T09:10:14+00:00\" \/>\n<meta property=\"og:image\" content=\"https:\/\/kind-swartz.5-175-42-214.plesk.page\/wp-content\/uploads\/2023\/03\/AdobeStock_201159810.jpg\" \/>\n\t<meta property=\"og:image:width\" content=\"600\" \/>\n\t<meta property=\"og:image:height\" content=\"400\" \/>\n\t<meta property=\"og:image:type\" content=\"image\/jpeg\" \/>\n<meta name=\"twitter:card\" content=\"summary_large_image\" \/>\n<meta name=\"twitter:description\" content=\"[fusion_button link=&quot;&quot; title=&quot;&quot; target=&quot;_self&quot; link_attributes=&quot;&quot; alignment_medium=&quot;&quot; alignment_small=&quot;&quot; alignment=&quot;center&quot; modal=&quot;&quot; hide_on_mobile=&quot;small-visibility,medium-visibility,large-visibility&quot; sticky_display=&quot;normal,sticky&quot; class=&quot;&quot; id=&quot;&quot; color=&quot;custom&quot; button_gradient_top_color=&quot;#ed8138&quot; hue=&quot;&quot; saturation=&quot;&quot; lightness=&quot;&quot; alpha=&quot;&quot; button_gradient_bottom_color=&quot;#ed8138&quot; button_gradient_top_color_hover=&quot;#ed8138&quot; button_gradient_bottom_color_hover=&quot;#ed8138&quot; gradient_start_position=&quot;&quot; gradient_end_position=&quot;&quot; gradient_type=&quot;&quot; radial_direction=&quot;&quot; linear_angle=&quot;180&quot; accent_color=&quot;&quot; accent_hover_color=&quot;&quot; type=&quot;flat&quot; bevel_color=&quot;&quot; bevel_color_hover=&quot;&quot; border_top=&quot;&quot; border_right=&quot;&quot; border_bottom=&quot;&quot; border_left=&quot;&quot; border_radius_top_left=&quot;0&quot; border_radius_top_right=&quot;0&quot; border_radius_bottom_right=&quot;0&quot; border_radius_bottom_left=&quot;0&quot; border_color=&quot;&quot; border_hover_color=&quot;&quot; size=&quot;&quot; padding_top=&quot;&quot; padding_right=&quot;&quot; padding_bottom=&quot;&quot; padding_left=&quot;&quot; fusion_font_family_button_font=&quot;&quot; fusion_font_variant_button_font=&quot;&quot; font_size=&quot;14&quot; line_height=&quot;&quot; letter_spacing=&quot;&quot; text_transform=&quot;&quot; stretch=&quot;yes&quot; margin_top=&quot;20&quot; margin_right=&quot;&quot; margin_bottom=&quot;20&quot; margin_left=&quot;&quot; icon=&quot;&quot; icon_position=&quot;left&quot; icon_divider=&quot;no&quot; hover_transition=&quot;none&quot; animation_type=&quot;bounce&quot; animation_direction=&quot;static&quot; animation_color=&quot;&quot; animation_speed=&quot;1.0&quot; animation_delay=&quot;0.5&quot; animation_offset=&quot;&quot;]Curs sense programaci\u00f3 actualment [\/fusion_button]\" \/>\n<meta name=\"twitter:site\" content=\"@EGIBCN\" \/>\n<script type=\"application\/ld+json\" class=\"yoast-schema-graph\">{\"@context\":\"https:\\\/\\\/schema.org\",\"@graph\":[{\"@type\":\"WebPage\",\"@id\":\"https:\\\/\\\/kind-swartz.5-175-42-214.plesk.page\\\/ca\\\/curso\\\/montaje-basico-de-instalaciones-solares-fotovoltaicas-por-autoconsumo\\\/\",\"url\":\"https:\\\/\\\/kind-swartz.5-175-42-214.plesk.page\\\/ca\\\/curso\\\/montaje-basico-de-instalaciones-solares-fotovoltaicas-por-autoconsumo\\\/\",\"name\":\"Muntatge B\u00e0sic d'Instal\u00b7lacions Solars Fotovoltaiques Per Autoconsum\",\"isPartOf\":{\"@id\":\"https:\\\/\\\/kind-swartz.5-175-42-214.plesk.page\\\/ca\\\/#website\"},\"primaryImageOfPage\":{\"@id\":\"https:\\\/\\\/kind-swartz.5-175-42-214.plesk.page\\\/ca\\\/curso\\\/montaje-basico-de-instalaciones-solares-fotovoltaicas-por-autoconsumo\\\/#primaryimage\"},\"image\":{\"@id\":\"https:\\\/\\\/kind-swartz.5-175-42-214.plesk.page\\\/ca\\\/curso\\\/montaje-basico-de-instalaciones-solares-fotovoltaicas-por-autoconsumo\\\/#primaryimage\"},\"thumbnailUrl\":\"https:\\\/\\\/kind-swartz.5-175-42-214.plesk.page\\\/wp-content\\\/uploads\\\/2023\\\/03\\\/AdobeStock_201159810.jpg\",\"datePublished\":\"2023-03-20T10:55:19+00:00\",\"dateModified\":\"2024-02-22T09:10:14+00:00\",\"breadcrumb\":{\"@id\":\"https:\\\/\\\/kind-swartz.5-175-42-214.plesk.page\\\/ca\\\/curso\\\/montaje-basico-de-instalaciones-solares-fotovoltaicas-por-autoconsumo\\\/#breadcrumb\"},\"inLanguage\":\"ca\",\"potentialAction\":[{\"@type\":\"ReadAction\",\"target\":[\"https:\\\/\\\/kind-swartz.5-175-42-214.plesk.page\\\/ca\\\/curso\\\/montaje-basico-de-instalaciones-solares-fotovoltaicas-por-autoconsumo\\\/\"]}]},{\"@type\":\"ImageObject\",\"inLanguage\":\"ca\",\"@id\":\"https:\\\/\\\/kind-swartz.5-175-42-214.plesk.page\\\/ca\\\/curso\\\/montaje-basico-de-instalaciones-solares-fotovoltaicas-por-autoconsumo\\\/#primaryimage\",\"url\":\"https:\\\/\\\/kind-swartz.5-175-42-214.plesk.page\\\/wp-content\\\/uploads\\\/2023\\\/03\\\/AdobeStock_201159810.jpg\",\"contentUrl\":\"https:\\\/\\\/kind-swartz.5-175-42-214.plesk.page\\\/wp-content\\\/uploads\\\/2023\\\/03\\\/AdobeStock_201159810.jpg\",\"width\":600,\"height\":400,\"caption\":\"Curs Fotovoltaica Barcelona b\u00e0sic\"},{\"@type\":\"BreadcrumbList\",\"@id\":\"https:\\\/\\\/kind-swartz.5-175-42-214.plesk.page\\\/ca\\\/curso\\\/montaje-basico-de-instalaciones-solares-fotovoltaicas-por-autoconsumo\\\/#breadcrumb\",\"itemListElement\":[{\"@type\":\"ListItem\",\"position\":1,\"name\":\"Portada\",\"item\":\"https:\\\/\\\/kind-swartz.5-175-42-214.plesk.page\\\/ca\\\/\"},{\"@type\":\"ListItem\",\"position\":2,\"name\":\"Todos nuestros cursos\",\"item\":\"https:\\\/\\\/kind-swartz.5-175-42-214.plesk.page\\\/todos-los-cursos\\\/\"},{\"@type\":\"ListItem\",\"position\":3,\"name\":\"Muntatge B\u00e0sic d&#8217;Instal\u00b7lacions Solars Fotovoltaiques Per Autoconsum\"}]},{\"@type\":\"WebSite\",\"@id\":\"https:\\\/\\\/kind-swartz.5-175-42-214.plesk.page\\\/ca\\\/#website\",\"url\":\"https:\\\/\\\/kind-swartz.5-175-42-214.plesk.page\\\/ca\\\/\",\"name\":\"EGIBCN\",\"description\":\"Escola Gremial d\u2019Electricitat i Fontaneria De Barcelona\",\"publisher\":{\"@id\":\"https:\\\/\\\/kind-swartz.5-175-42-214.plesk.page\\\/ca\\\/#organization\"},\"potentialAction\":[{\"@type\":\"SearchAction\",\"target\":{\"@type\":\"EntryPoint\",\"urlTemplate\":\"https:\\\/\\\/kind-swartz.5-175-42-214.plesk.page\\\/ca\\\/?s={search_term_string}\"},\"query-input\":{\"@type\":\"PropertyValueSpecification\",\"valueRequired\":true,\"valueName\":\"search_term_string\"}}],\"inLanguage\":\"ca\"},{\"@type\":\"Organization\",\"@id\":\"https:\\\/\\\/kind-swartz.5-175-42-214.plesk.page\\\/ca\\\/#organization\",\"name\":\"Escola Gremial d'Instal.ladors d'Electricitat i Fontaneria de Barcelona\",\"url\":\"https:\\\/\\\/kind-swartz.5-175-42-214.plesk.page\\\/ca\\\/\",\"logo\":{\"@type\":\"ImageObject\",\"inLanguage\":\"ca\",\"@id\":\"https:\\\/\\\/kind-swartz.5-175-42-214.plesk.page\\\/ca\\\/#\\\/schema\\\/logo\\\/image\\\/\",\"url\":\"https:\\\/\\\/kind-swartz.5-175-42-214.plesk.page\\\/wp-content\\\/uploads\\\/2022\\\/11\\\/logo-1.jpg\",\"contentUrl\":\"https:\\\/\\\/kind-swartz.5-175-42-214.plesk.page\\\/wp-content\\\/uploads\\\/2022\\\/11\\\/logo-1.jpg\",\"width\":201,\"height\":78,\"caption\":\"Escola Gremial d'Instal.ladors d'Electricitat i Fontaneria de Barcelona\"},\"image\":{\"@id\":\"https:\\\/\\\/kind-swartz.5-175-42-214.plesk.page\\\/ca\\\/#\\\/schema\\\/logo\\\/image\\\/\"},\"sameAs\":[\"https:\\\/\\\/www.facebook.com\\\/EGIBCN\",\"https:\\\/\\\/x.com\\\/EGIBCN\",\"https:\\\/\\\/www.youtube.com\\\/channel\\\/UC2zCKuwrvM4wGk97Hpmb5LA\",\"https:\\\/\\\/www.instagram.com\\\/escolagremial\\\/\"]}]}<\/script>\n<!-- \/ Yoast SEO plugin. -->","yoast_head_json":{"title":"Muntatge B\u00e0sic d'Instal\u00b7lacions Solars Fotovoltaiques Per Autoconsum","robots":{"index":"noindex","follow":"follow","max-snippet":"max-snippet:-1","max-image-preview":"max-image-preview:large","max-video-preview":"max-video-preview:-1"},"og_locale":"ca_ES","og_type":"article","og_title":"Muntatge B\u00e0sic d'Instal\u00b7lacions Solars Fotovoltaiques Per Autoconsum","og_url":"https:\/\/kind-swartz.5-175-42-214.plesk.page\/ca\/curso\/montaje-basico-de-instalaciones-solares-fotovoltaicas-por-autoconsumo\/","og_site_name":"EGIBCN","article_publisher":"https:\/\/www.facebook.com\/EGIBCN","article_modified_time":"2024-02-22T09:10:14+00:00","og_image":[{"width":600,"height":400,"url":"https:\/\/kind-swartz.5-175-42-214.plesk.page\/wp-content\/uploads\/2023\/03\/AdobeStock_201159810.jpg","type":"image\/jpeg"}],"twitter_card":"summary_large_image","twitter_description":"[fusion_button link=\"\" title=\"\" target=\"_self\" link_attributes=\"\" alignment_medium=\"\" alignment_small=\"\" alignment=\"center\" modal=\"\" hide_on_mobile=\"small-visibility,medium-visibility,large-visibility\" sticky_display=\"normal,sticky\" class=\"\" id=\"\" color=\"custom\" button_gradient_top_color=\"#ed8138\" hue=\"\" saturation=\"\" lightness=\"\" alpha=\"\" button_gradient_bottom_color=\"#ed8138\" button_gradient_top_color_hover=\"#ed8138\" button_gradient_bottom_color_hover=\"#ed8138\" gradient_start_position=\"\" gradient_end_position=\"\" gradient_type=\"\" radial_direction=\"\" linear_angle=\"180\" accent_color=\"\" accent_hover_color=\"\" type=\"flat\" bevel_color=\"\" bevel_color_hover=\"\" border_top=\"\" border_right=\"\" border_bottom=\"\" border_left=\"\" border_radius_top_left=\"0\" border_radius_top_right=\"0\" border_radius_bottom_right=\"0\" border_radius_bottom_left=\"0\" border_color=\"\" border_hover_color=\"\" size=\"\" padding_top=\"\" padding_right=\"\" padding_bottom=\"\" padding_left=\"\" fusion_font_family_button_font=\"\" fusion_font_variant_button_font=\"\" font_size=\"14\" line_height=\"\" letter_spacing=\"\" text_transform=\"\" stretch=\"yes\" margin_top=\"20\" margin_right=\"\" margin_bottom=\"20\" margin_left=\"\" icon=\"\" icon_position=\"left\" icon_divider=\"no\" hover_transition=\"none\" animation_type=\"bounce\" animation_direction=\"static\" animation_color=\"\" animation_speed=\"1.0\" animation_delay=\"0.5\" animation_offset=\"\"]Curs sense programaci\u00f3 actualment [\/fusion_button]","twitter_site":"@EGIBCN","schema":{"@context":"https:\/\/schema.org","@graph":[{"@type":"WebPage","@id":"https:\/\/kind-swartz.5-175-42-214.plesk.page\/ca\/curso\/montaje-basico-de-instalaciones-solares-fotovoltaicas-por-autoconsumo\/","url":"https:\/\/kind-swartz.5-175-42-214.plesk.page\/ca\/curso\/montaje-basico-de-instalaciones-solares-fotovoltaicas-por-autoconsumo\/","name":"Muntatge B\u00e0sic d'Instal\u00b7lacions Solars Fotovoltaiques Per Autoconsum","isPartOf":{"@id":"https:\/\/kind-swartz.5-175-42-214.plesk.page\/ca\/#website"},"primaryImageOfPage":{"@id":"https:\/\/kind-swartz.5-175-42-214.plesk.page\/ca\/curso\/montaje-basico-de-instalaciones-solares-fotovoltaicas-por-autoconsumo\/#primaryimage"},"image":{"@id":"https:\/\/kind-swartz.5-175-42-214.plesk.page\/ca\/curso\/montaje-basico-de-instalaciones-solares-fotovoltaicas-por-autoconsumo\/#primaryimage"},"thumbnailUrl":"https:\/\/kind-swartz.5-175-42-214.plesk.page\/wp-content\/uploads\/2023\/03\/AdobeStock_201159810.jpg","datePublished":"2023-03-20T10:55:19+00:00","dateModified":"2024-02-22T09:10:14+00:00","breadcrumb":{"@id":"https:\/\/kind-swartz.5-175-42-214.plesk.page\/ca\/curso\/montaje-basico-de-instalaciones-solares-fotovoltaicas-por-autoconsumo\/#breadcrumb"},"inLanguage":"ca","potentialAction":[{"@type":"ReadAction","target":["https:\/\/kind-swartz.5-175-42-214.plesk.page\/ca\/curso\/montaje-basico-de-instalaciones-solares-fotovoltaicas-por-autoconsumo\/"]}]},{"@type":"ImageObject","inLanguage":"ca","@id":"https:\/\/kind-swartz.5-175-42-214.plesk.page\/ca\/curso\/montaje-basico-de-instalaciones-solares-fotovoltaicas-por-autoconsumo\/#primaryimage","url":"https:\/\/kind-swartz.5-175-42-214.plesk.page\/wp-content\/uploads\/2023\/03\/AdobeStock_201159810.jpg","contentUrl":"https:\/\/kind-swartz.5-175-42-214.plesk.page\/wp-content\/uploads\/2023\/03\/AdobeStock_201159810.jpg","width":600,"height":400,"caption":"Curs Fotovoltaica Barcelona b\u00e0sic"},{"@type":"BreadcrumbList","@id":"https:\/\/kind-swartz.5-175-42-214.plesk.page\/ca\/curso\/montaje-basico-de-instalaciones-solares-fotovoltaicas-por-autoconsumo\/#breadcrumb","itemListElement":[{"@type":"ListItem","position":1,"name":"Portada","item":"https:\/\/kind-swartz.5-175-42-214.plesk.page\/ca\/"},{"@type":"ListItem","position":2,"name":"Todos nuestros cursos","item":"https:\/\/kind-swartz.5-175-42-214.plesk.page\/todos-los-cursos\/"},{"@type":"ListItem","position":3,"name":"Muntatge B\u00e0sic d&#8217;Instal\u00b7lacions Solars Fotovoltaiques Per Autoconsum"}]},{"@type":"WebSite","@id":"https:\/\/kind-swartz.5-175-42-214.plesk.page\/ca\/#website","url":"https:\/\/kind-swartz.5-175-42-214.plesk.page\/ca\/","name":"EGIBCN","description":"Escola Gremial d\u2019Electricitat i Fontaneria De Barcelona","publisher":{"@id":"https:\/\/kind-swartz.5-175-42-214.plesk.page\/ca\/#organization"},"potentialAction":[{"@type":"SearchAction","target":{"@type":"EntryPoint","urlTemplate":"https:\/\/kind-swartz.5-175-42-214.plesk.page\/ca\/?s={search_term_string}"},"query-input":{"@type":"PropertyValueSpecification","valueRequired":true,"valueName":"search_term_string"}}],"inLanguage":"ca"},{"@type":"Organization","@id":"https:\/\/kind-swartz.5-175-42-214.plesk.page\/ca\/#organization","name":"Escola Gremial d'Instal.ladors d'Electricitat i Fontaneria de Barcelona","url":"https:\/\/kind-swartz.5-175-42-214.plesk.page\/ca\/","logo":{"@type":"ImageObject","inLanguage":"ca","@id":"https:\/\/kind-swartz.5-175-42-214.plesk.page\/ca\/#\/schema\/logo\/image\/","url":"https:\/\/kind-swartz.5-175-42-214.plesk.page\/wp-content\/uploads\/2022\/11\/logo-1.jpg","contentUrl":"https:\/\/kind-swartz.5-175-42-214.plesk.page\/wp-content\/uploads\/2022\/11\/logo-1.jpg","width":201,"height":78,"caption":"Escola Gremial d'Instal.ladors d'Electricitat i Fontaneria de Barcelona"},"image":{"@id":"https:\/\/kind-swartz.5-175-42-214.plesk.page\/ca\/#\/schema\/logo\/image\/"},"sameAs":["https:\/\/www.facebook.com\/EGIBCN","https:\/\/x.com\/EGIBCN","https:\/\/www.youtube.com\/channel\/UC2zCKuwrvM4wGk97Hpmb5LA","https:\/\/www.instagram.com\/escolagremial\/"]}]}},"_links":{"self":[{"href":"https:\/\/kind-swartz.5-175-42-214.plesk.page\/ca\/wp-json\/wp\/v2\/product\/5922","targetHints":{"allow":["GET"]}}],"collection":[{"href":"https:\/\/kind-swartz.5-175-42-214.plesk.page\/ca\/wp-json\/wp\/v2\/product"}],"about":[{"href":"https:\/\/kind-swartz.5-175-42-214.plesk.page\/ca\/wp-json\/wp\/v2\/types\/product"}],"wp:featuredmedia":[{"embeddable":true,"href":"https:\/\/kind-swartz.5-175-42-214.plesk.page\/ca\/wp-json\/wp\/v2\/media\/5310"}],"wp:attachment":[{"href":"https:\/\/kind-swartz.5-175-42-214.plesk.page\/ca\/wp-json\/wp\/v2\/media?parent=5922"}],"wp:term":[{"taxonomy":"product_brand","embeddable":true,"href":"https:\/\/kind-swartz.5-175-42-214.plesk.page\/ca\/wp-json\/wp\/v2\/product_brand?post=5922"},{"taxonomy":"product_cat","embeddable":true,"href":"https:\/\/kind-swartz.5-175-42-214.plesk.page\/ca\/wp-json\/wp\/v2\/product_cat?post=5922"},{"taxonomy":"product_tag","embeddable":true,"href":"https:\/\/kind-swartz.5-175-42-214.plesk.page\/ca\/wp-json\/wp\/v2\/product_tag?post=5922"}],"curies":[{"name":"wp","href":"https:\/\/api.w.org\/{rel}","templated":true}]}}