{"id":5923,"date":"2023-02-08T10:24:54","date_gmt":"2023-02-08T09:24:54","guid":{"rendered":"https:\/\/kind-swartz.5-175-42-214.plesk.page\/curso\/carnet-de-gas-b-sin-experiencia-sp-barcelona\/"},"modified":"2025-03-14T10:01:30","modified_gmt":"2025-03-14T09:01:30","slug":"carnet-de-gas-b-sin-experiencia-sp-barcelona","status":"publish","type":"product","link":"https:\/\/kind-swartz.5-175-42-214.plesk.page\/ca\/curso\/carnet-de-gas-b-sin-experiencia-sp-barcelona\/","title":{"rendered":"Curs carnet de gas B sense experi\u00e8ncia (SP)"},"content":{"rendered":"<p>Curs te\u00f2ric &#8211; pr\u00e0ctic destinat a la formaci\u00f3 d&#8217;instal\u00b7ladors per obtenir el Carnet d&#8217;Instal\u00b7lador de gas categoria B.<\/p>\n<h2 class=\"fusion-responsive-typography-calculated\" data-fontsize=\"23\" data-lineheight=\"25.99px\">Objectiu del curs<\/h2>\n<p>Un cop es completa aquest curs i es passa l&#8217;examen corresponent, <strong>s&#8217;adquireix el certificat de compet\u00e8ncia professional<\/strong> que autoritza per exercir com a <strong>instal\u00b7lador de gas de categoria B<\/strong> a una empresa d&#8217;instal\u00b7lacions.<\/p>\n<h2 class=\"fusion-responsive-typography-calculated\" data-fontsize=\"23\" data-lineheight=\"25.99px\">Durada i horari del curs<\/h2>\n<p><strong>Data d&#8217;inici:<\/strong> segons el n\u00famero d&#8217;inscripcions. <b>Preinscriu-te i t&#8217;avisarem amb antelaci\u00f3.<\/b><\/p>\n<p><strong>Horari:<\/strong> dimarts\u00a0 i dijous de 18:00 ha 22:00 h.<\/p>\n<p><strong>Durada:<\/strong> 4 mesos de formaci\u00f3.<\/p>\n<h2>Descomptes i facilitats de pagament<\/h2>\n<p>Pots obtenir algun tipus de descompte o bonificaci\u00f3 en els casos seg\u00fcents:<\/p>\n<ul>\n<li>Pert\u00e0nyer a algun gremi d&#8217;instal\u00b7ladors que pertanyi a FEGICAT.<\/li>\n<li>Persones aturades perceptores de subsidi.<\/li>\n<li>Pagament per avan\u00e7at de la totalitat del preu.<\/li>\n<li>El curs \u00e9s bonificable per a empreses que disposin de cr\u00e8dit de formaci\u00f3.<\/li>\n<\/ul>\n<p>Hi ha certes facilitats per fer el pagament:<\/p>\n<ul>\n<li>Un pagament inicial abans de comen\u00e7ar el curs, i la resta en c\u00f2modes mensualitats.<\/li>\n<li>En cas de necessitar-ho, podem gestionar el pagament de les quotes mitjan\u00e7ant una entitat banc\u00e0ria.<\/li>\n<\/ul>\n<h2 class=\"fusion-responsive-typography-calculated\" data-fontsize=\"23\" data-lineheight=\"25.99px\">Requisits per realitzar el curs<\/h2>\n<p>Per realitzar aquesta formaci\u00f3 no cal <strong>cap requisit ni experi\u00e8ncia pr\u00e8via.<\/strong><\/p>\n<h2>Desenvolupament del curs<\/h2>\n<p>El nostre pla d&#8217;estudi inclou el lliurament de <strong>documentaci\u00f3 t\u00e8cnica,<\/strong> <em>classes impartides per personal qualificat i tota la infraestructura necess\u00e0ria per a una formaci\u00f3 de qualitat<\/em> . A m\u00e9s, ens assegurem que cada alumne rebi una atenci\u00f3 personalitzada en mantenir <strong>un m\u00e0xim de 20 alumnes per curs<\/strong> .<\/p>\n<p>Les classes te\u00f2riques podr\u00e0s realitzar-les <strong>presencialment<\/strong> al nostre centre de formaci\u00f3 de Barcelona o de <strong>manera online<\/strong> .<\/p>\n<p>Tindr\u00e0s acc\u00e9s a la plataforma formativa especialitzada per a instal\u00b7ladors, <strong>Instalcampus<\/strong> . On tindr\u00e0s tot el suport necessari per complementar la teva formaci\u00f3.<\/p>\n<p>En acabar la formaci\u00f3, complint l&#8217;assist\u00e8ncia i fent un bon seguiment del temari, estar\u00e0s preparat per poder pujar a examen d&#8217;ind\u00fastria.<\/p>\n<p><strong>No perdis aquesta oportunitat i preinscriu-te ara<\/strong> !<\/p>\n<p>Les taxes per fer l&#8217;examen final estan <strong>incloses en el preu<\/strong> .<\/p>\n<h2 class=\"fusion-responsive-typography-calculated\" data-fontsize=\"23\" data-lineheight=\"25.99px\">Qu\u00e8 aprendr\u00e0s durant aquesta formaci\u00f3?<\/h2>\n<p>Si us interessa el m\u00f3n de la instal\u00b7laci\u00f3 de gas, el nostre curs us permetr\u00e0 <strong>treballar com a instal\u00b7lador de gas autoritzat<\/strong> , cosa que us habilitar\u00e0 per realitzar diverses accions,\u00a0 com la reparaci\u00f3 i manteniment d&#8217;instal\u00b7lacions dom\u00e8stiques. Durant el curs, adquirir\u00e0s els coneixements necessaris per exercir aquestes tasques de manera segura i efectiva.<\/p>\n","protected":false},"excerpt":{"rendered":"[fusion_button link=\"\" title=\"\" target=\"_self\" link_attributes=\"\" alignment_medium=\"\" alignment_small=\"\" alignment=\"center\" modal=\"\" hide_on_mobile=\"small-visibility,medium-visibility,large-visibility\" sticky_display=\"normal,sticky\" class=\"\" id=\"\" color=\"custom\" button_gradient_top_color=\"#ed8138\" hue=\"\" saturation=\"\" lightness=\"\" alpha=\"\" button_gradient_bottom_color=\"#ed8138\" button_gradient_top_color_hover=\"#ed8138\" button_gradient_bottom_color_hover=\"#ed8138\" gradient_start_position=\"\" gradient_end_position=\"\" gradient_type=\"\" radial_direction=\"\" linear_angle=\"180\" accent_color=\"\" accent_hover_color=\"\" type=\"flat\" bevel_color=\"\" bevel_color_hover=\"\" border_top=\"\" border_right=\"\" border_bottom=\"\" border_left=\"\" border_radius_top_left=\"0\" border_radius_top_right=\"0\" border_radius_bottom_right=\"0\" border_radius_bottom_left=\"0\" border_color=\"\" border_hover_color=\"\" size=\"\" padding_top=\"\" padding_right=\"\" padding_bottom=\"\" padding_left=\"\" fusion_font_family_button_font=\"\" fusion_font_variant_button_font=\"\" font_size=\"14\" line_height=\"\" letter_spacing=\"\" text_transform=\"\" stretch=\"yes\" margin_top=\"20\" margin_right=\"\" margin_bottom=\"20\" margin_left=\"\" icon=\"\" icon_position=\"left\" icon_divider=\"no\" hover_transition=\"none\" animation_type=\"bounce\" animation_direction=\"static\" animation_color=\"\" animation_speed=\"1.0\" animation_delay=\"0.5\" animation_offset=\"\"]Curs sense programaci\u00f3 actualment[\/fusion_button]\n","protected":false},"featured_media":5335,"template":"","meta":{"_acf_changed":false},"product_brand":[],"product_cat":[124,118],"product_tag":[111],"class_list":{"0":"post-5923","1":"product","2":"type-product","3":"status-publish","4":"has-post-thumbnail","6":"product_cat-carnet-dinstallador-autoritzat","7":"product_cat-fontaneria-aigua-i-gas","8":"product_tag-web-pv-ca","10":"first","11":"outofstock","12":"virtual","13":"sold-individually","14":"product-type-simple"},"acf":[],"yoast_head":"<!-- This site is optimized with the Yoast SEO plugin v27.3 - https:\/\/yoast.com\/product\/yoast-seo-wordpress\/ -->\n<title>Curs Instal\u00b7lador de Gas Categoria B Sense Experi\u00e8ncia a Barcelona<\/title>\n<meta name=\"description\" content=\"lll\u27a4 Curs per a Instal\u00b7lador de Gas Categoria B Sense Experi\u00e8ncia a Barcelona. Taller equipat per a classes pr\u00e0ctiques. Places Limitades!\" \/>\n<meta name=\"robots\" content=\"noindex, follow, max-snippet:-1, max-image-preview:large, max-video-preview:-1\" \/>\n<meta property=\"og:locale\" content=\"ca_ES\" \/>\n<meta property=\"og:type\" content=\"article\" \/>\n<meta property=\"og:title\" content=\"Curs Instal\u00b7lador de Gas Categoria B Sense Experi\u00e8ncia a Barcelona\" \/>\n<meta property=\"og:description\" content=\"lll\u27a4 Curs per a Instal\u00b7lador de Gas Categoria B Sense Experi\u00e8ncia a Barcelona. Taller equipat per a classes pr\u00e0ctiques. Places Limitades!\" \/>\n<meta property=\"og:url\" content=\"https:\/\/kind-swartz.5-175-42-214.plesk.page\/ca\/curso\/carnet-de-gas-b-sin-experiencia-sp-barcelona\/\" \/>\n<meta property=\"og:site_name\" content=\"EGIBCN\" \/>\n<meta property=\"article:publisher\" content=\"https:\/\/www.facebook.com\/EGIBCN\" \/>\n<meta property=\"article:modified_time\" content=\"2025-03-14T09:01:30+00:00\" \/>\n<meta property=\"og:image\" content=\"https:\/\/kind-swartz.5-175-42-214.plesk.page\/wp-content\/uploads\/2023\/02\/AdobeStock_530327491.jpg\" \/>\n\t<meta property=\"og:image:width\" content=\"600\" \/>\n\t<meta property=\"og:image:height\" content=\"400\" \/>\n\t<meta property=\"og:image:type\" content=\"image\/jpeg\" \/>\n<meta name=\"twitter:card\" content=\"summary_large_image\" \/>\n<meta name=\"twitter:site\" content=\"@EGIBCN\" \/>\n<script type=\"application\/ld+json\" class=\"yoast-schema-graph\">{\"@context\":\"https:\\\/\\\/schema.org\",\"@graph\":[{\"@type\":\"WebPage\",\"@id\":\"https:\\\/\\\/kind-swartz.5-175-42-214.plesk.page\\\/ca\\\/curso\\\/carnet-de-gas-b-sin-experiencia-sp-barcelona\\\/\",\"url\":\"https:\\\/\\\/kind-swartz.5-175-42-214.plesk.page\\\/ca\\\/curso\\\/carnet-de-gas-b-sin-experiencia-sp-barcelona\\\/\",\"name\":\"Curs Instal\u00b7lador de Gas Categoria B Sense Experi\u00e8ncia a Barcelona\",\"isPartOf\":{\"@id\":\"https:\\\/\\\/kind-swartz.5-175-42-214.plesk.page\\\/ca\\\/#website\"},\"primaryImageOfPage\":{\"@id\":\"https:\\\/\\\/kind-swartz.5-175-42-214.plesk.page\\\/ca\\\/curso\\\/carnet-de-gas-b-sin-experiencia-sp-barcelona\\\/#primaryimage\"},\"image\":{\"@id\":\"https:\\\/\\\/kind-swartz.5-175-42-214.plesk.page\\\/ca\\\/curso\\\/carnet-de-gas-b-sin-experiencia-sp-barcelona\\\/#primaryimage\"},\"thumbnailUrl\":\"https:\\\/\\\/kind-swartz.5-175-42-214.plesk.page\\\/wp-content\\\/uploads\\\/2023\\\/02\\\/AdobeStock_530327491.jpg\",\"datePublished\":\"2023-02-08T09:24:54+00:00\",\"dateModified\":\"2025-03-14T09:01:30+00:00\",\"description\":\"lll\u27a4 Curs per a Instal\u00b7lador de Gas Categoria B Sense Experi\u00e8ncia a Barcelona. Taller equipat per a classes pr\u00e0ctiques. Places Limitades!\",\"breadcrumb\":{\"@id\":\"https:\\\/\\\/kind-swartz.5-175-42-214.plesk.page\\\/ca\\\/curso\\\/carnet-de-gas-b-sin-experiencia-sp-barcelona\\\/#breadcrumb\"},\"inLanguage\":\"ca\",\"potentialAction\":[{\"@type\":\"ReadAction\",\"target\":[\"https:\\\/\\\/kind-swartz.5-175-42-214.plesk.page\\\/ca\\\/curso\\\/carnet-de-gas-b-sin-experiencia-sp-barcelona\\\/\"]}]},{\"@type\":\"ImageObject\",\"inLanguage\":\"ca\",\"@id\":\"https:\\\/\\\/kind-swartz.5-175-42-214.plesk.page\\\/ca\\\/curso\\\/carnet-de-gas-b-sin-experiencia-sp-barcelona\\\/#primaryimage\",\"url\":\"https:\\\/\\\/kind-swartz.5-175-42-214.plesk.page\\\/wp-content\\\/uploads\\\/2023\\\/02\\\/AdobeStock_530327491.jpg\",\"contentUrl\":\"https:\\\/\\\/kind-swartz.5-175-42-214.plesk.page\\\/wp-content\\\/uploads\\\/2023\\\/02\\\/AdobeStock_530327491.jpg\",\"width\":600,\"height\":400,\"caption\":\"Curs de carnet Gas B Barcelona\"},{\"@type\":\"BreadcrumbList\",\"@id\":\"https:\\\/\\\/kind-swartz.5-175-42-214.plesk.page\\\/ca\\\/curso\\\/carnet-de-gas-b-sin-experiencia-sp-barcelona\\\/#breadcrumb\",\"itemListElement\":[{\"@type\":\"ListItem\",\"position\":1,\"name\":\"Portada\",\"item\":\"https:\\\/\\\/kind-swartz.5-175-42-214.plesk.page\\\/ca\\\/\"},{\"@type\":\"ListItem\",\"position\":2,\"name\":\"Todos nuestros cursos\",\"item\":\"https:\\\/\\\/kind-swartz.5-175-42-214.plesk.page\\\/todos-los-cursos\\\/\"},{\"@type\":\"ListItem\",\"position\":3,\"name\":\"Curs carnet de gas B sense experi\u00e8ncia (SP)\"}]},{\"@type\":\"WebSite\",\"@id\":\"https:\\\/\\\/kind-swartz.5-175-42-214.plesk.page\\\/ca\\\/#website\",\"url\":\"https:\\\/\\\/kind-swartz.5-175-42-214.plesk.page\\\/ca\\\/\",\"name\":\"EGIBCN\",\"description\":\"Escola Gremial d\u2019Electricitat i Fontaneria De Barcelona\",\"publisher\":{\"@id\":\"https:\\\/\\\/kind-swartz.5-175-42-214.plesk.page\\\/ca\\\/#organization\"},\"potentialAction\":[{\"@type\":\"SearchAction\",\"target\":{\"@type\":\"EntryPoint\",\"urlTemplate\":\"https:\\\/\\\/kind-swartz.5-175-42-214.plesk.page\\\/ca\\\/?s={search_term_string}\"},\"query-input\":{\"@type\":\"PropertyValueSpecification\",\"valueRequired\":true,\"valueName\":\"search_term_string\"}}],\"inLanguage\":\"ca\"},{\"@type\":\"Organization\",\"@id\":\"https:\\\/\\\/kind-swartz.5-175-42-214.plesk.page\\\/ca\\\/#organization\",\"name\":\"Escola Gremial d'Instal.ladors d'Electricitat i Fontaneria de Barcelona\",\"url\":\"https:\\\/\\\/kind-swartz.5-175-42-214.plesk.page\\\/ca\\\/\",\"logo\":{\"@type\":\"ImageObject\",\"inLanguage\":\"ca\",\"@id\":\"https:\\\/\\\/kind-swartz.5-175-42-214.plesk.page\\\/ca\\\/#\\\/schema\\\/logo\\\/image\\\/\",\"url\":\"https:\\\/\\\/kind-swartz.5-175-42-214.plesk.page\\\/wp-content\\\/uploads\\\/2022\\\/11\\\/logo-1.jpg\",\"contentUrl\":\"https:\\\/\\\/kind-swartz.5-175-42-214.plesk.page\\\/wp-content\\\/uploads\\\/2022\\\/11\\\/logo-1.jpg\",\"width\":201,\"height\":78,\"caption\":\"Escola Gremial d'Instal.ladors d'Electricitat i Fontaneria de Barcelona\"},\"image\":{\"@id\":\"https:\\\/\\\/kind-swartz.5-175-42-214.plesk.page\\\/ca\\\/#\\\/schema\\\/logo\\\/image\\\/\"},\"sameAs\":[\"https:\\\/\\\/www.facebook.com\\\/EGIBCN\",\"https:\\\/\\\/x.com\\\/EGIBCN\",\"https:\\\/\\\/www.youtube.com\\\/channel\\\/UC2zCKuwrvM4wGk97Hpmb5LA\",\"https:\\\/\\\/www.instagram.com\\\/escolagremial\\\/\"]}]}<\/script>\n<!-- \/ Yoast SEO plugin. -->","yoast_head_json":{"title":"Curs Instal\u00b7lador de Gas Categoria B Sense Experi\u00e8ncia a Barcelona","description":"lll\u27a4 Curs per a Instal\u00b7lador de Gas Categoria B Sense Experi\u00e8ncia a Barcelona. Taller equipat per a classes pr\u00e0ctiques. Places Limitades!","robots":{"index":"noindex","follow":"follow","max-snippet":"max-snippet:-1","max-image-preview":"max-image-preview:large","max-video-preview":"max-video-preview:-1"},"og_locale":"ca_ES","og_type":"article","og_title":"Curs Instal\u00b7lador de Gas Categoria B Sense Experi\u00e8ncia a Barcelona","og_description":"lll\u27a4 Curs per a Instal\u00b7lador de Gas Categoria B Sense Experi\u00e8ncia a Barcelona. Taller equipat per a classes pr\u00e0ctiques. Places Limitades!","og_url":"https:\/\/kind-swartz.5-175-42-214.plesk.page\/ca\/curso\/carnet-de-gas-b-sin-experiencia-sp-barcelona\/","og_site_name":"EGIBCN","article_publisher":"https:\/\/www.facebook.com\/EGIBCN","article_modified_time":"2025-03-14T09:01:30+00:00","og_image":[{"width":600,"height":400,"url":"https:\/\/kind-swartz.5-175-42-214.plesk.page\/wp-content\/uploads\/2023\/02\/AdobeStock_530327491.jpg","type":"image\/jpeg"}],"twitter_card":"summary_large_image","twitter_site":"@EGIBCN","schema":{"@context":"https:\/\/schema.org","@graph":[{"@type":"WebPage","@id":"https:\/\/kind-swartz.5-175-42-214.plesk.page\/ca\/curso\/carnet-de-gas-b-sin-experiencia-sp-barcelona\/","url":"https:\/\/kind-swartz.5-175-42-214.plesk.page\/ca\/curso\/carnet-de-gas-b-sin-experiencia-sp-barcelona\/","name":"Curs Instal\u00b7lador de Gas Categoria B Sense Experi\u00e8ncia a Barcelona","isPartOf":{"@id":"https:\/\/kind-swartz.5-175-42-214.plesk.page\/ca\/#website"},"primaryImageOfPage":{"@id":"https:\/\/kind-swartz.5-175-42-214.plesk.page\/ca\/curso\/carnet-de-gas-b-sin-experiencia-sp-barcelona\/#primaryimage"},"image":{"@id":"https:\/\/kind-swartz.5-175-42-214.plesk.page\/ca\/curso\/carnet-de-gas-b-sin-experiencia-sp-barcelona\/#primaryimage"},"thumbnailUrl":"https:\/\/kind-swartz.5-175-42-214.plesk.page\/wp-content\/uploads\/2023\/02\/AdobeStock_530327491.jpg","datePublished":"2023-02-08T09:24:54+00:00","dateModified":"2025-03-14T09:01:30+00:00","description":"lll\u27a4 Curs per a Instal\u00b7lador de Gas Categoria B Sense Experi\u00e8ncia a Barcelona. Taller equipat per a classes pr\u00e0ctiques. Places Limitades!","breadcrumb":{"@id":"https:\/\/kind-swartz.5-175-42-214.plesk.page\/ca\/curso\/carnet-de-gas-b-sin-experiencia-sp-barcelona\/#breadcrumb"},"inLanguage":"ca","potentialAction":[{"@type":"ReadAction","target":["https:\/\/kind-swartz.5-175-42-214.plesk.page\/ca\/curso\/carnet-de-gas-b-sin-experiencia-sp-barcelona\/"]}]},{"@type":"ImageObject","inLanguage":"ca","@id":"https:\/\/kind-swartz.5-175-42-214.plesk.page\/ca\/curso\/carnet-de-gas-b-sin-experiencia-sp-barcelona\/#primaryimage","url":"https:\/\/kind-swartz.5-175-42-214.plesk.page\/wp-content\/uploads\/2023\/02\/AdobeStock_530327491.jpg","contentUrl":"https:\/\/kind-swartz.5-175-42-214.plesk.page\/wp-content\/uploads\/2023\/02\/AdobeStock_530327491.jpg","width":600,"height":400,"caption":"Curs de carnet Gas B Barcelona"},{"@type":"BreadcrumbList","@id":"https:\/\/kind-swartz.5-175-42-214.plesk.page\/ca\/curso\/carnet-de-gas-b-sin-experiencia-sp-barcelona\/#breadcrumb","itemListElement":[{"@type":"ListItem","position":1,"name":"Portada","item":"https:\/\/kind-swartz.5-175-42-214.plesk.page\/ca\/"},{"@type":"ListItem","position":2,"name":"Todos nuestros cursos","item":"https:\/\/kind-swartz.5-175-42-214.plesk.page\/todos-los-cursos\/"},{"@type":"ListItem","position":3,"name":"Curs carnet de gas B sense experi\u00e8ncia (SP)"}]},{"@type":"WebSite","@id":"https:\/\/kind-swartz.5-175-42-214.plesk.page\/ca\/#website","url":"https:\/\/kind-swartz.5-175-42-214.plesk.page\/ca\/","name":"EGIBCN","description":"Escola Gremial d\u2019Electricitat i Fontaneria De Barcelona","publisher":{"@id":"https:\/\/kind-swartz.5-175-42-214.plesk.page\/ca\/#organization"},"potentialAction":[{"@type":"SearchAction","target":{"@type":"EntryPoint","urlTemplate":"https:\/\/kind-swartz.5-175-42-214.plesk.page\/ca\/?s={search_term_string}"},"query-input":{"@type":"PropertyValueSpecification","valueRequired":true,"valueName":"search_term_string"}}],"inLanguage":"ca"},{"@type":"Organization","@id":"https:\/\/kind-swartz.5-175-42-214.plesk.page\/ca\/#organization","name":"Escola Gremial d'Instal.ladors d'Electricitat i Fontaneria de Barcelona","url":"https:\/\/kind-swartz.5-175-42-214.plesk.page\/ca\/","logo":{"@type":"ImageObject","inLanguage":"ca","@id":"https:\/\/kind-swartz.5-175-42-214.plesk.page\/ca\/#\/schema\/logo\/image\/","url":"https:\/\/kind-swartz.5-175-42-214.plesk.page\/wp-content\/uploads\/2022\/11\/logo-1.jpg","contentUrl":"https:\/\/kind-swartz.5-175-42-214.plesk.page\/wp-content\/uploads\/2022\/11\/logo-1.jpg","width":201,"height":78,"caption":"Escola Gremial d'Instal.ladors d'Electricitat i Fontaneria de Barcelona"},"image":{"@id":"https:\/\/kind-swartz.5-175-42-214.plesk.page\/ca\/#\/schema\/logo\/image\/"},"sameAs":["https:\/\/www.facebook.com\/EGIBCN","https:\/\/x.com\/EGIBCN","https:\/\/www.youtube.com\/channel\/UC2zCKuwrvM4wGk97Hpmb5LA","https:\/\/www.instagram.com\/escolagremial\/"]}]}},"_links":{"self":[{"href":"https:\/\/kind-swartz.5-175-42-214.plesk.page\/ca\/wp-json\/wp\/v2\/product\/5923","targetHints":{"allow":["GET"]}}],"collection":[{"href":"https:\/\/kind-swartz.5-175-42-214.plesk.page\/ca\/wp-json\/wp\/v2\/product"}],"about":[{"href":"https:\/\/kind-swartz.5-175-42-214.plesk.page\/ca\/wp-json\/wp\/v2\/types\/product"}],"wp:featuredmedia":[{"embeddable":true,"href":"https:\/\/kind-swartz.5-175-42-214.plesk.page\/ca\/wp-json\/wp\/v2\/media\/5335"}],"wp:attachment":[{"href":"https:\/\/kind-swartz.5-175-42-214.plesk.page\/ca\/wp-json\/wp\/v2\/media?parent=5923"}],"wp:term":[{"taxonomy":"product_brand","embeddable":true,"href":"https:\/\/kind-swartz.5-175-42-214.plesk.page\/ca\/wp-json\/wp\/v2\/product_brand?post=5923"},{"taxonomy":"product_cat","embeddable":true,"href":"https:\/\/kind-swartz.5-175-42-214.plesk.page\/ca\/wp-json\/wp\/v2\/product_cat?post=5923"},{"taxonomy":"product_tag","embeddable":true,"href":"https:\/\/kind-swartz.5-175-42-214.plesk.page\/ca\/wp-json\/wp\/v2\/product_tag?post=5923"}],"curies":[{"name":"wp","href":"https:\/\/api.w.org\/{rel}","templated":true}]}}