{"id":5935,"date":"2023-07-19T09:01:46","date_gmt":"2023-07-19T08:01:46","guid":{"rendered":"https:\/\/kind-swartz.5-175-42-214.plesk.page\/curso\/cp-enae0108_mf0837-mantenimiento-de-instalaciones-solares-fotovoltaicas\/"},"modified":"2024-10-07T05:25:44","modified_gmt":"2024-10-07T04:25:44","slug":"cp-enae0108_mf0837-mantenimiento-de-instalaciones-solares-fotovoltaicas","status":"publish","type":"product","link":"https:\/\/kind-swartz.5-175-42-214.plesk.page\/ca\/curso\/cp-enae0108_mf0837-mantenimiento-de-instalaciones-solares-fotovoltaicas\/","title":{"rendered":"CP ENAE0108_MF0837 Manteniment d&#8217;instal\u00b7lacions solars fotovoltaiques"},"content":{"rendered":"<h2 class=\"fusion-responsive-typography-calculated\" data-fontsize=\"23\" data-lineheight=\"25.99px\">Quin \u00e9s lobjectiu del curs?<\/h2>\n<p>Amb aquesta formaci\u00f3, adquirir\u00e0s els coneixements necessaris per efectuar, sota supervisi\u00f3, <strong>el manteniment d&#8217;instal\u00b7lacions solars fotovoltaiques<\/strong> amb la qualitat i la seguretat requerides i complint la normativa vigent.<\/p>\n<h2>Requisits necessaris per a l&#8217;exercici professional<\/h2>\n<p>Aquestes activitats que estan regulades pel Reglament Electrot\u00e8cnic per a Baixa Tensi\u00f3 (REBT), es realitzaran sota la supervisi\u00f3 d&#8217;un <strong>instal\u00b7lador el\u00e8ctric autoritzat en baixa tensi\u00f3<\/strong> , que tingui el carnet de categoria especialista (IBTE).<\/p>\n<h2>Data i Durada de la formaci\u00f3 associada<\/h2>\n<ul>\n<li><strong>Data d&#8217;inici:<\/strong> el curs comen\u00e7ar\u00e0 segons la convocat\u00f2ria. <strong>Preinscriu-te i t&#8217;avisarem amb antelaci\u00f3!<\/strong><\/li>\n<li><strong>Durada:<\/strong> 60 hores.<\/li>\n<\/ul>\n<h2>Qu\u00e8 aprendr\u00e0s durant aquesta formaci\u00f3?<\/h2>\n<p>Estar\u00e0s capacitat per <strong>realitzar un adequat manteniment preventiu i correctiu de les instal\u00b7lacions fotovoltaiques<\/strong> , per tal de garantir-ne el funcionament correcte i prolongar-ne la vida \u00fatil. Tot aix\u00f2 et permetr\u00e0 desenvolupar una carrera professional al sector de les energies renovables i contribuir a la preservaci\u00f3 del medi ambient.<\/p>\n","protected":false},"excerpt":{"rendered":"[fusion_button link=\"\" title=\"\" target=\"_self\" link_attributes=\"\" alignment_medium=\"\" alignment_small=\"\" alignment=\"center\" modal=\"\" hide_on_mobile=\"small-visibility,medium-visibility,large-visibility\" sticky_display=\"normal,sticky\" class=\"\" id=\"\" color=\"custom\" button_gradient_top_color=\"#ed8138\" hue=\"\" saturation=\"\" lightness=\"\" alpha=\"\" button_gradient_bottom_color=\"#ed8138\" button_gradient_top_color_hover=\"#ed8138\" button_gradient_bottom_color_hover=\"#ed8138\" gradient_start_position=\"\" gradient_end_position=\"\" gradient_type=\"\" radial_direction=\"\" linear_angle=\"180\" accent_color=\"\" accent_hover_color=\"\" type=\"flat\" bevel_color=\"\" bevel_color_hover=\"\" border_top=\"\" border_right=\"\" border_bottom=\"\" border_left=\"\" border_radius_top_left=\"0\" border_radius_top_right=\"0\" border_radius_bottom_right=\"0\" border_radius_bottom_left=\"0\" border_color=\"\" border_hover_color=\"\" size=\"\" padding_top=\"\" padding_right=\"\" padding_bottom=\"\" padding_left=\"\" fusion_font_family_button_font=\"\" fusion_font_variant_button_font=\"\" font_size=\"14\" line_height=\"\" letter_spacing=\"\" text_transform=\"\" stretch=\"yes\" margin_top=\"20\" margin_right=\"\" margin_bottom=\"20\" margin_left=\"\" icon=\"\" icon_position=\"left\" icon_divider=\"no\" hover_transition=\"none\" animation_type=\"bounce\" animation_direction=\"static\" animation_color=\"\" animation_speed=\"1.0\" animation_delay=\"0.5\" animation_offset=\"\"]curs sense programaci\u00f3 actualment[\/fusion_button]\n","protected":false},"featured_media":6509,"template":"","meta":{"_acf_changed":false},"product_brand":[],"product_cat":[113,119],"product_tag":[115],"class_list":{"0":"post-5935","1":"product","2":"type-product","3":"status-publish","4":"has-post-thumbnail","6":"product_cat-certificat-professional","7":"product_cat-noves-tecnologies-renovables","8":"product_tag-web-sbv-ca","10":"first","11":"outofstock","12":"virtual","13":"sold-individually","14":"product-type-simple"},"acf":[],"yoast_head":"<!-- This site is optimized with the Yoast SEO plugin v27.3 - https:\/\/yoast.com\/product\/yoast-seo-wordpress\/ -->\n<title>Curs ENAE0108 Muntatge d&#039;instal\u00b7lacions solars fotovoltaiques<\/title>\n<meta name=\"description\" content=\"Curs ENAE0108 Muntatge d&#039;instal\u00b7lacions solars fotovoltaiques a Barcelona. Escola oficial del Gremi d&#039;Instal\u00b7ladors de Barcelona.\" \/>\n<meta name=\"robots\" content=\"noindex, nofollow\" \/>\n<meta property=\"og:locale\" content=\"ca_ES\" \/>\n<meta property=\"og:type\" content=\"article\" \/>\n<meta property=\"og:title\" content=\"Curs ENAE0108 Muntatge d&#039;instal\u00b7lacions solars fotovoltaiques\" \/>\n<meta property=\"og:description\" content=\"Curs ENAE0108 Muntatge d&#039;instal\u00b7lacions solars fotovoltaiques a Barcelona. Escola oficial del Gremi d&#039;Instal\u00b7ladors de Barcelona.\" \/>\n<meta property=\"og:url\" content=\"https:\/\/kind-swartz.5-175-42-214.plesk.page\/ca\/curso\/cp-enae0108_mf0837-mantenimiento-de-instalaciones-solares-fotovoltaicas\/\" \/>\n<meta property=\"og:site_name\" content=\"EGIBCN\" \/>\n<meta property=\"article:publisher\" content=\"https:\/\/www.facebook.com\/EGIBCN\" \/>\n<meta property=\"article:modified_time\" content=\"2024-10-07T04:25:44+00:00\" \/>\n<meta property=\"og:image\" content=\"https:\/\/kind-swartz.5-175-42-214.plesk.page\/wp-content\/uploads\/2023\/07\/AdobeStock_3017086961.jpg\" \/>\n\t<meta property=\"og:image:width\" content=\"300\" \/>\n\t<meta property=\"og:image:height\" content=\"200\" \/>\n\t<meta property=\"og:image:type\" content=\"image\/jpeg\" \/>\n<meta name=\"twitter:card\" content=\"summary_large_image\" \/>\n<meta name=\"twitter:site\" content=\"@EGIBCN\" \/>\n<script type=\"application\/ld+json\" class=\"yoast-schema-graph\">{\"@context\":\"https:\\\/\\\/schema.org\",\"@graph\":[{\"@type\":\"WebPage\",\"@id\":\"https:\\\/\\\/kind-swartz.5-175-42-214.plesk.page\\\/ca\\\/curso\\\/cp-enae0108_mf0837-mantenimiento-de-instalaciones-solares-fotovoltaicas\\\/\",\"url\":\"https:\\\/\\\/kind-swartz.5-175-42-214.plesk.page\\\/ca\\\/curso\\\/cp-enae0108_mf0837-mantenimiento-de-instalaciones-solares-fotovoltaicas\\\/\",\"name\":\"Curs ENAE0108 Muntatge d'instal\u00b7lacions solars fotovoltaiques\",\"isPartOf\":{\"@id\":\"https:\\\/\\\/kind-swartz.5-175-42-214.plesk.page\\\/ca\\\/#website\"},\"primaryImageOfPage\":{\"@id\":\"https:\\\/\\\/kind-swartz.5-175-42-214.plesk.page\\\/ca\\\/curso\\\/cp-enae0108_mf0837-mantenimiento-de-instalaciones-solares-fotovoltaicas\\\/#primaryimage\"},\"image\":{\"@id\":\"https:\\\/\\\/kind-swartz.5-175-42-214.plesk.page\\\/ca\\\/curso\\\/cp-enae0108_mf0837-mantenimiento-de-instalaciones-solares-fotovoltaicas\\\/#primaryimage\"},\"thumbnailUrl\":\"https:\\\/\\\/kind-swartz.5-175-42-214.plesk.page\\\/wp-content\\\/uploads\\\/2023\\\/07\\\/AdobeStock_3017086961.jpg\",\"datePublished\":\"2023-07-19T08:01:46+00:00\",\"dateModified\":\"2024-10-07T04:25:44+00:00\",\"description\":\"Curs ENAE0108 Muntatge d'instal\u00b7lacions solars fotovoltaiques a Barcelona. Escola oficial del Gremi d'Instal\u00b7ladors de Barcelona.\",\"breadcrumb\":{\"@id\":\"https:\\\/\\\/kind-swartz.5-175-42-214.plesk.page\\\/ca\\\/curso\\\/cp-enae0108_mf0837-mantenimiento-de-instalaciones-solares-fotovoltaicas\\\/#breadcrumb\"},\"inLanguage\":\"ca\",\"potentialAction\":[{\"@type\":\"ReadAction\",\"target\":[\"https:\\\/\\\/kind-swartz.5-175-42-214.plesk.page\\\/ca\\\/curso\\\/cp-enae0108_mf0837-mantenimiento-de-instalaciones-solares-fotovoltaicas\\\/\"]}]},{\"@type\":\"ImageObject\",\"inLanguage\":\"ca\",\"@id\":\"https:\\\/\\\/kind-swartz.5-175-42-214.plesk.page\\\/ca\\\/curso\\\/cp-enae0108_mf0837-mantenimiento-de-instalaciones-solares-fotovoltaicas\\\/#primaryimage\",\"url\":\"https:\\\/\\\/kind-swartz.5-175-42-214.plesk.page\\\/wp-content\\\/uploads\\\/2023\\\/07\\\/AdobeStock_3017086961.jpg\",\"contentUrl\":\"https:\\\/\\\/kind-swartz.5-175-42-214.plesk.page\\\/wp-content\\\/uploads\\\/2023\\\/07\\\/AdobeStock_3017086961.jpg\",\"width\":300,\"height\":200,\"caption\":\"Well-equipped worker in protective orange clothing installing solar panels, measuring the angle of inclination on a photovoltaic rooftop plant\"},{\"@type\":\"BreadcrumbList\",\"@id\":\"https:\\\/\\\/kind-swartz.5-175-42-214.plesk.page\\\/ca\\\/curso\\\/cp-enae0108_mf0837-mantenimiento-de-instalaciones-solares-fotovoltaicas\\\/#breadcrumb\",\"itemListElement\":[{\"@type\":\"ListItem\",\"position\":1,\"name\":\"Portada\",\"item\":\"https:\\\/\\\/kind-swartz.5-175-42-214.plesk.page\\\/ca\\\/\"},{\"@type\":\"ListItem\",\"position\":2,\"name\":\"Todos nuestros cursos\",\"item\":\"https:\\\/\\\/kind-swartz.5-175-42-214.plesk.page\\\/todos-los-cursos\\\/\"},{\"@type\":\"ListItem\",\"position\":3,\"name\":\"CP ENAE0108_MF0837 Manteniment d&#8217;instal\u00b7lacions solars fotovoltaiques\"}]},{\"@type\":\"WebSite\",\"@id\":\"https:\\\/\\\/kind-swartz.5-175-42-214.plesk.page\\\/ca\\\/#website\",\"url\":\"https:\\\/\\\/kind-swartz.5-175-42-214.plesk.page\\\/ca\\\/\",\"name\":\"EGIBCN\",\"description\":\"Escola Gremial d\u2019Electricitat i Fontaneria De Barcelona\",\"publisher\":{\"@id\":\"https:\\\/\\\/kind-swartz.5-175-42-214.plesk.page\\\/ca\\\/#organization\"},\"potentialAction\":[{\"@type\":\"SearchAction\",\"target\":{\"@type\":\"EntryPoint\",\"urlTemplate\":\"https:\\\/\\\/kind-swartz.5-175-42-214.plesk.page\\\/ca\\\/?s={search_term_string}\"},\"query-input\":{\"@type\":\"PropertyValueSpecification\",\"valueRequired\":true,\"valueName\":\"search_term_string\"}}],\"inLanguage\":\"ca\"},{\"@type\":\"Organization\",\"@id\":\"https:\\\/\\\/kind-swartz.5-175-42-214.plesk.page\\\/ca\\\/#organization\",\"name\":\"Escola Gremial d'Instal.ladors d'Electricitat i Fontaneria de Barcelona\",\"url\":\"https:\\\/\\\/kind-swartz.5-175-42-214.plesk.page\\\/ca\\\/\",\"logo\":{\"@type\":\"ImageObject\",\"inLanguage\":\"ca\",\"@id\":\"https:\\\/\\\/kind-swartz.5-175-42-214.plesk.page\\\/ca\\\/#\\\/schema\\\/logo\\\/image\\\/\",\"url\":\"https:\\\/\\\/kind-swartz.5-175-42-214.plesk.page\\\/wp-content\\\/uploads\\\/2022\\\/11\\\/logo-1.jpg\",\"contentUrl\":\"https:\\\/\\\/kind-swartz.5-175-42-214.plesk.page\\\/wp-content\\\/uploads\\\/2022\\\/11\\\/logo-1.jpg\",\"width\":201,\"height\":78,\"caption\":\"Escola Gremial d'Instal.ladors d'Electricitat i Fontaneria de Barcelona\"},\"image\":{\"@id\":\"https:\\\/\\\/kind-swartz.5-175-42-214.plesk.page\\\/ca\\\/#\\\/schema\\\/logo\\\/image\\\/\"},\"sameAs\":[\"https:\\\/\\\/www.facebook.com\\\/EGIBCN\",\"https:\\\/\\\/x.com\\\/EGIBCN\",\"https:\\\/\\\/www.youtube.com\\\/channel\\\/UC2zCKuwrvM4wGk97Hpmb5LA\",\"https:\\\/\\\/www.instagram.com\\\/escolagremial\\\/\"]}]}<\/script>\n<!-- \/ Yoast SEO plugin. -->","yoast_head_json":{"title":"Curs ENAE0108 Muntatge d'instal\u00b7lacions solars fotovoltaiques","description":"Curs ENAE0108 Muntatge d'instal\u00b7lacions solars fotovoltaiques a Barcelona. Escola oficial del Gremi d'Instal\u00b7ladors de Barcelona.","robots":{"index":"noindex","follow":"nofollow"},"og_locale":"ca_ES","og_type":"article","og_title":"Curs ENAE0108 Muntatge d'instal\u00b7lacions solars fotovoltaiques","og_description":"Curs ENAE0108 Muntatge d'instal\u00b7lacions solars fotovoltaiques a Barcelona. Escola oficial del Gremi d'Instal\u00b7ladors de Barcelona.","og_url":"https:\/\/kind-swartz.5-175-42-214.plesk.page\/ca\/curso\/cp-enae0108_mf0837-mantenimiento-de-instalaciones-solares-fotovoltaicas\/","og_site_name":"EGIBCN","article_publisher":"https:\/\/www.facebook.com\/EGIBCN","article_modified_time":"2024-10-07T04:25:44+00:00","og_image":[{"width":300,"height":200,"url":"https:\/\/kind-swartz.5-175-42-214.plesk.page\/wp-content\/uploads\/2023\/07\/AdobeStock_3017086961.jpg","type":"image\/jpeg"}],"twitter_card":"summary_large_image","twitter_site":"@EGIBCN","schema":{"@context":"https:\/\/schema.org","@graph":[{"@type":"WebPage","@id":"https:\/\/kind-swartz.5-175-42-214.plesk.page\/ca\/curso\/cp-enae0108_mf0837-mantenimiento-de-instalaciones-solares-fotovoltaicas\/","url":"https:\/\/kind-swartz.5-175-42-214.plesk.page\/ca\/curso\/cp-enae0108_mf0837-mantenimiento-de-instalaciones-solares-fotovoltaicas\/","name":"Curs ENAE0108 Muntatge d'instal\u00b7lacions solars fotovoltaiques","isPartOf":{"@id":"https:\/\/kind-swartz.5-175-42-214.plesk.page\/ca\/#website"},"primaryImageOfPage":{"@id":"https:\/\/kind-swartz.5-175-42-214.plesk.page\/ca\/curso\/cp-enae0108_mf0837-mantenimiento-de-instalaciones-solares-fotovoltaicas\/#primaryimage"},"image":{"@id":"https:\/\/kind-swartz.5-175-42-214.plesk.page\/ca\/curso\/cp-enae0108_mf0837-mantenimiento-de-instalaciones-solares-fotovoltaicas\/#primaryimage"},"thumbnailUrl":"https:\/\/kind-swartz.5-175-42-214.plesk.page\/wp-content\/uploads\/2023\/07\/AdobeStock_3017086961.jpg","datePublished":"2023-07-19T08:01:46+00:00","dateModified":"2024-10-07T04:25:44+00:00","description":"Curs ENAE0108 Muntatge d'instal\u00b7lacions solars fotovoltaiques a Barcelona. Escola oficial del Gremi d'Instal\u00b7ladors de Barcelona.","breadcrumb":{"@id":"https:\/\/kind-swartz.5-175-42-214.plesk.page\/ca\/curso\/cp-enae0108_mf0837-mantenimiento-de-instalaciones-solares-fotovoltaicas\/#breadcrumb"},"inLanguage":"ca","potentialAction":[{"@type":"ReadAction","target":["https:\/\/kind-swartz.5-175-42-214.plesk.page\/ca\/curso\/cp-enae0108_mf0837-mantenimiento-de-instalaciones-solares-fotovoltaicas\/"]}]},{"@type":"ImageObject","inLanguage":"ca","@id":"https:\/\/kind-swartz.5-175-42-214.plesk.page\/ca\/curso\/cp-enae0108_mf0837-mantenimiento-de-instalaciones-solares-fotovoltaicas\/#primaryimage","url":"https:\/\/kind-swartz.5-175-42-214.plesk.page\/wp-content\/uploads\/2023\/07\/AdobeStock_3017086961.jpg","contentUrl":"https:\/\/kind-swartz.5-175-42-214.plesk.page\/wp-content\/uploads\/2023\/07\/AdobeStock_3017086961.jpg","width":300,"height":200,"caption":"Well-equipped worker in protective orange clothing installing solar panels, measuring the angle of inclination on a photovoltaic rooftop plant"},{"@type":"BreadcrumbList","@id":"https:\/\/kind-swartz.5-175-42-214.plesk.page\/ca\/curso\/cp-enae0108_mf0837-mantenimiento-de-instalaciones-solares-fotovoltaicas\/#breadcrumb","itemListElement":[{"@type":"ListItem","position":1,"name":"Portada","item":"https:\/\/kind-swartz.5-175-42-214.plesk.page\/ca\/"},{"@type":"ListItem","position":2,"name":"Todos nuestros cursos","item":"https:\/\/kind-swartz.5-175-42-214.plesk.page\/todos-los-cursos\/"},{"@type":"ListItem","position":3,"name":"CP ENAE0108_MF0837 Manteniment d&#8217;instal\u00b7lacions solars fotovoltaiques"}]},{"@type":"WebSite","@id":"https:\/\/kind-swartz.5-175-42-214.plesk.page\/ca\/#website","url":"https:\/\/kind-swartz.5-175-42-214.plesk.page\/ca\/","name":"EGIBCN","description":"Escola Gremial d\u2019Electricitat i Fontaneria De Barcelona","publisher":{"@id":"https:\/\/kind-swartz.5-175-42-214.plesk.page\/ca\/#organization"},"potentialAction":[{"@type":"SearchAction","target":{"@type":"EntryPoint","urlTemplate":"https:\/\/kind-swartz.5-175-42-214.plesk.page\/ca\/?s={search_term_string}"},"query-input":{"@type":"PropertyValueSpecification","valueRequired":true,"valueName":"search_term_string"}}],"inLanguage":"ca"},{"@type":"Organization","@id":"https:\/\/kind-swartz.5-175-42-214.plesk.page\/ca\/#organization","name":"Escola Gremial d'Instal.ladors d'Electricitat i Fontaneria de Barcelona","url":"https:\/\/kind-swartz.5-175-42-214.plesk.page\/ca\/","logo":{"@type":"ImageObject","inLanguage":"ca","@id":"https:\/\/kind-swartz.5-175-42-214.plesk.page\/ca\/#\/schema\/logo\/image\/","url":"https:\/\/kind-swartz.5-175-42-214.plesk.page\/wp-content\/uploads\/2022\/11\/logo-1.jpg","contentUrl":"https:\/\/kind-swartz.5-175-42-214.plesk.page\/wp-content\/uploads\/2022\/11\/logo-1.jpg","width":201,"height":78,"caption":"Escola Gremial d'Instal.ladors d'Electricitat i Fontaneria de Barcelona"},"image":{"@id":"https:\/\/kind-swartz.5-175-42-214.plesk.page\/ca\/#\/schema\/logo\/image\/"},"sameAs":["https:\/\/www.facebook.com\/EGIBCN","https:\/\/x.com\/EGIBCN","https:\/\/www.youtube.com\/channel\/UC2zCKuwrvM4wGk97Hpmb5LA","https:\/\/www.instagram.com\/escolagremial\/"]}]}},"_links":{"self":[{"href":"https:\/\/kind-swartz.5-175-42-214.plesk.page\/ca\/wp-json\/wp\/v2\/product\/5935","targetHints":{"allow":["GET"]}}],"collection":[{"href":"https:\/\/kind-swartz.5-175-42-214.plesk.page\/ca\/wp-json\/wp\/v2\/product"}],"about":[{"href":"https:\/\/kind-swartz.5-175-42-214.plesk.page\/ca\/wp-json\/wp\/v2\/types\/product"}],"wp:featuredmedia":[{"embeddable":true,"href":"https:\/\/kind-swartz.5-175-42-214.plesk.page\/ca\/wp-json\/wp\/v2\/media\/6509"}],"wp:attachment":[{"href":"https:\/\/kind-swartz.5-175-42-214.plesk.page\/ca\/wp-json\/wp\/v2\/media?parent=5935"}],"wp:term":[{"taxonomy":"product_brand","embeddable":true,"href":"https:\/\/kind-swartz.5-175-42-214.plesk.page\/ca\/wp-json\/wp\/v2\/product_brand?post=5935"},{"taxonomy":"product_cat","embeddable":true,"href":"https:\/\/kind-swartz.5-175-42-214.plesk.page\/ca\/wp-json\/wp\/v2\/product_cat?post=5935"},{"taxonomy":"product_tag","embeddable":true,"href":"https:\/\/kind-swartz.5-175-42-214.plesk.page\/ca\/wp-json\/wp\/v2\/product_tag?post=5935"}],"curies":[{"name":"wp","href":"https:\/\/api.w.org\/{rel}","templated":true}]}}