{"id":6013,"date":"2024-01-25T14:57:26","date_gmt":"2024-01-25T13:57:26","guid":{"rendered":"https:\/\/kind-swartz.5-175-42-214.plesk.page\/curso\/rehabilitacio-energetica-a-edificis\/"},"modified":"2024-02-23T18:47:17","modified_gmt":"2024-02-23T17:47:17","slug":"rehabilitacio-energetica-a-edificis","status":"publish","type":"product","link":"https:\/\/kind-swartz.5-175-42-214.plesk.page\/ca\/curso\/rehabilitacio-energetica-a-edificis\/","title":{"rendered":"Rehabilitaci\u00f3 Energ\u00e8tica a Edificis"},"content":{"rendered":"<p><strong>Objectius:<\/strong><br \/>\nEls objectius generals s&#8217;adquirir els coneixements necessaris, tant te\u00f2rics com pr\u00e0ctics, per tal de con\u00e8ixer les t\u00e8cniques elementals de la rehabilitaci\u00f3 energ\u00e8tica als edificis.<\/p>\n<p><strong>Horari i durada total del curs:<\/strong><br \/>\nDimarts i dijous de 18.30 a 22.00. 40 hores<\/p>\n<p><strong>Requisits<\/strong><\/p>\n<p>Consultar convocat\u00f2ria<\/p>\n<p><strong>Continguts:<\/strong><\/p>\n<p><strong>1. Conceptes energ\u00e8tics. Comportament energ\u00e8tic dels edificis<\/strong><br \/>\n1.1. Introducci\u00f3<br \/>\n1.2. Els combustibles f\u00f2ssils<br \/>\n1.3. Energia<br \/>\n1.4. Energia a Espanya: principals dades energ\u00e8tiques<br \/>\n1.5. Edificis i les seves instal\u00b7lacions<br \/>\n1.6. Comportament energ\u00e8tic de l&#8217;edifici<br \/>\n1.7. Consum energ\u00e8tic residencial a Espanya<br \/>\n1.8. Eines per a la millora de l&#8217;efici\u00e8ncia energ\u00e8tica<br \/>\n1.9. Edificis d&#8217;alta efici\u00e8ncia<\/p>\n<p><strong>2. La certificaci\u00f3 energ\u00e8tica dedificis<\/strong><br \/>\n2.1. Normativa en mat\u00e8ria d&#8217;efici\u00e8ncia energ\u00e8tica a l&#8217;edificaci\u00f3<br \/>\n2.2. Qu\u00e8 \u00e9s un certificat defici\u00e8ncia energ\u00e8tica?<br \/>\n2.3. Metodologies d&#8217;obtenci\u00f3 de l&#8217;\u00edndex d&#8217;efici\u00e8ncia energ\u00e8tica (Basades en mesuraments o c\u00e0lculs)<br \/>\n2.4. Certificaci\u00f3 energ\u00e8tica a Europa<br \/>\n2.5. Quin objectiu t\u00e9 l\u00fas de certificats defici\u00e8ncia energ\u00e8tica?<br \/>\n2.6. Quins edificis han de tenir un certificat d&#8217;efici\u00e8ncia energ\u00e8tica?<br \/>\n2.7. Quan ser\u00e0 obligatori disposar del certificat?<br \/>\n2.8. Qu\u00e8 \u00e9s la certificaci\u00f3 energ\u00e8tica? i la qualificaci\u00f3 energ\u00e8tica? Quina \u00e9s la difer\u00e8ncia?<br \/>\n2.9. Continguts d&#8217;un certificat<br \/>\n2.10. Tipus de recomanacions a incorporar als certificats d&#8217;efici\u00e8ncia energ\u00e8tica<br \/>\n2.11. Etiqueta d&#8217;efici\u00e8ncia energ\u00e8tica<br \/>\n2.12. Escala de qualificaci\u00f3 energ\u00e8tica<br \/>\n2.13. Qui t\u00e9 l&#8217;obligaci\u00f3 d&#8217;exhibir al p\u00fablic l&#8217;etiqueta d&#8217;efici\u00e8ncia energ\u00e8tica?<br \/>\n2.14. Qui \u00e9s el responsable d&#8217;aportar el certificat a la compravenda o lloguer d&#8217;un immoble?<br \/>\n2.15. Qui \u00e9s el responsable de disposar del certificat? Qui n&#8217;assumeix el cost?<br \/>\n2.16. Qui pot fer (subscriure) un certificat d&#8217;efici\u00e8ncia energ\u00e8tica?<br \/>\n2.17. Registre de certificats<br \/>\n2.18. Com s&#8217;obt\u00e9 un certificat? Proc\u00e9s de realitzaci\u00f3 d&#8217;un certificat d&#8217;efici\u00e8ncia energ\u00e8tica<br \/>\n2.19. Quin programari sutilitza per obtenir el certificat defici\u00e8ncia energ\u00e8tica?<br \/>\n2.20. Quina informaci\u00f3 es requereix per fer el certificat d&#8217;efici\u00e8ncia energ\u00e8tica?<br \/>\n2.21. Validesa i renovaci\u00f3 dels certificats<br \/>\n2.22. Informaci\u00f3 a facilitar als potencials clients (compradors, venedors, arrendadors i arrendataris)<br \/>\n2.23. Opcions de certificaci\u00f3 (edifici complet, habitatges habituals, locals comercials)<br \/>\n2.24. Certificat de pisos o blocs de pisos<br \/>\n2.25. Quins aspectes de l&#8217;edifici influeixen en el resultat? i en el consum energ\u00e8tic?<br \/>\n2.26. Quant costa un certificat?<br \/>\n2.27 Cal fer un certificat cada cop que es lloga o es ven un immoble?<br \/>\n2.28. Es pot publicitar la venda o el lloguer d&#8217;un immoble sense disposar del certificat d&#8217;efici\u00e8ncia energ\u00e8tica?<br \/>\n2.29. He de lliurar una c\u00f2pia del certificat a un potencial client?<br \/>\n2.30. On puc trobar un t\u00e8cnic certificador?<br \/>\n2.31. Hi ha obligaci\u00f3 d&#8217;emprendre les mesures de millora recollides al certificat?<br \/>\n2.32. Si es realitza una millora a la vivenda o edifici cal tornar a certificar-la?<br \/>\n2.33. Si es t\u00e9 una mala qualificaci\u00f3 \u00e9s obligatori fer reformes?<br \/>\n2.34. Com afecta el preu de venda o lloguer de disposar d&#8217;una bona qualificaci\u00f3 energ\u00e8tica?<br \/>\n2.35. Cal disposar d&#8217;un certificat d&#8217;efici\u00e8ncia energ\u00e8tica si l&#8217;edifici ser\u00e0 enderrocat?<br \/>\n2.36. Quant de temps es necessita per certificar un habitatge i un edifici?<br \/>\n2.37. Pot variar el resultat de la qualificaci\u00f3 dependent del t\u00e8cnic certificador?2.38 Est\u00e0 previst que hi hagi algun tipus de control sobre els certificats defici\u00e8ncia energ\u00e8tica per part de lAdministraci\u00f3?<br \/>\n2.39. Dilema promotor-comprador, venedor-comprador i arrendatari-arrendat<br \/>\n2.40. Com verificar l\u201fautenticitat d\u201fun certificat d\u201fefici\u00e8ncia energ\u00e8tica i com comprovar l\u201fautenticitat d\u201fun t\u00e8cnic certificador?<br \/>\n2.41. Quines conseq\u00fc\u00e8ncies es poden produir si no es disposa del certificat?<br \/>\n2.42. Certificacions volunt\u00e0ries.<br \/>\n2.43. Gestor immobiliari.<\/p>\n<p><strong>3. Mesures destalvi i efici\u00e8ncia energ\u00e8tica en edificis.<\/strong><br \/>\n3.1. Mesures de millora: envolupant t\u00e8rmica.<br \/>\n3.2. Mesures de millora: sistemes consumidors denergia.<br \/>\n3.3. Rehabilitaci\u00f3 energ\u00e8tica.<br \/>\n3.4. Efici\u00e8ncia del parc dedificis i habitatges a Espanya.<br \/>\n3.5. Situaci\u00f3 actual del sector de la rehabilitaci\u00f3.<br \/>\n3.6. Perspectives d&#8217;ocupaci\u00f3 al sector de la rehabilitaci\u00f3<\/p>\n<p>&nbsp;<\/p>\n","protected":false},"excerpt":{"rendered":"[fusion_button link=\"\" title=\"\" target=\"_self\" link_attributes=\"\" alignment_medium=\"\" alignment_small=\"\" alignment=\"center\" modal=\"\" hide_on_mobile=\"small-visibility,medium-visibility,large-visibility\" sticky_display=\"normal,sticky\" class=\"\" id=\"\" color=\"custom\" button_gradient_top_color=\"#ed8138\" hue=\"\" saturation=\"\" lightness=\"\" alpha=\"\" button_gradient_bottom_color=\"#ed8138\" button_gradient_top_color_hover=\"#ed8138\" button_gradient_bottom_color_hover=\"#ed8138\" gradient_start_position=\"\" gradient_end_position=\"\" gradient_type=\"\" radial_direction=\"\" linear_angle=\"180\" accent_color=\"\" accent_hover_color=\"\" type=\"flat\" bevel_color=\"\" bevel_color_hover=\"\" border_top=\"\" border_right=\"\" border_bottom=\"\" border_left=\"\" border_radius_top_left=\"0\" border_radius_top_right=\"0\" border_radius_bottom_right=\"0\" border_radius_bottom_left=\"0\" border_color=\"\" border_hover_color=\"\" size=\"\" padding_top=\"\" padding_right=\"\" padding_bottom=\"\" padding_left=\"\" fusion_font_family_button_font=\"\" fusion_font_variant_button_font=\"\" font_size=\"14\" line_height=\"\" letter_spacing=\"\" text_transform=\"\" stretch=\"yes\" margin_top=\"20\" margin_right=\"\" margin_bottom=\"20\" margin_left=\"\" icon=\"\" icon_position=\"left\" icon_divider=\"no\" hover_transition=\"none\" animation_type=\"bounce\" animation_direction=\"static\" animation_color=\"\" animation_speed=\"1.0\" animation_delay=\"0.5\" animation_offset=\"\"]Sense programaci\u00f3 actualment[\/fusion_button]\n","protected":false},"featured_media":5399,"template":"","meta":{"_acf_changed":false},"product_brand":[],"product_cat":[119],"product_tag":[115],"class_list":{"0":"post-6013","1":"product","2":"type-product","3":"status-publish","4":"has-post-thumbnail","6":"product_cat-noves-tecnologies-renovables","7":"product_tag-web-sbv-ca","9":"first","10":"outofstock","11":"virtual","12":"sold-individually","13":"product-type-simple"},"acf":[],"yoast_head":"<!-- This site is optimized with the Yoast SEO plugin v27.3 - https:\/\/yoast.com\/product\/yoast-seo-wordpress\/ -->\n<title>Rehabilitaci\u00f3 Energ\u00e8tica a Edificis<\/title>\n<meta name=\"robots\" content=\"noindex, follow, max-snippet:-1, max-image-preview:large, max-video-preview:-1\" \/>\n<meta property=\"og:locale\" content=\"ca_ES\" \/>\n<meta property=\"og:type\" content=\"article\" \/>\n<meta property=\"og:title\" content=\"Rehabilitaci\u00f3 Energ\u00e8tica a Edificis\" \/>\n<meta property=\"og:url\" content=\"https:\/\/kind-swartz.5-175-42-214.plesk.page\/ca\/curso\/rehabilitacio-energetica-a-edificis\/\" \/>\n<meta property=\"og:site_name\" content=\"EGIBCN\" \/>\n<meta property=\"article:publisher\" content=\"https:\/\/www.facebook.com\/EGIBCN\" \/>\n<meta property=\"article:modified_time\" content=\"2024-02-23T17:47:17+00:00\" \/>\n<meta property=\"og:image\" content=\"https:\/\/kind-swartz.5-175-42-214.plesk.page\/wp-content\/uploads\/2024\/01\/AdobeStock_583387099-scaled.jpeg\" \/>\n\t<meta property=\"og:image:width\" content=\"2560\" \/>\n\t<meta property=\"og:image:height\" content=\"1435\" \/>\n\t<meta property=\"og:image:type\" content=\"image\/jpeg\" \/>\n<meta name=\"twitter:card\" content=\"summary_large_image\" \/>\n<meta name=\"twitter:description\" content=\"[fusion_button link=&quot;&quot; title=&quot;&quot; target=&quot;_self&quot; link_attributes=&quot;&quot; alignment_medium=&quot;&quot; alignment_small=&quot;&quot; alignment=&quot;center&quot; modal=&quot;&quot; hide_on_mobile=&quot;small-visibility,medium-visibility,large-visibility&quot; sticky_display=&quot;normal,sticky&quot; class=&quot;&quot; id=&quot;&quot; color=&quot;custom&quot; button_gradient_top_color=&quot;#ed8138&quot; hue=&quot;&quot; saturation=&quot;&quot; lightness=&quot;&quot; alpha=&quot;&quot; button_gradient_bottom_color=&quot;#ed8138&quot; button_gradient_top_color_hover=&quot;#ed8138&quot; button_gradient_bottom_color_hover=&quot;#ed8138&quot; gradient_start_position=&quot;&quot; gradient_end_position=&quot;&quot; gradient_type=&quot;&quot; radial_direction=&quot;&quot; linear_angle=&quot;180&quot; accent_color=&quot;&quot; accent_hover_color=&quot;&quot; type=&quot;flat&quot; bevel_color=&quot;&quot; bevel_color_hover=&quot;&quot; border_top=&quot;&quot; border_right=&quot;&quot; border_bottom=&quot;&quot; border_left=&quot;&quot; border_radius_top_left=&quot;0&quot; border_radius_top_right=&quot;0&quot; border_radius_bottom_right=&quot;0&quot; border_radius_bottom_left=&quot;0&quot; border_color=&quot;&quot; border_hover_color=&quot;&quot; size=&quot;&quot; padding_top=&quot;&quot; padding_right=&quot;&quot; padding_bottom=&quot;&quot; padding_left=&quot;&quot; fusion_font_family_button_font=&quot;&quot; fusion_font_variant_button_font=&quot;&quot; font_size=&quot;14&quot; line_height=&quot;&quot; letter_spacing=&quot;&quot; text_transform=&quot;&quot; stretch=&quot;yes&quot; margin_top=&quot;20&quot; margin_right=&quot;&quot; margin_bottom=&quot;20&quot; margin_left=&quot;&quot; icon=&quot;&quot; icon_position=&quot;left&quot; icon_divider=&quot;no&quot; hover_transition=&quot;none&quot; animation_type=&quot;bounce&quot; animation_direction=&quot;static&quot; animation_color=&quot;&quot; animation_speed=&quot;1.0&quot; animation_delay=&quot;0.5&quot; animation_offset=&quot;&quot;]Sense programaci\u00f3 actualment[\/fusion_button]\" \/>\n<meta name=\"twitter:site\" content=\"@EGIBCN\" \/>\n<script type=\"application\/ld+json\" class=\"yoast-schema-graph\">{\"@context\":\"https:\\\/\\\/schema.org\",\"@graph\":[{\"@type\":\"WebPage\",\"@id\":\"https:\\\/\\\/kind-swartz.5-175-42-214.plesk.page\\\/ca\\\/curso\\\/rehabilitacio-energetica-a-edificis\\\/\",\"url\":\"https:\\\/\\\/kind-swartz.5-175-42-214.plesk.page\\\/ca\\\/curso\\\/rehabilitacio-energetica-a-edificis\\\/\",\"name\":\"Rehabilitaci\u00f3 Energ\u00e8tica a Edificis\",\"isPartOf\":{\"@id\":\"https:\\\/\\\/kind-swartz.5-175-42-214.plesk.page\\\/ca\\\/#website\"},\"primaryImageOfPage\":{\"@id\":\"https:\\\/\\\/kind-swartz.5-175-42-214.plesk.page\\\/ca\\\/curso\\\/rehabilitacio-energetica-a-edificis\\\/#primaryimage\"},\"image\":{\"@id\":\"https:\\\/\\\/kind-swartz.5-175-42-214.plesk.page\\\/ca\\\/curso\\\/rehabilitacio-energetica-a-edificis\\\/#primaryimage\"},\"thumbnailUrl\":\"https:\\\/\\\/kind-swartz.5-175-42-214.plesk.page\\\/wp-content\\\/uploads\\\/2024\\\/01\\\/AdobeStock_583387099-scaled.jpeg\",\"datePublished\":\"2024-01-25T13:57:26+00:00\",\"dateModified\":\"2024-02-23T17:47:17+00:00\",\"breadcrumb\":{\"@id\":\"https:\\\/\\\/kind-swartz.5-175-42-214.plesk.page\\\/ca\\\/curso\\\/rehabilitacio-energetica-a-edificis\\\/#breadcrumb\"},\"inLanguage\":\"ca\",\"potentialAction\":[{\"@type\":\"ReadAction\",\"target\":[\"https:\\\/\\\/kind-swartz.5-175-42-214.plesk.page\\\/ca\\\/curso\\\/rehabilitacio-energetica-a-edificis\\\/\"]}]},{\"@type\":\"ImageObject\",\"inLanguage\":\"ca\",\"@id\":\"https:\\\/\\\/kind-swartz.5-175-42-214.plesk.page\\\/ca\\\/curso\\\/rehabilitacio-energetica-a-edificis\\\/#primaryimage\",\"url\":\"https:\\\/\\\/kind-swartz.5-175-42-214.plesk.page\\\/wp-content\\\/uploads\\\/2024\\\/01\\\/AdobeStock_583387099-scaled.jpeg\",\"contentUrl\":\"https:\\\/\\\/kind-swartz.5-175-42-214.plesk.page\\\/wp-content\\\/uploads\\\/2024\\\/01\\\/AdobeStock_583387099-scaled.jpeg\",\"width\":2560,\"height\":1435,\"caption\":\"Curs de rehabilitaci\u00f3 Energ\u00e8tica a Barcelona\"},{\"@type\":\"BreadcrumbList\",\"@id\":\"https:\\\/\\\/kind-swartz.5-175-42-214.plesk.page\\\/ca\\\/curso\\\/rehabilitacio-energetica-a-edificis\\\/#breadcrumb\",\"itemListElement\":[{\"@type\":\"ListItem\",\"position\":1,\"name\":\"Portada\",\"item\":\"https:\\\/\\\/kind-swartz.5-175-42-214.plesk.page\\\/ca\\\/\"},{\"@type\":\"ListItem\",\"position\":2,\"name\":\"Todos nuestros cursos\",\"item\":\"https:\\\/\\\/kind-swartz.5-175-42-214.plesk.page\\\/todos-los-cursos\\\/\"},{\"@type\":\"ListItem\",\"position\":3,\"name\":\"Rehabilitaci\u00f3 Energ\u00e8tica a Edificis\"}]},{\"@type\":\"WebSite\",\"@id\":\"https:\\\/\\\/kind-swartz.5-175-42-214.plesk.page\\\/ca\\\/#website\",\"url\":\"https:\\\/\\\/kind-swartz.5-175-42-214.plesk.page\\\/ca\\\/\",\"name\":\"EGIBCN\",\"description\":\"Escola Gremial d\u2019Electricitat i Fontaneria De Barcelona\",\"publisher\":{\"@id\":\"https:\\\/\\\/kind-swartz.5-175-42-214.plesk.page\\\/ca\\\/#organization\"},\"potentialAction\":[{\"@type\":\"SearchAction\",\"target\":{\"@type\":\"EntryPoint\",\"urlTemplate\":\"https:\\\/\\\/kind-swartz.5-175-42-214.plesk.page\\\/ca\\\/?s={search_term_string}\"},\"query-input\":{\"@type\":\"PropertyValueSpecification\",\"valueRequired\":true,\"valueName\":\"search_term_string\"}}],\"inLanguage\":\"ca\"},{\"@type\":\"Organization\",\"@id\":\"https:\\\/\\\/kind-swartz.5-175-42-214.plesk.page\\\/ca\\\/#organization\",\"name\":\"Escola Gremial d'Instal.ladors d'Electricitat i Fontaneria de Barcelona\",\"url\":\"https:\\\/\\\/kind-swartz.5-175-42-214.plesk.page\\\/ca\\\/\",\"logo\":{\"@type\":\"ImageObject\",\"inLanguage\":\"ca\",\"@id\":\"https:\\\/\\\/kind-swartz.5-175-42-214.plesk.page\\\/ca\\\/#\\\/schema\\\/logo\\\/image\\\/\",\"url\":\"https:\\\/\\\/kind-swartz.5-175-42-214.plesk.page\\\/wp-content\\\/uploads\\\/2022\\\/11\\\/logo-1.jpg\",\"contentUrl\":\"https:\\\/\\\/kind-swartz.5-175-42-214.plesk.page\\\/wp-content\\\/uploads\\\/2022\\\/11\\\/logo-1.jpg\",\"width\":201,\"height\":78,\"caption\":\"Escola Gremial d'Instal.ladors d'Electricitat i Fontaneria de Barcelona\"},\"image\":{\"@id\":\"https:\\\/\\\/kind-swartz.5-175-42-214.plesk.page\\\/ca\\\/#\\\/schema\\\/logo\\\/image\\\/\"},\"sameAs\":[\"https:\\\/\\\/www.facebook.com\\\/EGIBCN\",\"https:\\\/\\\/x.com\\\/EGIBCN\",\"https:\\\/\\\/www.youtube.com\\\/channel\\\/UC2zCKuwrvM4wGk97Hpmb5LA\",\"https:\\\/\\\/www.instagram.com\\\/escolagremial\\\/\"]}]}<\/script>\n<!-- \/ Yoast SEO plugin. -->","yoast_head_json":{"title":"Rehabilitaci\u00f3 Energ\u00e8tica a Edificis","robots":{"index":"noindex","follow":"follow","max-snippet":"max-snippet:-1","max-image-preview":"max-image-preview:large","max-video-preview":"max-video-preview:-1"},"og_locale":"ca_ES","og_type":"article","og_title":"Rehabilitaci\u00f3 Energ\u00e8tica a Edificis","og_url":"https:\/\/kind-swartz.5-175-42-214.plesk.page\/ca\/curso\/rehabilitacio-energetica-a-edificis\/","og_site_name":"EGIBCN","article_publisher":"https:\/\/www.facebook.com\/EGIBCN","article_modified_time":"2024-02-23T17:47:17+00:00","og_image":[{"width":2560,"height":1435,"url":"https:\/\/kind-swartz.5-175-42-214.plesk.page\/wp-content\/uploads\/2024\/01\/AdobeStock_583387099-scaled.jpeg","type":"image\/jpeg"}],"twitter_card":"summary_large_image","twitter_description":"[fusion_button link=\"\" title=\"\" target=\"_self\" link_attributes=\"\" alignment_medium=\"\" alignment_small=\"\" alignment=\"center\" modal=\"\" hide_on_mobile=\"small-visibility,medium-visibility,large-visibility\" sticky_display=\"normal,sticky\" class=\"\" id=\"\" color=\"custom\" button_gradient_top_color=\"#ed8138\" hue=\"\" saturation=\"\" lightness=\"\" alpha=\"\" button_gradient_bottom_color=\"#ed8138\" button_gradient_top_color_hover=\"#ed8138\" button_gradient_bottom_color_hover=\"#ed8138\" gradient_start_position=\"\" gradient_end_position=\"\" gradient_type=\"\" radial_direction=\"\" linear_angle=\"180\" accent_color=\"\" accent_hover_color=\"\" type=\"flat\" bevel_color=\"\" bevel_color_hover=\"\" border_top=\"\" border_right=\"\" border_bottom=\"\" border_left=\"\" border_radius_top_left=\"0\" border_radius_top_right=\"0\" border_radius_bottom_right=\"0\" border_radius_bottom_left=\"0\" border_color=\"\" border_hover_color=\"\" size=\"\" padding_top=\"\" padding_right=\"\" padding_bottom=\"\" padding_left=\"\" fusion_font_family_button_font=\"\" fusion_font_variant_button_font=\"\" font_size=\"14\" line_height=\"\" letter_spacing=\"\" text_transform=\"\" stretch=\"yes\" margin_top=\"20\" margin_right=\"\" margin_bottom=\"20\" margin_left=\"\" icon=\"\" icon_position=\"left\" icon_divider=\"no\" hover_transition=\"none\" animation_type=\"bounce\" animation_direction=\"static\" animation_color=\"\" animation_speed=\"1.0\" animation_delay=\"0.5\" animation_offset=\"\"]Sense programaci\u00f3 actualment[\/fusion_button]","twitter_site":"@EGIBCN","schema":{"@context":"https:\/\/schema.org","@graph":[{"@type":"WebPage","@id":"https:\/\/kind-swartz.5-175-42-214.plesk.page\/ca\/curso\/rehabilitacio-energetica-a-edificis\/","url":"https:\/\/kind-swartz.5-175-42-214.plesk.page\/ca\/curso\/rehabilitacio-energetica-a-edificis\/","name":"Rehabilitaci\u00f3 Energ\u00e8tica a Edificis","isPartOf":{"@id":"https:\/\/kind-swartz.5-175-42-214.plesk.page\/ca\/#website"},"primaryImageOfPage":{"@id":"https:\/\/kind-swartz.5-175-42-214.plesk.page\/ca\/curso\/rehabilitacio-energetica-a-edificis\/#primaryimage"},"image":{"@id":"https:\/\/kind-swartz.5-175-42-214.plesk.page\/ca\/curso\/rehabilitacio-energetica-a-edificis\/#primaryimage"},"thumbnailUrl":"https:\/\/kind-swartz.5-175-42-214.plesk.page\/wp-content\/uploads\/2024\/01\/AdobeStock_583387099-scaled.jpeg","datePublished":"2024-01-25T13:57:26+00:00","dateModified":"2024-02-23T17:47:17+00:00","breadcrumb":{"@id":"https:\/\/kind-swartz.5-175-42-214.plesk.page\/ca\/curso\/rehabilitacio-energetica-a-edificis\/#breadcrumb"},"inLanguage":"ca","potentialAction":[{"@type":"ReadAction","target":["https:\/\/kind-swartz.5-175-42-214.plesk.page\/ca\/curso\/rehabilitacio-energetica-a-edificis\/"]}]},{"@type":"ImageObject","inLanguage":"ca","@id":"https:\/\/kind-swartz.5-175-42-214.plesk.page\/ca\/curso\/rehabilitacio-energetica-a-edificis\/#primaryimage","url":"https:\/\/kind-swartz.5-175-42-214.plesk.page\/wp-content\/uploads\/2024\/01\/AdobeStock_583387099-scaled.jpeg","contentUrl":"https:\/\/kind-swartz.5-175-42-214.plesk.page\/wp-content\/uploads\/2024\/01\/AdobeStock_583387099-scaled.jpeg","width":2560,"height":1435,"caption":"Curs de rehabilitaci\u00f3 Energ\u00e8tica a Barcelona"},{"@type":"BreadcrumbList","@id":"https:\/\/kind-swartz.5-175-42-214.plesk.page\/ca\/curso\/rehabilitacio-energetica-a-edificis\/#breadcrumb","itemListElement":[{"@type":"ListItem","position":1,"name":"Portada","item":"https:\/\/kind-swartz.5-175-42-214.plesk.page\/ca\/"},{"@type":"ListItem","position":2,"name":"Todos nuestros cursos","item":"https:\/\/kind-swartz.5-175-42-214.plesk.page\/todos-los-cursos\/"},{"@type":"ListItem","position":3,"name":"Rehabilitaci\u00f3 Energ\u00e8tica a Edificis"}]},{"@type":"WebSite","@id":"https:\/\/kind-swartz.5-175-42-214.plesk.page\/ca\/#website","url":"https:\/\/kind-swartz.5-175-42-214.plesk.page\/ca\/","name":"EGIBCN","description":"Escola Gremial d\u2019Electricitat i Fontaneria De Barcelona","publisher":{"@id":"https:\/\/kind-swartz.5-175-42-214.plesk.page\/ca\/#organization"},"potentialAction":[{"@type":"SearchAction","target":{"@type":"EntryPoint","urlTemplate":"https:\/\/kind-swartz.5-175-42-214.plesk.page\/ca\/?s={search_term_string}"},"query-input":{"@type":"PropertyValueSpecification","valueRequired":true,"valueName":"search_term_string"}}],"inLanguage":"ca"},{"@type":"Organization","@id":"https:\/\/kind-swartz.5-175-42-214.plesk.page\/ca\/#organization","name":"Escola Gremial d'Instal.ladors d'Electricitat i Fontaneria de Barcelona","url":"https:\/\/kind-swartz.5-175-42-214.plesk.page\/ca\/","logo":{"@type":"ImageObject","inLanguage":"ca","@id":"https:\/\/kind-swartz.5-175-42-214.plesk.page\/ca\/#\/schema\/logo\/image\/","url":"https:\/\/kind-swartz.5-175-42-214.plesk.page\/wp-content\/uploads\/2022\/11\/logo-1.jpg","contentUrl":"https:\/\/kind-swartz.5-175-42-214.plesk.page\/wp-content\/uploads\/2022\/11\/logo-1.jpg","width":201,"height":78,"caption":"Escola Gremial d'Instal.ladors d'Electricitat i Fontaneria de Barcelona"},"image":{"@id":"https:\/\/kind-swartz.5-175-42-214.plesk.page\/ca\/#\/schema\/logo\/image\/"},"sameAs":["https:\/\/www.facebook.com\/EGIBCN","https:\/\/x.com\/EGIBCN","https:\/\/www.youtube.com\/channel\/UC2zCKuwrvM4wGk97Hpmb5LA","https:\/\/www.instagram.com\/escolagremial\/"]}]}},"_links":{"self":[{"href":"https:\/\/kind-swartz.5-175-42-214.plesk.page\/ca\/wp-json\/wp\/v2\/product\/6013","targetHints":{"allow":["GET"]}}],"collection":[{"href":"https:\/\/kind-swartz.5-175-42-214.plesk.page\/ca\/wp-json\/wp\/v2\/product"}],"about":[{"href":"https:\/\/kind-swartz.5-175-42-214.plesk.page\/ca\/wp-json\/wp\/v2\/types\/product"}],"wp:featuredmedia":[{"embeddable":true,"href":"https:\/\/kind-swartz.5-175-42-214.plesk.page\/ca\/wp-json\/wp\/v2\/media\/5399"}],"wp:attachment":[{"href":"https:\/\/kind-swartz.5-175-42-214.plesk.page\/ca\/wp-json\/wp\/v2\/media?parent=6013"}],"wp:term":[{"taxonomy":"product_brand","embeddable":true,"href":"https:\/\/kind-swartz.5-175-42-214.plesk.page\/ca\/wp-json\/wp\/v2\/product_brand?post=6013"},{"taxonomy":"product_cat","embeddable":true,"href":"https:\/\/kind-swartz.5-175-42-214.plesk.page\/ca\/wp-json\/wp\/v2\/product_cat?post=6013"},{"taxonomy":"product_tag","embeddable":true,"href":"https:\/\/kind-swartz.5-175-42-214.plesk.page\/ca\/wp-json\/wp\/v2\/product_tag?post=6013"}],"curies":[{"name":"wp","href":"https:\/\/api.w.org\/{rel}","templated":true}]}}