{"id":6800,"date":"2023-02-09T10:36:43","date_gmt":"2023-02-09T09:36:43","guid":{"rendered":"https:\/\/kind-swartz.5-175-42-214.plesk.page\/?post_type=product&#038;p=6800"},"modified":"2025-01-23T10:31:12","modified_gmt":"2025-01-23T09:31:12","slug":"prl-riscos-electrics-20-hores","status":"publish","type":"product","link":"https:\/\/kind-swartz.5-175-42-214.plesk.page\/ca\/curso\/prl-riscos-electrics-20-hores\/","title":{"rendered":"PRL. Riscos el\u00e8ctrics 20 hores"},"content":{"rendered":"<h2>Objectius<\/h2>\n<p>Transmetre els coneixements i normes espec\u00edfiques en mat\u00e8ria de seguretat i salut en el treball en relaci\u00f3 amb l&#8217;activitat d&#8217;electricitat, construcci\u00f3 de l\u00ednies de telecomunicacions i l\u00ednies el\u00e8ctriques.<\/p>\n<h2>Desenvolupament:<\/h2>\n<p>Lliurament de documentaci\u00f3 t\u00e8cnica<br \/>\nPr\u00e0ctiques a l&#8217;aula taller de l&#8217;Escola<br \/>\nAvaluaci\u00f3 final, control d&#8217;assist\u00e8ncia<\/p>\n<h2>Horari i durada total del curs:<\/h2>\n<p>Segons convocat\u00f2ria, de 18.30 h. a 22.00 h. 20 hores.<\/p>\n<h2>Programa:<\/h2>\n<p>(Annex III de l&#8217;Acord estatal del metall de 20 de mar\u00e7 de 2009)<br \/>\nA. Definici\u00f3 dels treballs.<br \/>\nL\u00ednies el\u00e8ctriques a\u00e8ries i subterr\u00e0nies d&#8217;alta i baixa tensi\u00f3.<br \/>\nCentres de transformaci\u00f3.<br \/>\nSubestacions.<br \/>\nMuntatge i manteniment el\u00e8ctric industrial i edificaci\u00f3.<br \/>\nInstal\u00b7lacions provisionals d&#8217;obra.<\/p>\n<p>B. T\u00e8cniques preventives espec\u00edfiques.<br \/>\nAplicaci\u00f3 del pla de seguretat i salut en la tasca concreta. Avaluaci\u00f3 de riscos en el cas que no existeixi pla.<br \/>\nProteccions col\u00b7lectives (col\u00b7locaci\u00f3, usos, obligacions i manteniment).<br \/>\nProteccions individuals (col\u00b7locaci\u00f3, usos, obligacions i manteniment).<br \/>\nMuntatge, utilitzaci\u00f3 i desmuntatge de l\u00ednies de vida verticals i horitzontals en els diferents tipus de suports i estructures.<\/p>\n<p>C. Mitjans auxiliars, equips i eines.<br \/>\nEscales.<br \/>\nPetit material.<br \/>\nEquips port\u00e0tils i eines.<br \/>\nM\u00e0quines de tir, de fre, d&#8217;empalmar, corrioles, gats, carros de sortida a conductors, perxes de verificaci\u00f3 d&#8217;abs\u00e8ncia de tensi\u00f3.<br \/>\nPlataformes elevadores.<\/p>\n<p>D. Verificaci\u00f3, identificaci\u00f3 i vigil\u00e0ncia del lloc de treball i el seu entorn.<br \/>\nRiscos i mesures preventives espec\u00edfiques.<br \/>\nConeixement de l&#8217;entorn del lloc de treball i del tr\u00e0nsit per aquest. Planificaci\u00f3 de les tasques des d&#8217;un punt de vista preventiu.<\/p>\n<p>I. Interfer\u00e8ncies entre activitats.<br \/>\nActivitats simult\u00e0nies o successives.<br \/>\nPrevisi\u00f3 de les necessitats dels diferents equips el\u00e8ctrics.<\/p>\n<p>F. Primers auxilis i mesures d&#8217;emerg\u00e8ncia.<br \/>\nConeixements espec\u00edfics b\u00e0sics. Objectius i funcions.<\/p>\n<p>G. Drets i Obligacions.<br \/>\nMarc normatiu general i espec\u00edfic.<br \/>\nOrganitzaci\u00f3 de la prevenci\u00f3.<br \/>\nFoment de la presa de consci\u00e8ncia sobre la import\u00e0ncia d&#8217;involucrar-se en la prevenci\u00f3 de riscos laborals.<br \/>\nParticipaci\u00f3, informaci\u00f3, consulta i propostes.<\/p>\n","protected":false},"excerpt":{"rendered":"[fusion_button link=\"\" title=\"\" target=\"_self\" link_attributes=\"\" alignment_medium=\"\" alignment_small=\"\" alignment=\"center\" modal=\"\" hide_on_mobile=\"small-visibility,medium-visibility,large-visibility\" sticky_display=\"normal,sticky\" class=\"\" id=\"\" color=\"custom\" button_gradient_top_color=\"#ed8138\" hue=\"\" saturation=\"\" lightness=\"\" alpha=\"\" button_gradient_bottom_color=\"#ed8138\" button_gradient_top_color_hover=\"#ed8138\" button_gradient_bottom_color_hover=\"#ed8138\" gradient_start_position=\"\" gradient_end_position=\"\" gradient_type=\"\" radial_direction=\"\" linear_angle=\"180\" accent_color=\"\" accent_hover_color=\"\" type=\"flat\" bevel_color=\"\" bevel_color_hover=\"\" border_top=\"\" border_right=\"\" border_bottom=\"\" border_left=\"\" border_radius_top_left=\"0\" border_radius_top_right=\"0\" border_radius_bottom_right=\"0\" border_radius_bottom_left=\"0\" border_color=\"\" border_hover_color=\"\" size=\"\" padding_top=\"\" padding_right=\"\" padding_bottom=\"\" padding_left=\"\" fusion_font_family_button_font=\"\" fusion_font_variant_button_font=\"\" font_size=\"14\" line_height=\"\" letter_spacing=\"\" text_transform=\"\" stretch=\"yes\" margin_top=\"20\" margin_right=\"\" margin_bottom=\"20\" margin_left=\"\" icon=\"\" icon_position=\"left\" icon_divider=\"no\" hover_transition=\"none\" animation_type=\"bounce\" animation_direction=\"static\" animation_color=\"\" animation_speed=\"1.0\" animation_delay=\"0.5\" animation_offset=\"\"]Sense programaci\u00f3 actualment[\/fusion_button]\n","protected":false},"featured_media":5192,"template":"","meta":{"_acf_changed":false},"product_brand":[],"product_cat":[127],"product_tag":[115],"class_list":{"0":"post-6800","1":"product","2":"type-product","3":"status-publish","4":"has-post-thumbnail","6":"product_cat-riscos-laborals","7":"product_tag-web-sbv-ca","9":"first","10":"outofstock","11":"virtual","12":"sold-individually","13":"product-type-simple"},"acf":[],"yoast_head":"<!-- This site is optimized with the Yoast SEO plugin v27.3 - https:\/\/yoast.com\/product\/yoast-seo-wordpress\/ -->\n<title>PRL. Riscos el\u00e8ctrics 20 hores<\/title>\n<meta name=\"robots\" content=\"noindex, follow, max-snippet:-1, max-image-preview:large, max-video-preview:-1\" \/>\n<meta property=\"og:locale\" content=\"ca_ES\" \/>\n<meta property=\"og:type\" content=\"article\" \/>\n<meta property=\"og:title\" content=\"PRL. Riscos el\u00e8ctrics 20 hores\" \/>\n<meta property=\"og:url\" content=\"https:\/\/kind-swartz.5-175-42-214.plesk.page\/ca\/curso\/prl-riscos-electrics-20-hores\/\" \/>\n<meta property=\"og:site_name\" content=\"EGIBCN\" \/>\n<meta property=\"article:publisher\" content=\"https:\/\/www.facebook.com\/EGIBCN\" \/>\n<meta property=\"article:modified_time\" content=\"2025-01-23T09:31:12+00:00\" \/>\n<meta property=\"og:image\" content=\"https:\/\/kind-swartz.5-175-42-214.plesk.page\/wp-content\/uploads\/2022\/12\/Cursos-en-Barcelona-de-riesgos-laborales.jpg\" \/>\n\t<meta property=\"og:image:width\" content=\"600\" \/>\n\t<meta property=\"og:image:height\" content=\"400\" \/>\n\t<meta property=\"og:image:type\" content=\"image\/jpeg\" \/>\n<meta name=\"twitter:card\" content=\"summary_large_image\" \/>\n<meta name=\"twitter:description\" content=\"[fusion_button link=&quot;&quot; title=&quot;&quot; target=&quot;_self&quot; link_attributes=&quot;&quot; alignment_medium=&quot;&quot; alignment_small=&quot;&quot; alignment=&quot;center&quot; modal=&quot;&quot; hide_on_mobile=&quot;small-visibility,medium-visibility,large-visibility&quot; sticky_display=&quot;normal,sticky&quot; class=&quot;&quot; id=&quot;&quot; color=&quot;custom&quot; button_gradient_top_color=&quot;#ed8138&quot; hue=&quot;&quot; saturation=&quot;&quot; lightness=&quot;&quot; alpha=&quot;&quot; button_gradient_bottom_color=&quot;#ed8138&quot; button_gradient_top_color_hover=&quot;#ed8138&quot; button_gradient_bottom_color_hover=&quot;#ed8138&quot; gradient_start_position=&quot;&quot; gradient_end_position=&quot;&quot; gradient_type=&quot;&quot; radial_direction=&quot;&quot; linear_angle=&quot;180&quot; accent_color=&quot;&quot; accent_hover_color=&quot;&quot; type=&quot;flat&quot; bevel_color=&quot;&quot; bevel_color_hover=&quot;&quot; border_top=&quot;&quot; border_right=&quot;&quot; border_bottom=&quot;&quot; border_left=&quot;&quot; border_radius_top_left=&quot;0&quot; border_radius_top_right=&quot;0&quot; border_radius_bottom_right=&quot;0&quot; border_radius_bottom_left=&quot;0&quot; border_color=&quot;&quot; border_hover_color=&quot;&quot; size=&quot;&quot; padding_top=&quot;&quot; padding_right=&quot;&quot; padding_bottom=&quot;&quot; padding_left=&quot;&quot; fusion_font_family_button_font=&quot;&quot; fusion_font_variant_button_font=&quot;&quot; font_size=&quot;14&quot; line_height=&quot;&quot; letter_spacing=&quot;&quot; text_transform=&quot;&quot; stretch=&quot;yes&quot; margin_top=&quot;20&quot; margin_right=&quot;&quot; margin_bottom=&quot;20&quot; margin_left=&quot;&quot; icon=&quot;&quot; icon_position=&quot;left&quot; icon_divider=&quot;no&quot; hover_transition=&quot;none&quot; animation_type=&quot;bounce&quot; animation_direction=&quot;static&quot; animation_color=&quot;&quot; animation_speed=&quot;1.0&quot; animation_delay=&quot;0.5&quot; animation_offset=&quot;&quot;]Sense programaci\u00f3 actualment[\/fusion_button]\" \/>\n<meta name=\"twitter:site\" content=\"@EGIBCN\" \/>\n<script type=\"application\/ld+json\" class=\"yoast-schema-graph\">{\"@context\":\"https:\\\/\\\/schema.org\",\"@graph\":[{\"@type\":\"WebPage\",\"@id\":\"https:\\\/\\\/kind-swartz.5-175-42-214.plesk.page\\\/ca\\\/curso\\\/prl-riscos-electrics-20-hores\\\/\",\"url\":\"https:\\\/\\\/kind-swartz.5-175-42-214.plesk.page\\\/ca\\\/curso\\\/prl-riscos-electrics-20-hores\\\/\",\"name\":\"PRL. Riscos el\u00e8ctrics 20 hores\",\"isPartOf\":{\"@id\":\"https:\\\/\\\/kind-swartz.5-175-42-214.plesk.page\\\/ca\\\/#website\"},\"primaryImageOfPage\":{\"@id\":\"https:\\\/\\\/kind-swartz.5-175-42-214.plesk.page\\\/ca\\\/curso\\\/prl-riscos-electrics-20-hores\\\/#primaryimage\"},\"image\":{\"@id\":\"https:\\\/\\\/kind-swartz.5-175-42-214.plesk.page\\\/ca\\\/curso\\\/prl-riscos-electrics-20-hores\\\/#primaryimage\"},\"thumbnailUrl\":\"https:\\\/\\\/kind-swartz.5-175-42-214.plesk.page\\\/wp-content\\\/uploads\\\/2022\\\/12\\\/Cursos-en-Barcelona-de-riesgos-laborales.jpg\",\"datePublished\":\"2023-02-09T09:36:43+00:00\",\"dateModified\":\"2025-01-23T09:31:12+00:00\",\"breadcrumb\":{\"@id\":\"https:\\\/\\\/kind-swartz.5-175-42-214.plesk.page\\\/ca\\\/curso\\\/prl-riscos-electrics-20-hores\\\/#breadcrumb\"},\"inLanguage\":\"ca\",\"potentialAction\":[{\"@type\":\"ReadAction\",\"target\":[\"https:\\\/\\\/kind-swartz.5-175-42-214.plesk.page\\\/ca\\\/curso\\\/prl-riscos-electrics-20-hores\\\/\"]}]},{\"@type\":\"ImageObject\",\"inLanguage\":\"ca\",\"@id\":\"https:\\\/\\\/kind-swartz.5-175-42-214.plesk.page\\\/ca\\\/curso\\\/prl-riscos-electrics-20-hores\\\/#primaryimage\",\"url\":\"https:\\\/\\\/kind-swartz.5-175-42-214.plesk.page\\\/wp-content\\\/uploads\\\/2022\\\/12\\\/Cursos-en-Barcelona-de-riesgos-laborales.jpg\",\"contentUrl\":\"https:\\\/\\\/kind-swartz.5-175-42-214.plesk.page\\\/wp-content\\\/uploads\\\/2022\\\/12\\\/Cursos-en-Barcelona-de-riesgos-laborales.jpg\",\"width\":600,\"height\":400,\"caption\":\"Cursos a Barcelona de riscos laborals\"},{\"@type\":\"BreadcrumbList\",\"@id\":\"https:\\\/\\\/kind-swartz.5-175-42-214.plesk.page\\\/ca\\\/curso\\\/prl-riscos-electrics-20-hores\\\/#breadcrumb\",\"itemListElement\":[{\"@type\":\"ListItem\",\"position\":1,\"name\":\"Portada\",\"item\":\"https:\\\/\\\/kind-swartz.5-175-42-214.plesk.page\\\/ca\\\/\"},{\"@type\":\"ListItem\",\"position\":2,\"name\":\"Todos nuestros cursos\",\"item\":\"https:\\\/\\\/kind-swartz.5-175-42-214.plesk.page\\\/todos-los-cursos\\\/\"},{\"@type\":\"ListItem\",\"position\":3,\"name\":\"PRL. Riscos el\u00e8ctrics 20 hores\"}]},{\"@type\":\"WebSite\",\"@id\":\"https:\\\/\\\/kind-swartz.5-175-42-214.plesk.page\\\/ca\\\/#website\",\"url\":\"https:\\\/\\\/kind-swartz.5-175-42-214.plesk.page\\\/ca\\\/\",\"name\":\"EGIBCN\",\"description\":\"Escola Gremial d\u2019Electricitat i Fontaneria De Barcelona\",\"publisher\":{\"@id\":\"https:\\\/\\\/kind-swartz.5-175-42-214.plesk.page\\\/ca\\\/#organization\"},\"potentialAction\":[{\"@type\":\"SearchAction\",\"target\":{\"@type\":\"EntryPoint\",\"urlTemplate\":\"https:\\\/\\\/kind-swartz.5-175-42-214.plesk.page\\\/ca\\\/?s={search_term_string}\"},\"query-input\":{\"@type\":\"PropertyValueSpecification\",\"valueRequired\":true,\"valueName\":\"search_term_string\"}}],\"inLanguage\":\"ca\"},{\"@type\":\"Organization\",\"@id\":\"https:\\\/\\\/kind-swartz.5-175-42-214.plesk.page\\\/ca\\\/#organization\",\"name\":\"Escola Gremial d'Instal.ladors d'Electricitat i Fontaneria de Barcelona\",\"url\":\"https:\\\/\\\/kind-swartz.5-175-42-214.plesk.page\\\/ca\\\/\",\"logo\":{\"@type\":\"ImageObject\",\"inLanguage\":\"ca\",\"@id\":\"https:\\\/\\\/kind-swartz.5-175-42-214.plesk.page\\\/ca\\\/#\\\/schema\\\/logo\\\/image\\\/\",\"url\":\"https:\\\/\\\/kind-swartz.5-175-42-214.plesk.page\\\/wp-content\\\/uploads\\\/2022\\\/11\\\/logo-1.jpg\",\"contentUrl\":\"https:\\\/\\\/kind-swartz.5-175-42-214.plesk.page\\\/wp-content\\\/uploads\\\/2022\\\/11\\\/logo-1.jpg\",\"width\":201,\"height\":78,\"caption\":\"Escola Gremial d'Instal.ladors d'Electricitat i Fontaneria de Barcelona\"},\"image\":{\"@id\":\"https:\\\/\\\/kind-swartz.5-175-42-214.plesk.page\\\/ca\\\/#\\\/schema\\\/logo\\\/image\\\/\"},\"sameAs\":[\"https:\\\/\\\/www.facebook.com\\\/EGIBCN\",\"https:\\\/\\\/x.com\\\/EGIBCN\",\"https:\\\/\\\/www.youtube.com\\\/channel\\\/UC2zCKuwrvM4wGk97Hpmb5LA\",\"https:\\\/\\\/www.instagram.com\\\/escolagremial\\\/\"]}]}<\/script>\n<!-- \/ Yoast SEO plugin. -->","yoast_head_json":{"title":"PRL. Riscos el\u00e8ctrics 20 hores","robots":{"index":"noindex","follow":"follow","max-snippet":"max-snippet:-1","max-image-preview":"max-image-preview:large","max-video-preview":"max-video-preview:-1"},"og_locale":"ca_ES","og_type":"article","og_title":"PRL. Riscos el\u00e8ctrics 20 hores","og_url":"https:\/\/kind-swartz.5-175-42-214.plesk.page\/ca\/curso\/prl-riscos-electrics-20-hores\/","og_site_name":"EGIBCN","article_publisher":"https:\/\/www.facebook.com\/EGIBCN","article_modified_time":"2025-01-23T09:31:12+00:00","og_image":[{"width":600,"height":400,"url":"https:\/\/kind-swartz.5-175-42-214.plesk.page\/wp-content\/uploads\/2022\/12\/Cursos-en-Barcelona-de-riesgos-laborales.jpg","type":"image\/jpeg"}],"twitter_card":"summary_large_image","twitter_description":"[fusion_button link=\"\" title=\"\" target=\"_self\" link_attributes=\"\" alignment_medium=\"\" alignment_small=\"\" alignment=\"center\" modal=\"\" hide_on_mobile=\"small-visibility,medium-visibility,large-visibility\" sticky_display=\"normal,sticky\" class=\"\" id=\"\" color=\"custom\" button_gradient_top_color=\"#ed8138\" hue=\"\" saturation=\"\" lightness=\"\" alpha=\"\" button_gradient_bottom_color=\"#ed8138\" button_gradient_top_color_hover=\"#ed8138\" button_gradient_bottom_color_hover=\"#ed8138\" gradient_start_position=\"\" gradient_end_position=\"\" gradient_type=\"\" radial_direction=\"\" linear_angle=\"180\" accent_color=\"\" accent_hover_color=\"\" type=\"flat\" bevel_color=\"\" bevel_color_hover=\"\" border_top=\"\" border_right=\"\" border_bottom=\"\" border_left=\"\" border_radius_top_left=\"0\" border_radius_top_right=\"0\" border_radius_bottom_right=\"0\" border_radius_bottom_left=\"0\" border_color=\"\" border_hover_color=\"\" size=\"\" padding_top=\"\" padding_right=\"\" padding_bottom=\"\" padding_left=\"\" fusion_font_family_button_font=\"\" fusion_font_variant_button_font=\"\" font_size=\"14\" line_height=\"\" letter_spacing=\"\" text_transform=\"\" stretch=\"yes\" margin_top=\"20\" margin_right=\"\" margin_bottom=\"20\" margin_left=\"\" icon=\"\" icon_position=\"left\" icon_divider=\"no\" hover_transition=\"none\" animation_type=\"bounce\" animation_direction=\"static\" animation_color=\"\" animation_speed=\"1.0\" animation_delay=\"0.5\" animation_offset=\"\"]Sense programaci\u00f3 actualment[\/fusion_button]","twitter_site":"@EGIBCN","schema":{"@context":"https:\/\/schema.org","@graph":[{"@type":"WebPage","@id":"https:\/\/kind-swartz.5-175-42-214.plesk.page\/ca\/curso\/prl-riscos-electrics-20-hores\/","url":"https:\/\/kind-swartz.5-175-42-214.plesk.page\/ca\/curso\/prl-riscos-electrics-20-hores\/","name":"PRL. Riscos el\u00e8ctrics 20 hores","isPartOf":{"@id":"https:\/\/kind-swartz.5-175-42-214.plesk.page\/ca\/#website"},"primaryImageOfPage":{"@id":"https:\/\/kind-swartz.5-175-42-214.plesk.page\/ca\/curso\/prl-riscos-electrics-20-hores\/#primaryimage"},"image":{"@id":"https:\/\/kind-swartz.5-175-42-214.plesk.page\/ca\/curso\/prl-riscos-electrics-20-hores\/#primaryimage"},"thumbnailUrl":"https:\/\/kind-swartz.5-175-42-214.plesk.page\/wp-content\/uploads\/2022\/12\/Cursos-en-Barcelona-de-riesgos-laborales.jpg","datePublished":"2023-02-09T09:36:43+00:00","dateModified":"2025-01-23T09:31:12+00:00","breadcrumb":{"@id":"https:\/\/kind-swartz.5-175-42-214.plesk.page\/ca\/curso\/prl-riscos-electrics-20-hores\/#breadcrumb"},"inLanguage":"ca","potentialAction":[{"@type":"ReadAction","target":["https:\/\/kind-swartz.5-175-42-214.plesk.page\/ca\/curso\/prl-riscos-electrics-20-hores\/"]}]},{"@type":"ImageObject","inLanguage":"ca","@id":"https:\/\/kind-swartz.5-175-42-214.plesk.page\/ca\/curso\/prl-riscos-electrics-20-hores\/#primaryimage","url":"https:\/\/kind-swartz.5-175-42-214.plesk.page\/wp-content\/uploads\/2022\/12\/Cursos-en-Barcelona-de-riesgos-laborales.jpg","contentUrl":"https:\/\/kind-swartz.5-175-42-214.plesk.page\/wp-content\/uploads\/2022\/12\/Cursos-en-Barcelona-de-riesgos-laborales.jpg","width":600,"height":400,"caption":"Cursos a Barcelona de riscos laborals"},{"@type":"BreadcrumbList","@id":"https:\/\/kind-swartz.5-175-42-214.plesk.page\/ca\/curso\/prl-riscos-electrics-20-hores\/#breadcrumb","itemListElement":[{"@type":"ListItem","position":1,"name":"Portada","item":"https:\/\/kind-swartz.5-175-42-214.plesk.page\/ca\/"},{"@type":"ListItem","position":2,"name":"Todos nuestros cursos","item":"https:\/\/kind-swartz.5-175-42-214.plesk.page\/todos-los-cursos\/"},{"@type":"ListItem","position":3,"name":"PRL. Riscos el\u00e8ctrics 20 hores"}]},{"@type":"WebSite","@id":"https:\/\/kind-swartz.5-175-42-214.plesk.page\/ca\/#website","url":"https:\/\/kind-swartz.5-175-42-214.plesk.page\/ca\/","name":"EGIBCN","description":"Escola Gremial d\u2019Electricitat i Fontaneria De Barcelona","publisher":{"@id":"https:\/\/kind-swartz.5-175-42-214.plesk.page\/ca\/#organization"},"potentialAction":[{"@type":"SearchAction","target":{"@type":"EntryPoint","urlTemplate":"https:\/\/kind-swartz.5-175-42-214.plesk.page\/ca\/?s={search_term_string}"},"query-input":{"@type":"PropertyValueSpecification","valueRequired":true,"valueName":"search_term_string"}}],"inLanguage":"ca"},{"@type":"Organization","@id":"https:\/\/kind-swartz.5-175-42-214.plesk.page\/ca\/#organization","name":"Escola Gremial d'Instal.ladors d'Electricitat i Fontaneria de Barcelona","url":"https:\/\/kind-swartz.5-175-42-214.plesk.page\/ca\/","logo":{"@type":"ImageObject","inLanguage":"ca","@id":"https:\/\/kind-swartz.5-175-42-214.plesk.page\/ca\/#\/schema\/logo\/image\/","url":"https:\/\/kind-swartz.5-175-42-214.plesk.page\/wp-content\/uploads\/2022\/11\/logo-1.jpg","contentUrl":"https:\/\/kind-swartz.5-175-42-214.plesk.page\/wp-content\/uploads\/2022\/11\/logo-1.jpg","width":201,"height":78,"caption":"Escola Gremial d'Instal.ladors d'Electricitat i Fontaneria de Barcelona"},"image":{"@id":"https:\/\/kind-swartz.5-175-42-214.plesk.page\/ca\/#\/schema\/logo\/image\/"},"sameAs":["https:\/\/www.facebook.com\/EGIBCN","https:\/\/x.com\/EGIBCN","https:\/\/www.youtube.com\/channel\/UC2zCKuwrvM4wGk97Hpmb5LA","https:\/\/www.instagram.com\/escolagremial\/"]}]}},"_links":{"self":[{"href":"https:\/\/kind-swartz.5-175-42-214.plesk.page\/ca\/wp-json\/wp\/v2\/product\/6800","targetHints":{"allow":["GET"]}}],"collection":[{"href":"https:\/\/kind-swartz.5-175-42-214.plesk.page\/ca\/wp-json\/wp\/v2\/product"}],"about":[{"href":"https:\/\/kind-swartz.5-175-42-214.plesk.page\/ca\/wp-json\/wp\/v2\/types\/product"}],"wp:featuredmedia":[{"embeddable":true,"href":"https:\/\/kind-swartz.5-175-42-214.plesk.page\/ca\/wp-json\/wp\/v2\/media\/5192"}],"wp:attachment":[{"href":"https:\/\/kind-swartz.5-175-42-214.plesk.page\/ca\/wp-json\/wp\/v2\/media?parent=6800"}],"wp:term":[{"taxonomy":"product_brand","embeddable":true,"href":"https:\/\/kind-swartz.5-175-42-214.plesk.page\/ca\/wp-json\/wp\/v2\/product_brand?post=6800"},{"taxonomy":"product_cat","embeddable":true,"href":"https:\/\/kind-swartz.5-175-42-214.plesk.page\/ca\/wp-json\/wp\/v2\/product_cat?post=6800"},{"taxonomy":"product_tag","embeddable":true,"href":"https:\/\/kind-swartz.5-175-42-214.plesk.page\/ca\/wp-json\/wp\/v2\/product_tag?post=6800"}],"curies":[{"name":"wp","href":"https:\/\/api.w.org\/{rel}","templated":true}]}}